{"id":1289,"date":"2023-05-16T18:44:29","date_gmt":"2023-05-16T18:44:29","guid":{"rendered":"https:\/\/accudoctor.eu\/?page_id=1289"},"modified":"2023-06-27T15:09:33","modified_gmt":"2023-06-27T15:09:33","slug":"legal-notice","status":"publish","type":"page","link":"https:\/\/accudoctor.eu\/de\/legal-notice\/","title":{"rendered":"Legal Notice"},"content":{"rendered":"<h2>Legal Notice<\/h2>\n<p>Gem\u00e4\u00df Artikel 10 des Gesetzes 34\/2002 vom 11. Juli \u00fcber Dienste der Informationsgesellschaft und des elektronischen Gesch\u00e4ftsverkehrs legt der Inhaber seine Identifikationsdaten offen.<\/p>\n<ul>\n<li>Smabii Ventures SL<\/li>\n<li>NIF:\u00a0B72380637<\/li>\n<li>Calle Torre 3, At 11003 C\u00e1diz<\/li>\n<li>Email:\u00a0info@accudoctor.eu<\/li>\n<li>Web: www.accudoctor.eu<\/li>\n<\/ul>\n<p>Zweck<br \/>\nDer Zweck der URL-Website ist der Verkauf und die Ausstellung unseres Katalogs diagnostischer Tests.<\/p>\n<p>Nutzungsbedingungen<br \/>\nDie Nutzung der Website gew\u00e4hrt Ihnen den Status eines Benutzers und impliziert die vollst\u00e4ndige Akzeptanz aller auf den Seiten enthaltenen Klauseln und Nutzungsbedingungen:<\/p>\n<ul>\n<li>Rechtshinweis<\/li>\n<li>Privacy Policy<\/li>\n<li>Cookie-Richtlinie<\/li>\n<\/ul>\n<p>Wenn Sie mit jeder einzelnen dieser Klauseln und Bedingungen nicht zufrieden sind, unterlassen Sie die Nutzung dieser Website.<br \/>\nDer Zugriff auf diese Website bedeutet in keiner Weise den Beginn einer Gesch\u00e4ftsbeziehung mit dem Eigent\u00fcmer.<br \/>\n\u00dcber diese Website erleichtert der Eigent\u00fcmer den Zugriff und die Nutzung verschiedener Inhalte, die der Eigent\u00fcmer oder seine Mitarbeiter \u00fcber das Internet ver\u00f6ffentlicht haben.<br \/>\nZu diesem Zweck sind Sie verpflichtet und verpflichtet, die Inhalte der Website NICHT f\u00fcr rechtswidrige Zwecke oder Zwecke zu verwenden, die in diesem rechtlichen Hinweis oder durch die geltende Gesetzgebung verboten sind, die Rechte und Interessen Dritter sch\u00e4digen oder in irgendeiner Weise sch\u00e4dlich sind kann die Inhalte, Computerausr\u00fcstung oder Dokumente, Dateien und alle Arten von Inhalten besch\u00e4digen, deaktivieren, \u00fcberlasten, verschlechtern oder deren normale Nutzung verhindern.<\/p>\n<p id=\"medidas-de-seguridad\">Sicherheitsma\u00dfnahmen<br \/>\nDie personenbezogenen Daten, die Sie dem Inhaber zur Verf\u00fcgung stellen, k\u00f6nnen in automatisierten Datenbanken gespeichert werden oder nicht, deren Eigentum ausschlie\u00dflich dem Inhaber obliegt, der alle technischen, organisatorischen und Sicherheitsma\u00dfnahmen \u00fcbernimmt, die die Vertraulichkeit, Integrit\u00e4t und Qualit\u00e4t der darin enthaltenen Informationen gem\u00e4\u00df den Bestimmungen gew\u00e4hrleisten die Bestimmungen der geltenden Datenschutzbestimmungen.<\/p>\n<p>Sie m\u00fcssen sich jedoch dar\u00fcber im Klaren sein, dass die Sicherheitsma\u00dfnahmen der Computersysteme im Internet nicht v\u00f6llig zuverl\u00e4ssig sind und dass der Eigent\u00fcmer daher nicht garantieren kann, dass keine Viren oder andere Elemente vorhanden sind, die zu Ver\u00e4nderungen in den Computersystemen (Software und Hardware) des Internets f\u00fchren k\u00f6nnen Benutzer oder in seinen darin enthaltenen elektronischen Dokumenten und Dateien, obwohl der Eigent\u00fcmer alle erforderlichen Mittel einsetzt und die entsprechenden Sicherheitsma\u00dfnahmen ergreift, um das Vorhandensein dieser sch\u00e4dlichen Elemente zu verhindern.<\/p>\n<p id=\"datos-personales\">Personenbezogene Daten<br \/>\nSie k\u00f6nnen alle Informationen zur Verarbeitung personenbezogener Daten, die der Eigent\u00fcmer erhebt, auf der Seite \u201eDatenschutzrichtlinie\u201c einsehen.<\/p>\n<p id=\"contenidos\">Inhalt<br \/>\nDer Eigent\u00fcmer hat die auf der Website enthaltenen Informationen, Multimediainhalte und Materialien aus Quellen bezogen, die er f\u00fcr zuverl\u00e4ssig h\u00e4lt. Obwohl er alle angemessenen Schritte unternommen hat, um sicherzustellen, dass die enthaltenen Informationen korrekt sind, \u00fcbernimmt der Eigent\u00fcmer keine Garantie f\u00fcr deren Richtigkeit. vollst\u00e4ndig oder aktualisiert. Der Eigent\u00fcmer lehnt ausdr\u00fccklich jegliche Verantwortung f\u00fcr Fehler oder Auslassungen in den auf den Seiten dieser Website enthaltenen Informationen ab.<\/p>\n<p>Es ist verboten, \u00fcber die Website illegale oder unerlaubte Inhalte, Computerviren oder Nachrichten zu \u00fcbertragen oder zu versenden, die im Allgemeinen die Rechte des Eigent\u00fcmers oder Dritter beeintr\u00e4chtigen oder verletzen.<br \/>\nDie Inhalte der Website dienen ausschlie\u00dflich Informationszwecken und d\u00fcrfen unter keinen Umst\u00e4nden als Verkaufsangebot, Aufforderung zur Abgabe eines Kaufangebots oder Empfehlung zur Durchf\u00fchrung eines anderen Vorgangs verwendet oder betrachtet werden, sofern nicht ausdr\u00fccklich darauf hingewiesen wird.<br \/>\nThe Owner reserves the right to modify, suspend, cancel or restrict the content of the Website, the links or the information obtained through the Website, without the need for prior notice.<br \/>\nDer Eigent\u00fcmer haftet nicht f\u00fcr Sch\u00e4den, die durch die Nutzung der auf der Website oder in den sozialen Netzwerken des Eigent\u00fcmers enthaltenen Informationen entstehen k\u00f6nnen.<\/p>\n<p id=\"pol\u00edtica-de-cookies\">Cookie-Richtlinie<br \/>\nAuf der Seite \u201eCookie-Richtlinie\u201c k\u00f6nnen Sie alle Informationen zur Richtlinie zur Erfassung und Behandlung von Cookies einsehen.<\/p>\n<p>Der Eigent\u00fcmer erh\u00e4lt und speichert nur die folgenden Informationen \u00fcber die Besucher der Website:<\/p>\n<ul>\n<li>Der Dom\u00e4nenname (PSI) und\/oder die IP-Adresse des Anbieters, die ihm den Zugriff auf das Netzwerk erm\u00f6glicht.<\/li>\n<li>Datum und Uhrzeit des Zugriffs auf die Website.<\/li>\n<li>Die Internetadresse des Links, der zur Website f\u00fchrt.<\/li>\n<li>Die Anzahl der t\u00e4glichen Besucher jedes Abschnitts.<\/li>\n<li>Die erhaltenen Informationen sind v\u00f6llig anonym und k\u00f6nnen in keinem Fall einem bestimmten und identifizierten Benutzer zugeordnet werden.<\/li>\n<\/ul>\n<p id=\"enlaces-de-inter\u00e9s-a-otros-sitios-web\">Interessante Links zu anderen Websites.<br \/>\nDer Eigent\u00fcmer kann Ihnen \u00fcber Links Zugang zu Websites Dritter gew\u00e4hren, um Sie \u00fcber die Existenz anderer Informationsquellen im Internet zu informieren, in denen Sie die auf der Website angebotenen Daten erweitern k\u00f6nnen.<\/p>\n<p>Diese Links zu anderen Websites stellen in keiner Weise einen Vorschlag oder eine Empfehlung f\u00fcr Sie dar, die Zielwebseiten zu besuchen, die au\u00dferhalb der Kontrolle des Eigent\u00fcmers liegen. Daher ist der Eigent\u00fcmer nicht f\u00fcr den Inhalt der verlinkten Websites oder das Ergebnis, das Sie erhalten, verantwortlich erhalten Sie, indem Sie den Links folgen.<br \/>\nEbenso ist der Eigent\u00fcmer nicht f\u00fcr die Links oder Links verantwortlich, die sich auf den verlinkten Websites befinden, zu denen er Zugang bietet.<br \/>\nDie Einrichtung des Links impliziert in keinem Fall das Bestehen einer Beziehung zwischen dem Eigent\u00fcmer und dem Eigent\u00fcmer der Website, auf der der Link eingerichtet ist, noch die Annahme oder Genehmigung der Inhalte oder Dienste durch den Eigent\u00fcmer.<br \/>\nWenn Sie \u00fcber einen auf der Website gefundenen Link auf eine externe Website zugreifen, sollten Sie die Datenschutzrichtlinien der anderen Website lesen, die sich von denen dieser Website unterscheiden k\u00f6nnen.<\/p>\n<p id=\"contacto\">Kontakt<br \/>\nWenn Sie Fragen zu diesen rechtlichen Bedingungen haben oder Kommentare zu dieser Website abgeben m\u00f6chten, k\u00f6nnen Sie eine E-Mail an info@accudoctor.eu senden<\/p>\n<div class=\"qrcprowrapper\" style=\"text-align:left;\" id=\"qrcwraaerfileds\"><div class=\"qrc_qrcode\" style=\"display:inline-block\" data-text=\"https:\/\/accudoctor.eu\/de\/legal-notice\/\"><\/div><\/div>","protected":false},"excerpt":{"rendered":"<p>Legal Notice In compliance with article 10 of Law 34 \/ 2002, of July 11, on Services of the Information Society and Electronic Commerce, the Holder exposes his identification data. Smabii Ventures SL NIF:\u00a0B72380637 Calle Torre 3, At 11003 C\u00e1diz Email:\u00a0info@accudoctor.eu Web: www.accudoctor.eu Purpose The purpose of the URL website is the sale and exhibition [&hellip;]<\/p>","protected":false},"author":1,"featured_media":0,"parent":0,"menu_order":0,"comment_status":"closed","ping_status":"closed","template":"elementor_header_footer","meta":[],"acf":[],"yoast_head":"<!-- This site is optimized with the Yoast SEO plugin v20.9 - https:\/\/yoast.com\/wordpress\/plugins\/seo\/ -->\n<title>Legal Notice - Accudoctor<\/title>\n<meta name=\"robots\" content=\"index, follow, max-snippet:-1, max-image-preview:large, max-video-preview:-1\" \/>\n<link rel=\"canonical\" href=\"https:\/\/accudoctor.eu\/de\/legal-notice\/\" \/>\n<meta property=\"og:locale\" content=\"de_DE\" \/>\n<meta property=\"og:type\" content=\"article\" \/>\n<meta property=\"og:title\" content=\"Legal Notice - Accudoctor\" \/>\n<meta property=\"og:description\" content=\"Legal Notice In compliance with article 10 of Law 34 \/ 2002, of July 11, on Services of the Information Society and Electronic Commerce, the Holder exposes his identification data. Smabii Ventures SL NIF:\u00a0B72380637 Calle Torre 3, At 11003 C\u00e1diz Email:\u00a0info@accudoctor.eu Web: www.accudoctor.eu Purpose The purpose of the URL website is the sale and exhibition [&hellip;]\" \/>\n<meta property=\"og:url\" content=\"https:\/\/accudoctor.eu\/de\/legal-notice\/\" \/>\n<meta property=\"og:site_name\" content=\"Accudoctor\" \/>\n<meta property=\"article:modified_time\" content=\"2023-06-27T15:09:33+00:00\" \/>\n<meta name=\"twitter:card\" content=\"summary_large_image\" \/>\n<meta name=\"twitter:label1\" content=\"Gesch\u00e4tzte Lesezeit\" \/>\n\t<meta name=\"twitter:data1\" content=\"5 Minuten\" \/>\n<script type=\"application\/ld+json\" class=\"yoast-schema-graph\">{\"@context\":\"https:\/\/schema.org\",\"@graph\":[{\"@type\":\"WebPage\",\"@id\":\"https:\/\/accudoctor.eu\/legal-notice\/\",\"url\":\"https:\/\/accudoctor.eu\/legal-notice\/\",\"name\":\"Legal Notice - Accudoctor\",\"isPartOf\":{\"@id\":\"https:\/\/accudoctor.eu\/es_es\/#website\"},\"datePublished\":\"2023-05-16T18:44:29+00:00\",\"dateModified\":\"2023-06-27T15:09:33+00:00\",\"breadcrumb\":{\"@id\":\"https:\/\/accudoctor.eu\/legal-notice\/#breadcrumb\"},\"inLanguage\":\"de-DE\",\"potentialAction\":[{\"@type\":\"ReadAction\",\"target\":[\"https:\/\/accudoctor.eu\/legal-notice\/\"]}]},{\"@type\":\"BreadcrumbList\",\"@id\":\"https:\/\/accudoctor.eu\/legal-notice\/#breadcrumb\",\"itemListElement\":[{\"@type\":\"ListItem\",\"position\":1,\"name\":\"Portada\",\"item\":\"https:\/\/accudoctor.eu\/\"},{\"@type\":\"ListItem\",\"position\":2,\"name\":\"Legal Notice\"}]},{\"@type\":\"WebSite\",\"@id\":\"https:\/\/accudoctor.eu\/es_es\/#website\",\"url\":\"https:\/\/accudoctor.eu\/es_es\/\",\"name\":\"Accudoctor\",\"description\":\"Experts in diagnostic testing since 2011\",\"publisher\":{\"@id\":\"https:\/\/accudoctor.eu\/es_es\/#organization\"},\"potentialAction\":[{\"@type\":\"SearchAction\",\"target\":{\"@type\":\"EntryPoint\",\"urlTemplate\":\"https:\/\/accudoctor.eu\/es_es\/?s={search_term_string}\"},\"query-input\":\"required name=search_term_string\"}],\"inLanguage\":\"de-DE\"},{\"@type\":\"Organization\",\"@id\":\"https:\/\/accudoctor.eu\/es_es\/#organization\",\"name\":\"Accudoctor\",\"url\":\"https:\/\/accudoctor.eu\/es_es\/\",\"logo\":{\"@type\":\"ImageObject\",\"inLanguage\":\"de-DE\",\"@id\":\"https:\/\/accudoctor.eu\/es_es\/#\/schema\/logo\/image\/\",\"url\":\"https:\/\/accudoctor.eu\/wp-content\/uploads\/2023\/06\/LOGO400X400.png\",\"contentUrl\":\"https:\/\/accudoctor.eu\/wp-content\/uploads\/2023\/06\/LOGO400X400.png\",\"width\":400,\"height\":400,\"caption\":\"Accudoctor\"},\"image\":{\"@id\":\"https:\/\/accudoctor.eu\/es_es\/#\/schema\/logo\/image\/\"}}]}<\/script>\n<!-- \/ Yoast SEO plugin. -->","yoast_head_json":{"title":"Legal Notice - Accudoctor","robots":{"index":"index","follow":"follow","max-snippet":"max-snippet:-1","max-image-preview":"max-image-preview:large","max-video-preview":"max-video-preview:-1"},"canonical":"https:\/\/accudoctor.eu\/de\/legal-notice\/","og_locale":"de_DE","og_type":"article","og_title":"Legal Notice - Accudoctor","og_description":"Legal Notice In compliance with article 10 of Law 34 \/ 2002, of July 11, on Services of the Information Society and Electronic Commerce, the Holder exposes his identification data. Smabii Ventures SL NIF:\u00a0B72380637 Calle Torre 3, At 11003 C\u00e1diz Email:\u00a0info@accudoctor.eu Web: www.accudoctor.eu Purpose The purpose of the URL website is the sale and exhibition [&hellip;]","og_url":"https:\/\/accudoctor.eu\/de\/legal-notice\/","og_site_name":"Accudoctor","article_modified_time":"2023-06-27T15:09:33+00:00","twitter_card":"summary_large_image","twitter_misc":{"Gesch\u00e4tzte Lesezeit":"5 Minuten"},"schema":{"@context":"https:\/\/schema.org","@graph":[{"@type":"WebPage","@id":"https:\/\/accudoctor.eu\/legal-notice\/","url":"https:\/\/accudoctor.eu\/legal-notice\/","name":"Legal Notice - Accudoctor","isPartOf":{"@id":"https:\/\/accudoctor.eu\/es_es\/#website"},"datePublished":"2023-05-16T18:44:29+00:00","dateModified":"2023-06-27T15:09:33+00:00","breadcrumb":{"@id":"https:\/\/accudoctor.eu\/legal-notice\/#breadcrumb"},"inLanguage":"de-DE","potentialAction":[{"@type":"ReadAction","target":["https:\/\/accudoctor.eu\/legal-notice\/"]}]},{"@type":"BreadcrumbList","@id":"https:\/\/accudoctor.eu\/legal-notice\/#breadcrumb","itemListElement":[{"@type":"ListItem","position":1,"name":"Portada","item":"https:\/\/accudoctor.eu\/"},{"@type":"ListItem","position":2,"name":"Legal Notice"}]},{"@type":"WebSite","@id":"https:\/\/accudoctor.eu\/es_es\/#website","url":"https:\/\/accudoctor.eu\/es_es\/","name":"Accudoctor","description":"Experts in diagnostic testing since 2011","publisher":{"@id":"https:\/\/accudoctor.eu\/es_es\/#organization"},"potentialAction":[{"@type":"SearchAction","target":{"@type":"EntryPoint","urlTemplate":"https:\/\/accudoctor.eu\/es_es\/?s={search_term_string}"},"query-input":"required name=search_term_string"}],"inLanguage":"de-DE"},{"@type":"Organization","@id":"https:\/\/accudoctor.eu\/es_es\/#organization","name":"Accudoctor","url":"https:\/\/accudoctor.eu\/es_es\/","logo":{"@type":"ImageObject","inLanguage":"de-DE","@id":"https:\/\/accudoctor.eu\/es_es\/#\/schema\/logo\/image\/","url":"https:\/\/accudoctor.eu\/wp-content\/uploads\/2023\/06\/LOGO400X400.png","contentUrl":"https:\/\/accudoctor.eu\/wp-content\/uploads\/2023\/06\/LOGO400X400.png","width":400,"height":400,"caption":"Accudoctor"},"image":{"@id":"https:\/\/accudoctor.eu\/es_es\/#\/schema\/logo\/image\/"}}]}},"_links":{"self":[{"href":"https:\/\/accudoctor.eu\/de\/wp-json\/wp\/v2\/pages\/1289"}],"collection":[{"href":"https:\/\/accudoctor.eu\/de\/wp-json\/wp\/v2\/pages"}],"about":[{"href":"https:\/\/accudoctor.eu\/de\/wp-json\/wp\/v2\/types\/page"}],"author":[{"embeddable":true,"href":"https:\/\/accudoctor.eu\/de\/wp-json\/wp\/v2\/users\/1"}],"replies":[{"embeddable":true,"href":"https:\/\/accudoctor.eu\/de\/wp-json\/wp\/v2\/comments?post=1289"}],"version-history":[{"count":27,"href":"https:\/\/accudoctor.eu\/de\/wp-json\/wp\/v2\/pages\/1289\/revisions"}],"predecessor-version":[{"id":1854,"href":"https:\/\/accudoctor.eu\/de\/wp-json\/wp\/v2\/pages\/1289\/revisions\/1854"}],"wp:attachment":[{"href":"https:\/\/accudoctor.eu\/de\/wp-json\/wp\/v2\/media?parent=1289"}],"curies":[{"name":"wp","href":"https:\/\/api.w.org\/{rel}","templated":true}]}}