{"id":1226,"date":"2023-05-09T03:37:00","date_gmt":"2023-05-09T03:37:00","guid":{"rendered":"https:\/\/accudoctor.eu\/?post_type=product&#038;p=1226"},"modified":"2023-12-22T07:39:33","modified_gmt":"2023-12-22T07:39:33","slug":"multi-drug-saliva-test","status":"publish","type":"product","link":"https:\/\/accudoctor.eu\/de\/produkt\/multi-drug-saliva-test\/","title":{"rendered":"Multi Drogentest im Speichel"},"content":{"rendered":"<p>Der Multi Drogentest im Saliva Accudoctor erm\u00f6glicht die Untersuchung in einem sehr kurzen Nachweiszeitraum. Diese Drogentests sind darauf ausgelegt festzustellen, ob jemand k\u00fcrzlich eine Droge konsumiert hat, im Gegensatz zu Urinuntersuchungen, die Substanzen \u00fcber Wochen hinweg nachweisen und eine Langzeitdetektion bieten.<\/p>\n<p>Dies ist ein schneller, nicht-invasiver Drogentest, der nahezu sofortige Ergebnisse liefert und daher in verschiedenen Bereichen wie Arbeitsplatz, Therapie oder Verkehrssicherheit \u00e4u\u00dferst praktisch ist. Er kann \u00fcberall durchgef\u00fchrt werden, ohne dass man auf die Toilette gehen muss, was die Privatsph\u00e4re des Einzelnen bewahrt.<\/p>\n<div class=\"qrcprowrapper\" style=\"text-align:left;\" id=\"qrcwraaerfileds\"><div class=\"qrc_qrcode\" style=\"display:inline-block\" data-text=\"https:\/\/accudoctor.eu\/de\/produkt\/multi-drug-saliva-test\/\"><\/div><\/div>","protected":false},"excerpt":{"rendered":"<p>Die Speichel Drogentests erfordern nur eine kleine Speichelprobe und liefern Ergebnisse, die in weniger als 5 Minuten leicht interpretierbar sind. Unsere Drogentests sind einzeln verpackt und enthalten alle erforderlichen Zubeh\u00f6rteile: Entnahmest\u00e4bchen, Probenbeh\u00e4lter und Anweisungen in 5 Sprachen.<\/p>\n<table width=\"437\">\n<tbody>\n<tr>\n<td width=\"80\"><span style=\"color: #003366;\"><strong>Referenz<\/strong><\/span><\/td>\n<td width=\"117\"><span style=\"color: #003366;\"><strong>Analyt<\/strong><\/span><\/td>\n<td width=\"80\"><span style=\"color: #003366;\"><strong>Format<\/strong><\/span><\/td>\n<td width=\"80\"><span style=\"color: #003366;\"><strong>Probe<\/strong><\/span><\/td>\n<td width=\"80\"><span style=\"color: #003366;\"><strong>Gr\u00f6\u00dfe<\/strong><\/span><\/td>\n<\/tr>\n<tr>\n<td>ADSD-835<\/td>\n<td>COC, THC, MET<\/td>\n<td width=\"80\">Kasette<\/td>\n<td width=\"80\">Saliva<\/td>\n<td width=\"80\">3T<\/td>\n<\/tr>\n<tr>\n<td>ADSD-865<\/td>\n<td>COC, THC, MET, BZO, AMP y OPI<\/td>\n<td>Kasette<\/td>\n<td>Saliva<\/td>\n<td>3T<\/td>\n<\/tr>\n<\/tbody>\n<\/table>\n<p>&nbsp;<\/p>\n<table width=\"197\">\n<tbody>\n<tr>\n<td width=\"80\"><span style=\"color: #003366;\"><strong>Analyt<\/strong><\/span><\/td>\n<td width=\"117\"><span style=\"color: #003366;\"><strong>Cut-off<\/strong><\/span><\/td>\n<\/tr>\n<tr>\n<td>Kokain<\/td>\n<td>20 ng\/ml<\/td>\n<\/tr>\n<tr>\n<td>THC<\/td>\n<td>50 ng\/ml<\/td>\n<\/tr>\n<tr>\n<td>Metamphetamine<\/td>\n<td>50 ng\/ml<\/td>\n<\/tr>\n<tr>\n<td>Amphetamine<\/td>\n<td>50 ng\/ml<\/td>\n<\/tr>\n<tr>\n<td>Benzodiazepin<\/td>\n<td>10 ng\/ml<\/td>\n<\/tr>\n<tr>\n<td>Opiate<\/td>\n<td>40 ng\/mL<\/td>\n<\/tr>\n<\/tbody>\n<\/table>\n<p>&nbsp;<\/p>","protected":false},"featured_media":1227,"comment_status":"open","ping_status":"closed","template":"","meta":[],"product_cat":[25,36],"product_tag":[],"acf":[],"yoast_head":"<!-- This site is optimized with the Yoast SEO plugin v20.9 - https:\/\/yoast.com\/wordpress\/plugins\/seo\/ -->\n<title>Multi Drug Saliva Test Kit | Accudoctor<\/title>\n<meta name=\"description\" content=\"The Accudoctor Multi Drug Saliva Test allows for screening over a very short detection period. These drug tests are designed to determine if someone has recently consumed a drug, unlike urine tests that detect substances over weeks, providing long-term detection.\" \/>\n<meta name=\"robots\" content=\"index, follow, max-snippet:-1, max-image-preview:large, max-video-preview:-1\" \/>\n<link rel=\"canonical\" href=\"https:\/\/accudoctor.eu\/de\/produkt\/multi-drug-saliva-test\/\" \/>\n<meta property=\"og:locale\" content=\"de_DE\" \/>\n<meta property=\"og:type\" content=\"article\" \/>\n<meta property=\"og:title\" content=\"Multi Drug Saliva Test Kit | Accudoctor\" \/>\n<meta property=\"og:description\" content=\"The Accudoctor Multi Drug Saliva Test allows for screening over a very short detection period. These drug tests are designed to determine if someone has recently consumed a drug, unlike urine tests that detect substances over weeks, providing long-term detection.\" \/>\n<meta property=\"og:url\" content=\"https:\/\/accudoctor.eu\/de\/produkt\/multi-drug-saliva-test\/\" \/>\n<meta property=\"og:site_name\" content=\"Accudoctor\" \/>\n<meta property=\"article:modified_time\" content=\"2023-12-22T07:39:33+00:00\" \/>\n<meta property=\"og:image\" content=\"https:\/\/accudoctor.eu\/wp-content\/uploads\/2023\/05\/bodegon_02.jpg\" \/>\n\t<meta property=\"og:image:width\" content=\"1500\" \/>\n\t<meta property=\"og:image:height\" content=\"1500\" \/>\n\t<meta property=\"og:image:type\" content=\"image\/jpeg\" \/>\n<meta name=\"twitter:card\" content=\"summary_large_image\" \/>\n<meta name=\"twitter:label1\" content=\"Gesch\u00e4tzte Lesezeit\" \/>\n\t<meta name=\"twitter:data1\" content=\"1 Minute\" \/>\n<script type=\"application\/ld+json\" class=\"yoast-schema-graph\">{\"@context\":\"https:\/\/schema.org\",\"@graph\":[{\"@type\":\"WebPage\",\"@id\":\"https:\/\/accudoctor.eu\/product\/multi-drug-saliva-test\/\",\"url\":\"https:\/\/accudoctor.eu\/product\/multi-drug-saliva-test\/\",\"name\":\"Multi Drug Saliva Test Kit | Accudoctor\",\"isPartOf\":{\"@id\":\"https:\/\/accudoctor.eu\/es_es\/#website\"},\"datePublished\":\"2023-05-09T03:37:00+00:00\",\"dateModified\":\"2023-12-22T07:39:33+00:00\",\"description\":\"The Accudoctor Multi Drug Saliva Test allows for screening over a very short detection period. These drug tests are designed to determine if someone has recently consumed a drug, unlike urine tests that detect substances over weeks, providing long-term detection.\",\"breadcrumb\":{\"@id\":\"https:\/\/accudoctor.eu\/product\/multi-drug-saliva-test\/#breadcrumb\"},\"inLanguage\":\"de-DE\",\"potentialAction\":[{\"@type\":\"ReadAction\",\"target\":[\"https:\/\/accudoctor.eu\/product\/multi-drug-saliva-test\/\"]}]},{\"@type\":\"BreadcrumbList\",\"@id\":\"https:\/\/accudoctor.eu\/product\/multi-drug-saliva-test\/#breadcrumb\",\"itemListElement\":[{\"@type\":\"ListItem\",\"position\":1,\"name\":\"Portada\",\"item\":\"https:\/\/accudoctor.eu\/\"},{\"@type\":\"ListItem\",\"position\":2,\"name\":\"Store\",\"item\":\"https:\/\/accudoctor.eu\/store\/\"},{\"@type\":\"ListItem\",\"position\":3,\"name\":\"Multi Drug Saliva Test\"}]},{\"@type\":\"WebSite\",\"@id\":\"https:\/\/accudoctor.eu\/es_es\/#website\",\"url\":\"https:\/\/accudoctor.eu\/es_es\/\",\"name\":\"Accudoctor\",\"description\":\"Experts in diagnostic testing since 2011\",\"publisher\":{\"@id\":\"https:\/\/accudoctor.eu\/es_es\/#organization\"},\"potentialAction\":[{\"@type\":\"SearchAction\",\"target\":{\"@type\":\"EntryPoint\",\"urlTemplate\":\"https:\/\/accudoctor.eu\/es_es\/?s={search_term_string}\"},\"query-input\":\"required name=search_term_string\"}],\"inLanguage\":\"de-DE\"},{\"@type\":\"Organization\",\"@id\":\"https:\/\/accudoctor.eu\/es_es\/#organization\",\"name\":\"Accudoctor\",\"url\":\"https:\/\/accudoctor.eu\/es_es\/\",\"logo\":{\"@type\":\"ImageObject\",\"inLanguage\":\"de-DE\",\"@id\":\"https:\/\/accudoctor.eu\/es_es\/#\/schema\/logo\/image\/\",\"url\":\"https:\/\/accudoctor.eu\/wp-content\/uploads\/2023\/06\/LOGO400X400.png\",\"contentUrl\":\"https:\/\/accudoctor.eu\/wp-content\/uploads\/2023\/06\/LOGO400X400.png\",\"width\":400,\"height\":400,\"caption\":\"Accudoctor\"},\"image\":{\"@id\":\"https:\/\/accudoctor.eu\/es_es\/#\/schema\/logo\/image\/\"}}]}<\/script>\n<!-- \/ Yoast SEO plugin. -->","yoast_head_json":{"title":"Multi Drug Saliva Test Kit | Accudoctor","description":"The Accudoctor Multi Drug Saliva Test allows for screening over a very short detection period. These drug tests are designed to determine if someone has recently consumed a drug, unlike urine tests that detect substances over weeks, providing long-term detection.","robots":{"index":"index","follow":"follow","max-snippet":"max-snippet:-1","max-image-preview":"max-image-preview:large","max-video-preview":"max-video-preview:-1"},"canonical":"https:\/\/accudoctor.eu\/de\/produkt\/multi-drug-saliva-test\/","og_locale":"de_DE","og_type":"article","og_title":"Multi Drug Saliva Test Kit | Accudoctor","og_description":"The Accudoctor Multi Drug Saliva Test allows for screening over a very short detection period. These drug tests are designed to determine if someone has recently consumed a drug, unlike urine tests that detect substances over weeks, providing long-term detection.","og_url":"https:\/\/accudoctor.eu\/de\/produkt\/multi-drug-saliva-test\/","og_site_name":"Accudoctor","article_modified_time":"2023-12-22T07:39:33+00:00","og_image":[{"width":1500,"height":1500,"url":"https:\/\/accudoctor.eu\/wp-content\/uploads\/2023\/05\/bodegon_02.jpg","type":"image\/jpeg"}],"twitter_card":"summary_large_image","twitter_misc":{"Gesch\u00e4tzte Lesezeit":"1 Minute"},"schema":{"@context":"https:\/\/schema.org","@graph":[{"@type":"WebPage","@id":"https:\/\/accudoctor.eu\/product\/multi-drug-saliva-test\/","url":"https:\/\/accudoctor.eu\/product\/multi-drug-saliva-test\/","name":"Multi Drug Saliva Test Kit | Accudoctor","isPartOf":{"@id":"https:\/\/accudoctor.eu\/es_es\/#website"},"datePublished":"2023-05-09T03:37:00+00:00","dateModified":"2023-12-22T07:39:33+00:00","description":"The Accudoctor Multi Drug Saliva Test allows for screening over a very short detection period. These drug tests are designed to determine if someone has recently consumed a drug, unlike urine tests that detect substances over weeks, providing long-term detection.","breadcrumb":{"@id":"https:\/\/accudoctor.eu\/product\/multi-drug-saliva-test\/#breadcrumb"},"inLanguage":"de-DE","potentialAction":[{"@type":"ReadAction","target":["https:\/\/accudoctor.eu\/product\/multi-drug-saliva-test\/"]}]},{"@type":"BreadcrumbList","@id":"https:\/\/accudoctor.eu\/product\/multi-drug-saliva-test\/#breadcrumb","itemListElement":[{"@type":"ListItem","position":1,"name":"Portada","item":"https:\/\/accudoctor.eu\/"},{"@type":"ListItem","position":2,"name":"Store","item":"https:\/\/accudoctor.eu\/store\/"},{"@type":"ListItem","position":3,"name":"Multi Drug Saliva Test"}]},{"@type":"WebSite","@id":"https:\/\/accudoctor.eu\/es_es\/#website","url":"https:\/\/accudoctor.eu\/es_es\/","name":"Accudoctor","description":"Experts in diagnostic testing since 2011","publisher":{"@id":"https:\/\/accudoctor.eu\/es_es\/#organization"},"potentialAction":[{"@type":"SearchAction","target":{"@type":"EntryPoint","urlTemplate":"https:\/\/accudoctor.eu\/es_es\/?s={search_term_string}"},"query-input":"required name=search_term_string"}],"inLanguage":"de-DE"},{"@type":"Organization","@id":"https:\/\/accudoctor.eu\/es_es\/#organization","name":"Accudoctor","url":"https:\/\/accudoctor.eu\/es_es\/","logo":{"@type":"ImageObject","inLanguage":"de-DE","@id":"https:\/\/accudoctor.eu\/es_es\/#\/schema\/logo\/image\/","url":"https:\/\/accudoctor.eu\/wp-content\/uploads\/2023\/06\/LOGO400X400.png","contentUrl":"https:\/\/accudoctor.eu\/wp-content\/uploads\/2023\/06\/LOGO400X400.png","width":400,"height":400,"caption":"Accudoctor"},"image":{"@id":"https:\/\/accudoctor.eu\/es_es\/#\/schema\/logo\/image\/"}}]}},"_links":{"self":[{"href":"https:\/\/accudoctor.eu\/de\/wp-json\/wp\/v2\/product\/1226"}],"collection":[{"href":"https:\/\/accudoctor.eu\/de\/wp-json\/wp\/v2\/product"}],"about":[{"href":"https:\/\/accudoctor.eu\/de\/wp-json\/wp\/v2\/types\/product"}],"replies":[{"embeddable":true,"href":"https:\/\/accudoctor.eu\/de\/wp-json\/wp\/v2\/comments?post=1226"}],"version-history":[{"count":13,"href":"https:\/\/accudoctor.eu\/de\/wp-json\/wp\/v2\/product\/1226\/revisions"}],"predecessor-version":[{"id":2014,"href":"https:\/\/accudoctor.eu\/de\/wp-json\/wp\/v2\/product\/1226\/revisions\/2014"}],"wp:featuredmedia":[{"embeddable":true,"href":"https:\/\/accudoctor.eu\/de\/wp-json\/wp\/v2\/media\/1227"}],"wp:attachment":[{"href":"https:\/\/accudoctor.eu\/de\/wp-json\/wp\/v2\/media?parent=1226"}],"wp:term":[{"taxonomy":"product_cat","embeddable":true,"href":"https:\/\/accudoctor.eu\/de\/wp-json\/wp\/v2\/product_cat?post=1226"},{"taxonomy":"product_tag","embeddable":true,"href":"https:\/\/accudoctor.eu\/de\/wp-json\/wp\/v2\/product_tag?post=1226"}],"curies":[{"name":"wp","href":"https:\/\/api.w.org\/{rel}","templated":true}]}}