{"id":1239,"date":"2023-05-09T03:41:52","date_gmt":"2023-05-09T03:41:52","guid":{"rendered":"https:\/\/accudoctor.eu\/?post_type=product&#038;p=1239"},"modified":"2023-06-28T11:39:19","modified_gmt":"2023-06-28T11:39:19","slug":"canine-coronavirus-ag-test","status":"publish","type":"product","link":"https:\/\/accudoctor.eu\/de\/produkt\/canine-coronavirus-ag-test\/","title":{"rendered":"Canine Coronaviren Antigen Test"},"content":{"rendered":"<div class=\"group w-full text-gray-800 dark:text-gray-100 border-b border-black\/10 dark:border-gray-900\/50 bg-gray-50 dark:bg-[#444654]\">\n<div class=\"flex p-4 gap-4 text-base md:gap-6 md:max-w-2xl lg:max-w-[38rem] xl:max-w-3xl md:py-6 lg:px-0 m-auto\">\n<div class=\"relative flex w-[calc(100%-50px)] flex-col gap-1 md:gap-3 lg:w-[calc(100%-115px)]\">\n<div class=\"flex flex-grow flex-col gap-3\">\n<div class=\"min-h-[20px] flex items-start overflow-x-auto whitespace-pre-wrap break-words flex-col gap-4\">\n<div class=\"markdown prose w-full break-words dark:prose-invert light\">\n<p>Der Accudoctor-Test f\u00fcr das Canine Coronavirus (CCoV oder CCV) in Kot oder Erbrochenem ist ein Test, der zur Erkennung des Canine Coronavirus bei Hunden verwendet wird. Das CCoV ist ein Virus, das haupts\u00e4chlich das Verdauungssystem von Hunden betrifft und Symptome wie Durchfall, Erbrechen und allgemeines Unwohlsein verursachen kann. Der Test bietet den Vorteil, spezifische Informationen \u00fcber das Vorhandensein des Virus im Magen-Darm-Trakt des Hundes zu liefern, was bei der Diagnose und Behandlung der Krankheit n\u00fctzlich sein kann.<\/p>\n<\/div>\n<\/div>\n<\/div>\n<\/div>\n<\/div>\n<\/div>\n<p>Der canine Coronavirus (CCoV) ist eine hochansteckende virale Infektion, die Hunde weltweit betrifft. Das Virus betrifft haupts\u00e4chlich den Magen-Darm-Trakt und kann zu Symptomen wie Durchfall, Erbrechen und Dehydratation f\u00fchren.<\/p>\n<div class=\"qrcprowrapper\" style=\"text-align:left;\" id=\"qrcwraaerfileds\"><div class=\"qrc_qrcode\" style=\"display:inline-block\" data-text=\"https:\/\/accudoctor.eu\/de\/produkt\/canine-coronavirus-ag-test\/\"><\/div><\/div>","protected":false},"excerpt":{"rendered":"<p>Der Canine Coronaviren Antigen Test basiert auf einem immunchromatographischen Lateral-Flow-Test. Die Testkassette hat drei Testfenster. Jedes Testfenster hat eine unsichtbare T- (Test-) Zone und C- (Kontroll-) Zone. Wenn die Probe in die Probenvertiefung der Kassette gegeben wird, flie\u00dft die Fl\u00fcssigkeit seitlich auf die Oberfl\u00e4che des Teststreifens. Wenn gen\u00fcgend CCV Antigen in der Probe vorhanden ist, erscheint eine sichtbare T-Linie im entsprechenden Testfenster. Die C-Linie sollte immer nach dem Auftragen einer Probe erscheinen und zeigt ein g\u00fcltiges Ergebnis an. Auf diese Weise kann die Kassette das Vorhandensein von CCV Antigen in der Probe genau anzeigen.<\/p>\n<table width=\"517\">\n<tbody>\n<tr>\n<td width=\"112\"><strong>Referenz<\/strong><\/td>\n<td width=\"80\"><strong>Animal<\/strong><\/td>\n<td width=\"80\"><strong>Format<\/strong><\/td>\n<td width=\"80\"><strong>Probe<\/strong><\/td>\n<td width=\"165\"><strong>Gr\u00f6\u00dfe<\/strong><\/td>\n<\/tr>\n<tr>\n<td width=\"112\">AVIPC-625<\/td>\n<td>Hunde<\/td>\n<td width=\"80\">Kasette<\/td>\n<td width=\"80\">Secretions<\/td>\n<td width=\"165\">2T<\/td>\n<\/tr>\n<\/tbody>\n<\/table>\n<p>&nbsp;<\/p>\n<p>&nbsp;<\/p>","protected":false},"featured_media":1906,"comment_status":"open","ping_status":"closed","template":"","meta":[],"product_cat":[41,27],"product_tag":[],"acf":[],"yoast_head":"<!-- This site is optimized with the Yoast SEO plugin v20.9 - https:\/\/yoast.com\/wordpress\/plugins\/seo\/ -->\n<title>Canine Coronavirus Ag Test | Accudoctor<\/title>\n<meta name=\"description\" content=\"The Accudoctor Test for Canine Coronavirus (CCoV or CCV) is a usefull diagnostic test used to detect the presence of canine coronavirus antigen in feces or vomit samples of dogs. CCoV is a virus that primarily affects the digestive system of dogs and can cause symptoms such as diarrhea, vomiting, and general discomfort. The test has the advantage of providing specific information about the presence of the virus in the dog&#039;s gastrointestinal tract, which can be useful in the diagnosis and management of the disease\" \/>\n<meta name=\"robots\" content=\"index, follow, max-snippet:-1, max-image-preview:large, max-video-preview:-1\" \/>\n<link rel=\"canonical\" href=\"https:\/\/accudoctor.eu\/de\/produkt\/canine-coronavirus-ag-test\/\" \/>\n<meta property=\"og:locale\" content=\"de_DE\" \/>\n<meta property=\"og:type\" content=\"article\" \/>\n<meta property=\"og:title\" content=\"Canine Coronavirus Ag Test | Accudoctor\" \/>\n<meta property=\"og:description\" content=\"The Accudoctor Test for Canine Coronavirus (CCoV or CCV) is a usefull diagnostic test used to detect the presence of canine coronavirus antigen in feces or vomit samples of dogs. CCoV is a virus that primarily affects the digestive system of dogs and can cause symptoms such as diarrhea, vomiting, and general discomfort. The test has the advantage of providing specific information about the presence of the virus in the dog&#039;s gastrointestinal tract, which can be useful in the diagnosis and management of the disease\" \/>\n<meta property=\"og:url\" content=\"https:\/\/accudoctor.eu\/de\/produkt\/canine-coronavirus-ag-test\/\" \/>\n<meta property=\"og:site_name\" content=\"Accudoctor\" \/>\n<meta property=\"article:modified_time\" content=\"2023-06-28T11:39:19+00:00\" \/>\n<meta property=\"og:image\" content=\"https:\/\/accudoctor.eu\/wp-content\/uploads\/2023\/05\/51PjkEaC8L._AC_SL1500_.jpg\" \/>\n\t<meta property=\"og:image:width\" content=\"1500\" \/>\n\t<meta property=\"og:image:height\" content=\"1371\" \/>\n\t<meta property=\"og:image:type\" content=\"image\/jpeg\" \/>\n<meta name=\"twitter:card\" content=\"summary_large_image\" \/>\n<meta name=\"twitter:label1\" content=\"Gesch\u00e4tzte Lesezeit\" \/>\n\t<meta name=\"twitter:data1\" content=\"1 Minute\" \/>\n<script type=\"application\/ld+json\" class=\"yoast-schema-graph\">{\"@context\":\"https:\/\/schema.org\",\"@graph\":[{\"@type\":\"WebPage\",\"@id\":\"https:\/\/accudoctor.eu\/product\/canine-coronavirus-ag-test\/\",\"url\":\"https:\/\/accudoctor.eu\/product\/canine-coronavirus-ag-test\/\",\"name\":\"Canine Coronavirus Ag Test | Accudoctor\",\"isPartOf\":{\"@id\":\"https:\/\/accudoctor.eu\/es_es\/#website\"},\"datePublished\":\"2023-05-09T03:41:52+00:00\",\"dateModified\":\"2023-06-28T11:39:19+00:00\",\"description\":\"The Accudoctor Test for Canine Coronavirus (CCoV or CCV) is a usefull diagnostic test used to detect the presence of canine coronavirus antigen in feces or vomit samples of dogs. CCoV is a virus that primarily affects the digestive system of dogs and can cause symptoms such as diarrhea, vomiting, and general discomfort. The test has the advantage of providing specific information about the presence of the virus in the dog's gastrointestinal tract, which can be useful in the diagnosis and management of the disease\",\"breadcrumb\":{\"@id\":\"https:\/\/accudoctor.eu\/product\/canine-coronavirus-ag-test\/#breadcrumb\"},\"inLanguage\":\"de-DE\",\"potentialAction\":[{\"@type\":\"ReadAction\",\"target\":[\"https:\/\/accudoctor.eu\/product\/canine-coronavirus-ag-test\/\"]}]},{\"@type\":\"BreadcrumbList\",\"@id\":\"https:\/\/accudoctor.eu\/product\/canine-coronavirus-ag-test\/#breadcrumb\",\"itemListElement\":[{\"@type\":\"ListItem\",\"position\":1,\"name\":\"Portada\",\"item\":\"https:\/\/accudoctor.eu\/\"},{\"@type\":\"ListItem\",\"position\":2,\"name\":\"Store\",\"item\":\"https:\/\/accudoctor.eu\/store\/\"},{\"@type\":\"ListItem\",\"position\":3,\"name\":\"Canine Coronavirus Ag Test\"}]},{\"@type\":\"WebSite\",\"@id\":\"https:\/\/accudoctor.eu\/es_es\/#website\",\"url\":\"https:\/\/accudoctor.eu\/es_es\/\",\"name\":\"Accudoctor\",\"description\":\"Experts in diagnostic testing since 2011\",\"publisher\":{\"@id\":\"https:\/\/accudoctor.eu\/es_es\/#organization\"},\"potentialAction\":[{\"@type\":\"SearchAction\",\"target\":{\"@type\":\"EntryPoint\",\"urlTemplate\":\"https:\/\/accudoctor.eu\/es_es\/?s={search_term_string}\"},\"query-input\":\"required name=search_term_string\"}],\"inLanguage\":\"de-DE\"},{\"@type\":\"Organization\",\"@id\":\"https:\/\/accudoctor.eu\/es_es\/#organization\",\"name\":\"Accudoctor\",\"url\":\"https:\/\/accudoctor.eu\/es_es\/\",\"logo\":{\"@type\":\"ImageObject\",\"inLanguage\":\"de-DE\",\"@id\":\"https:\/\/accudoctor.eu\/es_es\/#\/schema\/logo\/image\/\",\"url\":\"https:\/\/accudoctor.eu\/wp-content\/uploads\/2023\/06\/LOGO400X400.png\",\"contentUrl\":\"https:\/\/accudoctor.eu\/wp-content\/uploads\/2023\/06\/LOGO400X400.png\",\"width\":400,\"height\":400,\"caption\":\"Accudoctor\"},\"image\":{\"@id\":\"https:\/\/accudoctor.eu\/es_es\/#\/schema\/logo\/image\/\"}}]}<\/script>\n<!-- \/ Yoast SEO plugin. -->","yoast_head_json":{"title":"Canine Coronavirus Ag Test | Accudoctor","description":"The Accudoctor Test for Canine Coronavirus (CCoV or CCV) is a usefull diagnostic test used to detect the presence of canine coronavirus antigen in feces or vomit samples of dogs. CCoV is a virus that primarily affects the digestive system of dogs and can cause symptoms such as diarrhea, vomiting, and general discomfort. The test has the advantage of providing specific information about the presence of the virus in the dog's gastrointestinal tract, which can be useful in the diagnosis and management of the disease","robots":{"index":"index","follow":"follow","max-snippet":"max-snippet:-1","max-image-preview":"max-image-preview:large","max-video-preview":"max-video-preview:-1"},"canonical":"https:\/\/accudoctor.eu\/de\/produkt\/canine-coronavirus-ag-test\/","og_locale":"de_DE","og_type":"article","og_title":"Canine Coronavirus Ag Test | Accudoctor","og_description":"The Accudoctor Test for Canine Coronavirus (CCoV or CCV) is a usefull diagnostic test used to detect the presence of canine coronavirus antigen in feces or vomit samples of dogs. CCoV is a virus that primarily affects the digestive system of dogs and can cause symptoms such as diarrhea, vomiting, and general discomfort. The test has the advantage of providing specific information about the presence of the virus in the dog's gastrointestinal tract, which can be useful in the diagnosis and management of the disease","og_url":"https:\/\/accudoctor.eu\/de\/produkt\/canine-coronavirus-ag-test\/","og_site_name":"Accudoctor","article_modified_time":"2023-06-28T11:39:19+00:00","og_image":[{"width":1500,"height":1371,"url":"https:\/\/accudoctor.eu\/wp-content\/uploads\/2023\/05\/51PjkEaC8L._AC_SL1500_.jpg","type":"image\/jpeg"}],"twitter_card":"summary_large_image","twitter_misc":{"Gesch\u00e4tzte Lesezeit":"1 Minute"},"schema":{"@context":"https:\/\/schema.org","@graph":[{"@type":"WebPage","@id":"https:\/\/accudoctor.eu\/product\/canine-coronavirus-ag-test\/","url":"https:\/\/accudoctor.eu\/product\/canine-coronavirus-ag-test\/","name":"Canine Coronavirus Ag Test | Accudoctor","isPartOf":{"@id":"https:\/\/accudoctor.eu\/es_es\/#website"},"datePublished":"2023-05-09T03:41:52+00:00","dateModified":"2023-06-28T11:39:19+00:00","description":"The Accudoctor Test for Canine Coronavirus (CCoV or CCV) is a usefull diagnostic test used to detect the presence of canine coronavirus antigen in feces or vomit samples of dogs. CCoV is a virus that primarily affects the digestive system of dogs and can cause symptoms such as diarrhea, vomiting, and general discomfort. The test has the advantage of providing specific information about the presence of the virus in the dog's gastrointestinal tract, which can be useful in the diagnosis and management of the disease","breadcrumb":{"@id":"https:\/\/accudoctor.eu\/product\/canine-coronavirus-ag-test\/#breadcrumb"},"inLanguage":"de-DE","potentialAction":[{"@type":"ReadAction","target":["https:\/\/accudoctor.eu\/product\/canine-coronavirus-ag-test\/"]}]},{"@type":"BreadcrumbList","@id":"https:\/\/accudoctor.eu\/product\/canine-coronavirus-ag-test\/#breadcrumb","itemListElement":[{"@type":"ListItem","position":1,"name":"Portada","item":"https:\/\/accudoctor.eu\/"},{"@type":"ListItem","position":2,"name":"Store","item":"https:\/\/accudoctor.eu\/store\/"},{"@type":"ListItem","position":3,"name":"Canine Coronavirus Ag Test"}]},{"@type":"WebSite","@id":"https:\/\/accudoctor.eu\/es_es\/#website","url":"https:\/\/accudoctor.eu\/es_es\/","name":"Accudoctor","description":"Experts in diagnostic testing since 2011","publisher":{"@id":"https:\/\/accudoctor.eu\/es_es\/#organization"},"potentialAction":[{"@type":"SearchAction","target":{"@type":"EntryPoint","urlTemplate":"https:\/\/accudoctor.eu\/es_es\/?s={search_term_string}"},"query-input":"required name=search_term_string"}],"inLanguage":"de-DE"},{"@type":"Organization","@id":"https:\/\/accudoctor.eu\/es_es\/#organization","name":"Accudoctor","url":"https:\/\/accudoctor.eu\/es_es\/","logo":{"@type":"ImageObject","inLanguage":"de-DE","@id":"https:\/\/accudoctor.eu\/es_es\/#\/schema\/logo\/image\/","url":"https:\/\/accudoctor.eu\/wp-content\/uploads\/2023\/06\/LOGO400X400.png","contentUrl":"https:\/\/accudoctor.eu\/wp-content\/uploads\/2023\/06\/LOGO400X400.png","width":400,"height":400,"caption":"Accudoctor"},"image":{"@id":"https:\/\/accudoctor.eu\/es_es\/#\/schema\/logo\/image\/"}}]}},"_links":{"self":[{"href":"https:\/\/accudoctor.eu\/de\/wp-json\/wp\/v2\/product\/1239"}],"collection":[{"href":"https:\/\/accudoctor.eu\/de\/wp-json\/wp\/v2\/product"}],"about":[{"href":"https:\/\/accudoctor.eu\/de\/wp-json\/wp\/v2\/types\/product"}],"replies":[{"embeddable":true,"href":"https:\/\/accudoctor.eu\/de\/wp-json\/wp\/v2\/comments?post=1239"}],"version-history":[{"count":4,"href":"https:\/\/accudoctor.eu\/de\/wp-json\/wp\/v2\/product\/1239\/revisions"}],"predecessor-version":[{"id":1769,"href":"https:\/\/accudoctor.eu\/de\/wp-json\/wp\/v2\/product\/1239\/revisions\/1769"}],"wp:featuredmedia":[{"embeddable":true,"href":"https:\/\/accudoctor.eu\/de\/wp-json\/wp\/v2\/media\/1906"}],"wp:attachment":[{"href":"https:\/\/accudoctor.eu\/de\/wp-json\/wp\/v2\/media?parent=1239"}],"wp:term":[{"taxonomy":"product_cat","embeddable":true,"href":"https:\/\/accudoctor.eu\/de\/wp-json\/wp\/v2\/product_cat?post=1239"},{"taxonomy":"product_tag","embeddable":true,"href":"https:\/\/accudoctor.eu\/de\/wp-json\/wp\/v2\/product_tag?post=1239"}],"curies":[{"name":"wp","href":"https:\/\/api.w.org\/{rel}","templated":true}]}}