{"id":1691,"date":"2023-06-21T11:05:52","date_gmt":"2023-06-21T11:05:52","guid":{"rendered":"https:\/\/accudoctor.eu\/?post_type=product&#038;p=1691"},"modified":"2026-05-06T12:15:18","modified_gmt":"2026-05-06T12:15:18","slug":"urine-test-strips-11-parameters","status":"publish","type":"product","link":"https:\/\/accudoctor.eu\/de\/produkt\/urine-test-strips-11-parameters\/","title":{"rendered":"Urintest f\u00fcr 11 Parametern"},"content":{"rendered":"<div class=\"group w-full text-gray-800 dark:text-gray-100 border-b border-black\/10 dark:border-gray-900\/50 bg-gray-50 dark:bg-[#444654]\">\n<div class=\"flex p-4 gap-4 text-base md:gap-6 md:max-w-2xl lg:max-w-[38rem] xl:max-w-3xl md:py-6 lg:px-0 m-auto\">\n<div class=\"relative flex w-[calc(100%-50px)] flex-col gap-1 md:gap-3 lg:w-[calc(100%-115px)]\">\n<div class=\"flex flex-grow flex-col gap-3\">\n<div class=\"min-h-[20px] flex items-start overflow-x-auto whitespace-pre-wrap break-words flex-col gap-4\">\n<div class=\"markdown prose w-full break-words dark:prose-invert light\">\n<p>Die Urinteststreifen Accudoctor f\u00fcr Hunde und Katzen f\u00fcr Hunde und Katzen eignen sich zur Identifizierung und als vorbereitender Schritt vor der Einleitung umfassenderer Tests, um eine genauere Diagnose zu erhalten. Die Farbe der Testpl\u00e4ttchen ver\u00e4ndert sich, wenn sie mit den in der Urinprobe vorhandenen R\u00fcckst\u00e4nden und Konzentrationen reagieren. Der Detektor erkennt 11 Parameter in tierischen Urinproben: Leukozyten (LEU), Nitrit (NIT), Urobilinogen (URO), Eiwit (PRO), pH, Blut (BLO), Soortelijk Gewicht (SG), Keton (KET), Bilirubin ( BIL), Glucose (GLU) und Ascorbids\u00e4ure (ASC).<\/p>\n<\/div>\n<\/div>\n<\/div>\n<div class=\"flex justify-between lg:block\">\n<div class=\"text-gray-400 flex self-end lg:self-center justify-center mt-2 gap-2 md:gap-3 lg:gap-1 lg:absolute lg:top-0 lg:translate-x-full lg:right-0 lg:mt-0 lg:pl-2 visible\">\n<p>&nbsp;<\/p>\n<div class=\"flex gap-1\"><\/div>\n<\/div>\n<\/div>\n<\/div>\n<\/div>\n<\/div>\n<div class=\"amp-centerthirdcol-listbox\">\n<div class=\"a-box a-spacing-small a-color-alternate-background apm-listbox amp-centerthirdcol-listbox\">\n<div class=\"a-box-inner\"><\/div>\n<\/div>\n<\/div>\n<p>&nbsp;<\/p>\n<div class=\"qrcprowrapper\" style=\"text-align:left;\" id=\"qrcwraaerfileds\"><div class=\"qrc_qrcode\" style=\"display:inline-block\" data-text=\"https:\/\/accudoctor.eu\/de\/produkt\/urine-test-strips-11-parameters\/\"><\/div><\/div>","protected":false},"excerpt":{"rendered":"<p>Jedes Produkt enth\u00e4lt 100 Streifen und eine Bedienungsanleitung in 5 Sprachen.<\/p>\n<table style=\"border-collapse: collapse; width: 412px; height: 48px;\" border=\"0\" width=\"320\" cellspacing=\"0\" cellpadding=\"0\">\n<tbody>\n<tr style=\"height: 15.0pt;\">\n<td class=\"xl63\" style=\"height: 15.0pt; width: 60pt;\" width=\"80\" height=\"20\"><strong>Referenz<\/strong><\/td>\n<td class=\"xl63\" style=\"width: 60pt;\" width=\"80\"><strong>Format<\/strong><\/td>\n<td class=\"xl63\" style=\"width: 60pt;\" width=\"80\"><strong>Probe<\/strong><\/td>\n<td class=\"xl63\" style=\"width: 60pt;\" width=\"80\"><strong>Gr\u00f6\u00dfe<\/strong><\/td>\n<\/tr>\n<tr style=\"height: 15.0pt;\">\n<td class=\"xl64\" style=\"height: 15.0pt; width: 60pt;\" width=\"80\" height=\"20\">VIU031-11<\/td>\n<td class=\"xl64\" style=\"width: 60pt;\" width=\"80\">Streifen<\/td>\n<td class=\"xl64\" style=\"width: 60pt;\" width=\"80\">Urin<\/td>\n<td class=\"xl64\" style=\"width: 60pt;\" width=\"80\">100<\/td>\n<\/tr>\n<\/tbody>\n<\/table>\n<p id=\"isPasted\">Analysierte Parameter:<\/p>\n<table>\n<tbody>\n<tr>\n<td><strong>Analyt<\/strong><\/td>\n<td><strong>Levels<\/strong><\/td>\n<\/tr>\n<tr>\n<td><strong>Askorbins\u00e4ure<\/strong><\/td>\n<td>5-10 mg\/dL (0.28-0.56 mmol\/L)<\/td>\n<\/tr>\n<tr>\n<td><strong>Glucose<\/strong><\/td>\n<td>50-100 mg\/dL (2.5-5 mmol\/L).<\/td>\n<\/tr>\n<tr>\n<td class=\"\"><strong>Bilirubin<\/strong><\/td>\n<td>0.4-1.0 mg\/dL (6.8-17 \u03bcmol\/L)<\/td>\n<\/tr>\n<tr>\n<td class=\"\"><strong>Ketone<\/strong><\/td>\n<td>\n<p id=\"isPasted\">2.5-5 mg\/dL (0.25-0.5 mmol\/L)<\/p>\n<\/td>\n<\/tr>\n<tr>\n<td><strong>Spezifisches Gewicht<\/strong><\/td>\n<td>\n<p id=\"isPasted\">Bestimmt das spezifische Gewicht des Urins zwischen 1.000 und 1.060. Die Ergebnisse korrelieren mit den durch die Brechungsindexmethode ermittelten Werten innerhalb von \u00b1 0,005<\/p>\n<\/td>\n<\/tr>\n<tr>\n<td class=\"\"><strong>Sang<\/strong><\/td>\n<td>0,018\u20130,060 mg\/dL oder 5\u201310 Ery\/\u03bcL in Urinproben mit einem Ascorbins\u00e4uregehalt von &lt; 50 mg\/dL.<\/td>\n<\/tr>\n<tr>\n<td class=\"\"><strong>pH<\/strong><\/td>\n<td>5-9.<\/td>\n<\/tr>\n<tr>\n<td class=\"\"><strong>Eiwei\u00df<\/strong><\/td>\n<td class=\"\">7.5-15 mg\/dL (0.075-0.15 g\/L)<\/td>\n<\/tr>\n<tr>\n<td><strong>Urobilinogen<\/strong><\/td>\n<td>0.2-1.0 mg\/dL (3.5-17 \u03bcmol\/L)<\/td>\n<\/tr>\n<tr>\n<td><strong>Nitrit<\/strong><\/td>\n<td class=\"\">0,05\u20130,1 mg\/dl im Urin mit geringem spezifischem Gewicht und weniger als 30 mg\/dl Ascorbins\u00e4ure.<\/td>\n<\/tr>\n<tr>\n<td><strong>Leukozyten<\/strong><\/td>\n<td>9-15 white blood cells Leu\/\u03bcL in clinical urine.<\/td>\n<\/tr>\n<\/tbody>\n<\/table>","protected":false},"featured_media":0,"comment_status":"open","ping_status":"closed","template":"","meta":[],"product_cat":[40,41,27],"product_tag":[],"acf":[],"yoast_head":"<!-- This site is optimized with the Yoast SEO plugin v20.9 - https:\/\/yoast.com\/wordpress\/plugins\/seo\/ -->\n<title>Urintest for Dogs and Cats 11 Parametres | Accudoctor<\/title>\n<meta name=\"description\" content=\"The Accudoctor Urine Tests Strips for Dogs and Cats for dogs and cats are useful in identification and as a preliminary step before initiating broader tests to achieve a more accurate diagnosis. The color of the test pads will change upon reacting with the residues and concentrations present in the urine sample.\" \/>\n<meta name=\"robots\" content=\"index, follow, max-snippet:-1, max-image-preview:large, max-video-preview:-1\" \/>\n<link rel=\"canonical\" href=\"https:\/\/accudoctor.eu\/de\/produkt\/urine-test-strips-11-parameters\/\" \/>\n<meta property=\"og:locale\" content=\"de_DE\" \/>\n<meta property=\"og:type\" content=\"article\" \/>\n<meta property=\"og:title\" content=\"Urintest for Dogs and Cats 11 Parametres | Accudoctor\" \/>\n<meta property=\"og:description\" content=\"The Accudoctor Urine Tests Strips for Dogs and Cats for dogs and cats are useful in identification and as a preliminary step before initiating broader tests to achieve a more accurate diagnosis. The color of the test pads will change upon reacting with the residues and concentrations present in the urine sample.\" \/>\n<meta property=\"og:url\" content=\"https:\/\/accudoctor.eu\/de\/produkt\/urine-test-strips-11-parameters\/\" \/>\n<meta property=\"og:site_name\" content=\"Accudoctor\" \/>\n<meta property=\"article:modified_time\" content=\"2026-05-06T12:15:18+00:00\" \/>\n<meta name=\"twitter:card\" content=\"summary_large_image\" \/>\n<meta name=\"twitter:label1\" content=\"Gesch\u00e4tzte Lesezeit\" \/>\n\t<meta name=\"twitter:data1\" content=\"1 Minute\" \/>\n<script type=\"application\/ld+json\" class=\"yoast-schema-graph\">{\"@context\":\"https:\/\/schema.org\",\"@graph\":[{\"@type\":\"WebPage\",\"@id\":\"https:\/\/accudoctor.eu\/product\/urine-test-strips-11-parameters\/\",\"url\":\"https:\/\/accudoctor.eu\/product\/urine-test-strips-11-parameters\/\",\"name\":\"Urintest for Dogs and Cats 11 Parametres | Accudoctor\",\"isPartOf\":{\"@id\":\"https:\/\/accudoctor.eu\/es_es\/#website\"},\"datePublished\":\"2023-06-21T11:05:52+00:00\",\"dateModified\":\"2026-05-06T12:15:18+00:00\",\"description\":\"The Accudoctor Urine Tests Strips for Dogs and Cats for dogs and cats are useful in identification and as a preliminary step before initiating broader tests to achieve a more accurate diagnosis. The color of the test pads will change upon reacting with the residues and concentrations present in the urine sample.\",\"breadcrumb\":{\"@id\":\"https:\/\/accudoctor.eu\/product\/urine-test-strips-11-parameters\/#breadcrumb\"},\"inLanguage\":\"de-DE\",\"potentialAction\":[{\"@type\":\"ReadAction\",\"target\":[\"https:\/\/accudoctor.eu\/product\/urine-test-strips-11-parameters\/\"]}]},{\"@type\":\"BreadcrumbList\",\"@id\":\"https:\/\/accudoctor.eu\/product\/urine-test-strips-11-parameters\/#breadcrumb\",\"itemListElement\":[{\"@type\":\"ListItem\",\"position\":1,\"name\":\"Portada\",\"item\":\"https:\/\/accudoctor.eu\/\"},{\"@type\":\"ListItem\",\"position\":2,\"name\":\"Store\",\"item\":\"https:\/\/accudoctor.eu\/store\/\"},{\"@type\":\"ListItem\",\"position\":3,\"name\":\"Urine Test Strips 11 Parameters\"}]},{\"@type\":\"WebSite\",\"@id\":\"https:\/\/accudoctor.eu\/es_es\/#website\",\"url\":\"https:\/\/accudoctor.eu\/es_es\/\",\"name\":\"Accudoctor\",\"description\":\"Experts in diagnostic testing since 2011\",\"publisher\":{\"@id\":\"https:\/\/accudoctor.eu\/es_es\/#organization\"},\"potentialAction\":[{\"@type\":\"SearchAction\",\"target\":{\"@type\":\"EntryPoint\",\"urlTemplate\":\"https:\/\/accudoctor.eu\/es_es\/?s={search_term_string}\"},\"query-input\":\"required name=search_term_string\"}],\"inLanguage\":\"de-DE\"},{\"@type\":\"Organization\",\"@id\":\"https:\/\/accudoctor.eu\/es_es\/#organization\",\"name\":\"Accudoctor\",\"url\":\"https:\/\/accudoctor.eu\/es_es\/\",\"logo\":{\"@type\":\"ImageObject\",\"inLanguage\":\"de-DE\",\"@id\":\"https:\/\/accudoctor.eu\/es_es\/#\/schema\/logo\/image\/\",\"url\":\"https:\/\/accudoctor.eu\/wp-content\/uploads\/2023\/06\/LOGO400X400.png\",\"contentUrl\":\"https:\/\/accudoctor.eu\/wp-content\/uploads\/2023\/06\/LOGO400X400.png\",\"width\":400,\"height\":400,\"caption\":\"Accudoctor\"},\"image\":{\"@id\":\"https:\/\/accudoctor.eu\/es_es\/#\/schema\/logo\/image\/\"}}]}<\/script>\n<!-- \/ Yoast SEO plugin. -->","yoast_head_json":{"title":"Urintest for Dogs and Cats 11 Parametres | Accudoctor","description":"The Accudoctor Urine Tests Strips for Dogs and Cats for dogs and cats are useful in identification and as a preliminary step before initiating broader tests to achieve a more accurate diagnosis. The color of the test pads will change upon reacting with the residues and concentrations present in the urine sample.","robots":{"index":"index","follow":"follow","max-snippet":"max-snippet:-1","max-image-preview":"max-image-preview:large","max-video-preview":"max-video-preview:-1"},"canonical":"https:\/\/accudoctor.eu\/de\/produkt\/urine-test-strips-11-parameters\/","og_locale":"de_DE","og_type":"article","og_title":"Urintest for Dogs and Cats 11 Parametres | Accudoctor","og_description":"The Accudoctor Urine Tests Strips for Dogs and Cats for dogs and cats are useful in identification and as a preliminary step before initiating broader tests to achieve a more accurate diagnosis. The color of the test pads will change upon reacting with the residues and concentrations present in the urine sample.","og_url":"https:\/\/accudoctor.eu\/de\/produkt\/urine-test-strips-11-parameters\/","og_site_name":"Accudoctor","article_modified_time":"2026-05-06T12:15:18+00:00","twitter_card":"summary_large_image","twitter_misc":{"Gesch\u00e4tzte Lesezeit":"1 Minute"},"schema":{"@context":"https:\/\/schema.org","@graph":[{"@type":"WebPage","@id":"https:\/\/accudoctor.eu\/product\/urine-test-strips-11-parameters\/","url":"https:\/\/accudoctor.eu\/product\/urine-test-strips-11-parameters\/","name":"Urintest for Dogs and Cats 11 Parametres | Accudoctor","isPartOf":{"@id":"https:\/\/accudoctor.eu\/es_es\/#website"},"datePublished":"2023-06-21T11:05:52+00:00","dateModified":"2026-05-06T12:15:18+00:00","description":"The Accudoctor Urine Tests Strips for Dogs and Cats for dogs and cats are useful in identification and as a preliminary step before initiating broader tests to achieve a more accurate diagnosis. The color of the test pads will change upon reacting with the residues and concentrations present in the urine sample.","breadcrumb":{"@id":"https:\/\/accudoctor.eu\/product\/urine-test-strips-11-parameters\/#breadcrumb"},"inLanguage":"de-DE","potentialAction":[{"@type":"ReadAction","target":["https:\/\/accudoctor.eu\/product\/urine-test-strips-11-parameters\/"]}]},{"@type":"BreadcrumbList","@id":"https:\/\/accudoctor.eu\/product\/urine-test-strips-11-parameters\/#breadcrumb","itemListElement":[{"@type":"ListItem","position":1,"name":"Portada","item":"https:\/\/accudoctor.eu\/"},{"@type":"ListItem","position":2,"name":"Store","item":"https:\/\/accudoctor.eu\/store\/"},{"@type":"ListItem","position":3,"name":"Urine Test Strips 11 Parameters"}]},{"@type":"WebSite","@id":"https:\/\/accudoctor.eu\/es_es\/#website","url":"https:\/\/accudoctor.eu\/es_es\/","name":"Accudoctor","description":"Experts in diagnostic testing since 2011","publisher":{"@id":"https:\/\/accudoctor.eu\/es_es\/#organization"},"potentialAction":[{"@type":"SearchAction","target":{"@type":"EntryPoint","urlTemplate":"https:\/\/accudoctor.eu\/es_es\/?s={search_term_string}"},"query-input":"required name=search_term_string"}],"inLanguage":"de-DE"},{"@type":"Organization","@id":"https:\/\/accudoctor.eu\/es_es\/#organization","name":"Accudoctor","url":"https:\/\/accudoctor.eu\/es_es\/","logo":{"@type":"ImageObject","inLanguage":"de-DE","@id":"https:\/\/accudoctor.eu\/es_es\/#\/schema\/logo\/image\/","url":"https:\/\/accudoctor.eu\/wp-content\/uploads\/2023\/06\/LOGO400X400.png","contentUrl":"https:\/\/accudoctor.eu\/wp-content\/uploads\/2023\/06\/LOGO400X400.png","width":400,"height":400,"caption":"Accudoctor"},"image":{"@id":"https:\/\/accudoctor.eu\/es_es\/#\/schema\/logo\/image\/"}}]}},"_links":{"self":[{"href":"https:\/\/accudoctor.eu\/de\/wp-json\/wp\/v2\/product\/1691"}],"collection":[{"href":"https:\/\/accudoctor.eu\/de\/wp-json\/wp\/v2\/product"}],"about":[{"href":"https:\/\/accudoctor.eu\/de\/wp-json\/wp\/v2\/types\/product"}],"replies":[{"embeddable":true,"href":"https:\/\/accudoctor.eu\/de\/wp-json\/wp\/v2\/comments?post=1691"}],"version-history":[{"count":13,"href":"https:\/\/accudoctor.eu\/de\/wp-json\/wp\/v2\/product\/1691\/revisions"}],"predecessor-version":[{"id":1905,"href":"https:\/\/accudoctor.eu\/de\/wp-json\/wp\/v2\/product\/1691\/revisions\/1905"}],"wp:attachment":[{"href":"https:\/\/accudoctor.eu\/de\/wp-json\/wp\/v2\/media?parent=1691"}],"wp:term":[{"taxonomy":"product_cat","embeddable":true,"href":"https:\/\/accudoctor.eu\/de\/wp-json\/wp\/v2\/product_cat?post=1691"},{"taxonomy":"product_tag","embeddable":true,"href":"https:\/\/accudoctor.eu\/de\/wp-json\/wp\/v2\/product_tag?post=1691"}],"curies":[{"name":"wp","href":"https:\/\/api.w.org\/{rel}","templated":true}]}}