{"id":1765,"date":"2023-06-23T09:25:59","date_gmt":"2023-06-23T09:25:59","guid":{"rendered":"https:\/\/accudoctor.eu\/?post_type=product&#038;p=1765"},"modified":"2023-06-28T10:27:33","modified_gmt":"2023-06-28T10:27:33","slug":"feline-herpesvirus-fhv-calicivirus-fcv-test","status":"publish","type":"product","link":"https:\/\/accudoctor.eu\/de\/produkt\/feline-herpesvirus-fhv-calicivirus-fcv-test\/","title":{"rendered":"Test des Felinen Herpesvirus-Antigens + des Felinen Calicivirus-Antigens"},"content":{"rendered":"<p>Feline Herpesvirus (FHV) und Feline Calicivirus (FCV) sind zwei h\u00e4ufige virale Pathogene, die Katzen betreffen und oft Atemwegsinfektionen verursachen. Diese Viren tragen ma\u00dfgeblich zum komplexen Krankheitsbild der oberen Atemwege bei Katzen bei, das allgemein als \"Katzen-Grippe\" bekannt ist. Tests auf diese Viren spielen eine entscheidende Rolle bei der Diagnose und Behandlung von Atemwegsinfektionen bei Katzen.<\/p>\n<p>Das Feline Herpesvirus, auch bekannt als Feline Virale Rhinotracheitis (FVR), ist ein hochansteckendes Virus, das haupts\u00e4chlich das Atmungssystem von Katzen betrifft. Es geh\u00f6rt zur Familie der Herpesviridae und steht in enger Verbindung mit dem menschlichen Herpesvirus. FHV kann Symptome wie Niesen, Nasenausfluss, Bindehautentz\u00fcndung (Entz\u00fcndung der Augen) und Husten verursachen. Infizierte Katzen k\u00f6nnen auch Geschw\u00fcre auf der Hornhaut entwickeln, was zu Augenproblemen f\u00fchren kann. FHV wird haupts\u00e4chlich durch direkten Kontakt mit infizierten Atemwegssekreten oder durch kontaminierte Gegenst\u00e4nde \u00fcbertragen.<\/p>\n<p>Das Feline Calicivirus ist ein weiteres h\u00e4ufiges virales Pathogen, das Katzen betrifft, insbesondere ihr oberes Atemwegssystem. Es geh\u00f6rt zur Familie der Caliciviridae und kann \u00e4hnliche Symptome wie FHV verursachen, einschlie\u00dflich Niesen, Nasenausfluss, Mundgeschw\u00fcre und Bindehautentz\u00fcndung. FCV kann auch zu Lahmheit und Fieber f\u00fchren. Es ist hoch ansteckend und kann durch direkten Kontakt mit infizierten Katzen, kontaminierte Gegenst\u00e4nde oder durch aerosolisierte Atemwegssekrete \u00fcbertragen werden.<\/p>\n<p>&nbsp;<\/p>\n<div class=\"qrcprowrapper\" style=\"text-align:left;\" id=\"qrcwraaerfileds\"><div class=\"qrc_qrcode\" style=\"display:inline-block\" data-text=\"https:\/\/accudoctor.eu\/de\/produkt\/feline-herpesvirus-fhv-calicivirus-fcv-test\/\"><\/div><\/div>","protected":false},"excerpt":{"rendered":"<p>Der Test des Felinen Herpesvirus-Antigens + des Felinen Calicivirus-Antigens Accudoctor ist ein seitlicher Flie\u00df-Sandwich-Immunochromatographie-Assay zur qualitativen Erfassung des Feline Herpesvirus-Antigens (FHV Ag) und des Feline Calicivirus-Antigens (FCV Ag) in den okularen und nasalen Sekreten von Katzen. Der Test umfasst zwei Tests, s\u00e4mtliches erforderliches Zubeh\u00f6r f\u00fcr zwei Tests sowie Anweisungen in 5 Sprachen.<\/p>\n<table width=\"517\">\n<tbody>\n<tr>\n<td width=\"112\"><strong>Referenz<\/strong><\/td>\n<td width=\"80\"><strong>Animal<\/strong><\/td>\n<td width=\"80\"><strong>Format<\/strong><\/td>\n<td width=\"80\"><strong>Probe<\/strong><\/td>\n<td width=\"165\"><strong>Gr\u00f6\u00dfe<\/strong><\/td>\n<\/tr>\n<tr>\n<td width=\"112\">AVIFHC-625<\/td>\n<td>Katzen<\/td>\n<td width=\"80\">Kasette<\/td>\n<td width=\"80\">Secretions<\/td>\n<td width=\"165\">2T<\/td>\n<\/tr>\n<\/tbody>\n<\/table>\n<p>&nbsp;<\/p>","protected":false},"featured_media":1902,"comment_status":"open","ping_status":"closed","template":"","meta":[],"product_cat":[40,27],"product_tag":[],"acf":[],"yoast_head":"<!-- This site is optimized with the Yoast SEO plugin v20.9 - https:\/\/yoast.com\/wordpress\/plugins\/seo\/ -->\n<title>Feline Herpesvirus FHV + Feline Calicivirus CVF Test | Accudoctor<\/title>\n<meta name=\"robots\" content=\"index, follow, max-snippet:-1, max-image-preview:large, max-video-preview:-1\" \/>\n<link rel=\"canonical\" href=\"https:\/\/accudoctor.eu\/de\/produkt\/feline-herpesvirus-fhv-calicivirus-fcv-test\/\" \/>\n<meta property=\"og:locale\" content=\"de_DE\" \/>\n<meta property=\"og:type\" content=\"article\" \/>\n<meta property=\"og:title\" content=\"Feline Herpesvirus FHV + Feline Calicivirus CVF Test | Accudoctor\" \/>\n<meta property=\"og:description\" content=\"The Accudoctor Feline Herpesvirus Ag + Feline Calicivirus Ag Test is a sandwich lateral flow immunochromatographic assay for the qualitative detection of Feline Herpesvirus antigen (FHV Ag) and Feline Calicivirus antigen (FCV Ag) in feline\u2019s ocular and nasal secretions. The test includes two tests, all the necessary accessories to carry two test out and instructions in 5 languages.    Reference Animal Format Sample Kit Size   AVIFHC-625 Cats Casette Secretions 2T    &nbsp;\" \/>\n<meta property=\"og:url\" content=\"https:\/\/accudoctor.eu\/de\/produkt\/feline-herpesvirus-fhv-calicivirus-fcv-test\/\" \/>\n<meta property=\"og:site_name\" content=\"Accudoctor\" \/>\n<meta property=\"article:modified_time\" content=\"2023-06-28T10:27:33+00:00\" \/>\n<meta property=\"og:image\" content=\"https:\/\/accudoctor.eu\/wp-content\/uploads\/2023\/06\/51lQ7ondPRL._AC_SL1200_.jpg\" \/>\n\t<meta property=\"og:image:width\" content=\"1198\" \/>\n\t<meta property=\"og:image:height\" content=\"1117\" \/>\n\t<meta property=\"og:image:type\" content=\"image\/jpeg\" \/>\n<meta name=\"twitter:card\" content=\"summary_large_image\" \/>\n<meta name=\"twitter:label1\" content=\"Gesch\u00e4tzte Lesezeit\" \/>\n\t<meta name=\"twitter:data1\" content=\"1 Minute\" \/>\n<script type=\"application\/ld+json\" class=\"yoast-schema-graph\">{\"@context\":\"https:\/\/schema.org\",\"@graph\":[{\"@type\":\"WebPage\",\"@id\":\"https:\/\/accudoctor.eu\/product\/feline-herpesvirus-fhv-calicivirus-fcv-test\/\",\"url\":\"https:\/\/accudoctor.eu\/product\/feline-herpesvirus-fhv-calicivirus-fcv-test\/\",\"name\":\"Feline Herpesvirus FHV + Feline Calicivirus CVF Test | Accudoctor\",\"isPartOf\":{\"@id\":\"https:\/\/accudoctor.eu\/es_es\/#website\"},\"datePublished\":\"2023-06-23T09:25:59+00:00\",\"dateModified\":\"2023-06-28T10:27:33+00:00\",\"breadcrumb\":{\"@id\":\"https:\/\/accudoctor.eu\/product\/feline-herpesvirus-fhv-calicivirus-fcv-test\/#breadcrumb\"},\"inLanguage\":\"de-DE\",\"potentialAction\":[{\"@type\":\"ReadAction\",\"target\":[\"https:\/\/accudoctor.eu\/product\/feline-herpesvirus-fhv-calicivirus-fcv-test\/\"]}]},{\"@type\":\"BreadcrumbList\",\"@id\":\"https:\/\/accudoctor.eu\/product\/feline-herpesvirus-fhv-calicivirus-fcv-test\/#breadcrumb\",\"itemListElement\":[{\"@type\":\"ListItem\",\"position\":1,\"name\":\"Portada\",\"item\":\"https:\/\/accudoctor.eu\/\"},{\"@type\":\"ListItem\",\"position\":2,\"name\":\"Store\",\"item\":\"https:\/\/accudoctor.eu\/store\/\"},{\"@type\":\"ListItem\",\"position\":3,\"name\":\"Feline Herpesvirus Ag + Feline Calicivirus Ag Test\"}]},{\"@type\":\"WebSite\",\"@id\":\"https:\/\/accudoctor.eu\/es_es\/#website\",\"url\":\"https:\/\/accudoctor.eu\/es_es\/\",\"name\":\"Accudoctor\",\"description\":\"Experts in diagnostic testing since 2011\",\"publisher\":{\"@id\":\"https:\/\/accudoctor.eu\/es_es\/#organization\"},\"potentialAction\":[{\"@type\":\"SearchAction\",\"target\":{\"@type\":\"EntryPoint\",\"urlTemplate\":\"https:\/\/accudoctor.eu\/es_es\/?s={search_term_string}\"},\"query-input\":\"required name=search_term_string\"}],\"inLanguage\":\"de-DE\"},{\"@type\":\"Organization\",\"@id\":\"https:\/\/accudoctor.eu\/es_es\/#organization\",\"name\":\"Accudoctor\",\"url\":\"https:\/\/accudoctor.eu\/es_es\/\",\"logo\":{\"@type\":\"ImageObject\",\"inLanguage\":\"de-DE\",\"@id\":\"https:\/\/accudoctor.eu\/es_es\/#\/schema\/logo\/image\/\",\"url\":\"https:\/\/accudoctor.eu\/wp-content\/uploads\/2023\/06\/LOGO400X400.png\",\"contentUrl\":\"https:\/\/accudoctor.eu\/wp-content\/uploads\/2023\/06\/LOGO400X400.png\",\"width\":400,\"height\":400,\"caption\":\"Accudoctor\"},\"image\":{\"@id\":\"https:\/\/accudoctor.eu\/es_es\/#\/schema\/logo\/image\/\"}}]}<\/script>\n<!-- \/ Yoast SEO plugin. -->","yoast_head_json":{"title":"Feline Herpesvirus FHV + Feline Calicivirus CVF Test | Accudoctor","robots":{"index":"index","follow":"follow","max-snippet":"max-snippet:-1","max-image-preview":"max-image-preview:large","max-video-preview":"max-video-preview:-1"},"canonical":"https:\/\/accudoctor.eu\/de\/produkt\/feline-herpesvirus-fhv-calicivirus-fcv-test\/","og_locale":"de_DE","og_type":"article","og_title":"Feline Herpesvirus FHV + Feline Calicivirus CVF Test | Accudoctor","og_description":"The Accudoctor Feline Herpesvirus Ag + Feline Calicivirus Ag Test is a sandwich lateral flow immunochromatographic assay for the qualitative detection of Feline Herpesvirus antigen (FHV Ag) and Feline Calicivirus antigen (FCV Ag) in feline\u2019s ocular and nasal secretions. The test includes two tests, all the necessary accessories to carry two test out and instructions in 5 languages.    Reference Animal Format Sample Kit Size   AVIFHC-625 Cats Casette Secretions 2T    &nbsp;","og_url":"https:\/\/accudoctor.eu\/de\/produkt\/feline-herpesvirus-fhv-calicivirus-fcv-test\/","og_site_name":"Accudoctor","article_modified_time":"2023-06-28T10:27:33+00:00","og_image":[{"width":1198,"height":1117,"url":"https:\/\/accudoctor.eu\/wp-content\/uploads\/2023\/06\/51lQ7ondPRL._AC_SL1200_.jpg","type":"image\/jpeg"}],"twitter_card":"summary_large_image","twitter_misc":{"Gesch\u00e4tzte Lesezeit":"1 Minute"},"schema":{"@context":"https:\/\/schema.org","@graph":[{"@type":"WebPage","@id":"https:\/\/accudoctor.eu\/product\/feline-herpesvirus-fhv-calicivirus-fcv-test\/","url":"https:\/\/accudoctor.eu\/product\/feline-herpesvirus-fhv-calicivirus-fcv-test\/","name":"Feline Herpesvirus FHV + Feline Calicivirus CVF Test | Accudoctor","isPartOf":{"@id":"https:\/\/accudoctor.eu\/es_es\/#website"},"datePublished":"2023-06-23T09:25:59+00:00","dateModified":"2023-06-28T10:27:33+00:00","breadcrumb":{"@id":"https:\/\/accudoctor.eu\/product\/feline-herpesvirus-fhv-calicivirus-fcv-test\/#breadcrumb"},"inLanguage":"de-DE","potentialAction":[{"@type":"ReadAction","target":["https:\/\/accudoctor.eu\/product\/feline-herpesvirus-fhv-calicivirus-fcv-test\/"]}]},{"@type":"BreadcrumbList","@id":"https:\/\/accudoctor.eu\/product\/feline-herpesvirus-fhv-calicivirus-fcv-test\/#breadcrumb","itemListElement":[{"@type":"ListItem","position":1,"name":"Portada","item":"https:\/\/accudoctor.eu\/"},{"@type":"ListItem","position":2,"name":"Store","item":"https:\/\/accudoctor.eu\/store\/"},{"@type":"ListItem","position":3,"name":"Feline Herpesvirus Ag + Feline Calicivirus Ag Test"}]},{"@type":"WebSite","@id":"https:\/\/accudoctor.eu\/es_es\/#website","url":"https:\/\/accudoctor.eu\/es_es\/","name":"Accudoctor","description":"Experts in diagnostic testing since 2011","publisher":{"@id":"https:\/\/accudoctor.eu\/es_es\/#organization"},"potentialAction":[{"@type":"SearchAction","target":{"@type":"EntryPoint","urlTemplate":"https:\/\/accudoctor.eu\/es_es\/?s={search_term_string}"},"query-input":"required name=search_term_string"}],"inLanguage":"de-DE"},{"@type":"Organization","@id":"https:\/\/accudoctor.eu\/es_es\/#organization","name":"Accudoctor","url":"https:\/\/accudoctor.eu\/es_es\/","logo":{"@type":"ImageObject","inLanguage":"de-DE","@id":"https:\/\/accudoctor.eu\/es_es\/#\/schema\/logo\/image\/","url":"https:\/\/accudoctor.eu\/wp-content\/uploads\/2023\/06\/LOGO400X400.png","contentUrl":"https:\/\/accudoctor.eu\/wp-content\/uploads\/2023\/06\/LOGO400X400.png","width":400,"height":400,"caption":"Accudoctor"},"image":{"@id":"https:\/\/accudoctor.eu\/es_es\/#\/schema\/logo\/image\/"}}]}},"_links":{"self":[{"href":"https:\/\/accudoctor.eu\/de\/wp-json\/wp\/v2\/product\/1765"}],"collection":[{"href":"https:\/\/accudoctor.eu\/de\/wp-json\/wp\/v2\/product"}],"about":[{"href":"https:\/\/accudoctor.eu\/de\/wp-json\/wp\/v2\/types\/product"}],"replies":[{"embeddable":true,"href":"https:\/\/accudoctor.eu\/de\/wp-json\/wp\/v2\/comments?post=1765"}],"version-history":[{"count":3,"href":"https:\/\/accudoctor.eu\/de\/wp-json\/wp\/v2\/product\/1765\/revisions"}],"predecessor-version":[{"id":1768,"href":"https:\/\/accudoctor.eu\/de\/wp-json\/wp\/v2\/product\/1765\/revisions\/1768"}],"wp:featuredmedia":[{"embeddable":true,"href":"https:\/\/accudoctor.eu\/de\/wp-json\/wp\/v2\/media\/1902"}],"wp:attachment":[{"href":"https:\/\/accudoctor.eu\/de\/wp-json\/wp\/v2\/media?parent=1765"}],"wp:term":[{"taxonomy":"product_cat","embeddable":true,"href":"https:\/\/accudoctor.eu\/de\/wp-json\/wp\/v2\/product_cat?post=1765"},{"taxonomy":"product_tag","embeddable":true,"href":"https:\/\/accudoctor.eu\/de\/wp-json\/wp\/v2\/product_tag?post=1765"}],"curies":[{"name":"wp","href":"https:\/\/api.w.org\/{rel}","templated":true}]}}