{"id":2039,"date":"2024-04-12T13:56:57","date_gmt":"2024-04-12T13:56:57","guid":{"rendered":"https:\/\/accudoctor.eu\/?post_type=product&#038;p=2039"},"modified":"2024-09-09T19:19:01","modified_gmt":"2024-09-09T19:19:01","slug":"cotine-rapid-test-dipstick","status":"publish","type":"product","link":"https:\/\/accudoctor.eu\/de\/produkt\/cotine-rapid-test-dipstick\/","title":{"rendered":"Schnelltest f\u00fcr Cotinin"},"content":{"rendered":"<p>Der Accudoctor Schnelltest f\u00fcr Cotinin ist ein Werkzeug zur schnellen Erkennung von Cotinin, einem Metaboliten von Nikotin, in einer Urinprobe einer Person. Der Test ist ein schneller immunchromatographischer Test zum qualitativen Nachweis von Cotinin in menschlichem Urin bei einer Nachweisgrenze von 200 ng\/mL.<\/p>\n<p>Cotinin ist der Hauptmetabolit von Nikotin und wird h\u00e4ufig als zuverl\u00e4ssiger Biomarker f\u00fcr Tabakkonsum und -exposition verwendet. Dieser Test bietet eine schnelle und genaue Methode zur Bestimmung des j\u00fcngsten Nikotinkonsums, was ihn n\u00fctzlich f\u00fcr Tabakentw\u00f6hnungsprogramme, medizinische Bewertungen und Tests am Arbeitsplatz macht.<\/p>\n<div class=\"qrcprowrapper\" style=\"text-align:left;\" id=\"qrcwraaerfileds\"><div class=\"qrc_qrcode\" style=\"display:inline-block\" data-text=\"https:\/\/accudoctor.eu\/de\/produkt\/cotine-rapid-test-dipstick\/\"><\/div><\/div>","protected":false},"excerpt":{"rendered":"<div class=\"group w-full text-gray-800 dark:text-gray-100 border-b border-black\/10 dark:border-gray-900\/50 bg-gray-50 dark:bg-[#444654]\">\n<div class=\"flex p-4 gap-4 text-base md:gap-6 md:max-w-2xl lg:max-w-[38rem] xl:max-w-3xl md:py-6 lg:px-0 m-auto\">\n<div class=\"relative flex w-[calc(100%-50px)] flex-col gap-1 md:gap-3 lg:w-[calc(100%-115px)]\">\n<div class=\"flex flex-grow flex-col gap-3\">\n<div class=\"min-h-[20px] flex items-start overflow-x-auto whitespace-pre-wrap break-words flex-col gap-4\">\n<div class=\"markdown prose w-full break-words dark:prose-invert light\">\n<div class=\"group w-full text-gray-800 dark:text-gray-100 border-b border-black\/10 dark:border-gray-900\/50 bg-gray-50 dark:bg-[#444654]\">\n<div class=\"flex p-4 gap-4 text-base md:gap-6 md:max-w-2xl lg:max-w-[38rem] xl:max-w-3xl md:py-6 lg:px-0 m-auto\">\n<div class=\"relative flex w-[calc(100%-50px)] flex-col gap-1 md:gap-3 lg:w-[calc(100%-115px)]\">\n<div class=\"flex flex-grow flex-col gap-3\">\n<div class=\"min-h-[20px] flex items-start overflow-x-auto whitespace-pre-wrap break-words flex-col gap-4\">\n<div class=\"markdown prose w-full break-words dark:prose-invert light\">Der Accudoctor Cotinin Schnelltest zeigt ein positives Ergebnis, wenn die Cotinin-Konzentration in der Urinprobe gleich oder gr\u00f6\u00dfer als 200 ng\/mL ist. Wenn das Testergebnis diesen Schwellenwert erreicht oder \u00fcberschreitet, wird es als positiv angesehen. Die Streifen sind einzeln verpackt und enthalten Anweisungen in 5 Sprachen.<\/div>\n<\/div>\n<\/div>\n<\/div>\n<\/div>\n<\/div>\n<\/div>\n<\/div>\n<\/div>\n<\/div>\n<\/div>\n<\/div>\n<table width=\"649\">\n<tbody>\n<tr>\n<td width=\"112\"><strong>Referenz<\/strong><\/td>\n<td width=\"80\"><strong>Analyt<\/strong><\/td>\n<td width=\"80\"><strong>Format<\/strong><\/td>\n<td width=\"80\"><strong>Probe<\/strong><\/td>\n<td width=\"165\"><strong>Cut-Off<\/strong><\/td>\n<td width=\"80\"><strong>Gr\u00f6\u00dfe<\/strong><\/td>\n<\/tr>\n<tr>\n<td>ADCT-101<\/td>\n<td>Cotinin<\/td>\n<td>Streifen<\/td>\n<td>Urin<\/td>\n<td>200 ng\/mL<\/td>\n<td>10T<\/td>\n<\/tr>\n<\/tbody>\n<\/table>","protected":false},"featured_media":2091,"comment_status":"open","ping_status":"closed","template":"","meta":[],"product_cat":[25,34],"product_tag":[],"acf":[],"yoast_head":"<!-- This site is optimized with the Yoast SEO plugin v20.9 - https:\/\/yoast.com\/wordpress\/plugins\/seo\/ -->\n<title>Accudoctor Cotinine Rapid Test<\/title>\n<meta name=\"description\" content=\"Accudoctor Cotinine Rapid Test\" \/>\n<meta name=\"robots\" content=\"index, follow, max-snippet:-1, max-image-preview:large, max-video-preview:-1\" \/>\n<link rel=\"canonical\" href=\"https:\/\/accudoctor.eu\/de\/produkt\/cotine-rapid-test-dipstick\/\" \/>\n<meta property=\"og:locale\" content=\"de_DE\" \/>\n<meta property=\"og:type\" content=\"article\" \/>\n<meta property=\"og:title\" content=\"Accudoctor Cotinine Rapid Test\" \/>\n<meta property=\"og:description\" content=\"Accudoctor Cotinine Rapid Test\" \/>\n<meta property=\"og:url\" content=\"https:\/\/accudoctor.eu\/de\/produkt\/cotine-rapid-test-dipstick\/\" \/>\n<meta property=\"og:site_name\" content=\"Accudoctor\" \/>\n<meta property=\"article:modified_time\" content=\"2024-09-09T19:19:01+00:00\" \/>\n<meta property=\"og:image\" content=\"https:\/\/accudoctor.eu\/wp-content\/uploads\/2024\/04\/INF.-8.jpg\" \/>\n\t<meta property=\"og:image:width\" content=\"1000\" \/>\n\t<meta property=\"og:image:height\" content=\"1000\" \/>\n\t<meta property=\"og:image:type\" content=\"image\/jpeg\" \/>\n<meta name=\"twitter:card\" content=\"summary_large_image\" \/>\n<meta name=\"twitter:label1\" content=\"Gesch\u00e4tzte Lesezeit\" \/>\n\t<meta name=\"twitter:data1\" content=\"1 Minute\" \/>\n<script type=\"application\/ld+json\" class=\"yoast-schema-graph\">{\"@context\":\"https:\/\/schema.org\",\"@graph\":[{\"@type\":\"WebPage\",\"@id\":\"https:\/\/accudoctor.eu\/product\/cotine-rapid-test-dipstick\/\",\"url\":\"https:\/\/accudoctor.eu\/product\/cotine-rapid-test-dipstick\/\",\"name\":\"Accudoctor Cotinine Rapid Test\",\"isPartOf\":{\"@id\":\"https:\/\/accudoctor.eu\/es_es\/#website\"},\"datePublished\":\"2024-04-12T13:56:57+00:00\",\"dateModified\":\"2024-09-09T19:19:01+00:00\",\"description\":\"Accudoctor Cotinine Rapid Test\",\"breadcrumb\":{\"@id\":\"https:\/\/accudoctor.eu\/product\/cotine-rapid-test-dipstick\/#breadcrumb\"},\"inLanguage\":\"de-DE\",\"potentialAction\":[{\"@type\":\"ReadAction\",\"target\":[\"https:\/\/accudoctor.eu\/product\/cotine-rapid-test-dipstick\/\"]}]},{\"@type\":\"BreadcrumbList\",\"@id\":\"https:\/\/accudoctor.eu\/product\/cotine-rapid-test-dipstick\/#breadcrumb\",\"itemListElement\":[{\"@type\":\"ListItem\",\"position\":1,\"name\":\"Portada\",\"item\":\"https:\/\/accudoctor.eu\/\"},{\"@type\":\"ListItem\",\"position\":2,\"name\":\"Store\",\"item\":\"https:\/\/accudoctor.eu\/store\/\"},{\"@type\":\"ListItem\",\"position\":3,\"name\":\"Cotine Rapid Test Dipstick\"}]},{\"@type\":\"WebSite\",\"@id\":\"https:\/\/accudoctor.eu\/es_es\/#website\",\"url\":\"https:\/\/accudoctor.eu\/es_es\/\",\"name\":\"Accudoctor\",\"description\":\"Experts in diagnostic testing since 2011\",\"publisher\":{\"@id\":\"https:\/\/accudoctor.eu\/es_es\/#organization\"},\"potentialAction\":[{\"@type\":\"SearchAction\",\"target\":{\"@type\":\"EntryPoint\",\"urlTemplate\":\"https:\/\/accudoctor.eu\/es_es\/?s={search_term_string}\"},\"query-input\":\"required name=search_term_string\"}],\"inLanguage\":\"de-DE\"},{\"@type\":\"Organization\",\"@id\":\"https:\/\/accudoctor.eu\/es_es\/#organization\",\"name\":\"Accudoctor\",\"url\":\"https:\/\/accudoctor.eu\/es_es\/\",\"logo\":{\"@type\":\"ImageObject\",\"inLanguage\":\"de-DE\",\"@id\":\"https:\/\/accudoctor.eu\/es_es\/#\/schema\/logo\/image\/\",\"url\":\"https:\/\/accudoctor.eu\/wp-content\/uploads\/2023\/06\/LOGO400X400.png\",\"contentUrl\":\"https:\/\/accudoctor.eu\/wp-content\/uploads\/2023\/06\/LOGO400X400.png\",\"width\":400,\"height\":400,\"caption\":\"Accudoctor\"},\"image\":{\"@id\":\"https:\/\/accudoctor.eu\/es_es\/#\/schema\/logo\/image\/\"}}]}<\/script>\n<!-- \/ Yoast SEO plugin. -->","yoast_head_json":{"title":"Accudoctor Cotinine Rapid Test","description":"Accudoctor Cotinine Rapid Test","robots":{"index":"index","follow":"follow","max-snippet":"max-snippet:-1","max-image-preview":"max-image-preview:large","max-video-preview":"max-video-preview:-1"},"canonical":"https:\/\/accudoctor.eu\/de\/produkt\/cotine-rapid-test-dipstick\/","og_locale":"de_DE","og_type":"article","og_title":"Accudoctor Cotinine Rapid Test","og_description":"Accudoctor Cotinine Rapid Test","og_url":"https:\/\/accudoctor.eu\/de\/produkt\/cotine-rapid-test-dipstick\/","og_site_name":"Accudoctor","article_modified_time":"2024-09-09T19:19:01+00:00","og_image":[{"width":1000,"height":1000,"url":"https:\/\/accudoctor.eu\/wp-content\/uploads\/2024\/04\/INF.-8.jpg","type":"image\/jpeg"}],"twitter_card":"summary_large_image","twitter_misc":{"Gesch\u00e4tzte Lesezeit":"1 Minute"},"schema":{"@context":"https:\/\/schema.org","@graph":[{"@type":"WebPage","@id":"https:\/\/accudoctor.eu\/product\/cotine-rapid-test-dipstick\/","url":"https:\/\/accudoctor.eu\/product\/cotine-rapid-test-dipstick\/","name":"Accudoctor Cotinine Rapid Test","isPartOf":{"@id":"https:\/\/accudoctor.eu\/es_es\/#website"},"datePublished":"2024-04-12T13:56:57+00:00","dateModified":"2024-09-09T19:19:01+00:00","description":"Accudoctor Cotinine Rapid Test","breadcrumb":{"@id":"https:\/\/accudoctor.eu\/product\/cotine-rapid-test-dipstick\/#breadcrumb"},"inLanguage":"de-DE","potentialAction":[{"@type":"ReadAction","target":["https:\/\/accudoctor.eu\/product\/cotine-rapid-test-dipstick\/"]}]},{"@type":"BreadcrumbList","@id":"https:\/\/accudoctor.eu\/product\/cotine-rapid-test-dipstick\/#breadcrumb","itemListElement":[{"@type":"ListItem","position":1,"name":"Portada","item":"https:\/\/accudoctor.eu\/"},{"@type":"ListItem","position":2,"name":"Store","item":"https:\/\/accudoctor.eu\/store\/"},{"@type":"ListItem","position":3,"name":"Cotine Rapid Test Dipstick"}]},{"@type":"WebSite","@id":"https:\/\/accudoctor.eu\/es_es\/#website","url":"https:\/\/accudoctor.eu\/es_es\/","name":"Accudoctor","description":"Experts in diagnostic testing since 2011","publisher":{"@id":"https:\/\/accudoctor.eu\/es_es\/#organization"},"potentialAction":[{"@type":"SearchAction","target":{"@type":"EntryPoint","urlTemplate":"https:\/\/accudoctor.eu\/es_es\/?s={search_term_string}"},"query-input":"required name=search_term_string"}],"inLanguage":"de-DE"},{"@type":"Organization","@id":"https:\/\/accudoctor.eu\/es_es\/#organization","name":"Accudoctor","url":"https:\/\/accudoctor.eu\/es_es\/","logo":{"@type":"ImageObject","inLanguage":"de-DE","@id":"https:\/\/accudoctor.eu\/es_es\/#\/schema\/logo\/image\/","url":"https:\/\/accudoctor.eu\/wp-content\/uploads\/2023\/06\/LOGO400X400.png","contentUrl":"https:\/\/accudoctor.eu\/wp-content\/uploads\/2023\/06\/LOGO400X400.png","width":400,"height":400,"caption":"Accudoctor"},"image":{"@id":"https:\/\/accudoctor.eu\/es_es\/#\/schema\/logo\/image\/"}}]}},"_links":{"self":[{"href":"https:\/\/accudoctor.eu\/de\/wp-json\/wp\/v2\/product\/2039"}],"collection":[{"href":"https:\/\/accudoctor.eu\/de\/wp-json\/wp\/v2\/product"}],"about":[{"href":"https:\/\/accudoctor.eu\/de\/wp-json\/wp\/v2\/types\/product"}],"replies":[{"embeddable":true,"href":"https:\/\/accudoctor.eu\/de\/wp-json\/wp\/v2\/comments?post=2039"}],"version-history":[{"count":4,"href":"https:\/\/accudoctor.eu\/de\/wp-json\/wp\/v2\/product\/2039\/revisions"}],"predecessor-version":[{"id":2126,"href":"https:\/\/accudoctor.eu\/de\/wp-json\/wp\/v2\/product\/2039\/revisions\/2126"}],"wp:featuredmedia":[{"embeddable":true,"href":"https:\/\/accudoctor.eu\/de\/wp-json\/wp\/v2\/media\/2091"}],"wp:attachment":[{"href":"https:\/\/accudoctor.eu\/de\/wp-json\/wp\/v2\/media?parent=2039"}],"wp:term":[{"taxonomy":"product_cat","embeddable":true,"href":"https:\/\/accudoctor.eu\/de\/wp-json\/wp\/v2\/product_cat?post=2039"},{"taxonomy":"product_tag","embeddable":true,"href":"https:\/\/accudoctor.eu\/de\/wp-json\/wp\/v2\/product_tag?post=2039"}],"curies":[{"name":"wp","href":"https:\/\/api.w.org\/{rel}","templated":true}]}}