{"id":581,"date":"2023-04-18T13:02:24","date_gmt":"2023-04-18T13:02:24","guid":{"rendered":"https:\/\/accudoctor.eu\/?post_type=product&#038;p=581"},"modified":"2023-06-27T12:17:39","modified_gmt":"2023-06-27T12:17:39","slug":"ketones-and-ph-test-strips","status":"publish","type":"product","link":"https:\/\/accudoctor.eu\/de\/produkt\/ketones-and-ph-test-strips\/","title":{"rendered":"Urinteststreifen Ketone und pH-Wert"},"content":{"rendered":"<p>Der Ketone und pH Test Accudoctor erm\u00f6glicht die Messung des S\u00e4ure-Basen-Gleichgewichts und der Konzentration von Ketonk\u00f6rpern in Urinproben.<\/p>\n<p>Er eignet sich auch f\u00fcr Personen, die eine ketogene oder alkalische Di\u00e4t einhalten und ihren Ketosestatus sowie das S\u00e4ure-Basen-Gleichgewicht ihres K\u00f6rpers \u00fcberwachen m\u00f6chten. Diese Teststreifen bieten eine schnelle und bequeme M\u00f6glichkeit, Informationen zu diesen Aspekten zu erhalten.<\/p>\n<p>Die Accudoctor Urin-Ketonteststreifen erm\u00f6glichen die Erfassung der Anwesenheit und Konzentration von Ketonk\u00f6rpern im K\u00f6rper. Diese Ketonk\u00f6rper werden produziert, wenn der K\u00f6rper Fette als Hauptenergiequelle anstelle von Kohlenhydraten verwendet. F\u00fcr Personen, die eine kohlenhydratarme ketogene Di\u00e4t einhalten, kann die Messung von Ketonen hilfreich sein, um festzustellen, ob sich der K\u00f6rper im Zustand der Ketose befindet.<\/p>\n<p>Der Urin-pH-Wert kann Informationen \u00fcber das S\u00e4ure-Basen-Gleichgewicht des K\u00f6rpers liefern. Alkalische Di\u00e4ten konzentrieren sich darauf, Lebensmittel zu konsumieren, die dazu beitragen, einen leicht alkalischen pH-Wert im K\u00f6rper aufrechtzuerhalten. Die pH-Teststreifen f\u00fcr den Urin erm\u00f6glichen es Personen, die eine alkalische Di\u00e4t einhalten, ihre Nahrungsaufnahme zu \u00fcberwachen und anzupassen, um ein angemessenes Gleichgewicht zu erhalten.<\/p>\n<div class=\"qrcprowrapper\" style=\"text-align:left;\" id=\"qrcwraaerfileds\"><div class=\"qrc_qrcode\" style=\"display:inline-block\" data-text=\"https:\/\/accudoctor.eu\/de\/produkt\/ketones-and-ph-test-strips\/\"><\/div><\/div>","protected":false},"excerpt":{"rendered":"<p>&nbsp;<\/p>\n<table style=\"border-collapse: collapse; width: 240pt;\" border=\"0\" width=\"320\" cellspacing=\"0\" cellpadding=\"0\">\n<tbody>\n<tr style=\"height: 15.0pt;\">\n<td class=\"xl63\" style=\"height: 15.0pt; width: 60pt;\" width=\"80\" height=\"20\"><strong>Referenz<\/strong><\/td>\n<td class=\"xl63\" style=\"width: 60pt;\" width=\"80\"><strong>Format<\/strong><\/td>\n<td class=\"xl63\" style=\"width: 60pt;\" width=\"80\"><strong>Probe<\/strong><\/td>\n<td class=\"xl63\" style=\"width: 60pt;\" width=\"80\"><strong>Gr\u00f6\u00dfe<\/strong><\/td>\n<\/tr>\n<tr style=\"height: 15.0pt;\">\n<td class=\"xl64\" style=\"height: 15.0pt; width: 60pt;\" width=\"80\" height=\"20\">AU031-02<\/td>\n<td class=\"xl64\" style=\"width: 60pt;\" width=\"80\">Streifen<\/td>\n<td class=\"xl64\" style=\"width: 60pt;\" width=\"80\">Urin<\/td>\n<td class=\"xl64\" style=\"width: 60pt;\" width=\"80\">100<\/td>\n<\/tr>\n<\/tbody>\n<\/table>\n<p>Jedes Produkt enth\u00e4lt 100 Teststreifen und Anweisungen in 5 Sprachen. Analysierte Parameter:<\/p>\n<table id=\"isPasted\">\n<tbody>\n<tr>\n<td><strong>Ketone<\/strong><\/td>\n<td>\n<div class=\"group w-full text-gray-800 dark:text-gray-100 border-b border-black\/10 dark:border-gray-900\/50 bg-gray-50 dark:bg-[#444654]\">\n<div class=\"flex p-4 gap-4 text-base md:gap-6 md:max-w-2xl lg:max-w-[38rem] xl:max-w-3xl md:py-6 lg:px-0 m-auto\">\n<div class=\"relative flex w-[calc(100%-50px)] flex-col gap-1 md:gap-3 lg:w-[calc(100%-115px)]\">\n<div class=\"flex flex-grow flex-col gap-3\">\n<div class=\"min-h-[20px] flex flex-col items-start gap-4 whitespace-pre-wrap break-words\">\n<div class=\"markdown prose w-full break-words dark:prose-invert light\">\n<p>Normalerweise sind Ketone nicht in Urin vorhanden. Nachweisbare Mengen von Ketonen k\u00f6nnen w\u00e4hrend physiologischer Stressbedingungen wie Fasten, Schwangerschaft und h\u00e4ufigem intensivem Training im Urin auftreten. Bei kalorienbeschr\u00e4nkten Di\u00e4ten treten Ketone in hohen Konzentrationen im Urin auf. Die Ergebnisse zeigen Farben von hellem Rosa f\u00fcr negative Ergebnisse bis hin zu dunklerem Rosa oder Lila f\u00fcr positive Ergebnisse.<\/p>\n<\/div>\n<\/div>\n<\/div>\n<\/div>\n<\/div>\n<\/div>\n<\/td>\n<\/tr>\n<tr>\n<td style=\"text-align: center;\"><strong>pH<\/strong><\/td>\n<td>\n<div class=\"group w-full text-gray-800 dark:text-gray-100 border-b border-black\/10 dark:border-gray-900\/50 bg-gray-50 dark:bg-[#444654]\">\n<div class=\"flex p-4 gap-4 text-base md:gap-6 md:max-w-2xl lg:max-w-[38rem] xl:max-w-3xl md:py-6 lg:px-0 m-auto\">\n<div class=\"relative flex w-[calc(100%-50px)] flex-col gap-1 md:gap-3 lg:w-[calc(100%-115px)]\">\n<div class=\"flex flex-grow flex-col gap-3\">\n<div class=\"min-h-[20px] flex flex-col items-start gap-4 whitespace-pre-wrap break-words\">\n<div class=\"markdown prose w-full break-words dark:prose-invert light\">\n<p>Der pH-Wert des Urins gibt Informationen \u00fcber den Stoffwechsel und das allgemeine Wohlbefinden des K\u00f6rpers. Bei einer gesunden Person hat der Urin normalerweise einen pH-Wert von 6 (obwohl er zwischen 4,5 und 8 variieren kann), was ihn leicht sauer macht (ein pH-Wert von 7 gilt als neutral). Die Farben reichen von orange-gelb bis gr\u00fcn-blau.<\/p>\n<\/div>\n<\/div>\n<\/div>\n<\/div>\n<\/div>\n<\/div>\n<\/td>\n<\/tr>\n<\/tbody>\n<\/table>","protected":false},"featured_media":1194,"comment_status":"open","ping_status":"closed","template":"","meta":[],"product_cat":[26,37],"product_tag":[],"acf":[],"yoast_head":"<!-- This site is optimized with the Yoast SEO plugin v20.9 - https:\/\/yoast.com\/wordpress\/plugins\/seo\/ -->\n<title>Ketones and pH Urine Test Strips | Accudoctor<\/title>\n<meta name=\"description\" content=\"The Accudoctor Ketones and pH Test allows for the detection of acid-base balance and the concentration of ketone bodies in urine samples.It is also suitable for individuals following ketogenic or alkaline diets who want to monitor their ketosis status and acid-base balance. These test strips provide a quick and convenient way to obtain information about these aspects.\" \/>\n<meta name=\"robots\" content=\"index, follow, max-snippet:-1, max-image-preview:large, max-video-preview:-1\" \/>\n<link rel=\"canonical\" href=\"https:\/\/accudoctor.eu\/de\/produkt\/ketones-and-ph-test-strips\/\" \/>\n<meta property=\"og:locale\" content=\"de_DE\" \/>\n<meta property=\"og:type\" content=\"article\" \/>\n<meta property=\"og:title\" content=\"Ketones and pH Urine Test Strips | Accudoctor\" \/>\n<meta property=\"og:description\" content=\"The Accudoctor Ketones and pH Test allows for the detection of acid-base balance and the concentration of ketone bodies in urine samples.It is also suitable for individuals following ketogenic or alkaline diets who want to monitor their ketosis status and acid-base balance. These test strips provide a quick and convenient way to obtain information about these aspects.\" \/>\n<meta property=\"og:url\" content=\"https:\/\/accudoctor.eu\/de\/produkt\/ketones-and-ph-test-strips\/\" \/>\n<meta property=\"og:site_name\" content=\"Accudoctor\" \/>\n<meta property=\"article:modified_time\" content=\"2023-06-27T12:17:39+00:00\" \/>\n<meta property=\"og:image\" content=\"https:\/\/accudoctor.eu\/wp-content\/uploads\/2023\/04\/Ketone-Mockup-4.jpg\" \/>\n\t<meta property=\"og:image:width\" content=\"2500\" \/>\n\t<meta property=\"og:image:height\" content=\"2500\" \/>\n\t<meta property=\"og:image:type\" content=\"image\/jpeg\" \/>\n<meta name=\"twitter:card\" content=\"summary_large_image\" \/>\n<meta name=\"twitter:label1\" content=\"Gesch\u00e4tzte Lesezeit\" \/>\n\t<meta name=\"twitter:data1\" content=\"1 Minute\" \/>\n<script type=\"application\/ld+json\" class=\"yoast-schema-graph\">{\"@context\":\"https:\/\/schema.org\",\"@graph\":[{\"@type\":\"WebPage\",\"@id\":\"https:\/\/accudoctor.eu\/product\/ketones-and-ph-test-strips\/\",\"url\":\"https:\/\/accudoctor.eu\/product\/ketones-and-ph-test-strips\/\",\"name\":\"Ketones and pH Urine Test Strips | Accudoctor\",\"isPartOf\":{\"@id\":\"https:\/\/accudoctor.eu\/es_es\/#website\"},\"datePublished\":\"2023-04-18T13:02:24+00:00\",\"dateModified\":\"2023-06-27T12:17:39+00:00\",\"description\":\"The Accudoctor Ketones and pH Test allows for the detection of acid-base balance and the concentration of ketone bodies in urine samples.It is also suitable for individuals following ketogenic or alkaline diets who want to monitor their ketosis status and acid-base balance. These test strips provide a quick and convenient way to obtain information about these aspects.\",\"breadcrumb\":{\"@id\":\"https:\/\/accudoctor.eu\/product\/ketones-and-ph-test-strips\/#breadcrumb\"},\"inLanguage\":\"de-DE\",\"potentialAction\":[{\"@type\":\"ReadAction\",\"target\":[\"https:\/\/accudoctor.eu\/product\/ketones-and-ph-test-strips\/\"]}]},{\"@type\":\"BreadcrumbList\",\"@id\":\"https:\/\/accudoctor.eu\/product\/ketones-and-ph-test-strips\/#breadcrumb\",\"itemListElement\":[{\"@type\":\"ListItem\",\"position\":1,\"name\":\"Portada\",\"item\":\"https:\/\/accudoctor.eu\/\"},{\"@type\":\"ListItem\",\"position\":2,\"name\":\"Store\",\"item\":\"https:\/\/accudoctor.eu\/store\/\"},{\"@type\":\"ListItem\",\"position\":3,\"name\":\"Ketones and pH Urine Test Strips\"}]},{\"@type\":\"WebSite\",\"@id\":\"https:\/\/accudoctor.eu\/es_es\/#website\",\"url\":\"https:\/\/accudoctor.eu\/es_es\/\",\"name\":\"Accudoctor\",\"description\":\"Experts in diagnostic testing since 2011\",\"publisher\":{\"@id\":\"https:\/\/accudoctor.eu\/es_es\/#organization\"},\"potentialAction\":[{\"@type\":\"SearchAction\",\"target\":{\"@type\":\"EntryPoint\",\"urlTemplate\":\"https:\/\/accudoctor.eu\/es_es\/?s={search_term_string}\"},\"query-input\":\"required name=search_term_string\"}],\"inLanguage\":\"de-DE\"},{\"@type\":\"Organization\",\"@id\":\"https:\/\/accudoctor.eu\/es_es\/#organization\",\"name\":\"Accudoctor\",\"url\":\"https:\/\/accudoctor.eu\/es_es\/\",\"logo\":{\"@type\":\"ImageObject\",\"inLanguage\":\"de-DE\",\"@id\":\"https:\/\/accudoctor.eu\/es_es\/#\/schema\/logo\/image\/\",\"url\":\"https:\/\/accudoctor.eu\/wp-content\/uploads\/2023\/06\/LOGO400X400.png\",\"contentUrl\":\"https:\/\/accudoctor.eu\/wp-content\/uploads\/2023\/06\/LOGO400X400.png\",\"width\":400,\"height\":400,\"caption\":\"Accudoctor\"},\"image\":{\"@id\":\"https:\/\/accudoctor.eu\/es_es\/#\/schema\/logo\/image\/\"}}]}<\/script>\n<!-- \/ Yoast SEO plugin. -->","yoast_head_json":{"title":"Ketones and pH Urine Test Strips | Accudoctor","description":"The Accudoctor Ketones and pH Test allows for the detection of acid-base balance and the concentration of ketone bodies in urine samples.It is also suitable for individuals following ketogenic or alkaline diets who want to monitor their ketosis status and acid-base balance. These test strips provide a quick and convenient way to obtain information about these aspects.","robots":{"index":"index","follow":"follow","max-snippet":"max-snippet:-1","max-image-preview":"max-image-preview:large","max-video-preview":"max-video-preview:-1"},"canonical":"https:\/\/accudoctor.eu\/de\/produkt\/ketones-and-ph-test-strips\/","og_locale":"de_DE","og_type":"article","og_title":"Ketones and pH Urine Test Strips | Accudoctor","og_description":"The Accudoctor Ketones and pH Test allows for the detection of acid-base balance and the concentration of ketone bodies in urine samples.It is also suitable for individuals following ketogenic or alkaline diets who want to monitor their ketosis status and acid-base balance. These test strips provide a quick and convenient way to obtain information about these aspects.","og_url":"https:\/\/accudoctor.eu\/de\/produkt\/ketones-and-ph-test-strips\/","og_site_name":"Accudoctor","article_modified_time":"2023-06-27T12:17:39+00:00","og_image":[{"width":2500,"height":2500,"url":"https:\/\/accudoctor.eu\/wp-content\/uploads\/2023\/04\/Ketone-Mockup-4.jpg","type":"image\/jpeg"}],"twitter_card":"summary_large_image","twitter_misc":{"Gesch\u00e4tzte Lesezeit":"1 Minute"},"schema":{"@context":"https:\/\/schema.org","@graph":[{"@type":"WebPage","@id":"https:\/\/accudoctor.eu\/product\/ketones-and-ph-test-strips\/","url":"https:\/\/accudoctor.eu\/product\/ketones-and-ph-test-strips\/","name":"Ketones and pH Urine Test Strips | Accudoctor","isPartOf":{"@id":"https:\/\/accudoctor.eu\/es_es\/#website"},"datePublished":"2023-04-18T13:02:24+00:00","dateModified":"2023-06-27T12:17:39+00:00","description":"The Accudoctor Ketones and pH Test allows for the detection of acid-base balance and the concentration of ketone bodies in urine samples.It is also suitable for individuals following ketogenic or alkaline diets who want to monitor their ketosis status and acid-base balance. These test strips provide a quick and convenient way to obtain information about these aspects.","breadcrumb":{"@id":"https:\/\/accudoctor.eu\/product\/ketones-and-ph-test-strips\/#breadcrumb"},"inLanguage":"de-DE","potentialAction":[{"@type":"ReadAction","target":["https:\/\/accudoctor.eu\/product\/ketones-and-ph-test-strips\/"]}]},{"@type":"BreadcrumbList","@id":"https:\/\/accudoctor.eu\/product\/ketones-and-ph-test-strips\/#breadcrumb","itemListElement":[{"@type":"ListItem","position":1,"name":"Portada","item":"https:\/\/accudoctor.eu\/"},{"@type":"ListItem","position":2,"name":"Store","item":"https:\/\/accudoctor.eu\/store\/"},{"@type":"ListItem","position":3,"name":"Ketones and pH Urine Test Strips"}]},{"@type":"WebSite","@id":"https:\/\/accudoctor.eu\/es_es\/#website","url":"https:\/\/accudoctor.eu\/es_es\/","name":"Accudoctor","description":"Experts in diagnostic testing since 2011","publisher":{"@id":"https:\/\/accudoctor.eu\/es_es\/#organization"},"potentialAction":[{"@type":"SearchAction","target":{"@type":"EntryPoint","urlTemplate":"https:\/\/accudoctor.eu\/es_es\/?s={search_term_string}"},"query-input":"required name=search_term_string"}],"inLanguage":"de-DE"},{"@type":"Organization","@id":"https:\/\/accudoctor.eu\/es_es\/#organization","name":"Accudoctor","url":"https:\/\/accudoctor.eu\/es_es\/","logo":{"@type":"ImageObject","inLanguage":"de-DE","@id":"https:\/\/accudoctor.eu\/es_es\/#\/schema\/logo\/image\/","url":"https:\/\/accudoctor.eu\/wp-content\/uploads\/2023\/06\/LOGO400X400.png","contentUrl":"https:\/\/accudoctor.eu\/wp-content\/uploads\/2023\/06\/LOGO400X400.png","width":400,"height":400,"caption":"Accudoctor"},"image":{"@id":"https:\/\/accudoctor.eu\/es_es\/#\/schema\/logo\/image\/"}}]}},"_links":{"self":[{"href":"https:\/\/accudoctor.eu\/de\/wp-json\/wp\/v2\/product\/581"}],"collection":[{"href":"https:\/\/accudoctor.eu\/de\/wp-json\/wp\/v2\/product"}],"about":[{"href":"https:\/\/accudoctor.eu\/de\/wp-json\/wp\/v2\/types\/product"}],"replies":[{"embeddable":true,"href":"https:\/\/accudoctor.eu\/de\/wp-json\/wp\/v2\/comments?post=581"}],"version-history":[{"count":9,"href":"https:\/\/accudoctor.eu\/de\/wp-json\/wp\/v2\/product\/581\/revisions"}],"predecessor-version":[{"id":1189,"href":"https:\/\/accudoctor.eu\/de\/wp-json\/wp\/v2\/product\/581\/revisions\/1189"}],"wp:featuredmedia":[{"embeddable":true,"href":"https:\/\/accudoctor.eu\/de\/wp-json\/wp\/v2\/media\/1194"}],"wp:attachment":[{"href":"https:\/\/accudoctor.eu\/de\/wp-json\/wp\/v2\/media?parent=581"}],"wp:term":[{"taxonomy":"product_cat","embeddable":true,"href":"https:\/\/accudoctor.eu\/de\/wp-json\/wp\/v2\/product_cat?post=581"},{"taxonomy":"product_tag","embeddable":true,"href":"https:\/\/accudoctor.eu\/de\/wp-json\/wp\/v2\/product_tag?post=581"}],"curies":[{"name":"wp","href":"https:\/\/api.w.org\/{rel}","templated":true}]}}