{"id":583,"date":"2023-04-18T13:03:27","date_gmt":"2023-04-18T13:03:27","guid":{"rendered":"https:\/\/accudoctor.eu\/?post_type=product&#038;p=583"},"modified":"2023-12-19T08:21:17","modified_gmt":"2023-12-19T08:21:17","slug":"helicobacter-pylori-test","status":"publish","type":"product","link":"https:\/\/accudoctor.eu\/de\/produkt\/helicobacter-pylori-test\/","title":{"rendered":"Test zum Nachweis von Helicobacter pylori."},"content":{"rendered":"<p>Der Helicobacter Pylori Accudoctor-Stuhltest ist ein Test, der verwendet wird, um das Vorhandensein der Bakterien Helicobacter pylori im Magen-Darm-Trakt zu erkennen. Helicobacter pylori ist eine Bakterie, die die Auskleidung des Magens besiedeln kann und Krankheiten wie Gastritis, Magengeschw\u00fcre und Erkrankungen des Verdauungstrakts verursachen kann.<\/p>\n<p>Der Helicobacter pylori Test basiert auf der Detektion von Helicobacter pylori-Antigenen im Stuhl des Patienten. Im Gegensatz zu einigen Tests, die vorherige di\u00e4tetische Einschr\u00e4nkungen oder das Absetzen von Medikamenten erfordern, erfordert der Helicobacter.<\/p>\n<div class=\"qrcprowrapper\" style=\"text-align:left;\" id=\"qrcwraaerfileds\"><div class=\"qrc_qrcode\" style=\"display:inline-block\" data-text=\"https:\/\/accudoctor.eu\/de\/produkt\/helicobacter-pylori-test\/\"><\/div><\/div>","protected":false},"excerpt":{"rendered":"<p>Der Accudoctor Helicobacter Pylori Stuhltest hat eine hohe Sensitivit\u00e4t und Spezifit\u00e4t, was bedeutet, dass es ein g\u00fcltiger Test ist, um das Vorhandensein der Bakterien zu erkennen. Dieser Stuhltest ist ein n\u00fctzliches, nicht-invasives und genaues Werkzeug, das eine fr\u00fchzeitige Diagnose und eine angemessene Behandlung von mit Helicobacter pylori verbundenen Krankheiten erm\u00f6glicht. Wenn eine Infektion durch diese Bakterien vermutet wird, wird empfohlen, einen Arzt zu konsultieren, um die Notwendigkeit dieses Tests und eine angemessene Behandlung zu bestimmen.<\/p>\n<p>The product includes 1 test, a collection swab, stool collection paper, a collection container, and instructions in 5 languages.<\/p>\n<p>&nbsp;<\/p>\n<table width=\"352\">\n<tbody>\n<tr>\n<td width=\"112\"><strong>Referenz<\/strong><\/td>\n<td width=\"80\"><strong>Format<\/strong><\/td>\n<td width=\"80\"><strong>Specime<\/strong><\/td>\n<td width=\"80\"><strong>Gr\u00f6\u00dfe<\/strong><\/td>\n<\/tr>\n<tr>\n<td>AIHP-602H<\/td>\n<td>Kasette<\/td>\n<td>Stuhl<\/td>\n<td>1T<\/td>\n<\/tr>\n<\/tbody>\n<\/table>\n<p>&nbsp;<\/p>\n<p>&nbsp;<\/p>","protected":false},"featured_media":2008,"comment_status":"open","ping_status":"closed","template":"","meta":[],"product_cat":[26,38],"product_tag":[],"acf":[],"yoast_head":"<!-- This site is optimized with the Yoast SEO plugin v20.9 - https:\/\/yoast.com\/wordpress\/plugins\/seo\/ -->\n<title>Helicobacter Pylori Test in Feces Antigen | Accudoctor<\/title>\n<meta name=\"description\" content=\"The Helicobacter Pylori Accudoctor stool test is a test used to detect the presence of the bacteria Helicobacter pylori in the gastrointestinal tract. Helicobacter pylori is a bacteria that can colonize the lining of the stomach and can cause diseases such as gastritis, peptic ulcers, and digestive tract disorders.\" \/>\n<meta name=\"robots\" content=\"index, follow, max-snippet:-1, max-image-preview:large, max-video-preview:-1\" \/>\n<link rel=\"canonical\" href=\"https:\/\/accudoctor.eu\/de\/produkt\/helicobacter-pylori-test\/\" \/>\n<meta property=\"og:locale\" content=\"de_DE\" \/>\n<meta property=\"og:type\" content=\"article\" \/>\n<meta property=\"og:title\" content=\"Helicobacter Pylori Test in Feces Antigen | Accudoctor\" \/>\n<meta property=\"og:description\" content=\"The Helicobacter Pylori Accudoctor stool test is a test used to detect the presence of the bacteria Helicobacter pylori in the gastrointestinal tract. Helicobacter pylori is a bacteria that can colonize the lining of the stomach and can cause diseases such as gastritis, peptic ulcers, and digestive tract disorders.\" \/>\n<meta property=\"og:url\" content=\"https:\/\/accudoctor.eu\/de\/produkt\/helicobacter-pylori-test\/\" \/>\n<meta property=\"og:site_name\" content=\"Accudoctor\" \/>\n<meta property=\"article:modified_time\" content=\"2023-12-19T08:21:17+00:00\" \/>\n<meta property=\"og:image\" content=\"https:\/\/accudoctor.eu\/wp-content\/uploads\/2023\/04\/03-2.jpg\" \/>\n\t<meta property=\"og:image:width\" content=\"2000\" \/>\n\t<meta property=\"og:image:height\" content=\"2000\" \/>\n\t<meta property=\"og:image:type\" content=\"image\/jpeg\" \/>\n<meta name=\"twitter:card\" content=\"summary_large_image\" \/>\n<meta name=\"twitter:label1\" content=\"Gesch\u00e4tzte Lesezeit\" \/>\n\t<meta name=\"twitter:data1\" content=\"1 Minute\" \/>\n<script type=\"application\/ld+json\" class=\"yoast-schema-graph\">{\"@context\":\"https:\/\/schema.org\",\"@graph\":[{\"@type\":\"WebPage\",\"@id\":\"https:\/\/accudoctor.eu\/product\/helicobacter-pylori-test\/\",\"url\":\"https:\/\/accudoctor.eu\/product\/helicobacter-pylori-test\/\",\"name\":\"Helicobacter Pylori Test in Feces Antigen | Accudoctor\",\"isPartOf\":{\"@id\":\"https:\/\/accudoctor.eu\/es_es\/#website\"},\"datePublished\":\"2023-04-18T13:03:27+00:00\",\"dateModified\":\"2023-12-19T08:21:17+00:00\",\"description\":\"The Helicobacter Pylori Accudoctor stool test is a test used to detect the presence of the bacteria Helicobacter pylori in the gastrointestinal tract. Helicobacter pylori is a bacteria that can colonize the lining of the stomach and can cause diseases such as gastritis, peptic ulcers, and digestive tract disorders.\",\"breadcrumb\":{\"@id\":\"https:\/\/accudoctor.eu\/product\/helicobacter-pylori-test\/#breadcrumb\"},\"inLanguage\":\"de-DE\",\"potentialAction\":[{\"@type\":\"ReadAction\",\"target\":[\"https:\/\/accudoctor.eu\/product\/helicobacter-pylori-test\/\"]}]},{\"@type\":\"BreadcrumbList\",\"@id\":\"https:\/\/accudoctor.eu\/product\/helicobacter-pylori-test\/#breadcrumb\",\"itemListElement\":[{\"@type\":\"ListItem\",\"position\":1,\"name\":\"Portada\",\"item\":\"https:\/\/accudoctor.eu\/\"},{\"@type\":\"ListItem\",\"position\":2,\"name\":\"Store\",\"item\":\"https:\/\/accudoctor.eu\/store\/\"},{\"@type\":\"ListItem\",\"position\":3,\"name\":\"Helicobacter Pylori Test\"}]},{\"@type\":\"WebSite\",\"@id\":\"https:\/\/accudoctor.eu\/es_es\/#website\",\"url\":\"https:\/\/accudoctor.eu\/es_es\/\",\"name\":\"Accudoctor\",\"description\":\"Experts in diagnostic testing since 2011\",\"publisher\":{\"@id\":\"https:\/\/accudoctor.eu\/es_es\/#organization\"},\"potentialAction\":[{\"@type\":\"SearchAction\",\"target\":{\"@type\":\"EntryPoint\",\"urlTemplate\":\"https:\/\/accudoctor.eu\/es_es\/?s={search_term_string}\"},\"query-input\":\"required name=search_term_string\"}],\"inLanguage\":\"de-DE\"},{\"@type\":\"Organization\",\"@id\":\"https:\/\/accudoctor.eu\/es_es\/#organization\",\"name\":\"Accudoctor\",\"url\":\"https:\/\/accudoctor.eu\/es_es\/\",\"logo\":{\"@type\":\"ImageObject\",\"inLanguage\":\"de-DE\",\"@id\":\"https:\/\/accudoctor.eu\/es_es\/#\/schema\/logo\/image\/\",\"url\":\"https:\/\/accudoctor.eu\/wp-content\/uploads\/2023\/06\/LOGO400X400.png\",\"contentUrl\":\"https:\/\/accudoctor.eu\/wp-content\/uploads\/2023\/06\/LOGO400X400.png\",\"width\":400,\"height\":400,\"caption\":\"Accudoctor\"},\"image\":{\"@id\":\"https:\/\/accudoctor.eu\/es_es\/#\/schema\/logo\/image\/\"}}]}<\/script>\n<!-- \/ Yoast SEO plugin. -->","yoast_head_json":{"title":"Helicobacter Pylori Test in Feces Antigen | Accudoctor","description":"The Helicobacter Pylori Accudoctor stool test is a test used to detect the presence of the bacteria Helicobacter pylori in the gastrointestinal tract. Helicobacter pylori is a bacteria that can colonize the lining of the stomach and can cause diseases such as gastritis, peptic ulcers, and digestive tract disorders.","robots":{"index":"index","follow":"follow","max-snippet":"max-snippet:-1","max-image-preview":"max-image-preview:large","max-video-preview":"max-video-preview:-1"},"canonical":"https:\/\/accudoctor.eu\/de\/produkt\/helicobacter-pylori-test\/","og_locale":"de_DE","og_type":"article","og_title":"Helicobacter Pylori Test in Feces Antigen | Accudoctor","og_description":"The Helicobacter Pylori Accudoctor stool test is a test used to detect the presence of the bacteria Helicobacter pylori in the gastrointestinal tract. Helicobacter pylori is a bacteria that can colonize the lining of the stomach and can cause diseases such as gastritis, peptic ulcers, and digestive tract disorders.","og_url":"https:\/\/accudoctor.eu\/de\/produkt\/helicobacter-pylori-test\/","og_site_name":"Accudoctor","article_modified_time":"2023-12-19T08:21:17+00:00","og_image":[{"width":2000,"height":2000,"url":"https:\/\/accudoctor.eu\/wp-content\/uploads\/2023\/04\/03-2.jpg","type":"image\/jpeg"}],"twitter_card":"summary_large_image","twitter_misc":{"Gesch\u00e4tzte Lesezeit":"1 Minute"},"schema":{"@context":"https:\/\/schema.org","@graph":[{"@type":"WebPage","@id":"https:\/\/accudoctor.eu\/product\/helicobacter-pylori-test\/","url":"https:\/\/accudoctor.eu\/product\/helicobacter-pylori-test\/","name":"Helicobacter Pylori Test in Feces Antigen | Accudoctor","isPartOf":{"@id":"https:\/\/accudoctor.eu\/es_es\/#website"},"datePublished":"2023-04-18T13:03:27+00:00","dateModified":"2023-12-19T08:21:17+00:00","description":"The Helicobacter Pylori Accudoctor stool test is a test used to detect the presence of the bacteria Helicobacter pylori in the gastrointestinal tract. Helicobacter pylori is a bacteria that can colonize the lining of the stomach and can cause diseases such as gastritis, peptic ulcers, and digestive tract disorders.","breadcrumb":{"@id":"https:\/\/accudoctor.eu\/product\/helicobacter-pylori-test\/#breadcrumb"},"inLanguage":"de-DE","potentialAction":[{"@type":"ReadAction","target":["https:\/\/accudoctor.eu\/product\/helicobacter-pylori-test\/"]}]},{"@type":"BreadcrumbList","@id":"https:\/\/accudoctor.eu\/product\/helicobacter-pylori-test\/#breadcrumb","itemListElement":[{"@type":"ListItem","position":1,"name":"Portada","item":"https:\/\/accudoctor.eu\/"},{"@type":"ListItem","position":2,"name":"Store","item":"https:\/\/accudoctor.eu\/store\/"},{"@type":"ListItem","position":3,"name":"Helicobacter Pylori Test"}]},{"@type":"WebSite","@id":"https:\/\/accudoctor.eu\/es_es\/#website","url":"https:\/\/accudoctor.eu\/es_es\/","name":"Accudoctor","description":"Experts in diagnostic testing since 2011","publisher":{"@id":"https:\/\/accudoctor.eu\/es_es\/#organization"},"potentialAction":[{"@type":"SearchAction","target":{"@type":"EntryPoint","urlTemplate":"https:\/\/accudoctor.eu\/es_es\/?s={search_term_string}"},"query-input":"required name=search_term_string"}],"inLanguage":"de-DE"},{"@type":"Organization","@id":"https:\/\/accudoctor.eu\/es_es\/#organization","name":"Accudoctor","url":"https:\/\/accudoctor.eu\/es_es\/","logo":{"@type":"ImageObject","inLanguage":"de-DE","@id":"https:\/\/accudoctor.eu\/es_es\/#\/schema\/logo\/image\/","url":"https:\/\/accudoctor.eu\/wp-content\/uploads\/2023\/06\/LOGO400X400.png","contentUrl":"https:\/\/accudoctor.eu\/wp-content\/uploads\/2023\/06\/LOGO400X400.png","width":400,"height":400,"caption":"Accudoctor"},"image":{"@id":"https:\/\/accudoctor.eu\/es_es\/#\/schema\/logo\/image\/"}}]}},"_links":{"self":[{"href":"https:\/\/accudoctor.eu\/de\/wp-json\/wp\/v2\/product\/583"}],"collection":[{"href":"https:\/\/accudoctor.eu\/de\/wp-json\/wp\/v2\/product"}],"about":[{"href":"https:\/\/accudoctor.eu\/de\/wp-json\/wp\/v2\/types\/product"}],"replies":[{"embeddable":true,"href":"https:\/\/accudoctor.eu\/de\/wp-json\/wp\/v2\/comments?post=583"}],"version-history":[{"count":21,"href":"https:\/\/accudoctor.eu\/de\/wp-json\/wp\/v2\/product\/583\/revisions"}],"predecessor-version":[{"id":1587,"href":"https:\/\/accudoctor.eu\/de\/wp-json\/wp\/v2\/product\/583\/revisions\/1587"}],"wp:featuredmedia":[{"embeddable":true,"href":"https:\/\/accudoctor.eu\/de\/wp-json\/wp\/v2\/media\/2008"}],"wp:attachment":[{"href":"https:\/\/accudoctor.eu\/de\/wp-json\/wp\/v2\/media?parent=583"}],"wp:term":[{"taxonomy":"product_cat","embeddable":true,"href":"https:\/\/accudoctor.eu\/de\/wp-json\/wp\/v2\/product_cat?post=583"},{"taxonomy":"product_tag","embeddable":true,"href":"https:\/\/accudoctor.eu\/de\/wp-json\/wp\/v2\/product_tag?post=583"}],"curies":[{"name":"wp","href":"https:\/\/api.w.org\/{rel}","templated":true}]}}