{"id":584,"date":"2023-04-18T13:03:47","date_gmt":"2023-04-18T13:03:47","guid":{"rendered":"https:\/\/accudoctor.eu\/?post_type=product&#038;p=584"},"modified":"2026-02-24T20:34:06","modified_gmt":"2026-02-24T20:34:06","slug":"thc-rapid-test","status":"publish","type":"product","link":"https:\/\/accudoctor.eu\/de\/produkt\/thc-rapid-test\/","title":{"rendered":"Drogentest THC"},"content":{"rendered":"<p>Der THC Schnellteststreifen ist ein Werkzeug zur Detektion des Vorhandenseins von Delta-9-Tetrahydrocannabinol (THC), der haupts\u00e4chlichen psychoaktiven Verbindung in Marihuana, in Urinproben.<\/p>\n<p>Der Drogentest f\u00fcr THC enth\u00e4lt eine Reihe von chemischen Reagenzien und einen reaktiven Streifen mit einem Ergebnisfenster. Um den Test durchzuf\u00fchren, wird der Streifen f\u00fcr eine bestimmte Zeit, normalerweise 5 bis 10 Sekunden, in eine Urinprobe getaucht. Danach wird der Drogentest entfernt und auf eine flache, nicht absorbierende Oberfl\u00e4che gelegt. Die Streifen haben in der Regel ein Ergebnisfenster, in dem Linien oder Symbole angezeigt werden, um anzuzeigen, ob der Test positiv oder negativ ist.<\/p>\n<p>Die Nachweisbarkeit und Dauer von THC (Tetrahydrocannabinol) im Urin k\u00f6nnen je nach verschiedenen Faktoren variieren, wie zum Beispiel der H\u00e4ufigkeit und Menge des Konsums, dem individuellen Stoffwechsel, der Qualit\u00e4t und Potenz des Marihuanas sowie anderen gesundheitsbezogenen Aspekten und dem Lebensstil. Im Allgemeinen kann THC und seine Stoffwechselprodukte in Urin durch einen Drogentest etwa 7 Tage nach dem Konsum bei gelegentlichen Konsumenten nachgewiesen werden. Bei regelm\u00e4\u00dfigen oder chronischen Konsumenten kann THC jedoch mehrere Wochen lang im Urin nachweisbar sein.<\/p>\n<div class=\"qrcprowrapper\" style=\"text-align:left;\" id=\"qrcwraaerfileds\"><div class=\"qrc_qrcode\" style=\"display:inline-block\" data-text=\"https:\/\/accudoctor.eu\/de\/produkt\/thc-rapid-test\/\"><\/div><\/div>","protected":false},"excerpt":{"rendered":"<div class=\"group w-full text-gray-800 dark:text-gray-100 border-b border-black\/10 dark:border-gray-900\/50 bg-gray-50 dark:bg-[#444654]\">\n<div class=\"flex p-4 gap-4 text-base md:gap-6 md:max-w-2xl lg:max-w-[38rem] xl:max-w-3xl md:py-6 lg:px-0 m-auto\">\n<div class=\"relative flex w-[calc(100%-50px)] flex-col gap-1 md:gap-3 lg:w-[calc(100%-115px)]\">\n<div class=\"flex flex-grow flex-col gap-3\">\n<div class=\"min-h-[20px] flex items-start overflow-x-auto whitespace-pre-wrap break-words flex-col gap-4\">\n<div class=\"markdown prose w-full break-words dark:prose-invert light\">\n<p>Der THC Schnellteststreifen Accudoctor zeigt ein positives Ergebnis an, wenn die Konzentration von THC in der Urinprobe gleich oder gr\u00f6\u00dfer als 25 ng\/mL ist. Wenn das Testergebnis diesen Schwellenwert erreicht oder \u00fcberschreitet, wird es als positiv betrachtet. Die Streifen sind einzeln verpackt und enthalten Anweisungen in 5 Sprachen.<\/p>\n<\/div>\n<\/div>\n<\/div>\n<\/div>\n<\/div>\n<\/div>\n<table width=\"597\">\n<tbody>\n<tr>\n<td width=\"112\"><strong>Referenz<\/strong><\/td>\n<td width=\"80\"><strong>Analyt<\/strong><\/td>\n<td width=\"80\"><strong>Format<\/strong><\/td>\n<td width=\"80\"><strong>Probe<\/strong><\/td>\n<td width=\"165\"><strong>Cut Off<\/strong><\/td>\n<td width=\"80\"><strong>Gr\u00f6\u00dfe<\/strong><\/td>\n<\/tr>\n<tr>\n<td>ADTH-101<\/td>\n<td>11-nor-\u2206<sup>9<\/sup>-THC-9 COOH<\/td>\n<td>Streifen<\/td>\n<td>Urin<\/td>\n<td>25 ng\/ml<\/td>\n<td>10T and 25T<\/td>\n<\/tr>\n<\/tbody>\n<\/table>","protected":false},"featured_media":2191,"comment_status":"open","ping_status":"closed","template":"","meta":[],"product_cat":[25,34],"product_tag":[],"acf":[],"yoast_head":"<!-- This site is optimized with the Yoast SEO plugin v20.9 - https:\/\/yoast.com\/wordpress\/plugins\/seo\/ -->\n<title>THC Rapid Drug Test Dipstick | Accudoctor<\/title>\n<meta name=\"description\" content=\"The Accudoctor THC Urine Strip Test is a tool used to detect the presence of delta-9-tetrahydrocannabinol (THC), the primary psychoactive compound in marijuana, in urine samples.\" \/>\n<meta name=\"robots\" content=\"index, follow, max-snippet:-1, max-image-preview:large, max-video-preview:-1\" \/>\n<link rel=\"canonical\" href=\"https:\/\/accudoctor.eu\/de\/produkt\/thc-rapid-test\/\" \/>\n<meta property=\"og:locale\" content=\"de_DE\" \/>\n<meta property=\"og:type\" content=\"article\" \/>\n<meta property=\"og:title\" content=\"THC Rapid Drug Test Dipstick | Accudoctor\" \/>\n<meta property=\"og:description\" content=\"The Accudoctor THC Urine Strip Test is a tool used to detect the presence of delta-9-tetrahydrocannabinol (THC), the primary psychoactive compound in marijuana, in urine samples.\" \/>\n<meta property=\"og:url\" content=\"https:\/\/accudoctor.eu\/de\/produkt\/thc-rapid-test\/\" \/>\n<meta property=\"og:site_name\" content=\"Accudoctor\" \/>\n<meta property=\"article:modified_time\" content=\"2026-02-24T20:34:06+00:00\" \/>\n<meta property=\"og:image\" content=\"https:\/\/accudoctor.eu\/wp-content\/uploads\/2023\/04\/INF.-8-5.png\" \/>\n\t<meta property=\"og:image:width\" content=\"1000\" \/>\n\t<meta property=\"og:image:height\" content=\"1000\" \/>\n\t<meta property=\"og:image:type\" content=\"image\/png\" \/>\n<meta name=\"twitter:card\" content=\"summary_large_image\" \/>\n<meta name=\"twitter:label1\" content=\"Gesch\u00e4tzte Lesezeit\" \/>\n\t<meta name=\"twitter:data1\" content=\"1 Minute\" \/>\n<script type=\"application\/ld+json\" class=\"yoast-schema-graph\">{\"@context\":\"https:\/\/schema.org\",\"@graph\":[{\"@type\":\"WebPage\",\"@id\":\"https:\/\/accudoctor.eu\/product\/thc-rapid-test\/\",\"url\":\"https:\/\/accudoctor.eu\/product\/thc-rapid-test\/\",\"name\":\"THC Rapid Drug Test Dipstick | Accudoctor\",\"isPartOf\":{\"@id\":\"https:\/\/accudoctor.eu\/es_es\/#website\"},\"datePublished\":\"2023-04-18T13:03:47+00:00\",\"dateModified\":\"2026-02-24T20:34:06+00:00\",\"description\":\"The Accudoctor THC Urine Strip Test is a tool used to detect the presence of delta-9-tetrahydrocannabinol (THC), the primary psychoactive compound in marijuana, in urine samples.\",\"breadcrumb\":{\"@id\":\"https:\/\/accudoctor.eu\/product\/thc-rapid-test\/#breadcrumb\"},\"inLanguage\":\"de-DE\",\"potentialAction\":[{\"@type\":\"ReadAction\",\"target\":[\"https:\/\/accudoctor.eu\/product\/thc-rapid-test\/\"]}]},{\"@type\":\"BreadcrumbList\",\"@id\":\"https:\/\/accudoctor.eu\/product\/thc-rapid-test\/#breadcrumb\",\"itemListElement\":[{\"@type\":\"ListItem\",\"position\":1,\"name\":\"Portada\",\"item\":\"https:\/\/accudoctor.eu\/\"},{\"@type\":\"ListItem\",\"position\":2,\"name\":\"Store\",\"item\":\"https:\/\/accudoctor.eu\/store\/\"},{\"@type\":\"ListItem\",\"position\":3,\"name\":\"THC Rapid Test\"}]},{\"@type\":\"WebSite\",\"@id\":\"https:\/\/accudoctor.eu\/es_es\/#website\",\"url\":\"https:\/\/accudoctor.eu\/es_es\/\",\"name\":\"Accudoctor\",\"description\":\"Experts in diagnostic testing since 2011\",\"publisher\":{\"@id\":\"https:\/\/accudoctor.eu\/es_es\/#organization\"},\"potentialAction\":[{\"@type\":\"SearchAction\",\"target\":{\"@type\":\"EntryPoint\",\"urlTemplate\":\"https:\/\/accudoctor.eu\/es_es\/?s={search_term_string}\"},\"query-input\":\"required name=search_term_string\"}],\"inLanguage\":\"de-DE\"},{\"@type\":\"Organization\",\"@id\":\"https:\/\/accudoctor.eu\/es_es\/#organization\",\"name\":\"Accudoctor\",\"url\":\"https:\/\/accudoctor.eu\/es_es\/\",\"logo\":{\"@type\":\"ImageObject\",\"inLanguage\":\"de-DE\",\"@id\":\"https:\/\/accudoctor.eu\/es_es\/#\/schema\/logo\/image\/\",\"url\":\"https:\/\/accudoctor.eu\/wp-content\/uploads\/2023\/06\/LOGO400X400.png\",\"contentUrl\":\"https:\/\/accudoctor.eu\/wp-content\/uploads\/2023\/06\/LOGO400X400.png\",\"width\":400,\"height\":400,\"caption\":\"Accudoctor\"},\"image\":{\"@id\":\"https:\/\/accudoctor.eu\/es_es\/#\/schema\/logo\/image\/\"}}]}<\/script>\n<!-- \/ Yoast SEO plugin. -->","yoast_head_json":{"title":"THC Rapid Drug Test Dipstick | Accudoctor","description":"The Accudoctor THC Urine Strip Test is a tool used to detect the presence of delta-9-tetrahydrocannabinol (THC), the primary psychoactive compound in marijuana, in urine samples.","robots":{"index":"index","follow":"follow","max-snippet":"max-snippet:-1","max-image-preview":"max-image-preview:large","max-video-preview":"max-video-preview:-1"},"canonical":"https:\/\/accudoctor.eu\/de\/produkt\/thc-rapid-test\/","og_locale":"de_DE","og_type":"article","og_title":"THC Rapid Drug Test Dipstick | Accudoctor","og_description":"The Accudoctor THC Urine Strip Test is a tool used to detect the presence of delta-9-tetrahydrocannabinol (THC), the primary psychoactive compound in marijuana, in urine samples.","og_url":"https:\/\/accudoctor.eu\/de\/produkt\/thc-rapid-test\/","og_site_name":"Accudoctor","article_modified_time":"2026-02-24T20:34:06+00:00","og_image":[{"width":1000,"height":1000,"url":"https:\/\/accudoctor.eu\/wp-content\/uploads\/2023\/04\/INF.-8-5.png","type":"image\/png"}],"twitter_card":"summary_large_image","twitter_misc":{"Gesch\u00e4tzte Lesezeit":"1 Minute"},"schema":{"@context":"https:\/\/schema.org","@graph":[{"@type":"WebPage","@id":"https:\/\/accudoctor.eu\/product\/thc-rapid-test\/","url":"https:\/\/accudoctor.eu\/product\/thc-rapid-test\/","name":"THC Rapid Drug Test Dipstick | Accudoctor","isPartOf":{"@id":"https:\/\/accudoctor.eu\/es_es\/#website"},"datePublished":"2023-04-18T13:03:47+00:00","dateModified":"2026-02-24T20:34:06+00:00","description":"The Accudoctor THC Urine Strip Test is a tool used to detect the presence of delta-9-tetrahydrocannabinol (THC), the primary psychoactive compound in marijuana, in urine samples.","breadcrumb":{"@id":"https:\/\/accudoctor.eu\/product\/thc-rapid-test\/#breadcrumb"},"inLanguage":"de-DE","potentialAction":[{"@type":"ReadAction","target":["https:\/\/accudoctor.eu\/product\/thc-rapid-test\/"]}]},{"@type":"BreadcrumbList","@id":"https:\/\/accudoctor.eu\/product\/thc-rapid-test\/#breadcrumb","itemListElement":[{"@type":"ListItem","position":1,"name":"Portada","item":"https:\/\/accudoctor.eu\/"},{"@type":"ListItem","position":2,"name":"Store","item":"https:\/\/accudoctor.eu\/store\/"},{"@type":"ListItem","position":3,"name":"THC Rapid Test"}]},{"@type":"WebSite","@id":"https:\/\/accudoctor.eu\/es_es\/#website","url":"https:\/\/accudoctor.eu\/es_es\/","name":"Accudoctor","description":"Experts in diagnostic testing since 2011","publisher":{"@id":"https:\/\/accudoctor.eu\/es_es\/#organization"},"potentialAction":[{"@type":"SearchAction","target":{"@type":"EntryPoint","urlTemplate":"https:\/\/accudoctor.eu\/es_es\/?s={search_term_string}"},"query-input":"required name=search_term_string"}],"inLanguage":"de-DE"},{"@type":"Organization","@id":"https:\/\/accudoctor.eu\/es_es\/#organization","name":"Accudoctor","url":"https:\/\/accudoctor.eu\/es_es\/","logo":{"@type":"ImageObject","inLanguage":"de-DE","@id":"https:\/\/accudoctor.eu\/es_es\/#\/schema\/logo\/image\/","url":"https:\/\/accudoctor.eu\/wp-content\/uploads\/2023\/06\/LOGO400X400.png","contentUrl":"https:\/\/accudoctor.eu\/wp-content\/uploads\/2023\/06\/LOGO400X400.png","width":400,"height":400,"caption":"Accudoctor"},"image":{"@id":"https:\/\/accudoctor.eu\/es_es\/#\/schema\/logo\/image\/"}}]}},"_links":{"self":[{"href":"https:\/\/accudoctor.eu\/de\/wp-json\/wp\/v2\/product\/584"}],"collection":[{"href":"https:\/\/accudoctor.eu\/de\/wp-json\/wp\/v2\/product"}],"about":[{"href":"https:\/\/accudoctor.eu\/de\/wp-json\/wp\/v2\/types\/product"}],"replies":[{"embeddable":true,"href":"https:\/\/accudoctor.eu\/de\/wp-json\/wp\/v2\/comments?post=584"}],"version-history":[{"count":14,"href":"https:\/\/accudoctor.eu\/de\/wp-json\/wp\/v2\/product\/584\/revisions"}],"predecessor-version":[{"id":1822,"href":"https:\/\/accudoctor.eu\/de\/wp-json\/wp\/v2\/product\/584\/revisions\/1822"}],"wp:featuredmedia":[{"embeddable":true,"href":"https:\/\/accudoctor.eu\/de\/wp-json\/wp\/v2\/media\/2191"}],"wp:attachment":[{"href":"https:\/\/accudoctor.eu\/de\/wp-json\/wp\/v2\/media?parent=584"}],"wp:term":[{"taxonomy":"product_cat","embeddable":true,"href":"https:\/\/accudoctor.eu\/de\/wp-json\/wp\/v2\/product_cat?post=584"},{"taxonomy":"product_tag","embeddable":true,"href":"https:\/\/accudoctor.eu\/de\/wp-json\/wp\/v2\/product_tag?post=584"}],"curies":[{"name":"wp","href":"https:\/\/api.w.org\/{rel}","templated":true}]}}