{"id":1239,"date":"2023-05-09T03:41:52","date_gmt":"2023-05-09T03:41:52","guid":{"rendered":"https:\/\/accudoctor.eu\/?post_type=product&#038;p=1239"},"modified":"2023-06-28T11:39:19","modified_gmt":"2023-06-28T11:39:19","slug":"canine-coronavirus-ag-test","status":"publish","type":"product","link":"https:\/\/accudoctor.eu\/es\/producto\/canine-coronavirus-ag-test\/","title":{"rendered":"Test de Ant\u00edgeno de Coronavirus Canino"},"content":{"rendered":"<div class=\"group w-full text-gray-800 dark:text-gray-100 border-b border-black\/10 dark:border-gray-900\/50 bg-gray-50 dark:bg-[#444654]\">\n<div class=\"flex p-4 gap-4 text-base md:gap-6 md:max-w-2xl lg:max-w-[38rem] xl:max-w-3xl md:py-6 lg:px-0 m-auto\">\n<div class=\"relative flex w-[calc(100%-50px)] flex-col gap-1 md:gap-3 lg:w-[calc(100%-115px)]\">\n<div class=\"flex flex-grow flex-col gap-3\">\n<div class=\"min-h-[20px] flex items-start overflow-x-auto whitespace-pre-wrap break-words flex-col gap-4\">\n<div class=\"markdown prose w-full break-words dark:prose-invert light\">\n<p>El Test Accudoctor de Coronavirus Canino (CCoV o CCV) en heces o v\u00f3mitos es una prueba utilizada para detectar la presencia del coronavirus canino en perros. El CCoV es un virus que afecta principalmente al sistema digestivo de los perros y puede causar s\u00edntomas como diarrea, v\u00f3mitos y malestar general. El test presenta la ventaja de proporcionar informaci\u00f3n espec\u00edfica sobre la presencia del virus en el tracto gastrointestinal del perro, lo que puede ser \u00fatil en el diagn\u00f3stico y el manejo de la enfermedad.<\/p>\n<\/div>\n<\/div>\n<\/div>\n<\/div>\n<\/div>\n<\/div>\n<p>El coronavirus canino (CCoV) es una infecci\u00f3n viral altamente contagiosa que afecta a los perros en todo el mundo. El virus afecta principalmente el tracto gastrointestinal y puede causar s\u00edntomas como diarrea, v\u00f3mitos y deshidrataci\u00f3n.<\/p>\n<div class=\"qrcprowrapper\" style=\"text-align:left;\" id=\"qrcwraaerfileds\"><div class=\"qrc_qrcode\" style=\"display:inline-block\" data-text=\"https:\/\/accudoctor.eu\/es\/producto\/canine-coronavirus-ag-test\/\"><\/div><\/div>","protected":false},"excerpt":{"rendered":"<p>El test r\u00e1pido de ant\u00edgenos para Coronavirus Canino CCV se basa en la prueba inmunocromatogr\u00e1fica de flujo lateral s\u00e1ndwich. El dispositivo tiene tres ventanas de prueba. Cada ventana de prueba tiene una zona T (prueba) y una zona C (control) invisible. Cuando la muestra se aplica en el pozo de la muestra en el casete, el l\u00edquido fluir\u00e1 lateralmente en la superficie de la tira de prueba. Si hay suficiente ant\u00edgeno de CCV en la muestra, aparecer\u00e1 una l\u00ednea T visible en la ventana de prueba correspondiente. La l\u00ednea C siempre debe aparecer despu\u00e9s de aplicar la muestra, lo que indica un resultado v\u00e1lido. Por este medio, el casete puede indicar con precisi\u00f3n la presencia del ant\u00edgeno de CCV.<\/p>\n<table width=\"517\">\n<tbody>\n<tr>\n<td width=\"112\"><strong>Referencia<\/strong><\/td>\n<td width=\"80\"><strong>Animal<\/strong><\/td>\n<td width=\"80\"><strong>Formato<\/strong><\/td>\n<td width=\"80\"><strong>Muestra<\/strong><\/td>\n<td width=\"165\"><strong>Tama\u00f1o<\/strong><\/td>\n<\/tr>\n<tr>\n<td width=\"112\">AVIPC-625<\/td>\n<td>Perros<\/td>\n<td width=\"80\">Casette<\/td>\n<td width=\"80\">Secretions<\/td>\n<td width=\"165\">2T<\/td>\n<\/tr>\n<\/tbody>\n<\/table>\n<p>&nbsp;<\/p>\n<p>&nbsp;<\/p>","protected":false},"featured_media":1906,"comment_status":"open","ping_status":"closed","template":"","meta":[],"product_cat":[41,27],"product_tag":[],"acf":[],"yoast_head":"<!-- This site is optimized with the Yoast SEO plugin v20.9 - https:\/\/yoast.com\/wordpress\/plugins\/seo\/ -->\n<title>Canine Coronavirus Ag Test | Accudoctor<\/title>\n<meta name=\"description\" content=\"The Accudoctor Test for Canine Coronavirus (CCoV or CCV) is a usefull diagnostic test used to detect the presence of canine coronavirus antigen in feces or vomit samples of dogs. CCoV is a virus that primarily affects the digestive system of dogs and can cause symptoms such as diarrhea, vomiting, and general discomfort. The test has the advantage of providing specific information about the presence of the virus in the dog&#039;s gastrointestinal tract, which can be useful in the diagnosis and management of the disease\" \/>\n<meta name=\"robots\" content=\"index, follow, max-snippet:-1, max-image-preview:large, max-video-preview:-1\" \/>\n<link rel=\"canonical\" href=\"https:\/\/accudoctor.eu\/es\/producto\/canine-coronavirus-ag-test\/\" \/>\n<meta property=\"og:locale\" content=\"es_ES\" \/>\n<meta property=\"og:type\" content=\"article\" \/>\n<meta property=\"og:title\" content=\"Canine Coronavirus Ag Test | Accudoctor\" \/>\n<meta property=\"og:description\" content=\"The Accudoctor Test for Canine Coronavirus (CCoV or CCV) is a usefull diagnostic test used to detect the presence of canine coronavirus antigen in feces or vomit samples of dogs. CCoV is a virus that primarily affects the digestive system of dogs and can cause symptoms such as diarrhea, vomiting, and general discomfort. The test has the advantage of providing specific information about the presence of the virus in the dog&#039;s gastrointestinal tract, which can be useful in the diagnosis and management of the disease\" \/>\n<meta property=\"og:url\" content=\"https:\/\/accudoctor.eu\/es\/producto\/canine-coronavirus-ag-test\/\" \/>\n<meta property=\"og:site_name\" content=\"Accudoctor\" \/>\n<meta property=\"article:modified_time\" content=\"2023-06-28T11:39:19+00:00\" \/>\n<meta property=\"og:image\" content=\"https:\/\/accudoctor.eu\/wp-content\/uploads\/2023\/05\/51PjkEaC8L._AC_SL1500_.jpg\" \/>\n\t<meta property=\"og:image:width\" content=\"1500\" \/>\n\t<meta property=\"og:image:height\" content=\"1371\" \/>\n\t<meta property=\"og:image:type\" content=\"image\/jpeg\" \/>\n<meta name=\"twitter:card\" content=\"summary_large_image\" \/>\n<meta name=\"twitter:label1\" content=\"Tiempo de lectura\" \/>\n\t<meta name=\"twitter:data1\" content=\"1 minuto\" \/>\n<script type=\"application\/ld+json\" class=\"yoast-schema-graph\">{\"@context\":\"https:\/\/schema.org\",\"@graph\":[{\"@type\":\"WebPage\",\"@id\":\"https:\/\/accudoctor.eu\/product\/canine-coronavirus-ag-test\/\",\"url\":\"https:\/\/accudoctor.eu\/product\/canine-coronavirus-ag-test\/\",\"name\":\"Canine Coronavirus Ag Test | Accudoctor\",\"isPartOf\":{\"@id\":\"https:\/\/accudoctor.eu\/es_es\/#website\"},\"datePublished\":\"2023-05-09T03:41:52+00:00\",\"dateModified\":\"2023-06-28T11:39:19+00:00\",\"description\":\"The Accudoctor Test for Canine Coronavirus (CCoV or CCV) is a usefull diagnostic test used to detect the presence of canine coronavirus antigen in feces or vomit samples of dogs. CCoV is a virus that primarily affects the digestive system of dogs and can cause symptoms such as diarrhea, vomiting, and general discomfort. The test has the advantage of providing specific information about the presence of the virus in the dog's gastrointestinal tract, which can be useful in the diagnosis and management of the disease\",\"breadcrumb\":{\"@id\":\"https:\/\/accudoctor.eu\/product\/canine-coronavirus-ag-test\/#breadcrumb\"},\"inLanguage\":\"es\",\"potentialAction\":[{\"@type\":\"ReadAction\",\"target\":[\"https:\/\/accudoctor.eu\/product\/canine-coronavirus-ag-test\/\"]}]},{\"@type\":\"BreadcrumbList\",\"@id\":\"https:\/\/accudoctor.eu\/product\/canine-coronavirus-ag-test\/#breadcrumb\",\"itemListElement\":[{\"@type\":\"ListItem\",\"position\":1,\"name\":\"Portada\",\"item\":\"https:\/\/accudoctor.eu\/\"},{\"@type\":\"ListItem\",\"position\":2,\"name\":\"Store\",\"item\":\"https:\/\/accudoctor.eu\/store\/\"},{\"@type\":\"ListItem\",\"position\":3,\"name\":\"Canine Coronavirus Ag Test\"}]},{\"@type\":\"WebSite\",\"@id\":\"https:\/\/accudoctor.eu\/es_es\/#website\",\"url\":\"https:\/\/accudoctor.eu\/es_es\/\",\"name\":\"Accudoctor\",\"description\":\"Experts in diagnostic testing since 2011\",\"publisher\":{\"@id\":\"https:\/\/accudoctor.eu\/es_es\/#organization\"},\"potentialAction\":[{\"@type\":\"SearchAction\",\"target\":{\"@type\":\"EntryPoint\",\"urlTemplate\":\"https:\/\/accudoctor.eu\/es_es\/?s={search_term_string}\"},\"query-input\":\"required name=search_term_string\"}],\"inLanguage\":\"es\"},{\"@type\":\"Organization\",\"@id\":\"https:\/\/accudoctor.eu\/es_es\/#organization\",\"name\":\"Accudoctor\",\"url\":\"https:\/\/accudoctor.eu\/es_es\/\",\"logo\":{\"@type\":\"ImageObject\",\"inLanguage\":\"es\",\"@id\":\"https:\/\/accudoctor.eu\/es_es\/#\/schema\/logo\/image\/\",\"url\":\"https:\/\/accudoctor.eu\/wp-content\/uploads\/2023\/06\/LOGO400X400.png\",\"contentUrl\":\"https:\/\/accudoctor.eu\/wp-content\/uploads\/2023\/06\/LOGO400X400.png\",\"width\":400,\"height\":400,\"caption\":\"Accudoctor\"},\"image\":{\"@id\":\"https:\/\/accudoctor.eu\/es_es\/#\/schema\/logo\/image\/\"}}]}<\/script>\n<!-- \/ Yoast SEO plugin. -->","yoast_head_json":{"title":"Canine Coronavirus Ag Test | Accudoctor","description":"The Accudoctor Test for Canine Coronavirus (CCoV or CCV) is a usefull diagnostic test used to detect the presence of canine coronavirus antigen in feces or vomit samples of dogs. CCoV is a virus that primarily affects the digestive system of dogs and can cause symptoms such as diarrhea, vomiting, and general discomfort. The test has the advantage of providing specific information about the presence of the virus in the dog's gastrointestinal tract, which can be useful in the diagnosis and management of the disease","robots":{"index":"index","follow":"follow","max-snippet":"max-snippet:-1","max-image-preview":"max-image-preview:large","max-video-preview":"max-video-preview:-1"},"canonical":"https:\/\/accudoctor.eu\/es\/producto\/canine-coronavirus-ag-test\/","og_locale":"es_ES","og_type":"article","og_title":"Canine Coronavirus Ag Test | Accudoctor","og_description":"The Accudoctor Test for Canine Coronavirus (CCoV or CCV) is a usefull diagnostic test used to detect the presence of canine coronavirus antigen in feces or vomit samples of dogs. CCoV is a virus that primarily affects the digestive system of dogs and can cause symptoms such as diarrhea, vomiting, and general discomfort. The test has the advantage of providing specific information about the presence of the virus in the dog's gastrointestinal tract, which can be useful in the diagnosis and management of the disease","og_url":"https:\/\/accudoctor.eu\/es\/producto\/canine-coronavirus-ag-test\/","og_site_name":"Accudoctor","article_modified_time":"2023-06-28T11:39:19+00:00","og_image":[{"width":1500,"height":1371,"url":"https:\/\/accudoctor.eu\/wp-content\/uploads\/2023\/05\/51PjkEaC8L._AC_SL1500_.jpg","type":"image\/jpeg"}],"twitter_card":"summary_large_image","twitter_misc":{"Tiempo de lectura":"1 minuto"},"schema":{"@context":"https:\/\/schema.org","@graph":[{"@type":"WebPage","@id":"https:\/\/accudoctor.eu\/product\/canine-coronavirus-ag-test\/","url":"https:\/\/accudoctor.eu\/product\/canine-coronavirus-ag-test\/","name":"Canine Coronavirus Ag Test | Accudoctor","isPartOf":{"@id":"https:\/\/accudoctor.eu\/es_es\/#website"},"datePublished":"2023-05-09T03:41:52+00:00","dateModified":"2023-06-28T11:39:19+00:00","description":"The Accudoctor Test for Canine Coronavirus (CCoV or CCV) is a usefull diagnostic test used to detect the presence of canine coronavirus antigen in feces or vomit samples of dogs. CCoV is a virus that primarily affects the digestive system of dogs and can cause symptoms such as diarrhea, vomiting, and general discomfort. The test has the advantage of providing specific information about the presence of the virus in the dog's gastrointestinal tract, which can be useful in the diagnosis and management of the disease","breadcrumb":{"@id":"https:\/\/accudoctor.eu\/product\/canine-coronavirus-ag-test\/#breadcrumb"},"inLanguage":"es","potentialAction":[{"@type":"ReadAction","target":["https:\/\/accudoctor.eu\/product\/canine-coronavirus-ag-test\/"]}]},{"@type":"BreadcrumbList","@id":"https:\/\/accudoctor.eu\/product\/canine-coronavirus-ag-test\/#breadcrumb","itemListElement":[{"@type":"ListItem","position":1,"name":"Portada","item":"https:\/\/accudoctor.eu\/"},{"@type":"ListItem","position":2,"name":"Store","item":"https:\/\/accudoctor.eu\/store\/"},{"@type":"ListItem","position":3,"name":"Canine Coronavirus Ag Test"}]},{"@type":"WebSite","@id":"https:\/\/accudoctor.eu\/es_es\/#website","url":"https:\/\/accudoctor.eu\/es_es\/","name":"Accudoctor","description":"Experts in diagnostic testing since 2011","publisher":{"@id":"https:\/\/accudoctor.eu\/es_es\/#organization"},"potentialAction":[{"@type":"SearchAction","target":{"@type":"EntryPoint","urlTemplate":"https:\/\/accudoctor.eu\/es_es\/?s={search_term_string}"},"query-input":"required name=search_term_string"}],"inLanguage":"es"},{"@type":"Organization","@id":"https:\/\/accudoctor.eu\/es_es\/#organization","name":"Accudoctor","url":"https:\/\/accudoctor.eu\/es_es\/","logo":{"@type":"ImageObject","inLanguage":"es","@id":"https:\/\/accudoctor.eu\/es_es\/#\/schema\/logo\/image\/","url":"https:\/\/accudoctor.eu\/wp-content\/uploads\/2023\/06\/LOGO400X400.png","contentUrl":"https:\/\/accudoctor.eu\/wp-content\/uploads\/2023\/06\/LOGO400X400.png","width":400,"height":400,"caption":"Accudoctor"},"image":{"@id":"https:\/\/accudoctor.eu\/es_es\/#\/schema\/logo\/image\/"}}]}},"_links":{"self":[{"href":"https:\/\/accudoctor.eu\/es\/wp-json\/wp\/v2\/product\/1239"}],"collection":[{"href":"https:\/\/accudoctor.eu\/es\/wp-json\/wp\/v2\/product"}],"about":[{"href":"https:\/\/accudoctor.eu\/es\/wp-json\/wp\/v2\/types\/product"}],"replies":[{"embeddable":true,"href":"https:\/\/accudoctor.eu\/es\/wp-json\/wp\/v2\/comments?post=1239"}],"version-history":[{"count":4,"href":"https:\/\/accudoctor.eu\/es\/wp-json\/wp\/v2\/product\/1239\/revisions"}],"predecessor-version":[{"id":1769,"href":"https:\/\/accudoctor.eu\/es\/wp-json\/wp\/v2\/product\/1239\/revisions\/1769"}],"wp:featuredmedia":[{"embeddable":true,"href":"https:\/\/accudoctor.eu\/es\/wp-json\/wp\/v2\/media\/1906"}],"wp:attachment":[{"href":"https:\/\/accudoctor.eu\/es\/wp-json\/wp\/v2\/media?parent=1239"}],"wp:term":[{"taxonomy":"product_cat","embeddable":true,"href":"https:\/\/accudoctor.eu\/es\/wp-json\/wp\/v2\/product_cat?post=1239"},{"taxonomy":"product_tag","embeddable":true,"href":"https:\/\/accudoctor.eu\/es\/wp-json\/wp\/v2\/product_tag?post=1239"}],"curies":[{"name":"wp","href":"https:\/\/api.w.org\/{rel}","templated":true}]}}