{"id":1691,"date":"2023-06-21T11:05:52","date_gmt":"2023-06-21T11:05:52","guid":{"rendered":"https:\/\/accudoctor.eu\/?post_type=product&#038;p=1691"},"modified":"2026-05-06T12:15:18","modified_gmt":"2026-05-06T12:15:18","slug":"urine-test-strips-11-parameters","status":"publish","type":"product","link":"https:\/\/accudoctor.eu\/es\/producto\/urine-test-strips-11-parameters\/","title":{"rendered":"Test de Orina 11 Par\u00e1metros"},"content":{"rendered":"<div class=\"group w-full text-gray-800 dark:text-gray-100 border-b border-black\/10 dark:border-gray-900\/50 bg-gray-50 dark:bg-[#444654]\">\n<div class=\"flex p-4 gap-4 text-base md:gap-6 md:max-w-2xl lg:max-w-[38rem] xl:max-w-3xl md:py-6 lg:px-0 m-auto\">\n<div class=\"relative flex w-[calc(100%-50px)] flex-col gap-1 md:gap-3 lg:w-[calc(100%-115px)]\">\n<div class=\"flex flex-grow flex-col gap-3\">\n<div class=\"min-h-[20px] flex items-start overflow-x-auto whitespace-pre-wrap break-words flex-col gap-4\">\n<div class=\"markdown prose w-full break-words dark:prose-invert light\">\n<p>Las tiras reactivas de orina Accudoctor para perros y gatos para perros y gatos son \u00fatiles en la identificaci\u00f3n y como paso preliminar antes de iniciar pruebas m\u00e1s amplias para lograr un diagn\u00f3stico m\u00e1s preciso. El color de las almohadillas de prueba cambiar\u00e1 al reaccionar con los residuos y concentraciones presentes en la muestra de orina. El detector detecta 11 par\u00e1metros en muestras de orina de animales: Leucocitos (LEU), Nitriet (NIT), Urobilinogeen (URO), Eiwit (PRO), pH, Bloed (BLO), Soortelijk gewicht (SG), Keton (KET), Bilirubina ( BIL), glucosa (GLU) y \u00e1cido asc\u00f3rbido (ASC).<\/p>\n<\/div>\n<\/div>\n<\/div>\n<div class=\"flex justify-between lg:block\">\n<div class=\"text-gray-400 flex self-end lg:self-center justify-center mt-2 gap-2 md:gap-3 lg:gap-1 lg:absolute lg:top-0 lg:translate-x-full lg:right-0 lg:mt-0 lg:pl-2 visible\">\n<p>&nbsp;<\/p>\n<div class=\"flex gap-1\"><\/div>\n<\/div>\n<\/div>\n<\/div>\n<\/div>\n<\/div>\n<div class=\"amp-centerthirdcol-listbox\">\n<div class=\"a-box a-spacing-small a-color-alternate-background apm-listbox amp-centerthirdcol-listbox\">\n<div class=\"a-box-inner\"><\/div>\n<\/div>\n<\/div>\n<p>&nbsp;<\/p>\n<div class=\"qrcprowrapper\" style=\"text-align:left;\" id=\"qrcwraaerfileds\"><div class=\"qrc_qrcode\" style=\"display:inline-block\" data-text=\"https:\/\/accudoctor.eu\/es\/producto\/urine-test-strips-11-parameters\/\"><\/div><\/div>","protected":false},"excerpt":{"rendered":"<p>Cada producto contiene 100 tiras y un manual de instrucciones en 5 idiomas.<\/p>\n<table style=\"border-collapse: collapse; width: 412px; height: 48px;\" border=\"0\" width=\"320\" cellspacing=\"0\" cellpadding=\"0\">\n<tbody>\n<tr style=\"height: 15.0pt;\">\n<td class=\"xl63\" style=\"height: 15.0pt; width: 60pt;\" width=\"80\" height=\"20\"><strong>Referencia<\/strong><\/td>\n<td class=\"xl63\" style=\"width: 60pt;\" width=\"80\"><strong>Formato<\/strong><\/td>\n<td class=\"xl63\" style=\"width: 60pt;\" width=\"80\"><strong>Muestra<\/strong><\/td>\n<td class=\"xl63\" style=\"width: 60pt;\" width=\"80\"><strong>Tama\u00f1o<\/strong><\/td>\n<\/tr>\n<tr style=\"height: 15.0pt;\">\n<td class=\"xl64\" style=\"height: 15.0pt; width: 60pt;\" width=\"80\" height=\"20\">VIU031-11<\/td>\n<td class=\"xl64\" style=\"width: 60pt;\" width=\"80\">Tira<\/td>\n<td class=\"xl64\" style=\"width: 60pt;\" width=\"80\">Orina<\/td>\n<td class=\"xl64\" style=\"width: 60pt;\" width=\"80\">100<\/td>\n<\/tr>\n<\/tbody>\n<\/table>\n<p id=\"isPasted\">Par\u00e1metros analizados:<\/p>\n<table>\n<tbody>\n<tr>\n<td><strong>Analito<\/strong><\/td>\n<td><strong>Niveles<\/strong><\/td>\n<\/tr>\n<tr>\n<td><strong>\u00c1cido Asc\u00f3rbico<\/strong><\/td>\n<td>5-10 mg\/dL (0.28-0.56 mmol\/L)<\/td>\n<\/tr>\n<tr>\n<td><strong>Glucosa<\/strong><\/td>\n<td>50-100 mg\/dL (2.5-5 mmol\/L).<\/td>\n<\/tr>\n<tr>\n<td class=\"\"><strong>Bilirrubina<\/strong><\/td>\n<td>0.4-1.0 mg\/dL (6.8-17 \u03bcmol\/L)<\/td>\n<\/tr>\n<tr>\n<td class=\"\"><strong>Cetonas<\/strong><\/td>\n<td>\n<p id=\"isPasted\">2.5-5 mg\/dL (0.25-0.5 mmol\/L)<\/p>\n<\/td>\n<\/tr>\n<tr>\n<td><strong>Gravedad espec\u00edfica<\/strong><\/td>\n<td>\n<p id=\"isPasted\">Determina la gravedad espec\u00edfica de la orina entre 1000 y 1060. Los resultados se correlacionan con los valores obtenidos por el m\u00e9todo del \u00edndice de refracci\u00f3n dentro de \u00b1 0,005<\/p>\n<\/td>\n<\/tr>\n<tr>\n<td class=\"\"><strong>Sangre<\/strong><\/td>\n<td>0,018-0,060 mg\/dL o 5-10 Ery\/\u03bcL en muestras de orina con contenido de \u00e1cido asc\u00f3rbico &lt; 50 mg\/dL.<\/td>\n<\/tr>\n<tr>\n<td class=\"\"><strong>pH<\/strong><\/td>\n<td>5-9.<\/td>\n<\/tr>\n<tr>\n<td class=\"\"><strong>Proteina<\/strong><\/td>\n<td class=\"\">7.5-15 mg\/dL (0.075-0.15 g\/L)<\/td>\n<\/tr>\n<tr>\n<td><strong>Uobilin\u00f3geno<\/strong><\/td>\n<td>0.2-1.0 mg\/dL (3.5-17 \u03bcmol\/L)<\/td>\n<\/tr>\n<tr>\n<td><strong>Nitrito<\/strong><\/td>\n<td class=\"\">0.05-0.1 mg\/dL en orina con una gravedad espec\u00edfica baja y menos de 30 mg\/dL de \u00e1cido asc\u00f3rbico.<\/td>\n<\/tr>\n<tr>\n<td><strong>Leucocitos<\/strong><\/td>\n<td>9-15 white blood cells Leu\/\u03bcL in clinical urine.<\/td>\n<\/tr>\n<\/tbody>\n<\/table>","protected":false},"featured_media":0,"comment_status":"open","ping_status":"closed","template":"","meta":[],"product_cat":[40,41,27],"product_tag":[],"acf":[],"yoast_head":"<!-- This site is optimized with the Yoast SEO plugin v20.9 - https:\/\/yoast.com\/wordpress\/plugins\/seo\/ -->\n<title>Urintest for Dogs and Cats 11 Parametres | Accudoctor<\/title>\n<meta name=\"description\" content=\"The Accudoctor Urine Tests Strips for Dogs and Cats for dogs and cats are useful in identification and as a preliminary step before initiating broader tests to achieve a more accurate diagnosis. The color of the test pads will change upon reacting with the residues and concentrations present in the urine sample.\" \/>\n<meta name=\"robots\" content=\"index, follow, max-snippet:-1, max-image-preview:large, max-video-preview:-1\" \/>\n<link rel=\"canonical\" href=\"https:\/\/accudoctor.eu\/es\/producto\/urine-test-strips-11-parameters\/\" \/>\n<meta property=\"og:locale\" content=\"es_ES\" \/>\n<meta property=\"og:type\" content=\"article\" \/>\n<meta property=\"og:title\" content=\"Urintest for Dogs and Cats 11 Parametres | Accudoctor\" \/>\n<meta property=\"og:description\" content=\"The Accudoctor Urine Tests Strips for Dogs and Cats for dogs and cats are useful in identification and as a preliminary step before initiating broader tests to achieve a more accurate diagnosis. The color of the test pads will change upon reacting with the residues and concentrations present in the urine sample.\" \/>\n<meta property=\"og:url\" content=\"https:\/\/accudoctor.eu\/es\/producto\/urine-test-strips-11-parameters\/\" \/>\n<meta property=\"og:site_name\" content=\"Accudoctor\" \/>\n<meta property=\"article:modified_time\" content=\"2026-05-06T12:15:18+00:00\" \/>\n<meta name=\"twitter:card\" content=\"summary_large_image\" \/>\n<meta name=\"twitter:label1\" content=\"Tiempo de lectura\" \/>\n\t<meta name=\"twitter:data1\" content=\"1 minuto\" \/>\n<script type=\"application\/ld+json\" class=\"yoast-schema-graph\">{\"@context\":\"https:\/\/schema.org\",\"@graph\":[{\"@type\":\"WebPage\",\"@id\":\"https:\/\/accudoctor.eu\/product\/urine-test-strips-11-parameters\/\",\"url\":\"https:\/\/accudoctor.eu\/product\/urine-test-strips-11-parameters\/\",\"name\":\"Urintest for Dogs and Cats 11 Parametres | Accudoctor\",\"isPartOf\":{\"@id\":\"https:\/\/accudoctor.eu\/es_es\/#website\"},\"datePublished\":\"2023-06-21T11:05:52+00:00\",\"dateModified\":\"2026-05-06T12:15:18+00:00\",\"description\":\"The Accudoctor Urine Tests Strips for Dogs and Cats for dogs and cats are useful in identification and as a preliminary step before initiating broader tests to achieve a more accurate diagnosis. The color of the test pads will change upon reacting with the residues and concentrations present in the urine sample.\",\"breadcrumb\":{\"@id\":\"https:\/\/accudoctor.eu\/product\/urine-test-strips-11-parameters\/#breadcrumb\"},\"inLanguage\":\"es\",\"potentialAction\":[{\"@type\":\"ReadAction\",\"target\":[\"https:\/\/accudoctor.eu\/product\/urine-test-strips-11-parameters\/\"]}]},{\"@type\":\"BreadcrumbList\",\"@id\":\"https:\/\/accudoctor.eu\/product\/urine-test-strips-11-parameters\/#breadcrumb\",\"itemListElement\":[{\"@type\":\"ListItem\",\"position\":1,\"name\":\"Portada\",\"item\":\"https:\/\/accudoctor.eu\/\"},{\"@type\":\"ListItem\",\"position\":2,\"name\":\"Store\",\"item\":\"https:\/\/accudoctor.eu\/store\/\"},{\"@type\":\"ListItem\",\"position\":3,\"name\":\"Urine Test Strips 11 Parameters\"}]},{\"@type\":\"WebSite\",\"@id\":\"https:\/\/accudoctor.eu\/es_es\/#website\",\"url\":\"https:\/\/accudoctor.eu\/es_es\/\",\"name\":\"Accudoctor\",\"description\":\"Experts in diagnostic testing since 2011\",\"publisher\":{\"@id\":\"https:\/\/accudoctor.eu\/es_es\/#organization\"},\"potentialAction\":[{\"@type\":\"SearchAction\",\"target\":{\"@type\":\"EntryPoint\",\"urlTemplate\":\"https:\/\/accudoctor.eu\/es_es\/?s={search_term_string}\"},\"query-input\":\"required name=search_term_string\"}],\"inLanguage\":\"es\"},{\"@type\":\"Organization\",\"@id\":\"https:\/\/accudoctor.eu\/es_es\/#organization\",\"name\":\"Accudoctor\",\"url\":\"https:\/\/accudoctor.eu\/es_es\/\",\"logo\":{\"@type\":\"ImageObject\",\"inLanguage\":\"es\",\"@id\":\"https:\/\/accudoctor.eu\/es_es\/#\/schema\/logo\/image\/\",\"url\":\"https:\/\/accudoctor.eu\/wp-content\/uploads\/2023\/06\/LOGO400X400.png\",\"contentUrl\":\"https:\/\/accudoctor.eu\/wp-content\/uploads\/2023\/06\/LOGO400X400.png\",\"width\":400,\"height\":400,\"caption\":\"Accudoctor\"},\"image\":{\"@id\":\"https:\/\/accudoctor.eu\/es_es\/#\/schema\/logo\/image\/\"}}]}<\/script>\n<!-- \/ Yoast SEO plugin. -->","yoast_head_json":{"title":"Urintest for Dogs and Cats 11 Parametres | Accudoctor","description":"The Accudoctor Urine Tests Strips for Dogs and Cats for dogs and cats are useful in identification and as a preliminary step before initiating broader tests to achieve a more accurate diagnosis. The color of the test pads will change upon reacting with the residues and concentrations present in the urine sample.","robots":{"index":"index","follow":"follow","max-snippet":"max-snippet:-1","max-image-preview":"max-image-preview:large","max-video-preview":"max-video-preview:-1"},"canonical":"https:\/\/accudoctor.eu\/es\/producto\/urine-test-strips-11-parameters\/","og_locale":"es_ES","og_type":"article","og_title":"Urintest for Dogs and Cats 11 Parametres | Accudoctor","og_description":"The Accudoctor Urine Tests Strips for Dogs and Cats for dogs and cats are useful in identification and as a preliminary step before initiating broader tests to achieve a more accurate diagnosis. The color of the test pads will change upon reacting with the residues and concentrations present in the urine sample.","og_url":"https:\/\/accudoctor.eu\/es\/producto\/urine-test-strips-11-parameters\/","og_site_name":"Accudoctor","article_modified_time":"2026-05-06T12:15:18+00:00","twitter_card":"summary_large_image","twitter_misc":{"Tiempo de lectura":"1 minuto"},"schema":{"@context":"https:\/\/schema.org","@graph":[{"@type":"WebPage","@id":"https:\/\/accudoctor.eu\/product\/urine-test-strips-11-parameters\/","url":"https:\/\/accudoctor.eu\/product\/urine-test-strips-11-parameters\/","name":"Urintest for Dogs and Cats 11 Parametres | Accudoctor","isPartOf":{"@id":"https:\/\/accudoctor.eu\/es_es\/#website"},"datePublished":"2023-06-21T11:05:52+00:00","dateModified":"2026-05-06T12:15:18+00:00","description":"The Accudoctor Urine Tests Strips for Dogs and Cats for dogs and cats are useful in identification and as a preliminary step before initiating broader tests to achieve a more accurate diagnosis. The color of the test pads will change upon reacting with the residues and concentrations present in the urine sample.","breadcrumb":{"@id":"https:\/\/accudoctor.eu\/product\/urine-test-strips-11-parameters\/#breadcrumb"},"inLanguage":"es","potentialAction":[{"@type":"ReadAction","target":["https:\/\/accudoctor.eu\/product\/urine-test-strips-11-parameters\/"]}]},{"@type":"BreadcrumbList","@id":"https:\/\/accudoctor.eu\/product\/urine-test-strips-11-parameters\/#breadcrumb","itemListElement":[{"@type":"ListItem","position":1,"name":"Portada","item":"https:\/\/accudoctor.eu\/"},{"@type":"ListItem","position":2,"name":"Store","item":"https:\/\/accudoctor.eu\/store\/"},{"@type":"ListItem","position":3,"name":"Urine Test Strips 11 Parameters"}]},{"@type":"WebSite","@id":"https:\/\/accudoctor.eu\/es_es\/#website","url":"https:\/\/accudoctor.eu\/es_es\/","name":"Accudoctor","description":"Experts in diagnostic testing since 2011","publisher":{"@id":"https:\/\/accudoctor.eu\/es_es\/#organization"},"potentialAction":[{"@type":"SearchAction","target":{"@type":"EntryPoint","urlTemplate":"https:\/\/accudoctor.eu\/es_es\/?s={search_term_string}"},"query-input":"required name=search_term_string"}],"inLanguage":"es"},{"@type":"Organization","@id":"https:\/\/accudoctor.eu\/es_es\/#organization","name":"Accudoctor","url":"https:\/\/accudoctor.eu\/es_es\/","logo":{"@type":"ImageObject","inLanguage":"es","@id":"https:\/\/accudoctor.eu\/es_es\/#\/schema\/logo\/image\/","url":"https:\/\/accudoctor.eu\/wp-content\/uploads\/2023\/06\/LOGO400X400.png","contentUrl":"https:\/\/accudoctor.eu\/wp-content\/uploads\/2023\/06\/LOGO400X400.png","width":400,"height":400,"caption":"Accudoctor"},"image":{"@id":"https:\/\/accudoctor.eu\/es_es\/#\/schema\/logo\/image\/"}}]}},"_links":{"self":[{"href":"https:\/\/accudoctor.eu\/es\/wp-json\/wp\/v2\/product\/1691"}],"collection":[{"href":"https:\/\/accudoctor.eu\/es\/wp-json\/wp\/v2\/product"}],"about":[{"href":"https:\/\/accudoctor.eu\/es\/wp-json\/wp\/v2\/types\/product"}],"replies":[{"embeddable":true,"href":"https:\/\/accudoctor.eu\/es\/wp-json\/wp\/v2\/comments?post=1691"}],"version-history":[{"count":13,"href":"https:\/\/accudoctor.eu\/es\/wp-json\/wp\/v2\/product\/1691\/revisions"}],"predecessor-version":[{"id":1905,"href":"https:\/\/accudoctor.eu\/es\/wp-json\/wp\/v2\/product\/1691\/revisions\/1905"}],"wp:attachment":[{"href":"https:\/\/accudoctor.eu\/es\/wp-json\/wp\/v2\/media?parent=1691"}],"wp:term":[{"taxonomy":"product_cat","embeddable":true,"href":"https:\/\/accudoctor.eu\/es\/wp-json\/wp\/v2\/product_cat?post=1691"},{"taxonomy":"product_tag","embeddable":true,"href":"https:\/\/accudoctor.eu\/es\/wp-json\/wp\/v2\/product_tag?post=1691"}],"curies":[{"name":"wp","href":"https:\/\/api.w.org\/{rel}","templated":true}]}}