{"id":1765,"date":"2023-06-23T09:25:59","date_gmt":"2023-06-23T09:25:59","guid":{"rendered":"https:\/\/accudoctor.eu\/?post_type=product&#038;p=1765"},"modified":"2023-06-28T10:27:33","modified_gmt":"2023-06-28T10:27:33","slug":"feline-herpesvirus-fhv-calicivirus-fcv-test","status":"publish","type":"product","link":"https:\/\/accudoctor.eu\/es\/producto\/feline-herpesvirus-fhv-calicivirus-fcv-test\/","title":{"rendered":"Test de ant\u00edgenos de Herpesvirus  Felino + Ant\u00edgeno Calicivirus Felino"},"content":{"rendered":"<p>El Herpesvirus Felino (FHV) y el Calicivirus Felino (FCV) son dos pat\u00f3genos virales comunes que afectan a los gatos, causando a menudo infecciones respiratorias. Estos virus son causantes de multitud de enfermedades respiratorias felinas, conocidas com\u00fanmente como \"gripe felina\". La prueba de detecci\u00f3n de estos virus desempe\u00f1a un papel crucial en el diagn\u00f3stico y manejo de las infecciones respiratorias felinas.<\/p>\n<p>El Herpesvirus Felino, tambi\u00e9n conocido como Rinotraque\u00edtis Viral Felina (FVR), es un virus altamente contagioso que afecta principalmente el sistema respiratorio de los gatos. Pertenece a la familia de los Herpesviridae y est\u00e1 estrechamente relacionado con el herpesvirus humano. El FHV puede causar s\u00edntomas como estornudos, secreci\u00f3n nasal, conjuntivitis (inflamaci\u00f3n de los ojos) y tos. Los gatos infectados tambi\u00e9n pueden desarrollar \u00falceras en la c\u00f3rnea, lo que puede llevar a problemas oculares. El FHV se transmite principalmente a trav\u00e9s del contacto directo con secreciones respiratorias infectadas o mediante objetos contaminados.<\/p>\n<p>El Herpesvirus Felino, tambi\u00e9n conocido como Rinotraque\u00edtis Viral Felina (FVR), es un virus altamente contagioso que afecta principalmente el sistema respiratorio de los gatos. Pertenece a la familia de los Herpesviridae y est\u00e1 estrechamente relacionado con el herpesvirus humano. El FHV puede causar s\u00edntomas como estornudos, secreci\u00f3n nasal, conjuntivitis (inflamaci\u00f3n de los ojos) y tos. Los gatos infectados tambi\u00e9n pueden desarrollar \u00falceras en la c\u00f3rnea, lo que puede llevar a problemas oculares. El FHV se transmite principalmente a trav\u00e9s del contacto directo con secreciones respiratorias infectadas o mediante objetos contaminados.<\/p>\n<p>&nbsp;<\/p>\n<div class=\"qrcprowrapper\" style=\"text-align:left;\" id=\"qrcwraaerfileds\"><div class=\"qrc_qrcode\" style=\"display:inline-block\" data-text=\"https:\/\/accudoctor.eu\/es\/producto\/feline-herpesvirus-fhv-calicivirus-fcv-test\/\"><\/div><\/div>","protected":false},"excerpt":{"rendered":"<p>El Test de ant\u00edgenos de Herpesvirus  Felino + Ant\u00edgeno Calicivirus Felino Accudoctor es un ensayo inmunocromatogr\u00e1fico de flujo lateral tipo s\u00e1ndwich para la detecci\u00f3n cualitativa del ant\u00edgeno del Herpesvirus felino (FHV Ag) y el ant\u00edgeno del Calicivirus felino (FCV Ag) en las secreciones oculares y nasales del felino. La prueba incluye dos ensayos, todos los accesorios necesarios para llevar a cabo dos pruebas e instrucciones en 5 idiomas.<\/p>\n<table width=\"517\">\n<tbody>\n<tr>\n<td width=\"112\"><strong>Referencia<\/strong><\/td>\n<td width=\"80\"><strong>Animal<\/strong><\/td>\n<td width=\"80\"><strong>Formato<\/strong><\/td>\n<td width=\"80\"><strong>Muestra<\/strong><\/td>\n<td width=\"165\"><strong>Tama\u00f1o<\/strong><\/td>\n<\/tr>\n<tr>\n<td width=\"112\">AVIFHC-625<\/td>\n<td>Gatos<\/td>\n<td width=\"80\">Casette<\/td>\n<td width=\"80\">Secretions<\/td>\n<td width=\"165\">2T<\/td>\n<\/tr>\n<\/tbody>\n<\/table>\n<p>&nbsp;<\/p>","protected":false},"featured_media":1902,"comment_status":"open","ping_status":"closed","template":"","meta":[],"product_cat":[40,27],"product_tag":[],"acf":[],"yoast_head":"<!-- This site is optimized with the Yoast SEO plugin v20.9 - https:\/\/yoast.com\/wordpress\/plugins\/seo\/ -->\n<title>Feline Herpesvirus FHV + Feline Calicivirus CVF Test | Accudoctor<\/title>\n<meta name=\"robots\" content=\"index, follow, max-snippet:-1, max-image-preview:large, max-video-preview:-1\" \/>\n<link rel=\"canonical\" href=\"https:\/\/accudoctor.eu\/es\/producto\/feline-herpesvirus-fhv-calicivirus-fcv-test\/\" \/>\n<meta property=\"og:locale\" content=\"es_ES\" \/>\n<meta property=\"og:type\" content=\"article\" \/>\n<meta property=\"og:title\" content=\"Feline Herpesvirus FHV + Feline Calicivirus CVF Test | Accudoctor\" \/>\n<meta property=\"og:description\" content=\"The Accudoctor Feline Herpesvirus Ag + Feline Calicivirus Ag Test is a sandwich lateral flow immunochromatographic assay for the qualitative detection of Feline Herpesvirus antigen (FHV Ag) and Feline Calicivirus antigen (FCV Ag) in feline\u2019s ocular and nasal secretions. The test includes two tests, all the necessary accessories to carry two test out and instructions in 5 languages.    Reference Animal Format Sample Kit Size   AVIFHC-625 Cats Casette Secretions 2T    &nbsp;\" \/>\n<meta property=\"og:url\" content=\"https:\/\/accudoctor.eu\/es\/producto\/feline-herpesvirus-fhv-calicivirus-fcv-test\/\" \/>\n<meta property=\"og:site_name\" content=\"Accudoctor\" \/>\n<meta property=\"article:modified_time\" content=\"2023-06-28T10:27:33+00:00\" \/>\n<meta property=\"og:image\" content=\"https:\/\/accudoctor.eu\/wp-content\/uploads\/2023\/06\/51lQ7ondPRL._AC_SL1200_.jpg\" \/>\n\t<meta property=\"og:image:width\" content=\"1198\" \/>\n\t<meta property=\"og:image:height\" content=\"1117\" \/>\n\t<meta property=\"og:image:type\" content=\"image\/jpeg\" \/>\n<meta name=\"twitter:card\" content=\"summary_large_image\" \/>\n<meta name=\"twitter:label1\" content=\"Tiempo de lectura\" \/>\n\t<meta name=\"twitter:data1\" content=\"1 minuto\" \/>\n<script type=\"application\/ld+json\" class=\"yoast-schema-graph\">{\"@context\":\"https:\/\/schema.org\",\"@graph\":[{\"@type\":\"WebPage\",\"@id\":\"https:\/\/accudoctor.eu\/product\/feline-herpesvirus-fhv-calicivirus-fcv-test\/\",\"url\":\"https:\/\/accudoctor.eu\/product\/feline-herpesvirus-fhv-calicivirus-fcv-test\/\",\"name\":\"Feline Herpesvirus FHV + Feline Calicivirus CVF Test | Accudoctor\",\"isPartOf\":{\"@id\":\"https:\/\/accudoctor.eu\/es_es\/#website\"},\"datePublished\":\"2023-06-23T09:25:59+00:00\",\"dateModified\":\"2023-06-28T10:27:33+00:00\",\"breadcrumb\":{\"@id\":\"https:\/\/accudoctor.eu\/product\/feline-herpesvirus-fhv-calicivirus-fcv-test\/#breadcrumb\"},\"inLanguage\":\"es\",\"potentialAction\":[{\"@type\":\"ReadAction\",\"target\":[\"https:\/\/accudoctor.eu\/product\/feline-herpesvirus-fhv-calicivirus-fcv-test\/\"]}]},{\"@type\":\"BreadcrumbList\",\"@id\":\"https:\/\/accudoctor.eu\/product\/feline-herpesvirus-fhv-calicivirus-fcv-test\/#breadcrumb\",\"itemListElement\":[{\"@type\":\"ListItem\",\"position\":1,\"name\":\"Portada\",\"item\":\"https:\/\/accudoctor.eu\/\"},{\"@type\":\"ListItem\",\"position\":2,\"name\":\"Store\",\"item\":\"https:\/\/accudoctor.eu\/store\/\"},{\"@type\":\"ListItem\",\"position\":3,\"name\":\"Feline Herpesvirus Ag + Feline Calicivirus Ag Test\"}]},{\"@type\":\"WebSite\",\"@id\":\"https:\/\/accudoctor.eu\/es_es\/#website\",\"url\":\"https:\/\/accudoctor.eu\/es_es\/\",\"name\":\"Accudoctor\",\"description\":\"Experts in diagnostic testing since 2011\",\"publisher\":{\"@id\":\"https:\/\/accudoctor.eu\/es_es\/#organization\"},\"potentialAction\":[{\"@type\":\"SearchAction\",\"target\":{\"@type\":\"EntryPoint\",\"urlTemplate\":\"https:\/\/accudoctor.eu\/es_es\/?s={search_term_string}\"},\"query-input\":\"required name=search_term_string\"}],\"inLanguage\":\"es\"},{\"@type\":\"Organization\",\"@id\":\"https:\/\/accudoctor.eu\/es_es\/#organization\",\"name\":\"Accudoctor\",\"url\":\"https:\/\/accudoctor.eu\/es_es\/\",\"logo\":{\"@type\":\"ImageObject\",\"inLanguage\":\"es\",\"@id\":\"https:\/\/accudoctor.eu\/es_es\/#\/schema\/logo\/image\/\",\"url\":\"https:\/\/accudoctor.eu\/wp-content\/uploads\/2023\/06\/LOGO400X400.png\",\"contentUrl\":\"https:\/\/accudoctor.eu\/wp-content\/uploads\/2023\/06\/LOGO400X400.png\",\"width\":400,\"height\":400,\"caption\":\"Accudoctor\"},\"image\":{\"@id\":\"https:\/\/accudoctor.eu\/es_es\/#\/schema\/logo\/image\/\"}}]}<\/script>\n<!-- \/ Yoast SEO plugin. -->","yoast_head_json":{"title":"Feline Herpesvirus FHV + Feline Calicivirus CVF Test | Accudoctor","robots":{"index":"index","follow":"follow","max-snippet":"max-snippet:-1","max-image-preview":"max-image-preview:large","max-video-preview":"max-video-preview:-1"},"canonical":"https:\/\/accudoctor.eu\/es\/producto\/feline-herpesvirus-fhv-calicivirus-fcv-test\/","og_locale":"es_ES","og_type":"article","og_title":"Feline Herpesvirus FHV + Feline Calicivirus CVF Test | Accudoctor","og_description":"The Accudoctor Feline Herpesvirus Ag + Feline Calicivirus Ag Test is a sandwich lateral flow immunochromatographic assay for the qualitative detection of Feline Herpesvirus antigen (FHV Ag) and Feline Calicivirus antigen (FCV Ag) in feline\u2019s ocular and nasal secretions. The test includes two tests, all the necessary accessories to carry two test out and instructions in 5 languages.    Reference Animal Format Sample Kit Size   AVIFHC-625 Cats Casette Secretions 2T    &nbsp;","og_url":"https:\/\/accudoctor.eu\/es\/producto\/feline-herpesvirus-fhv-calicivirus-fcv-test\/","og_site_name":"Accudoctor","article_modified_time":"2023-06-28T10:27:33+00:00","og_image":[{"width":1198,"height":1117,"url":"https:\/\/accudoctor.eu\/wp-content\/uploads\/2023\/06\/51lQ7ondPRL._AC_SL1200_.jpg","type":"image\/jpeg"}],"twitter_card":"summary_large_image","twitter_misc":{"Tiempo de lectura":"1 minuto"},"schema":{"@context":"https:\/\/schema.org","@graph":[{"@type":"WebPage","@id":"https:\/\/accudoctor.eu\/product\/feline-herpesvirus-fhv-calicivirus-fcv-test\/","url":"https:\/\/accudoctor.eu\/product\/feline-herpesvirus-fhv-calicivirus-fcv-test\/","name":"Feline Herpesvirus FHV + Feline Calicivirus CVF Test | Accudoctor","isPartOf":{"@id":"https:\/\/accudoctor.eu\/es_es\/#website"},"datePublished":"2023-06-23T09:25:59+00:00","dateModified":"2023-06-28T10:27:33+00:00","breadcrumb":{"@id":"https:\/\/accudoctor.eu\/product\/feline-herpesvirus-fhv-calicivirus-fcv-test\/#breadcrumb"},"inLanguage":"es","potentialAction":[{"@type":"ReadAction","target":["https:\/\/accudoctor.eu\/product\/feline-herpesvirus-fhv-calicivirus-fcv-test\/"]}]},{"@type":"BreadcrumbList","@id":"https:\/\/accudoctor.eu\/product\/feline-herpesvirus-fhv-calicivirus-fcv-test\/#breadcrumb","itemListElement":[{"@type":"ListItem","position":1,"name":"Portada","item":"https:\/\/accudoctor.eu\/"},{"@type":"ListItem","position":2,"name":"Store","item":"https:\/\/accudoctor.eu\/store\/"},{"@type":"ListItem","position":3,"name":"Feline Herpesvirus Ag + Feline Calicivirus Ag Test"}]},{"@type":"WebSite","@id":"https:\/\/accudoctor.eu\/es_es\/#website","url":"https:\/\/accudoctor.eu\/es_es\/","name":"Accudoctor","description":"Experts in diagnostic testing since 2011","publisher":{"@id":"https:\/\/accudoctor.eu\/es_es\/#organization"},"potentialAction":[{"@type":"SearchAction","target":{"@type":"EntryPoint","urlTemplate":"https:\/\/accudoctor.eu\/es_es\/?s={search_term_string}"},"query-input":"required name=search_term_string"}],"inLanguage":"es"},{"@type":"Organization","@id":"https:\/\/accudoctor.eu\/es_es\/#organization","name":"Accudoctor","url":"https:\/\/accudoctor.eu\/es_es\/","logo":{"@type":"ImageObject","inLanguage":"es","@id":"https:\/\/accudoctor.eu\/es_es\/#\/schema\/logo\/image\/","url":"https:\/\/accudoctor.eu\/wp-content\/uploads\/2023\/06\/LOGO400X400.png","contentUrl":"https:\/\/accudoctor.eu\/wp-content\/uploads\/2023\/06\/LOGO400X400.png","width":400,"height":400,"caption":"Accudoctor"},"image":{"@id":"https:\/\/accudoctor.eu\/es_es\/#\/schema\/logo\/image\/"}}]}},"_links":{"self":[{"href":"https:\/\/accudoctor.eu\/es\/wp-json\/wp\/v2\/product\/1765"}],"collection":[{"href":"https:\/\/accudoctor.eu\/es\/wp-json\/wp\/v2\/product"}],"about":[{"href":"https:\/\/accudoctor.eu\/es\/wp-json\/wp\/v2\/types\/product"}],"replies":[{"embeddable":true,"href":"https:\/\/accudoctor.eu\/es\/wp-json\/wp\/v2\/comments?post=1765"}],"version-history":[{"count":3,"href":"https:\/\/accudoctor.eu\/es\/wp-json\/wp\/v2\/product\/1765\/revisions"}],"predecessor-version":[{"id":1768,"href":"https:\/\/accudoctor.eu\/es\/wp-json\/wp\/v2\/product\/1765\/revisions\/1768"}],"wp:featuredmedia":[{"embeddable":true,"href":"https:\/\/accudoctor.eu\/es\/wp-json\/wp\/v2\/media\/1902"}],"wp:attachment":[{"href":"https:\/\/accudoctor.eu\/es\/wp-json\/wp\/v2\/media?parent=1765"}],"wp:term":[{"taxonomy":"product_cat","embeddable":true,"href":"https:\/\/accudoctor.eu\/es\/wp-json\/wp\/v2\/product_cat?post=1765"},{"taxonomy":"product_tag","embeddable":true,"href":"https:\/\/accudoctor.eu\/es\/wp-json\/wp\/v2\/product_tag?post=1765"}],"curies":[{"name":"wp","href":"https:\/\/api.w.org\/{rel}","templated":true}]}}