{"id":518,"date":"2023-04-17T23:26:10","date_gmt":"2023-04-17T23:26:10","guid":{"rendered":"https:\/\/accudoctor.eu\/?post_type=product&#038;p=518"},"modified":"2023-06-23T13:36:31","modified_gmt":"2023-06-23T13:36:31","slug":"pregnancy-rapid-test-hcg","status":"publish","type":"product","link":"https:\/\/accudoctor.eu\/es\/producto\/pregnancy-rapid-test-hcg\/","title":{"rendered":"Test de Embarazo HCG"},"content":{"rendered":"<div class=\"group w-full text-gray-800 dark:text-gray-100 border-b border-black\/10 dark:border-gray-900\/50 bg-gray-50 dark:bg-[#444654]\">\n<div class=\"flex p-4 gap-4 text-base md:gap-6 md:max-w-2xl lg:max-w-[38rem] xl:max-w-3xl md:py-6 lg:px-0 m-auto\">\n<div class=\"relative flex w-[calc(100%-50px)] flex-col gap-1 md:gap-3 lg:w-[calc(100%-115px)]\">\n<div class=\"flex flex-grow flex-col gap-3\">\n<div class=\"min-h-[20px] flex items-start overflow-x-auto whitespace-pre-wrap break-words flex-col gap-4\">\n<div class=\"markdown prose w-full break-words dark:prose-invert light\">\n<p>El Test de Embarazo Accudoctor ha sido dise\u00f1ado con tecnolog\u00eda avanzada para brindar resultados precisos. Est\u00e1 dise\u00f1ado para detectar la presencia de la hormona del embarazo, la gonadotropina cori\u00f3nica humana (hCG), en la orina de la mujer. Esta hormona se produce despu\u00e9s de la implantaci\u00f3n del embri\u00f3n en el \u00fatero y su concentraci\u00f3n aumenta r\u00e1pidamente durante las primeras semanas de embarazo.<\/p>\n<\/div>\n<\/div>\n<\/div>\n<\/div>\n<\/div>\n<\/div>\n<p>&nbsp;<\/p>\n<p>&nbsp;<\/p>\n<div class=\"qrcprowrapper\" style=\"text-align:left;\" id=\"qrcwraaerfileds\"><div class=\"qrc_qrcode\" style=\"display:inline-block\" data-text=\"https:\/\/accudoctor.eu\/es\/producto\/pregnancy-rapid-test-hcg\/\"><\/div><\/div>","protected":false},"excerpt":{"rendered":"<div class=\"group w-full text-gray-800 dark:text-gray-100 border-b border-black\/10 dark:border-gray-900\/50 bg-gray-50 dark:bg-[#444654]\">\n<div class=\"flex p-4 gap-4 text-base md:gap-6 md:max-w-2xl lg:max-w-[38rem] xl:max-w-3xl md:py-6 lg:px-0 m-auto\">\n<div class=\"relative flex w-[calc(100%-50px)] flex-col gap-1 md:gap-3 lg:w-[calc(100%-115px)]\">\n<div class=\"flex flex-grow flex-col gap-3\">\n<div class=\"min-h-[20px] flex items-start overflow-x-auto whitespace-pre-wrap break-words flex-col gap-4\">\n<div class=\"markdown prose w-full break-words dark:prose-invert light\">\n<p>El Test de Embarazo Accudoctor permite detectar niveles de hCG tan bajos como 10 mIU\/ml, lo que garantiza una mayor precisi\u00f3n en los resultados y su precisi\u00f3n en la detecci\u00f3n de la hormona hCG por debajo de 10 mIU es superior al 99% cuando se usa correctamente. Todos los test est\u00e1n envasados individualmente. Incluye instrucciones en 5 idiomas.<\/p>\n<p>&nbsp;<\/p>\n<\/div>\n<\/div>\n<\/div>\n<\/div>\n<\/div>\n<\/div>\n<table width=\"597\">\n<tbody>\n<tr>\n<td width=\"112\"><strong>Referencia<\/strong><\/td>\n<td width=\"80\"><strong>Analito<\/strong><\/td>\n<td width=\"80\"><strong>Formato<\/strong><\/td>\n<td width=\"80\"><strong>Muestra<\/strong><\/td>\n<td width=\"165\"><strong>Cut-Off<\/strong><\/td>\n<td width=\"80\"><strong>Tama\u00f1o<\/strong><\/td>\n<\/tr>\n<tr>\n<td>ADCO-101<\/td>\n<td>LH<\/td>\n<td>Tira<\/td>\n<td>Orina<\/td>\n<td>300 ng\/mL<\/td>\n<td>10T and 20T<\/td>\n<\/tr>\n<\/tbody>\n<\/table>","protected":false},"featured_media":1496,"comment_status":"open","ping_status":"closed","template":"","meta":[],"product_cat":[20,31],"product_tag":[],"acf":[],"yoast_head":"<!-- This site is optimized with the Yoast SEO plugin v20.9 - https:\/\/yoast.com\/wordpress\/plugins\/seo\/ -->\n<title>Pregnacny Test Strip HCG | Accudoctor<\/title>\n<meta name=\"description\" content=\"The Accudoctor Pregnancy Test allows for the detection of hCG levels as low as 10 mIU\/mL, ensuring higher accuracy in the results. Its accuracy in detecting hCG hormone levels below 10 mIU is above 99% when used correctly. Each test is individually packaged and includes instructions in 5 languages.\" \/>\n<meta name=\"robots\" content=\"index, follow, max-snippet:-1, max-image-preview:large, max-video-preview:-1\" \/>\n<link rel=\"canonical\" href=\"https:\/\/accudoctor.eu\/es\/producto\/pregnancy-rapid-test-hcg\/\" \/>\n<meta property=\"og:locale\" content=\"es_ES\" \/>\n<meta property=\"og:type\" content=\"article\" \/>\n<meta property=\"og:title\" content=\"Pregnacny Test Strip HCG | Accudoctor\" \/>\n<meta property=\"og:description\" content=\"The Accudoctor Pregnancy Test allows for the detection of hCG levels as low as 10 mIU\/mL, ensuring higher accuracy in the results. Its accuracy in detecting hCG hormone levels below 10 mIU is above 99% when used correctly. Each test is individually packaged and includes instructions in 5 languages.\" \/>\n<meta property=\"og:url\" content=\"https:\/\/accudoctor.eu\/es\/producto\/pregnancy-rapid-test-hcg\/\" \/>\n<meta property=\"og:site_name\" content=\"Accudoctor\" \/>\n<meta property=\"article:modified_time\" content=\"2023-06-23T13:36:31+00:00\" \/>\n<meta property=\"og:image\" content=\"https:\/\/accudoctor.eu\/wp-content\/uploads\/2023\/04\/af_03_p2-sin-ec-rep-2-scaled.jpg\" \/>\n\t<meta property=\"og:image:width\" content=\"2560\" \/>\n\t<meta property=\"og:image:height\" content=\"2334\" \/>\n\t<meta property=\"og:image:type\" content=\"image\/jpeg\" \/>\n<meta name=\"twitter:card\" content=\"summary_large_image\" \/>\n<meta name=\"twitter:label1\" content=\"Tiempo de lectura\" \/>\n\t<meta name=\"twitter:data1\" content=\"1 minuto\" \/>\n<script type=\"application\/ld+json\" class=\"yoast-schema-graph\">{\"@context\":\"https:\/\/schema.org\",\"@graph\":[{\"@type\":\"WebPage\",\"@id\":\"https:\/\/accudoctor.eu\/product\/pregnancy-rapid-test-hcg\/\",\"url\":\"https:\/\/accudoctor.eu\/product\/pregnancy-rapid-test-hcg\/\",\"name\":\"Pregnacny Test Strip HCG | Accudoctor\",\"isPartOf\":{\"@id\":\"https:\/\/accudoctor.eu\/es_es\/#website\"},\"datePublished\":\"2023-04-17T23:26:10+00:00\",\"dateModified\":\"2023-06-23T13:36:31+00:00\",\"description\":\"The Accudoctor Pregnancy Test allows for the detection of hCG levels as low as 10 mIU\/mL, ensuring higher accuracy in the results. Its accuracy in detecting hCG hormone levels below 10 mIU is above 99% when used correctly. Each test is individually packaged and includes instructions in 5 languages.\",\"breadcrumb\":{\"@id\":\"https:\/\/accudoctor.eu\/product\/pregnancy-rapid-test-hcg\/#breadcrumb\"},\"inLanguage\":\"es\",\"potentialAction\":[{\"@type\":\"ReadAction\",\"target\":[\"https:\/\/accudoctor.eu\/product\/pregnancy-rapid-test-hcg\/\"]}]},{\"@type\":\"BreadcrumbList\",\"@id\":\"https:\/\/accudoctor.eu\/product\/pregnancy-rapid-test-hcg\/#breadcrumb\",\"itemListElement\":[{\"@type\":\"ListItem\",\"position\":1,\"name\":\"Portada\",\"item\":\"https:\/\/accudoctor.eu\/\"},{\"@type\":\"ListItem\",\"position\":2,\"name\":\"Store\",\"item\":\"https:\/\/accudoctor.eu\/store\/\"},{\"@type\":\"ListItem\",\"position\":3,\"name\":\"Pregnancy Rapid Test HCG\"}]},{\"@type\":\"WebSite\",\"@id\":\"https:\/\/accudoctor.eu\/es_es\/#website\",\"url\":\"https:\/\/accudoctor.eu\/es_es\/\",\"name\":\"Accudoctor\",\"description\":\"Experts in diagnostic testing since 2011\",\"publisher\":{\"@id\":\"https:\/\/accudoctor.eu\/es_es\/#organization\"},\"potentialAction\":[{\"@type\":\"SearchAction\",\"target\":{\"@type\":\"EntryPoint\",\"urlTemplate\":\"https:\/\/accudoctor.eu\/es_es\/?s={search_term_string}\"},\"query-input\":\"required name=search_term_string\"}],\"inLanguage\":\"es\"},{\"@type\":\"Organization\",\"@id\":\"https:\/\/accudoctor.eu\/es_es\/#organization\",\"name\":\"Accudoctor\",\"url\":\"https:\/\/accudoctor.eu\/es_es\/\",\"logo\":{\"@type\":\"ImageObject\",\"inLanguage\":\"es\",\"@id\":\"https:\/\/accudoctor.eu\/es_es\/#\/schema\/logo\/image\/\",\"url\":\"https:\/\/accudoctor.eu\/wp-content\/uploads\/2023\/06\/LOGO400X400.png\",\"contentUrl\":\"https:\/\/accudoctor.eu\/wp-content\/uploads\/2023\/06\/LOGO400X400.png\",\"width\":400,\"height\":400,\"caption\":\"Accudoctor\"},\"image\":{\"@id\":\"https:\/\/accudoctor.eu\/es_es\/#\/schema\/logo\/image\/\"}}]}<\/script>\n<!-- \/ Yoast SEO plugin. -->","yoast_head_json":{"title":"Pregnacny Test Strip HCG | Accudoctor","description":"The Accudoctor Pregnancy Test allows for the detection of hCG levels as low as 10 mIU\/mL, ensuring higher accuracy in the results. Its accuracy in detecting hCG hormone levels below 10 mIU is above 99% when used correctly. Each test is individually packaged and includes instructions in 5 languages.","robots":{"index":"index","follow":"follow","max-snippet":"max-snippet:-1","max-image-preview":"max-image-preview:large","max-video-preview":"max-video-preview:-1"},"canonical":"https:\/\/accudoctor.eu\/es\/producto\/pregnancy-rapid-test-hcg\/","og_locale":"es_ES","og_type":"article","og_title":"Pregnacny Test Strip HCG | Accudoctor","og_description":"The Accudoctor Pregnancy Test allows for the detection of hCG levels as low as 10 mIU\/mL, ensuring higher accuracy in the results. Its accuracy in detecting hCG hormone levels below 10 mIU is above 99% when used correctly. Each test is individually packaged and includes instructions in 5 languages.","og_url":"https:\/\/accudoctor.eu\/es\/producto\/pregnancy-rapid-test-hcg\/","og_site_name":"Accudoctor","article_modified_time":"2023-06-23T13:36:31+00:00","og_image":[{"width":2560,"height":2334,"url":"https:\/\/accudoctor.eu\/wp-content\/uploads\/2023\/04\/af_03_p2-sin-ec-rep-2-scaled.jpg","type":"image\/jpeg"}],"twitter_card":"summary_large_image","twitter_misc":{"Tiempo de lectura":"1 minuto"},"schema":{"@context":"https:\/\/schema.org","@graph":[{"@type":"WebPage","@id":"https:\/\/accudoctor.eu\/product\/pregnancy-rapid-test-hcg\/","url":"https:\/\/accudoctor.eu\/product\/pregnancy-rapid-test-hcg\/","name":"Pregnacny Test Strip HCG | Accudoctor","isPartOf":{"@id":"https:\/\/accudoctor.eu\/es_es\/#website"},"datePublished":"2023-04-17T23:26:10+00:00","dateModified":"2023-06-23T13:36:31+00:00","description":"The Accudoctor Pregnancy Test allows for the detection of hCG levels as low as 10 mIU\/mL, ensuring higher accuracy in the results. Its accuracy in detecting hCG hormone levels below 10 mIU is above 99% when used correctly. Each test is individually packaged and includes instructions in 5 languages.","breadcrumb":{"@id":"https:\/\/accudoctor.eu\/product\/pregnancy-rapid-test-hcg\/#breadcrumb"},"inLanguage":"es","potentialAction":[{"@type":"ReadAction","target":["https:\/\/accudoctor.eu\/product\/pregnancy-rapid-test-hcg\/"]}]},{"@type":"BreadcrumbList","@id":"https:\/\/accudoctor.eu\/product\/pregnancy-rapid-test-hcg\/#breadcrumb","itemListElement":[{"@type":"ListItem","position":1,"name":"Portada","item":"https:\/\/accudoctor.eu\/"},{"@type":"ListItem","position":2,"name":"Store","item":"https:\/\/accudoctor.eu\/store\/"},{"@type":"ListItem","position":3,"name":"Pregnancy Rapid Test HCG"}]},{"@type":"WebSite","@id":"https:\/\/accudoctor.eu\/es_es\/#website","url":"https:\/\/accudoctor.eu\/es_es\/","name":"Accudoctor","description":"Experts in diagnostic testing since 2011","publisher":{"@id":"https:\/\/accudoctor.eu\/es_es\/#organization"},"potentialAction":[{"@type":"SearchAction","target":{"@type":"EntryPoint","urlTemplate":"https:\/\/accudoctor.eu\/es_es\/?s={search_term_string}"},"query-input":"required name=search_term_string"}],"inLanguage":"es"},{"@type":"Organization","@id":"https:\/\/accudoctor.eu\/es_es\/#organization","name":"Accudoctor","url":"https:\/\/accudoctor.eu\/es_es\/","logo":{"@type":"ImageObject","inLanguage":"es","@id":"https:\/\/accudoctor.eu\/es_es\/#\/schema\/logo\/image\/","url":"https:\/\/accudoctor.eu\/wp-content\/uploads\/2023\/06\/LOGO400X400.png","contentUrl":"https:\/\/accudoctor.eu\/wp-content\/uploads\/2023\/06\/LOGO400X400.png","width":400,"height":400,"caption":"Accudoctor"},"image":{"@id":"https:\/\/accudoctor.eu\/es_es\/#\/schema\/logo\/image\/"}}]}},"_links":{"self":[{"href":"https:\/\/accudoctor.eu\/es\/wp-json\/wp\/v2\/product\/518"}],"collection":[{"href":"https:\/\/accudoctor.eu\/es\/wp-json\/wp\/v2\/product"}],"about":[{"href":"https:\/\/accudoctor.eu\/es\/wp-json\/wp\/v2\/types\/product"}],"replies":[{"embeddable":true,"href":"https:\/\/accudoctor.eu\/es\/wp-json\/wp\/v2\/comments?post=518"}],"version-history":[{"count":9,"href":"https:\/\/accudoctor.eu\/es\/wp-json\/wp\/v2\/product\/518\/revisions"}],"predecessor-version":[{"id":1817,"href":"https:\/\/accudoctor.eu\/es\/wp-json\/wp\/v2\/product\/518\/revisions\/1817"}],"wp:featuredmedia":[{"embeddable":true,"href":"https:\/\/accudoctor.eu\/es\/wp-json\/wp\/v2\/media\/1496"}],"wp:attachment":[{"href":"https:\/\/accudoctor.eu\/es\/wp-json\/wp\/v2\/media?parent=518"}],"wp:term":[{"taxonomy":"product_cat","embeddable":true,"href":"https:\/\/accudoctor.eu\/es\/wp-json\/wp\/v2\/product_cat?post=518"},{"taxonomy":"product_tag","embeddable":true,"href":"https:\/\/accudoctor.eu\/es\/wp-json\/wp\/v2\/product_tag?post=518"}],"curies":[{"name":"wp","href":"https:\/\/api.w.org\/{rel}","templated":true}]}}