{"id":580,"date":"2023-04-18T13:00:36","date_gmt":"2023-04-18T13:00:36","guid":{"rendered":"https:\/\/accudoctor.eu\/?post_type=product&#038;p=580"},"modified":"2026-02-24T20:38:25","modified_gmt":"2026-02-24T20:38:25","slug":"cocaine-rapid-test","status":"publish","type":"product","link":"https:\/\/accudoctor.eu\/es\/producto\/cocaine-rapid-test\/","title":{"rendered":"Test R\u00e1pido de Coca\u00edna a Tiras"},"content":{"rendered":"<div class=\"group w-full text-gray-800 dark:text-gray-100 border-b border-black\/10 dark:border-gray-900\/50 bg-gray-50 dark:bg-[#444654]\">\n<div class=\"flex p-4 gap-4 text-base md:gap-6 md:max-w-2xl lg:max-w-[38rem] xl:max-w-3xl md:py-6 lg:px-0 m-auto\">\n<div class=\"relative flex w-[calc(100%-50px)] flex-col gap-1 md:gap-3 lg:w-[calc(100%-115px)]\">\n<div class=\"flex flex-grow flex-col gap-3\">\n<div class=\"min-h-[20px] flex items-start overflow-x-auto whitespace-pre-wrap break-words flex-col gap-4\">\n<div class=\"markdown prose w-full break-words dark:prose-invert light\">\n<p>El Test R\u00e1pido de Coca\u00edna a Tiras Accudoctor es una herramienta utilizada para detectar de la coca\u00edna y sus metabolitos en muestras de orina. El test a tiras de coca\u00edna utiliza tiras reactivas que contienen anticuerpos espec\u00edficos que se unen a los metabolitos de la coca\u00edna presentes en la orina. Estos metabolitos son sustancias qu\u00edmicas producidas por el cuerpo despu\u00e9s del consumo de coca\u00edna, y su detecci\u00f3n es una forma segura para indicar la presencia de la droga en el organismo.<\/p>\n<\/div>\n<\/div>\n<\/div>\n<\/div>\n<\/div>\n<\/div>\n<div class=\"group w-full text-gray-800 dark:text-gray-100 border-b border-black\/10 dark:border-gray-900\/50 dark:bg-gray-800\">\n<div class=\"flex p-4 gap-4 text-base md:gap-6 md:max-w-2xl lg:max-w-[38rem] xl:max-w-3xl md:py-6 lg:px-0 m-auto\">\n<div class=\"flex-shrink-0 flex flex-col relative items-end\">\n<div class=\"w-[30px]\">\n<div class=\"relative flex\"><\/div>\n<\/div>\n<\/div>\n<\/div>\n<\/div>\n<p>&nbsp;<\/p>\n<div class=\"qrcprowrapper\" style=\"text-align:left;\" id=\"qrcwraaerfileds\"><div class=\"qrc_qrcode\" style=\"display:inline-block\" data-text=\"https:\/\/accudoctor.eu\/es\/producto\/cocaine-rapid-test\/\"><\/div><\/div>","protected":false},"excerpt":{"rendered":"<div class=\"group w-full text-gray-800 dark:text-gray-100 border-b border-black\/10 dark:border-gray-900\/50 bg-gray-50 dark:bg-[#444654]\">\n<div class=\"flex p-4 gap-4 text-base md:gap-6 md:max-w-2xl lg:max-w-[38rem] xl:max-w-3xl md:py-6 lg:px-0 m-auto\">\n<div class=\"relative flex w-[calc(100%-50px)] flex-col gap-1 md:gap-3 lg:w-[calc(100%-115px)]\">\n<div class=\"flex flex-grow flex-col gap-3\">\n<div class=\"min-h-[20px] flex items-start overflow-x-auto whitespace-pre-wrap break-words flex-col gap-4\">\n<div class=\"markdown prose w-full break-words dark:prose-invert light\">\n<p>El Test R\u00e1pido de Coca\u00edna a Tiras Accudoctor muestra un resultado positivo si la concentraci\u00f3n de la benzoilecgonina, principal metabolito de la de coca\u00edna en la muestra de orina es igual o mayor a 300 ng\/mL. Si el resultado del test cumple o supera este umbral, se considerar\u00e1 positivo. Las tiras vienen empaquetadas individualmente e incluyen instrucciones en 5 idiomas.<\/p>\n<p>&nbsp;<\/p>\n<\/div>\n<\/div>\n<\/div>\n<\/div>\n<\/div>\n<\/div>\n<table style=\"height: 75px;\" width=\"649\">\n<tbody>\n<tr>\n<td width=\"112\"><strong>Referencia<\/strong><\/td>\n<td width=\"80\"><strong>Analito<\/strong><\/td>\n<td width=\"80\"><strong>Formato<\/strong><\/td>\n<td width=\"80\"><strong>Muestra<\/strong><\/td>\n<td width=\"165\"><strong>Cut-Off<\/strong><\/td>\n<td width=\"80\"><strong>Tama\u00f1o<\/strong><\/td>\n<\/tr>\n<tr>\n<td>ADCO-101<\/td>\n<td>Benzoilecgonina<\/td>\n<td>Tira<\/td>\n<td>Orina<\/td>\n<td>300 ng\/mL<\/td>\n<td>10T and 25T<\/td>\n<\/tr>\n<\/tbody>\n<\/table>\n<p>&nbsp;<\/p>","protected":false},"featured_media":2192,"comment_status":"open","ping_status":"closed","template":"","meta":[],"product_cat":[25,34],"product_tag":[],"acf":[],"yoast_head":"<!-- This site is optimized with the Yoast SEO plugin v20.9 - https:\/\/yoast.com\/wordpress\/plugins\/seo\/ -->\n<title>Cocaine Rapid Drug Test Dipstick | Accudoctor<\/title>\n<meta name=\"description\" content=\"The Accudoctor Cocaine Rapid Test Dipstick is a tool used to detect the presence of cocaine or its metabolites in a person&#039;s urine sample. The cocaine strip test utilizes reactive strips that contain specific antibodies that bind to cocaine metabolites present in the urine. These metabolites are chemical substances produced by the body after the consumption of cocaine, and their detection indicates the presence of the drug in the organism.\" \/>\n<meta name=\"robots\" content=\"index, follow, max-snippet:-1, max-image-preview:large, max-video-preview:-1\" \/>\n<link rel=\"canonical\" href=\"https:\/\/accudoctor.eu\/es\/producto\/cocaine-rapid-test\/\" \/>\n<meta property=\"og:locale\" content=\"es_ES\" \/>\n<meta property=\"og:type\" content=\"article\" \/>\n<meta property=\"og:title\" content=\"Cocaine Rapid Drug Test Dipstick | Accudoctor\" \/>\n<meta property=\"og:description\" content=\"The Accudoctor Cocaine Rapid Test Dipstick is a tool used to detect the presence of cocaine or its metabolites in a person&#039;s urine sample. The cocaine strip test utilizes reactive strips that contain specific antibodies that bind to cocaine metabolites present in the urine. These metabolites are chemical substances produced by the body after the consumption of cocaine, and their detection indicates the presence of the drug in the organism.\" \/>\n<meta property=\"og:url\" content=\"https:\/\/accudoctor.eu\/es\/producto\/cocaine-rapid-test\/\" \/>\n<meta property=\"og:site_name\" content=\"Accudoctor\" \/>\n<meta property=\"article:modified_time\" content=\"2026-02-24T20:38:25+00:00\" \/>\n<meta property=\"og:image\" content=\"https:\/\/accudoctor.eu\/wp-content\/uploads\/2023\/04\/INF.-8-6.png\" \/>\n\t<meta property=\"og:image:width\" content=\"1200\" \/>\n\t<meta property=\"og:image:height\" content=\"1200\" \/>\n\t<meta property=\"og:image:type\" content=\"image\/png\" \/>\n<meta name=\"twitter:card\" content=\"summary_large_image\" \/>\n<meta name=\"twitter:label1\" content=\"Tiempo de lectura\" \/>\n\t<meta name=\"twitter:data1\" content=\"1 minuto\" \/>\n<script type=\"application\/ld+json\" class=\"yoast-schema-graph\">{\"@context\":\"https:\/\/schema.org\",\"@graph\":[{\"@type\":\"WebPage\",\"@id\":\"https:\/\/accudoctor.eu\/product\/cocaine-rapid-test\/\",\"url\":\"https:\/\/accudoctor.eu\/product\/cocaine-rapid-test\/\",\"name\":\"Cocaine Rapid Drug Test Dipstick | Accudoctor\",\"isPartOf\":{\"@id\":\"https:\/\/accudoctor.eu\/es_es\/#website\"},\"datePublished\":\"2023-04-18T13:00:36+00:00\",\"dateModified\":\"2026-02-24T20:38:25+00:00\",\"description\":\"The Accudoctor Cocaine Rapid Test Dipstick is a tool used to detect the presence of cocaine or its metabolites in a person's urine sample. The cocaine strip test utilizes reactive strips that contain specific antibodies that bind to cocaine metabolites present in the urine. These metabolites are chemical substances produced by the body after the consumption of cocaine, and their detection indicates the presence of the drug in the organism.\",\"breadcrumb\":{\"@id\":\"https:\/\/accudoctor.eu\/product\/cocaine-rapid-test\/#breadcrumb\"},\"inLanguage\":\"es\",\"potentialAction\":[{\"@type\":\"ReadAction\",\"target\":[\"https:\/\/accudoctor.eu\/product\/cocaine-rapid-test\/\"]}]},{\"@type\":\"BreadcrumbList\",\"@id\":\"https:\/\/accudoctor.eu\/product\/cocaine-rapid-test\/#breadcrumb\",\"itemListElement\":[{\"@type\":\"ListItem\",\"position\":1,\"name\":\"Portada\",\"item\":\"https:\/\/accudoctor.eu\/\"},{\"@type\":\"ListItem\",\"position\":2,\"name\":\"Store\",\"item\":\"https:\/\/accudoctor.eu\/store\/\"},{\"@type\":\"ListItem\",\"position\":3,\"name\":\"Cocaine Rapid Test\"}]},{\"@type\":\"WebSite\",\"@id\":\"https:\/\/accudoctor.eu\/es_es\/#website\",\"url\":\"https:\/\/accudoctor.eu\/es_es\/\",\"name\":\"Accudoctor\",\"description\":\"Experts in diagnostic testing since 2011\",\"publisher\":{\"@id\":\"https:\/\/accudoctor.eu\/es_es\/#organization\"},\"potentialAction\":[{\"@type\":\"SearchAction\",\"target\":{\"@type\":\"EntryPoint\",\"urlTemplate\":\"https:\/\/accudoctor.eu\/es_es\/?s={search_term_string}\"},\"query-input\":\"required name=search_term_string\"}],\"inLanguage\":\"es\"},{\"@type\":\"Organization\",\"@id\":\"https:\/\/accudoctor.eu\/es_es\/#organization\",\"name\":\"Accudoctor\",\"url\":\"https:\/\/accudoctor.eu\/es_es\/\",\"logo\":{\"@type\":\"ImageObject\",\"inLanguage\":\"es\",\"@id\":\"https:\/\/accudoctor.eu\/es_es\/#\/schema\/logo\/image\/\",\"url\":\"https:\/\/accudoctor.eu\/wp-content\/uploads\/2023\/06\/LOGO400X400.png\",\"contentUrl\":\"https:\/\/accudoctor.eu\/wp-content\/uploads\/2023\/06\/LOGO400X400.png\",\"width\":400,\"height\":400,\"caption\":\"Accudoctor\"},\"image\":{\"@id\":\"https:\/\/accudoctor.eu\/es_es\/#\/schema\/logo\/image\/\"}}]}<\/script>\n<!-- \/ Yoast SEO plugin. -->","yoast_head_json":{"title":"Cocaine Rapid Drug Test Dipstick | Accudoctor","description":"The Accudoctor Cocaine Rapid Test Dipstick is a tool used to detect the presence of cocaine or its metabolites in a person's urine sample. The cocaine strip test utilizes reactive strips that contain specific antibodies that bind to cocaine metabolites present in the urine. These metabolites are chemical substances produced by the body after the consumption of cocaine, and their detection indicates the presence of the drug in the organism.","robots":{"index":"index","follow":"follow","max-snippet":"max-snippet:-1","max-image-preview":"max-image-preview:large","max-video-preview":"max-video-preview:-1"},"canonical":"https:\/\/accudoctor.eu\/es\/producto\/cocaine-rapid-test\/","og_locale":"es_ES","og_type":"article","og_title":"Cocaine Rapid Drug Test Dipstick | Accudoctor","og_description":"The Accudoctor Cocaine Rapid Test Dipstick is a tool used to detect the presence of cocaine or its metabolites in a person's urine sample. The cocaine strip test utilizes reactive strips that contain specific antibodies that bind to cocaine metabolites present in the urine. These metabolites are chemical substances produced by the body after the consumption of cocaine, and their detection indicates the presence of the drug in the organism.","og_url":"https:\/\/accudoctor.eu\/es\/producto\/cocaine-rapid-test\/","og_site_name":"Accudoctor","article_modified_time":"2026-02-24T20:38:25+00:00","og_image":[{"width":1200,"height":1200,"url":"https:\/\/accudoctor.eu\/wp-content\/uploads\/2023\/04\/INF.-8-6.png","type":"image\/png"}],"twitter_card":"summary_large_image","twitter_misc":{"Tiempo de lectura":"1 minuto"},"schema":{"@context":"https:\/\/schema.org","@graph":[{"@type":"WebPage","@id":"https:\/\/accudoctor.eu\/product\/cocaine-rapid-test\/","url":"https:\/\/accudoctor.eu\/product\/cocaine-rapid-test\/","name":"Cocaine Rapid Drug Test Dipstick | Accudoctor","isPartOf":{"@id":"https:\/\/accudoctor.eu\/es_es\/#website"},"datePublished":"2023-04-18T13:00:36+00:00","dateModified":"2026-02-24T20:38:25+00:00","description":"The Accudoctor Cocaine Rapid Test Dipstick is a tool used to detect the presence of cocaine or its metabolites in a person's urine sample. The cocaine strip test utilizes reactive strips that contain specific antibodies that bind to cocaine metabolites present in the urine. These metabolites are chemical substances produced by the body after the consumption of cocaine, and their detection indicates the presence of the drug in the organism.","breadcrumb":{"@id":"https:\/\/accudoctor.eu\/product\/cocaine-rapid-test\/#breadcrumb"},"inLanguage":"es","potentialAction":[{"@type":"ReadAction","target":["https:\/\/accudoctor.eu\/product\/cocaine-rapid-test\/"]}]},{"@type":"BreadcrumbList","@id":"https:\/\/accudoctor.eu\/product\/cocaine-rapid-test\/#breadcrumb","itemListElement":[{"@type":"ListItem","position":1,"name":"Portada","item":"https:\/\/accudoctor.eu\/"},{"@type":"ListItem","position":2,"name":"Store","item":"https:\/\/accudoctor.eu\/store\/"},{"@type":"ListItem","position":3,"name":"Cocaine Rapid Test"}]},{"@type":"WebSite","@id":"https:\/\/accudoctor.eu\/es_es\/#website","url":"https:\/\/accudoctor.eu\/es_es\/","name":"Accudoctor","description":"Experts in diagnostic testing since 2011","publisher":{"@id":"https:\/\/accudoctor.eu\/es_es\/#organization"},"potentialAction":[{"@type":"SearchAction","target":{"@type":"EntryPoint","urlTemplate":"https:\/\/accudoctor.eu\/es_es\/?s={search_term_string}"},"query-input":"required name=search_term_string"}],"inLanguage":"es"},{"@type":"Organization","@id":"https:\/\/accudoctor.eu\/es_es\/#organization","name":"Accudoctor","url":"https:\/\/accudoctor.eu\/es_es\/","logo":{"@type":"ImageObject","inLanguage":"es","@id":"https:\/\/accudoctor.eu\/es_es\/#\/schema\/logo\/image\/","url":"https:\/\/accudoctor.eu\/wp-content\/uploads\/2023\/06\/LOGO400X400.png","contentUrl":"https:\/\/accudoctor.eu\/wp-content\/uploads\/2023\/06\/LOGO400X400.png","width":400,"height":400,"caption":"Accudoctor"},"image":{"@id":"https:\/\/accudoctor.eu\/es_es\/#\/schema\/logo\/image\/"}}]}},"_links":{"self":[{"href":"https:\/\/accudoctor.eu\/es\/wp-json\/wp\/v2\/product\/580"}],"collection":[{"href":"https:\/\/accudoctor.eu\/es\/wp-json\/wp\/v2\/product"}],"about":[{"href":"https:\/\/accudoctor.eu\/es\/wp-json\/wp\/v2\/types\/product"}],"replies":[{"embeddable":true,"href":"https:\/\/accudoctor.eu\/es\/wp-json\/wp\/v2\/comments?post=580"}],"version-history":[{"count":8,"href":"https:\/\/accudoctor.eu\/es\/wp-json\/wp\/v2\/product\/580\/revisions"}],"predecessor-version":[{"id":1507,"href":"https:\/\/accudoctor.eu\/es\/wp-json\/wp\/v2\/product\/580\/revisions\/1507"}],"wp:featuredmedia":[{"embeddable":true,"href":"https:\/\/accudoctor.eu\/es\/wp-json\/wp\/v2\/media\/2192"}],"wp:attachment":[{"href":"https:\/\/accudoctor.eu\/es\/wp-json\/wp\/v2\/media?parent=580"}],"wp:term":[{"taxonomy":"product_cat","embeddable":true,"href":"https:\/\/accudoctor.eu\/es\/wp-json\/wp\/v2\/product_cat?post=580"},{"taxonomy":"product_tag","embeddable":true,"href":"https:\/\/accudoctor.eu\/es\/wp-json\/wp\/v2\/product_tag?post=580"}],"curies":[{"name":"wp","href":"https:\/\/api.w.org\/{rel}","templated":true}]}}