{"id":1289,"date":"2023-05-16T18:44:29","date_gmt":"2023-05-16T18:44:29","guid":{"rendered":"https:\/\/accudoctor.eu\/?page_id=1289"},"modified":"2023-06-27T15:09:33","modified_gmt":"2023-06-27T15:09:33","slug":"legal-notice","status":"publish","type":"page","link":"https:\/\/accudoctor.eu\/fr\/legal-notice\/","title":{"rendered":"Legal Notice"},"content":{"rendered":"<h2>Legal Notice<\/h2>\n<p>Conform\u00e9ment \u00e0 l'article 10 de la loi 34\/2002 du 11 juillet sur les services de la soci\u00e9t\u00e9 de l'information et du commerce \u00e9lectronique, le titulaire expose ses donn\u00e9es d'identification.<\/p>\n<ul>\n<li>Smabii Ventures SL<\/li>\n<li>NIF:\u00a0B72380637<\/li>\n<li>Calle Torre 3, At 11003 C\u00e1diz<\/li>\n<li>Email:\u00a0info@accudoctor.eu<\/li>\n<li>Web: www.accudoctor.eu<\/li>\n<\/ul>\n<p>Finalit\u00e9<br \/>\nLe site Web URL a pour objet la vente et l'exposition de notre catalogue de tests de diagnostic.<\/p>\n<p>Conditions d'Utilisation<br \/>\nL'utilisation du site Web vous conf\u00e8re la condition d'utilisateur et implique l'acceptation compl\u00e8te de toutes les clauses et conditions d'utilisation incluses dans les pages\u00a0:<\/p>\n<ul>\n<li>Avis juridique<\/li>\n<li>Privacy Policy<\/li>\n<li>Politique de cookies<\/li>\n<\/ul>\n<p>Si vous n'\u00eates pas satisfait de chacune de ces clauses et conditions, abstenez-vous d'utiliser ce site Web.<br \/>\nL'acc\u00e8s \u00e0 ce site Web n'implique en aucun cas le d\u00e9but d'une relation commerciale avec le propri\u00e9taire.<br \/>\nPar le biais de ce site Web, le Propri\u00e9taire facilite l'acc\u00e8s et l'utilisation de divers contenus que le Propri\u00e9taire ou ses collaborateurs ont publi\u00e9s sur Internet.<br \/>\n\u00c0 cette fin, vous \u00eates oblig\u00e9 et engag\u00e9 \u00e0 NE PAS utiliser le contenu du site Web \u00e0 des fins ou effets ill\u00e9gaux, interdits dans les pr\u00e9sentes mentions l\u00e9gales ou par la l\u00e9gislation en vigueur, pr\u00e9judiciables aux droits et int\u00e9r\u00eats de tiers, ou qui de quelque mani\u00e8re que ce soit peut endommager, d\u00e9sactiver, surcharger, d\u00e9t\u00e9riorer ou emp\u00eacher l'utilisation normale du contenu, de l'\u00e9quipement informatique ou des documents, fichiers et toutes sortes de contenus stock\u00e9s sur tout \u00e9quipement informatique d\u00e9tenu ou contract\u00e9 par le Propri\u00e9taire, d'autres utilisateurs ou tout utilisateur d'Internet.<\/p>\n<p id=\"medidas-de-seguridad\">Mesure de s\u00e9curit\u00e9<br \/>\nLes donn\u00e9es personnelles que vous fournissez au Titulaire peuvent \u00eatre stock\u00e9es dans des bases de donn\u00e9es automatis\u00e9es ou non, dont la propri\u00e9t\u00e9 correspond exclusivement au Titulaire, qui assume toutes les mesures techniques, organisationnelles et de s\u00e9curit\u00e9 garantissant la confidentialit\u00e9, l'int\u00e9grit\u00e9 et la qualit\u00e9 des informations qui y sont contenues conform\u00e9ment \u00e0 les dispositions de la r\u00e9glementation en vigueur sur la protection des donn\u00e9es.<\/p>\n<p>Cependant, vous devez \u00eatre conscient que les mesures de s\u00e9curit\u00e9 des syst\u00e8mes informatiques sur Internet ne sont pas enti\u00e8rement fiables et que, par cons\u00e9quent, le Propri\u00e9taire ne peut garantir l'absence de virus ou d'autres \u00e9l\u00e9ments pouvant entra\u00eener des alt\u00e9rations des syst\u00e8mes informatiques (logiciels et mat\u00e9riels) du Utilisateur ou dans leurs documents et fichiers \u00e9lectroniques qui y sont contenus, bien que le Propri\u00e9taire mette tous les moyens n\u00e9cessaires et prenne les mesures de s\u00e9curit\u00e9 appropri\u00e9es pour \u00e9viter la pr\u00e9sence de ces \u00e9l\u00e9ments nuisibles.<\/p>\n<p id=\"datos-personales\">Informations personnelles<br \/>\nVous pouvez consulter toutes les informations relatives au traitement des donn\u00e9es personnelles que le Propri\u00e9taire collecte sur la page Politique de confidentialit\u00e9.<\/p>\n<p id=\"contenidos\">Contenu<br \/>\nLe propri\u00e9taire a obtenu les informations, le contenu multim\u00e9dia et les mat\u00e9riaux inclus dans le site Web \u00e0 partir de sources qu'il consid\u00e8re fiables, mais, bien qu'il ait pris toutes les mesures raisonnables pour s'assurer que les informations contenues sont correctes, le propri\u00e9taire ne garantit pas leur exactitude. , compl\u00e8te ou mise \u00e0 jour. Le propri\u00e9taire d\u00e9cline express\u00e9ment toute responsabilit\u00e9 pour les erreurs ou omissions dans les informations contenues dans les pages de ce site.<\/p>\n<p>Il est interdit de transmettre ou d'envoyer via le site Web tout contenu ill\u00e9gal ou illicite, virus informatiques ou messages qui, en g\u00e9n\u00e9ral, affectent ou violent les droits du propri\u00e9taire ou de tiers.<br \/>\nLe contenu du Site est \u00e0 titre informatif et ne doit en aucun cas \u00eatre utilis\u00e9 ou consid\u00e9r\u00e9 comme une offre de vente, une demande d'offre d'achat ou une recommandation d'effectuer toute autre op\u00e9ration, sauf indication expresse.<br \/>\nThe Owner reserves the right to modify, suspend, cancel or restrict the content of the Website, the links or the information obtained through the Website, without the need for prior notice.<br \/>\nLe propri\u00e9taire n'est pas responsable des dommages pouvant r\u00e9sulter de l'utilisation des informations sur le site Web ou de celles contenues dans les r\u00e9seaux sociaux du propri\u00e9taire.<\/p>\n<p id=\"pol\u00edtica-de-cookies\">Politique de cookies<br \/>\nSur la page Politique de cookies, vous pouvez consulter toutes les informations relatives \u00e0 la politique de collecte et de traitement des cookies.<\/p>\n<p>Le propri\u00e9taire obtient et conserve uniquement les informations suivantes sur les visiteurs du site Web\u00a0:<\/p>\n<ul>\n<li>Le nom de domaine (PSI) et\/ou l'adresse IP du fournisseur qui lui donne acc\u00e8s au r\u00e9seau.<\/li>\n<li>La date et l'heure d'acc\u00e8s au site Web.<\/li>\n<li>L'adresse Internet du lien menant au site Web.<\/li>\n<li>Le nombre de visiteurs quotidiens de chaque section.<\/li>\n<li>Les informations obtenues sont totalement anonymes et ne peuvent en aucun cas \u00eatre associ\u00e9es \u00e0 un Utilisateur sp\u00e9cifique et identifi\u00e9.<\/li>\n<\/ul>\n<p id=\"enlaces-de-inter\u00e9s-a-otros-sitios-web\">Liens d'int\u00e9r\u00eat vers d'autres sites Web.<br \/>\nLe propri\u00e9taire peut vous donner acc\u00e8s \u00e0 des sites Web tiers par le biais de liens dans le but d'informer de l'existence d'autres sources d'informations sur Internet dans lesquelles vous pouvez \u00e9tendre les donn\u00e9es propos\u00e9es sur le site Web.<\/p>\n<p>Ces liens vers d'autres sites Web n'impliquent en aucun cas une suggestion ou une recommandation pour vous de visiter les pages Web de destination, qui \u00e9chappent au contr\u00f4le du Propri\u00e9taire, de sorte que le Propri\u00e9taire n'est pas responsable du contenu des sites Web li\u00e9s ou du r\u00e9sultat que vous obtenir en suivant les liens.<br \/>\nDe m\u00eame, le propri\u00e9taire n'est pas responsable des liens ou des liens situ\u00e9s sur les sites Web li\u00e9s auxquels il donne acc\u00e8s.<br \/>\nL'\u00e9tablissement du lien n'implique en aucun cas l'existence de relations entre le Propri\u00e9taire et le propri\u00e9taire du site dans lequel le lien est \u00e9tabli, ni l'acceptation ou l'approbation par le Propri\u00e9taire de son contenu ou de ses services.<br \/>\nSi vous acc\u00e9dez \u00e0 un site Web externe \u00e0 partir d'un lien trouv\u00e9 sur le site Web, vous devez lire la politique de confidentialit\u00e9 de l'autre site Web, qui peut \u00eatre diff\u00e9rente de celle de ce site Web.<\/p>\n<p id=\"contacto\">Contact<br \/>\nIn caso di domande sulle presenti Condizioni legali o se si desidera fare commenti su questo sito Web, \u00e8 possibile inviare un'e-mail a info@accudoctor.eu<\/p>\n<div class=\"qrcprowrapper\" style=\"text-align:left;\" id=\"qrcwraaerfileds\"><div class=\"qrc_qrcode\" style=\"display:inline-block\" data-text=\"https:\/\/accudoctor.eu\/fr\/legal-notice\/\"><\/div><\/div>","protected":false},"excerpt":{"rendered":"<p>Legal Notice In compliance with article 10 of Law 34 \/ 2002, of July 11, on Services of the Information Society and Electronic Commerce, the Holder exposes his identification data. Smabii Ventures SL NIF:\u00a0B72380637 Calle Torre 3, At 11003 C\u00e1diz Email:\u00a0info@accudoctor.eu Web: www.accudoctor.eu Purpose The purpose of the URL website is the sale and exhibition [&hellip;]<\/p>","protected":false},"author":1,"featured_media":0,"parent":0,"menu_order":0,"comment_status":"closed","ping_status":"closed","template":"elementor_header_footer","meta":[],"acf":[],"yoast_head":"<!-- This site is optimized with the Yoast SEO plugin v20.9 - https:\/\/yoast.com\/wordpress\/plugins\/seo\/ -->\n<title>Legal Notice - Accudoctor<\/title>\n<meta name=\"robots\" content=\"index, follow, max-snippet:-1, max-image-preview:large, max-video-preview:-1\" \/>\n<link rel=\"canonical\" href=\"https:\/\/accudoctor.eu\/fr\/legal-notice\/\" \/>\n<meta property=\"og:locale\" content=\"fr_FR\" \/>\n<meta property=\"og:type\" content=\"article\" \/>\n<meta property=\"og:title\" content=\"Legal Notice - Accudoctor\" \/>\n<meta property=\"og:description\" content=\"Legal Notice In compliance with article 10 of Law 34 \/ 2002, of July 11, on Services of the Information Society and Electronic Commerce, the Holder exposes his identification data. Smabii Ventures SL NIF:\u00a0B72380637 Calle Torre 3, At 11003 C\u00e1diz Email:\u00a0info@accudoctor.eu Web: www.accudoctor.eu Purpose The purpose of the URL website is the sale and exhibition [&hellip;]\" \/>\n<meta property=\"og:url\" content=\"https:\/\/accudoctor.eu\/fr\/legal-notice\/\" \/>\n<meta property=\"og:site_name\" content=\"Accudoctor\" \/>\n<meta property=\"article:modified_time\" content=\"2023-06-27T15:09:33+00:00\" \/>\n<meta name=\"twitter:card\" content=\"summary_large_image\" \/>\n<meta name=\"twitter:label1\" content=\"Dur\u00e9e de lecture estim\u00e9e\" \/>\n\t<meta name=\"twitter:data1\" content=\"5 minutes\" \/>\n<script type=\"application\/ld+json\" class=\"yoast-schema-graph\">{\"@context\":\"https:\/\/schema.org\",\"@graph\":[{\"@type\":\"WebPage\",\"@id\":\"https:\/\/accudoctor.eu\/legal-notice\/\",\"url\":\"https:\/\/accudoctor.eu\/legal-notice\/\",\"name\":\"Legal Notice - Accudoctor\",\"isPartOf\":{\"@id\":\"https:\/\/accudoctor.eu\/es_es\/#website\"},\"datePublished\":\"2023-05-16T18:44:29+00:00\",\"dateModified\":\"2023-06-27T15:09:33+00:00\",\"breadcrumb\":{\"@id\":\"https:\/\/accudoctor.eu\/legal-notice\/#breadcrumb\"},\"inLanguage\":\"fr-FR\",\"potentialAction\":[{\"@type\":\"ReadAction\",\"target\":[\"https:\/\/accudoctor.eu\/legal-notice\/\"]}]},{\"@type\":\"BreadcrumbList\",\"@id\":\"https:\/\/accudoctor.eu\/legal-notice\/#breadcrumb\",\"itemListElement\":[{\"@type\":\"ListItem\",\"position\":1,\"name\":\"Portada\",\"item\":\"https:\/\/accudoctor.eu\/\"},{\"@type\":\"ListItem\",\"position\":2,\"name\":\"Legal Notice\"}]},{\"@type\":\"WebSite\",\"@id\":\"https:\/\/accudoctor.eu\/es_es\/#website\",\"url\":\"https:\/\/accudoctor.eu\/es_es\/\",\"name\":\"Accudoctor\",\"description\":\"Experts in diagnostic testing since 2011\",\"publisher\":{\"@id\":\"https:\/\/accudoctor.eu\/es_es\/#organization\"},\"potentialAction\":[{\"@type\":\"SearchAction\",\"target\":{\"@type\":\"EntryPoint\",\"urlTemplate\":\"https:\/\/accudoctor.eu\/es_es\/?s={search_term_string}\"},\"query-input\":\"required name=search_term_string\"}],\"inLanguage\":\"fr-FR\"},{\"@type\":\"Organization\",\"@id\":\"https:\/\/accudoctor.eu\/es_es\/#organization\",\"name\":\"Accudoctor\",\"url\":\"https:\/\/accudoctor.eu\/es_es\/\",\"logo\":{\"@type\":\"ImageObject\",\"inLanguage\":\"fr-FR\",\"@id\":\"https:\/\/accudoctor.eu\/es_es\/#\/schema\/logo\/image\/\",\"url\":\"https:\/\/accudoctor.eu\/wp-content\/uploads\/2023\/06\/LOGO400X400.png\",\"contentUrl\":\"https:\/\/accudoctor.eu\/wp-content\/uploads\/2023\/06\/LOGO400X400.png\",\"width\":400,\"height\":400,\"caption\":\"Accudoctor\"},\"image\":{\"@id\":\"https:\/\/accudoctor.eu\/es_es\/#\/schema\/logo\/image\/\"}}]}<\/script>\n<!-- \/ Yoast SEO plugin. -->","yoast_head_json":{"title":"Legal Notice - Accudoctor","robots":{"index":"index","follow":"follow","max-snippet":"max-snippet:-1","max-image-preview":"max-image-preview:large","max-video-preview":"max-video-preview:-1"},"canonical":"https:\/\/accudoctor.eu\/fr\/legal-notice\/","og_locale":"fr_FR","og_type":"article","og_title":"Legal Notice - Accudoctor","og_description":"Legal Notice In compliance with article 10 of Law 34 \/ 2002, of July 11, on Services of the Information Society and Electronic Commerce, the Holder exposes his identification data. Smabii Ventures SL NIF:\u00a0B72380637 Calle Torre 3, At 11003 C\u00e1diz Email:\u00a0info@accudoctor.eu Web: www.accudoctor.eu Purpose The purpose of the URL website is the sale and exhibition [&hellip;]","og_url":"https:\/\/accudoctor.eu\/fr\/legal-notice\/","og_site_name":"Accudoctor","article_modified_time":"2023-06-27T15:09:33+00:00","twitter_card":"summary_large_image","twitter_misc":{"Dur\u00e9e de lecture estim\u00e9e":"5 minutes"},"schema":{"@context":"https:\/\/schema.org","@graph":[{"@type":"WebPage","@id":"https:\/\/accudoctor.eu\/legal-notice\/","url":"https:\/\/accudoctor.eu\/legal-notice\/","name":"Legal Notice - Accudoctor","isPartOf":{"@id":"https:\/\/accudoctor.eu\/es_es\/#website"},"datePublished":"2023-05-16T18:44:29+00:00","dateModified":"2023-06-27T15:09:33+00:00","breadcrumb":{"@id":"https:\/\/accudoctor.eu\/legal-notice\/#breadcrumb"},"inLanguage":"fr-FR","potentialAction":[{"@type":"ReadAction","target":["https:\/\/accudoctor.eu\/legal-notice\/"]}]},{"@type":"BreadcrumbList","@id":"https:\/\/accudoctor.eu\/legal-notice\/#breadcrumb","itemListElement":[{"@type":"ListItem","position":1,"name":"Portada","item":"https:\/\/accudoctor.eu\/"},{"@type":"ListItem","position":2,"name":"Legal Notice"}]},{"@type":"WebSite","@id":"https:\/\/accudoctor.eu\/es_es\/#website","url":"https:\/\/accudoctor.eu\/es_es\/","name":"Accudoctor","description":"Experts in diagnostic testing since 2011","publisher":{"@id":"https:\/\/accudoctor.eu\/es_es\/#organization"},"potentialAction":[{"@type":"SearchAction","target":{"@type":"EntryPoint","urlTemplate":"https:\/\/accudoctor.eu\/es_es\/?s={search_term_string}"},"query-input":"required name=search_term_string"}],"inLanguage":"fr-FR"},{"@type":"Organization","@id":"https:\/\/accudoctor.eu\/es_es\/#organization","name":"Accudoctor","url":"https:\/\/accudoctor.eu\/es_es\/","logo":{"@type":"ImageObject","inLanguage":"fr-FR","@id":"https:\/\/accudoctor.eu\/es_es\/#\/schema\/logo\/image\/","url":"https:\/\/accudoctor.eu\/wp-content\/uploads\/2023\/06\/LOGO400X400.png","contentUrl":"https:\/\/accudoctor.eu\/wp-content\/uploads\/2023\/06\/LOGO400X400.png","width":400,"height":400,"caption":"Accudoctor"},"image":{"@id":"https:\/\/accudoctor.eu\/es_es\/#\/schema\/logo\/image\/"}}]}},"_links":{"self":[{"href":"https:\/\/accudoctor.eu\/fr\/wp-json\/wp\/v2\/pages\/1289"}],"collection":[{"href":"https:\/\/accudoctor.eu\/fr\/wp-json\/wp\/v2\/pages"}],"about":[{"href":"https:\/\/accudoctor.eu\/fr\/wp-json\/wp\/v2\/types\/page"}],"author":[{"embeddable":true,"href":"https:\/\/accudoctor.eu\/fr\/wp-json\/wp\/v2\/users\/1"}],"replies":[{"embeddable":true,"href":"https:\/\/accudoctor.eu\/fr\/wp-json\/wp\/v2\/comments?post=1289"}],"version-history":[{"count":27,"href":"https:\/\/accudoctor.eu\/fr\/wp-json\/wp\/v2\/pages\/1289\/revisions"}],"predecessor-version":[{"id":1854,"href":"https:\/\/accudoctor.eu\/fr\/wp-json\/wp\/v2\/pages\/1289\/revisions\/1854"}],"wp:attachment":[{"href":"https:\/\/accudoctor.eu\/fr\/wp-json\/wp\/v2\/media?parent=1289"}],"curies":[{"name":"wp","href":"https:\/\/api.w.org\/{rel}","templated":true}]}}