{"id":27,"date":"2023-04-11T15:50:42","date_gmt":"2023-04-11T15:50:42","guid":{"rendered":"https:\/\/accudoctor.eu\/?page_id=27"},"modified":"2023-06-30T11:17:42","modified_gmt":"2023-06-30T11:17:42","slug":"about-us","status":"publish","type":"page","link":"https:\/\/accudoctor.eu\/fr\/about-us\/","title":{"rendered":"About us"},"content":{"rendered":"<div data-elementor-type=\"wp-page\" data-elementor-id=\"27\" class=\"elementor elementor-27\" data-elementor-post-type=\"page\">\n\t\t\t\t\t\t\t\t\t<section class=\"elementor-section elementor-top-section elementor-element elementor-element-12bb981 elementor-section-full_width elementor-section-height-default elementor-section-height-default\" data-id=\"12bb981\" data-element_type=\"section\" data-settings=\"{&quot;background_background&quot;:&quot;classic&quot;,&quot;jet_parallax_layout_list&quot;:[]}\">\n\t\t\t\t\t\t<div class=\"elementor-container elementor-column-gap-default\">\n\t\t\t\t\t<div class=\"elementor-column elementor-col-100 elementor-top-column elementor-element elementor-element-7da9e91\" data-id=\"7da9e91\" data-element_type=\"column\">\n\t\t\t<div class=\"elementor-widget-wrap elementor-element-populated\">\n\t\t\t\t\t\t\t\t<section class=\"elementor-section elementor-inner-section elementor-element elementor-element-9bae457 elementor-section-boxed elementor-section-height-default elementor-section-height-default\" data-id=\"9bae457\" data-element_type=\"section\" data-settings=\"{&quot;jet_parallax_layout_list&quot;:[]}\">\n\t\t\t\t\t\t<div class=\"elementor-container elementor-column-gap-default\">\n\t\t\t\t\t<div class=\"elementor-column elementor-col-50 elementor-inner-column elementor-element elementor-element-07b89d9\" data-id=\"07b89d9\" data-element_type=\"column\">\n\t\t\t<div class=\"elementor-widget-wrap elementor-element-populated\">\n\t\t\t\t\t\t\t\t<div class=\"elementor-element elementor-element-f534d73 elementor-widget elementor-widget-heading\" data-id=\"f534d73\" data-element_type=\"widget\" data-widget_type=\"heading.default\">\n\t\t\t\t<div class=\"elementor-widget-container\">\n\t\t\t<style>\/*! elementor - v3.14.0 - 26-06-2023 *\/\n.elementor-heading-title{padding:0;margin:0;line-height:1}.elementor-widget-heading .elementor-heading-title[class*=elementor-size-]>a{color:inherit;font-size:inherit;line-height:inherit}.elementor-widget-heading .elementor-heading-title.elementor-size-small{font-size:15px}.elementor-widget-heading .elementor-heading-title.elementor-size-medium{font-size:19px}.elementor-widget-heading .elementor-heading-title.elementor-size-large{font-size:29px}.elementor-widget-heading .elementor-heading-title.elementor-size-xl{font-size:39px}.elementor-widget-heading .elementor-heading-title.elementor-size-xxl{font-size:59px}<\/style><h2 class=\"elementor-heading-title elementor-size-default\">Qui sommes-nous<\/h2>\t\t<\/div>\n\t\t\t\t<\/div>\n\t\t\t\t<div class=\"elementor-element elementor-element-bf2456e elementor-widget elementor-widget-text-editor\" data-id=\"bf2456e\" data-element_type=\"widget\" data-widget_type=\"text-editor.default\">\n\t\t\t\t<div class=\"elementor-widget-container\">\n\t\t\t<style>\/*! elementor - v3.14.0 - 26-06-2023 *\/\n.elementor-widget-text-editor.elementor-drop-cap-view-stacked .elementor-drop-cap{background-color:#69727d;color:#fff}.elementor-widget-text-editor.elementor-drop-cap-view-framed .elementor-drop-cap{color:#69727d;border:3px solid;background-color:transparent}.elementor-widget-text-editor:not(.elementor-drop-cap-view-default) .elementor-drop-cap{margin-top:8px}.elementor-widget-text-editor:not(.elementor-drop-cap-view-default) .elementor-drop-cap-letter{width:1em;height:1em}.elementor-widget-text-editor .elementor-drop-cap{float:left;text-align:center;line-height:1;font-size:50px}.elementor-widget-text-editor .elementor-drop-cap-letter{display:inline-block}<\/style>\t\t\t\t<p>Chez Accudoctor, notre mission est de fournir \u00e0 nos clients professionnels une large gamme de dispositifs de diagnostic in vitro de haute qualit\u00e9 dans divers domaines tels que la fertilit\u00e9, la toxicologie, la sant\u00e9 humaine et animale.<\/p><p>Notre \u00e9quipe multidisciplinaire a d\u00e9velopp\u00e9 avec succ\u00e8s, depuis plus de 10 ans, une gamme de produits offrant une excellente relation qualit\u00e9-prix, ce qui nous permet de compter actuellement des milliers de clients professionnels satisfaits \u00e0 travers l'Europe et les \u00c9tats-Unis.<\/p><p>Nous collaborons avec des fabricants qui appliquent les normes de qualit\u00e9 les plus exigeantes et nos produits b\u00e9n\u00e9ficient de toutes les certifications requises. Notre politique d'am\u00e9lioration continue et la flexibilit\u00e9 de nos fabricants nous permettent de nous adapter rapidement aux exigences des clients, qui nous ont r\u00e9compens\u00e9s par leur fid\u00e9lit\u00e9 depuis nos d\u00e9buts.<\/p><p>Dans ce catalogue, vous trouverez un \u00e9chantillon de nos principaux produits commercialis\u00e9s, mais n'h\u00e9sitez pas \u00e0 nous proposer de nouvelles variations ou alternatives qui puissent parfaitement r\u00e9pondre \u00e0 vos besoins.<\/p>\t\t\t\t\t\t<\/div>\n\t\t\t\t<\/div>\n\t\t\t\t\t<\/div>\n\t\t<\/div>\n\t\t\t\t<div class=\"elementor-column elementor-col-50 elementor-inner-column elementor-element elementor-element-a2d4f46\" data-id=\"a2d4f46\" data-element_type=\"column\">\n\t\t\t<div class=\"elementor-widget-wrap elementor-element-populated\">\n\t\t\t\t\t\t\t\t<div class=\"elementor-element elementor-element-a038f6d elementor-align-right elementor-mobile-align-center elementor-tablet-align-center elementor-widget elementor-widget-button\" data-id=\"a038f6d\" data-element_type=\"widget\" data-widget_type=\"button.default\">\n\t\t\t\t<div class=\"elementor-widget-container\">\n\t\t\t\t\t<div class=\"elementor-button-wrapper\">\n\t\t\t<a class=\"elementor-button elementor-button-link elementor-size-sm\" href=\"https:\/\/accudoctor.eu\/fr\/store\/\">\n\t\t\t\t\t\t<span class=\"elementor-button-content-wrapper\">\n\t\t\t\t\t\t<span class=\"elementor-button-text\">Voir les produits<\/span>\n\t\t<\/span>\n\t\t\t\t\t<\/a>\n\t\t<\/div>\n\t\t\t\t<\/div>\n\t\t\t\t<\/div>\n\t\t\t\t<div class=\"elementor-element elementor-element-2f6d5b2 elementor-align-right elementor-mobile-align-center elementor-tablet-align-center elementor-widget elementor-widget-button\" data-id=\"2f6d5b2\" data-element_type=\"widget\" data-widget_type=\"button.default\">\n\t\t\t\t<div class=\"elementor-widget-container\">\n\t\t\t\t\t<div class=\"elementor-button-wrapper\">\n\t\t\t<a class=\"elementor-button elementor-button-link elementor-size-sm\" href=\"https:\/\/accudoctor.eu\/fr\/contactanos\/\">\n\t\t\t\t\t\t<span class=\"elementor-button-content-wrapper\">\n\t\t\t\t\t\t<span class=\"elementor-button-text\">Contactez-nous<\/span>\n\t\t<\/span>\n\t\t\t\t\t<\/a>\n\t\t<\/div>\n\t\t\t\t<\/div>\n\t\t\t\t<\/div>\n\t\t\t\t\t<\/div>\n\t\t<\/div>\n\t\t\t\t\t\t\t<\/div>\n\t\t<\/section>\n\t\t\t\t\t<\/div>\n\t\t<\/div>\n\t\t\t\t\t\t\t<\/div>\n\t\t<\/section>\n\t\t\t\t<section class=\"elementor-section elementor-top-section elementor-element elementor-element-ecd4800 elementor-section-full_width elementor-section-height-default elementor-section-height-default\" data-id=\"ecd4800\" data-element_type=\"section\" data-settings=\"{&quot;background_background&quot;:&quot;gradient&quot;,&quot;jet_parallax_layout_list&quot;:[]}\">\n\t\t\t\t\t\t<div class=\"elementor-container elementor-column-gap-default\">\n\t\t\t\t\t<div class=\"elementor-column elementor-col-100 elementor-top-column elementor-element elementor-element-58b0c86\" data-id=\"58b0c86\" data-element_type=\"column\">\n\t\t\t<div class=\"elementor-widget-wrap elementor-element-populated\">\n\t\t\t\t\t\t\t\t<section class=\"elementor-section elementor-inner-section elementor-element elementor-element-9c2ec56 elementor-section-boxed elementor-section-height-default elementor-section-height-default\" data-id=\"9c2ec56\" data-element_type=\"section\" data-settings=\"{&quot;jet_parallax_layout_list&quot;:[]}\">\n\t\t\t\t\t\t<div class=\"elementor-container elementor-column-gap-default\">\n\t\t\t\t\t<div class=\"elementor-column elementor-col-100 elementor-inner-column elementor-element elementor-element-064f834\" data-id=\"064f834\" data-element_type=\"column\">\n\t\t\t<div class=\"elementor-widget-wrap elementor-element-populated\">\n\t\t\t\t\t\t\t\t<div class=\"elementor-element elementor-element-45f3bb1 elementor-widget elementor-widget-image\" data-id=\"45f3bb1\" data-element_type=\"widget\" data-widget_type=\"image.default\">\n\t\t\t\t<div class=\"elementor-widget-container\">\n\t\t\t<style>\/*! elementor - v3.14.0 - 26-06-2023 *\/\n.elementor-widget-image{text-align:center}.elementor-widget-image a{display:inline-block}.elementor-widget-image a img[src$=\".svg\"]{width:48px}.elementor-widget-image img{vertical-align:middle;display:inline-block}<\/style>\t\t\t\t\t\t\t\t\t\t\t\t<img decoding=\"async\" width=\"1186\" height=\"489\" src=\"https:\/\/accudoctor.eu\/wp-content\/uploads\/2023\/04\/Nosotros.svg\" class=\"attachment-full size-full wp-image-246\" alt=\"\" loading=\"lazy\" \/>\t\t\t\t\t\t\t\t\t\t\t\t\t\t\t<\/div>\n\t\t\t\t<\/div>\n\t\t\t\t\t<\/div>\n\t\t<\/div>\n\t\t\t\t\t\t\t<\/div>\n\t\t<\/section>\n\t\t\t\t\t<\/div>\n\t\t<\/div>\n\t\t\t\t\t\t\t<\/div>\n\t\t<\/section>\n\t\t\t\t\t\t\t<\/div>\n\t\t<div class=\"qrcprowrapper\" style=\"text-align:left;\" id=\"qrcwraaerfileds\"><div class=\"qrc_qrcode\" style=\"display:inline-block\" data-text=\"https:\/\/accudoctor.eu\/fr\/about-us\/\"><\/div><\/div>","protected":false},"excerpt":{"rendered":"<p>About US At Accudoctor, we have a mission to provide our professional customers with a wide range of high-quality in vitro diagnostic devices in various fields such as fertility, toxicology, human health, and animal health. Our multidisciplinary team has successfully developed a range of products with an excellent quality-to-price ratio for over 10 years, resulting [&hellip;]<\/p>","protected":false},"author":1,"featured_media":0,"parent":0,"menu_order":0,"comment_status":"closed","ping_status":"closed","template":"elementor_header_footer","meta":[],"acf":[],"yoast_head":"<!-- This site is optimized with the Yoast SEO plugin v20.9 - https:\/\/yoast.com\/wordpress\/plugins\/seo\/ -->\n<title>About us - Accudoctor<\/title>\n<meta name=\"robots\" content=\"index, follow, max-snippet:-1, max-image-preview:large, max-video-preview:-1\" \/>\n<link rel=\"canonical\" href=\"https:\/\/accudoctor.eu\/fr\/about-us\/\" \/>\n<meta property=\"og:locale\" content=\"fr_FR\" \/>\n<meta property=\"og:type\" content=\"article\" \/>\n<meta property=\"og:title\" content=\"About us - Accudoctor\" \/>\n<meta property=\"og:description\" content=\"About US At Accudoctor, we have a mission to provide our professional customers with a wide range of high-quality in vitro diagnostic devices in various fields such as fertility, toxicology, human health, and animal health. Our multidisciplinary team has successfully developed a range of products with an excellent quality-to-price ratio for over 10 years, resulting [&hellip;]\" \/>\n<meta property=\"og:url\" content=\"https:\/\/accudoctor.eu\/fr\/about-us\/\" \/>\n<meta property=\"og:site_name\" content=\"Accudoctor\" \/>\n<meta property=\"article:modified_time\" content=\"2023-06-30T11:17:42+00:00\" \/>\n<meta property=\"og:image\" content=\"https:\/\/accudoctor.eu\/wp-content\/uploads\/2023\/04\/Nosotros.svg\" \/>\n<meta name=\"twitter:card\" content=\"summary_large_image\" \/>\n<meta name=\"twitter:label1\" content=\"Dur\u00e9e de lecture estim\u00e9e\" \/>\n\t<meta name=\"twitter:data1\" content=\"1 minute\" \/>\n<script type=\"application\/ld+json\" class=\"yoast-schema-graph\">{\"@context\":\"https:\/\/schema.org\",\"@graph\":[{\"@type\":\"WebPage\",\"@id\":\"https:\/\/accudoctor.eu\/about-us\/\",\"url\":\"https:\/\/accudoctor.eu\/about-us\/\",\"name\":\"About us - Accudoctor\",\"isPartOf\":{\"@id\":\"https:\/\/accudoctor.eu\/es_es\/#website\"},\"datePublished\":\"2023-04-11T15:50:42+00:00\",\"dateModified\":\"2023-06-30T11:17:42+00:00\",\"breadcrumb\":{\"@id\":\"https:\/\/accudoctor.eu\/about-us\/#breadcrumb\"},\"inLanguage\":\"fr-FR\",\"potentialAction\":[{\"@type\":\"ReadAction\",\"target\":[\"https:\/\/accudoctor.eu\/about-us\/\"]}]},{\"@type\":\"BreadcrumbList\",\"@id\":\"https:\/\/accudoctor.eu\/about-us\/#breadcrumb\",\"itemListElement\":[{\"@type\":\"ListItem\",\"position\":1,\"name\":\"Portada\",\"item\":\"https:\/\/accudoctor.eu\/\"},{\"@type\":\"ListItem\",\"position\":2,\"name\":\"About us\"}]},{\"@type\":\"WebSite\",\"@id\":\"https:\/\/accudoctor.eu\/es_es\/#website\",\"url\":\"https:\/\/accudoctor.eu\/es_es\/\",\"name\":\"Accudoctor\",\"description\":\"Experts in diagnostic testing since 2011\",\"publisher\":{\"@id\":\"https:\/\/accudoctor.eu\/es_es\/#organization\"},\"potentialAction\":[{\"@type\":\"SearchAction\",\"target\":{\"@type\":\"EntryPoint\",\"urlTemplate\":\"https:\/\/accudoctor.eu\/es_es\/?s={search_term_string}\"},\"query-input\":\"required name=search_term_string\"}],\"inLanguage\":\"fr-FR\"},{\"@type\":\"Organization\",\"@id\":\"https:\/\/accudoctor.eu\/es_es\/#organization\",\"name\":\"Accudoctor\",\"url\":\"https:\/\/accudoctor.eu\/es_es\/\",\"logo\":{\"@type\":\"ImageObject\",\"inLanguage\":\"fr-FR\",\"@id\":\"https:\/\/accudoctor.eu\/es_es\/#\/schema\/logo\/image\/\",\"url\":\"https:\/\/accudoctor.eu\/wp-content\/uploads\/2023\/06\/LOGO400X400.png\",\"contentUrl\":\"https:\/\/accudoctor.eu\/wp-content\/uploads\/2023\/06\/LOGO400X400.png\",\"width\":400,\"height\":400,\"caption\":\"Accudoctor\"},\"image\":{\"@id\":\"https:\/\/accudoctor.eu\/es_es\/#\/schema\/logo\/image\/\"}}]}<\/script>\n<!-- \/ Yoast SEO plugin. -->","yoast_head_json":{"title":"About us - Accudoctor","robots":{"index":"index","follow":"follow","max-snippet":"max-snippet:-1","max-image-preview":"max-image-preview:large","max-video-preview":"max-video-preview:-1"},"canonical":"https:\/\/accudoctor.eu\/fr\/about-us\/","og_locale":"fr_FR","og_type":"article","og_title":"About us - Accudoctor","og_description":"About US At Accudoctor, we have a mission to provide our professional customers with a wide range of high-quality in vitro diagnostic devices in various fields such as fertility, toxicology, human health, and animal health. Our multidisciplinary team has successfully developed a range of products with an excellent quality-to-price ratio for over 10 years, resulting [&hellip;]","og_url":"https:\/\/accudoctor.eu\/fr\/about-us\/","og_site_name":"Accudoctor","article_modified_time":"2023-06-30T11:17:42+00:00","og_image":[{"url":"https:\/\/accudoctor.eu\/wp-content\/uploads\/2023\/04\/Nosotros.svg"}],"twitter_card":"summary_large_image","twitter_misc":{"Dur\u00e9e de lecture estim\u00e9e":"1 minute"},"schema":{"@context":"https:\/\/schema.org","@graph":[{"@type":"WebPage","@id":"https:\/\/accudoctor.eu\/about-us\/","url":"https:\/\/accudoctor.eu\/about-us\/","name":"About us - Accudoctor","isPartOf":{"@id":"https:\/\/accudoctor.eu\/es_es\/#website"},"datePublished":"2023-04-11T15:50:42+00:00","dateModified":"2023-06-30T11:17:42+00:00","breadcrumb":{"@id":"https:\/\/accudoctor.eu\/about-us\/#breadcrumb"},"inLanguage":"fr-FR","potentialAction":[{"@type":"ReadAction","target":["https:\/\/accudoctor.eu\/about-us\/"]}]},{"@type":"BreadcrumbList","@id":"https:\/\/accudoctor.eu\/about-us\/#breadcrumb","itemListElement":[{"@type":"ListItem","position":1,"name":"Portada","item":"https:\/\/accudoctor.eu\/"},{"@type":"ListItem","position":2,"name":"About us"}]},{"@type":"WebSite","@id":"https:\/\/accudoctor.eu\/es_es\/#website","url":"https:\/\/accudoctor.eu\/es_es\/","name":"Accudoctor","description":"Experts in diagnostic testing since 2011","publisher":{"@id":"https:\/\/accudoctor.eu\/es_es\/#organization"},"potentialAction":[{"@type":"SearchAction","target":{"@type":"EntryPoint","urlTemplate":"https:\/\/accudoctor.eu\/es_es\/?s={search_term_string}"},"query-input":"required name=search_term_string"}],"inLanguage":"fr-FR"},{"@type":"Organization","@id":"https:\/\/accudoctor.eu\/es_es\/#organization","name":"Accudoctor","url":"https:\/\/accudoctor.eu\/es_es\/","logo":{"@type":"ImageObject","inLanguage":"fr-FR","@id":"https:\/\/accudoctor.eu\/es_es\/#\/schema\/logo\/image\/","url":"https:\/\/accudoctor.eu\/wp-content\/uploads\/2023\/06\/LOGO400X400.png","contentUrl":"https:\/\/accudoctor.eu\/wp-content\/uploads\/2023\/06\/LOGO400X400.png","width":400,"height":400,"caption":"Accudoctor"},"image":{"@id":"https:\/\/accudoctor.eu\/es_es\/#\/schema\/logo\/image\/"}}]}},"_links":{"self":[{"href":"https:\/\/accudoctor.eu\/fr\/wp-json\/wp\/v2\/pages\/27"}],"collection":[{"href":"https:\/\/accudoctor.eu\/fr\/wp-json\/wp\/v2\/pages"}],"about":[{"href":"https:\/\/accudoctor.eu\/fr\/wp-json\/wp\/v2\/types\/page"}],"author":[{"embeddable":true,"href":"https:\/\/accudoctor.eu\/fr\/wp-json\/wp\/v2\/users\/1"}],"replies":[{"embeddable":true,"href":"https:\/\/accudoctor.eu\/fr\/wp-json\/wp\/v2\/comments?post=27"}],"version-history":[{"count":103,"href":"https:\/\/accudoctor.eu\/fr\/wp-json\/wp\/v2\/pages\/27\/revisions"}],"predecessor-version":[{"id":1953,"href":"https:\/\/accudoctor.eu\/fr\/wp-json\/wp\/v2\/pages\/27\/revisions\/1953"}],"wp:attachment":[{"href":"https:\/\/accudoctor.eu\/fr\/wp-json\/wp\/v2\/media?parent=27"}],"curies":[{"name":"wp","href":"https:\/\/api.w.org\/{rel}","templated":true}]}}