{"id":3,"date":"2023-04-11T13:19:40","date_gmt":"2023-04-11T13:19:40","guid":{"rendered":"https:\/\/accudoctor.eu\/?page_id=3"},"modified":"2026-04-14T10:26:28","modified_gmt":"2026-04-14T10:26:28","slug":"privacy-policy","status":"publish","type":"page","link":"https:\/\/accudoctor.eu\/fr\/privacy-policy\/","title":{"rendered":"Privacy Policy"},"content":{"rendered":"<div data-elementor-type=\"wp-page\" data-elementor-id=\"3\" class=\"elementor elementor-3\" data-elementor-post-type=\"page\">\n\t\t\t\t\t\t\t\t\t<section class=\"elementor-section elementor-top-section elementor-element elementor-element-a4e962c elementor-section-boxed elementor-section-height-default elementor-section-height-default\" data-id=\"a4e962c\" data-element_type=\"section\" data-settings=\"{&quot;jet_parallax_layout_list&quot;:[]}\">\n\t\t\t\t\t\t<div class=\"elementor-container elementor-column-gap-default\">\n\t\t\t\t\t<div class=\"elementor-column elementor-col-100 elementor-top-column elementor-element elementor-element-96d1895\" data-id=\"96d1895\" data-element_type=\"column\">\n\t\t\t<div class=\"elementor-widget-wrap elementor-element-populated\">\n\t\t\t\t\t\t\t\t<div class=\"elementor-element elementor-element-4aba718 elementor-widget elementor-widget-heading\" data-id=\"4aba718\" data-element_type=\"widget\" data-widget_type=\"heading.default\">\n\t\t\t\t<div class=\"elementor-widget-container\">\n\t\t\t<style>\/*! elementor - v3.14.0 - 26-06-2023 *\/\n.elementor-heading-title{padding:0;margin:0;line-height:1}.elementor-widget-heading .elementor-heading-title[class*=elementor-size-]>a{color:inherit;font-size:inherit;line-height:inherit}.elementor-widget-heading .elementor-heading-title.elementor-size-small{font-size:15px}.elementor-widget-heading .elementor-heading-title.elementor-size-medium{font-size:19px}.elementor-widget-heading .elementor-heading-title.elementor-size-large{font-size:29px}.elementor-widget-heading .elementor-heading-title.elementor-size-xl{font-size:39px}.elementor-widget-heading .elementor-heading-title.elementor-size-xxl{font-size:59px}<\/style><h2 class=\"elementor-heading-title elementor-size-default\">Privacy Policy<\/h2>\t\t<\/div>\n\t\t\t\t<\/div>\n\t\t\t\t\t<\/div>\n\t\t<\/div>\n\t\t\t\t\t\t\t<\/div>\n\t\t<\/section>\n\t\t\t\t<section class=\"elementor-section elementor-top-section elementor-element elementor-element-1cdf160 elementor-section-boxed elementor-section-height-default elementor-section-height-default\" data-id=\"1cdf160\" data-element_type=\"section\" data-settings=\"{&quot;jet_parallax_layout_list&quot;:[]}\">\n\t\t\t\t\t\t<div class=\"elementor-container elementor-column-gap-default\">\n\t\t\t\t\t<div class=\"elementor-column elementor-col-100 elementor-top-column elementor-element elementor-element-67a50f8\" data-id=\"67a50f8\" data-element_type=\"column\">\n\t\t\t<div class=\"elementor-widget-wrap elementor-element-populated\">\n\t\t\t\t\t\t\t\t<div class=\"elementor-element elementor-element-eab13b2 elementor-widget elementor-widget-text-editor\" data-id=\"eab13b2\" data-element_type=\"widget\" data-widget_type=\"text-editor.default\">\n\t\t\t\t<div class=\"elementor-widget-container\">\n\t\t\t<style>\/*! elementor - v3.14.0 - 26-06-2023 *\/\n.elementor-widget-text-editor.elementor-drop-cap-view-stacked .elementor-drop-cap{background-color:#69727d;color:#fff}.elementor-widget-text-editor.elementor-drop-cap-view-framed .elementor-drop-cap{color:#69727d;border:3px solid;background-color:transparent}.elementor-widget-text-editor:not(.elementor-drop-cap-view-default) .elementor-drop-cap{margin-top:8px}.elementor-widget-text-editor:not(.elementor-drop-cap-view-default) .elementor-drop-cap-letter{width:1em;height:1em}.elementor-widget-text-editor .elementor-drop-cap{float:left;text-align:center;line-height:1;font-size:50px}.elementor-widget-text-editor .elementor-drop-cap-letter{display:inline-block}<\/style>\t\t\t\t<p data-start=\"84\" data-end=\"173\"><strong data-start=\"84\" data-end=\"102\">Privacy Policy<\/strong><br data-start=\"102\" data-end=\"105\" \/>Vous acceptez de naviguer sur le site Web et d'utiliser le contenu de bonne foi.<\/p><p data-start=\"175\" data-end=\"735\">Nous vous informons que le fait de remplir un formulaire sur le site accudoctor.eu ou d\u2019envoyer un e-mail implique l\u2019acceptation de cette politique de confidentialit\u00e9 et autorise Accudoctor \u00e0 traiter vos donn\u00e9es personnelles. Ces donn\u00e9es seront trait\u00e9es de mani\u00e8re strictement confidentielle afin de g\u00e9rer votre demande, la relation commerciale, ainsi que les ventes et livraisons.<\/p><p data-start=\"737\" data-end=\"1005\">Ces donn\u00e9es (nom, adresse, e-mail, t\u00e9l\u00e9phone, etc.) seront uniquement transmises \u00e0 la soci\u00e9t\u00e9 de transport charg\u00e9e de la livraison. Pour le paiement, vos donn\u00e9es bancaires seront transmises \u00e0 l\u2019\u00e9tablissement financier.<\/p><p data-start=\"1007\" data-end=\"1422\"><strong data-start=\"1007\" data-end=\"1032\">Dur\u00e9e de conservation des donn\u00e9es<\/strong><br data-start=\"1032\" data-end=\"1035\" \/>Les donn\u00e9es personnelles seront conserv\u00e9es uniquement pendant la dur\u00e9e n\u00e9cessaire aux finalit\u00e9s, puis pendant les d\u00e9lais l\u00e9gaux applicables. Elles seront ensuite supprim\u00e9es de mani\u00e8re s\u00e9curis\u00e9e.<\/p><p data-start=\"1424\" data-end=\"1539\">Par la simple visite du Site, les Utilisateurs ne fournissent aucune information personnelle et ne sont pas oblig\u00e9s de le faire.<\/p><p data-start=\"1541\" data-end=\"1693\">Smabii Ventures SL assumes that the data has been entered by the owner or by a person authorized by the owner, and that they are correct and accurate.<\/p><p data-start=\"1695\" data-end=\"1966\">Conform\u00e9ment \u00e0 la r\u00e9glementation en vigueur en mati\u00e8re de protection des donn\u00e9es, Accudoctor a adopt\u00e9 des niveaux de s\u00e9curit\u00e9 appropri\u00e9s pour les donn\u00e9es fournies et a mis en place les moyens et mesures techniques n\u00e9cessaires pour \u00e9viter leur perte, leur mauvaise utilisation, leur alt\u00e9ration, l'acc\u00e8s non autoris\u00e9 ou le vol.<\/p><p data-start=\"1968\" data-end=\"2404\"><strong data-start=\"1968\" data-end=\"2038\">Exercice des droits d\u2019acc\u00e8s, de rectification, de suppression et d\u2019opposition<\/strong><br data-start=\"2038\" data-end=\"2041\" \/>Il vous appartient de maintenir vos donn\u00e9es \u00e0 jour. \u00c0 tout moment, vous avez le droit d\u2019acc\u00e9der \u00e0 vos donn\u00e9es personnelles, de les rectifier, de les supprimer ou de vous opposer \u00e0 leur traitement. Pour exercer ces droits, vous devez envoyer un e-mail \u00e0 <a class=\"decorated-link cursor-pointer\" rel=\"noopener\" data-start=\"2301\" data-end=\"2319\">info@accudoctor.eu<\/a>Vous pouvez \u00e9galement demander la suppression de votre compte via la m\u00eame adresse e-mail.<\/p><p data-start=\"2406\" data-end=\"2646\">Dans le cas o\u00f9 une clause des pr\u00e9sentes conditions serait d\u00e9clar\u00e9e nulle, les autres resteront en vigueur et seront interpr\u00e9t\u00e9es conform\u00e9ment \u00e0 la volont\u00e9 des parties et \u00e0 l\u2019objet des pr\u00e9sentes conditions.<\/p><p data-start=\"2648\" data-end=\"2754\">Accudoctor se r\u00e9serve le droit de modifier, \u00e0 tout moment, la pr\u00e9sentation et la configuration du site web<\/p><p data-start=\"2756\" data-end=\"3046\"><strong data-start=\"2756\" data-end=\"2782\">L\u00e9gislation applicable<\/strong><br data-start=\"2782\" data-end=\"2785\" \/>Les pr\u00e9sentes conditions sont r\u00e9gies et interpr\u00e9t\u00e9es conform\u00e9ment au droit du Royaume d\u2019Espagne. Pour la r\u00e9solution de tout litige, les parties se soumettent aux tribunaux du domicile de l\u2019utilisateur ou \u00e0 la juridiction comp\u00e9tente.<\/p>\t\t\t\t\t\t<\/div>\n\t\t\t\t<\/div>\n\t\t\t\t\t<\/div>\n\t\t<\/div>\n\t\t\t\t\t\t\t<\/div>\n\t\t<\/section>\n\t\t\t\t\t\t\t<\/div>\n\t\t<div class=\"qrcprowrapper\" style=\"text-align:left;\" id=\"qrcwraaerfileds\"><div class=\"qrc_qrcode\" style=\"display:inline-block\" data-text=\"https:\/\/accudoctor.eu\/fr\/privacy-policy\/\"><\/div><\/div>","protected":false},"excerpt":{"rendered":"<p>Privacy Policy Privacy PolicyYou agree to browse the Website and use the content in good faith. We inform you that filling in any existing form on the accudoctor.eu Website or sending an email to one of our addresses implies the acceptance of this privacy policy, as well as the authorization to Accudoctor to process the [&hellip;]<\/p>","protected":false},"author":1,"featured_media":0,"parent":0,"menu_order":0,"comment_status":"closed","ping_status":"open","template":"elementor_header_footer","meta":[],"acf":[],"yoast_head":"<!-- This site is optimized with the Yoast SEO plugin v20.9 - https:\/\/yoast.com\/wordpress\/plugins\/seo\/ -->\n<title>Privacy Policy - Accudoctor<\/title>\n<meta name=\"robots\" content=\"index, follow, max-snippet:-1, max-image-preview:large, max-video-preview:-1\" \/>\n<link rel=\"canonical\" href=\"https:\/\/accudoctor.eu\/fr\/privacy-policy\/\" \/>\n<meta property=\"og:locale\" content=\"fr_FR\" \/>\n<meta property=\"og:type\" content=\"article\" \/>\n<meta property=\"og:title\" content=\"Privacy Policy - Accudoctor\" \/>\n<meta property=\"og:description\" content=\"Privacy Policy Privacy PolicyYou agree to browse the Website and use the content in good faith. We inform you that filling in any existing form on the accudoctor.eu Website or sending an email to one of our addresses implies the acceptance of this privacy policy, as well as the authorization to Accudoctor to process the [&hellip;]\" \/>\n<meta property=\"og:url\" content=\"https:\/\/accudoctor.eu\/fr\/privacy-policy\/\" \/>\n<meta property=\"og:site_name\" content=\"Accudoctor\" \/>\n<meta property=\"article:modified_time\" content=\"2026-04-14T10:26:28+00:00\" \/>\n<meta name=\"twitter:card\" content=\"summary_large_image\" \/>\n<meta name=\"twitter:label1\" content=\"Dur\u00e9e de lecture estim\u00e9e\" \/>\n\t<meta name=\"twitter:data1\" content=\"3 minutes\" \/>\n<script type=\"application\/ld+json\" class=\"yoast-schema-graph\">{\"@context\":\"https:\/\/schema.org\",\"@graph\":[{\"@type\":\"WebPage\",\"@id\":\"https:\/\/accudoctor.eu\/privacy-policy\/\",\"url\":\"https:\/\/accudoctor.eu\/privacy-policy\/\",\"name\":\"Privacy Policy - Accudoctor\",\"isPartOf\":{\"@id\":\"https:\/\/accudoctor.eu\/es_es\/#website\"},\"datePublished\":\"2023-04-11T13:19:40+00:00\",\"dateModified\":\"2026-04-14T10:26:28+00:00\",\"breadcrumb\":{\"@id\":\"https:\/\/accudoctor.eu\/privacy-policy\/#breadcrumb\"},\"inLanguage\":\"fr-FR\",\"potentialAction\":[{\"@type\":\"ReadAction\",\"target\":[\"https:\/\/accudoctor.eu\/privacy-policy\/\"]}]},{\"@type\":\"BreadcrumbList\",\"@id\":\"https:\/\/accudoctor.eu\/privacy-policy\/#breadcrumb\",\"itemListElement\":[{\"@type\":\"ListItem\",\"position\":1,\"name\":\"Portada\",\"item\":\"https:\/\/accudoctor.eu\/\"},{\"@type\":\"ListItem\",\"position\":2,\"name\":\"Privacy Policy\"}]},{\"@type\":\"WebSite\",\"@id\":\"https:\/\/accudoctor.eu\/es_es\/#website\",\"url\":\"https:\/\/accudoctor.eu\/es_es\/\",\"name\":\"Accudoctor\",\"description\":\"Experts in diagnostic testing since 2011\",\"publisher\":{\"@id\":\"https:\/\/accudoctor.eu\/es_es\/#organization\"},\"potentialAction\":[{\"@type\":\"SearchAction\",\"target\":{\"@type\":\"EntryPoint\",\"urlTemplate\":\"https:\/\/accudoctor.eu\/es_es\/?s={search_term_string}\"},\"query-input\":\"required name=search_term_string\"}],\"inLanguage\":\"fr-FR\"},{\"@type\":\"Organization\",\"@id\":\"https:\/\/accudoctor.eu\/es_es\/#organization\",\"name\":\"Accudoctor\",\"url\":\"https:\/\/accudoctor.eu\/es_es\/\",\"logo\":{\"@type\":\"ImageObject\",\"inLanguage\":\"fr-FR\",\"@id\":\"https:\/\/accudoctor.eu\/es_es\/#\/schema\/logo\/image\/\",\"url\":\"https:\/\/accudoctor.eu\/wp-content\/uploads\/2023\/06\/LOGO400X400.png\",\"contentUrl\":\"https:\/\/accudoctor.eu\/wp-content\/uploads\/2023\/06\/LOGO400X400.png\",\"width\":400,\"height\":400,\"caption\":\"Accudoctor\"},\"image\":{\"@id\":\"https:\/\/accudoctor.eu\/es_es\/#\/schema\/logo\/image\/\"}}]}<\/script>\n<!-- \/ Yoast SEO plugin. -->","yoast_head_json":{"title":"Privacy Policy - Accudoctor","robots":{"index":"index","follow":"follow","max-snippet":"max-snippet:-1","max-image-preview":"max-image-preview:large","max-video-preview":"max-video-preview:-1"},"canonical":"https:\/\/accudoctor.eu\/fr\/privacy-policy\/","og_locale":"fr_FR","og_type":"article","og_title":"Privacy Policy - Accudoctor","og_description":"Privacy Policy Privacy PolicyYou agree to browse the Website and use the content in good faith. We inform you that filling in any existing form on the accudoctor.eu Website or sending an email to one of our addresses implies the acceptance of this privacy policy, as well as the authorization to Accudoctor to process the [&hellip;]","og_url":"https:\/\/accudoctor.eu\/fr\/privacy-policy\/","og_site_name":"Accudoctor","article_modified_time":"2026-04-14T10:26:28+00:00","twitter_card":"summary_large_image","twitter_misc":{"Dur\u00e9e de lecture estim\u00e9e":"3 minutes"},"schema":{"@context":"https:\/\/schema.org","@graph":[{"@type":"WebPage","@id":"https:\/\/accudoctor.eu\/privacy-policy\/","url":"https:\/\/accudoctor.eu\/privacy-policy\/","name":"Privacy Policy - Accudoctor","isPartOf":{"@id":"https:\/\/accudoctor.eu\/es_es\/#website"},"datePublished":"2023-04-11T13:19:40+00:00","dateModified":"2026-04-14T10:26:28+00:00","breadcrumb":{"@id":"https:\/\/accudoctor.eu\/privacy-policy\/#breadcrumb"},"inLanguage":"fr-FR","potentialAction":[{"@type":"ReadAction","target":["https:\/\/accudoctor.eu\/privacy-policy\/"]}]},{"@type":"BreadcrumbList","@id":"https:\/\/accudoctor.eu\/privacy-policy\/#breadcrumb","itemListElement":[{"@type":"ListItem","position":1,"name":"Portada","item":"https:\/\/accudoctor.eu\/"},{"@type":"ListItem","position":2,"name":"Privacy Policy"}]},{"@type":"WebSite","@id":"https:\/\/accudoctor.eu\/es_es\/#website","url":"https:\/\/accudoctor.eu\/es_es\/","name":"Accudoctor","description":"Experts in diagnostic testing since 2011","publisher":{"@id":"https:\/\/accudoctor.eu\/es_es\/#organization"},"potentialAction":[{"@type":"SearchAction","target":{"@type":"EntryPoint","urlTemplate":"https:\/\/accudoctor.eu\/es_es\/?s={search_term_string}"},"query-input":"required name=search_term_string"}],"inLanguage":"fr-FR"},{"@type":"Organization","@id":"https:\/\/accudoctor.eu\/es_es\/#organization","name":"Accudoctor","url":"https:\/\/accudoctor.eu\/es_es\/","logo":{"@type":"ImageObject","inLanguage":"fr-FR","@id":"https:\/\/accudoctor.eu\/es_es\/#\/schema\/logo\/image\/","url":"https:\/\/accudoctor.eu\/wp-content\/uploads\/2023\/06\/LOGO400X400.png","contentUrl":"https:\/\/accudoctor.eu\/wp-content\/uploads\/2023\/06\/LOGO400X400.png","width":400,"height":400,"caption":"Accudoctor"},"image":{"@id":"https:\/\/accudoctor.eu\/es_es\/#\/schema\/logo\/image\/"}}]}},"_links":{"self":[{"href":"https:\/\/accudoctor.eu\/fr\/wp-json\/wp\/v2\/pages\/3"}],"collection":[{"href":"https:\/\/accudoctor.eu\/fr\/wp-json\/wp\/v2\/pages"}],"about":[{"href":"https:\/\/accudoctor.eu\/fr\/wp-json\/wp\/v2\/types\/page"}],"author":[{"embeddable":true,"href":"https:\/\/accudoctor.eu\/fr\/wp-json\/wp\/v2\/users\/1"}],"replies":[{"embeddable":true,"href":"https:\/\/accudoctor.eu\/fr\/wp-json\/wp\/v2\/comments?post=3"}],"version-history":[{"count":25,"href":"https:\/\/accudoctor.eu\/fr\/wp-json\/wp\/v2\/pages\/3\/revisions"}],"predecessor-version":[{"id":2197,"href":"https:\/\/accudoctor.eu\/fr\/wp-json\/wp\/v2\/pages\/3\/revisions\/2197"}],"wp:attachment":[{"href":"https:\/\/accudoctor.eu\/fr\/wp-json\/wp\/v2\/media?parent=3"}],"curies":[{"name":"wp","href":"https:\/\/api.w.org\/{rel}","templated":true}]}}