{"id":1691,"date":"2023-06-21T11:05:52","date_gmt":"2023-06-21T11:05:52","guid":{"rendered":"https:\/\/accudoctor.eu\/?post_type=product&#038;p=1691"},"modified":"2026-05-06T12:15:18","modified_gmt":"2026-05-06T12:15:18","slug":"urine-test-strips-11-parameters","status":"publish","type":"product","link":"https:\/\/accudoctor.eu\/fr\/produit\/urine-test-strips-11-parameters\/","title":{"rendered":"Test d'Urine \u00e0 11 Param\u00e8tres"},"content":{"rendered":"<div class=\"group w-full text-gray-800 dark:text-gray-100 border-b border-black\/10 dark:border-gray-900\/50 bg-gray-50 dark:bg-[#444654]\">\n<div class=\"flex p-4 gap-4 text-base md:gap-6 md:max-w-2xl lg:max-w-[38rem] xl:max-w-3xl md:py-6 lg:px-0 m-auto\">\n<div class=\"relative flex w-[calc(100%-50px)] flex-col gap-1 md:gap-3 lg:w-[calc(100%-115px)]\">\n<div class=\"flex flex-grow flex-col gap-3\">\n<div class=\"min-h-[20px] flex items-start overflow-x-auto whitespace-pre-wrap break-words flex-col gap-4\">\n<div class=\"markdown prose w-full break-words dark:prose-invert light\">\n<p>Les bandelettes de test urinaires Accudoctor pour chiens et chats pour chiens et chats sont utiles pour l'identification et comme \u00e9tape pr\u00e9liminaire avant de lancer des tests plus larges pour obtenir un diagnostic plus pr\u00e9cis. La couleur des tampons de test changera lors de la r\u00e9action avec les r\u00e9sidus et les concentrations pr\u00e9sentes dans l'\u00e9chantillon d'urine. La d\u00e9tection d\u00e9tecte 11 param\u00e8tres dans les \u00e9chantillons d'urine d'animaux\u00a0: Leucocytes (LEU), Nitriet (NIT), Urobilinogeen (URO), Eiwit (PRO), pH, Bloed (BLO), Soortelijk gewicht (SG), Keton (KET), Bilirubine ( BIL), glucose (GLU) et acide ascorbide (ASC).<\/p>\n<\/div>\n<\/div>\n<\/div>\n<div class=\"flex justify-between lg:block\">\n<div class=\"text-gray-400 flex self-end lg:self-center justify-center mt-2 gap-2 md:gap-3 lg:gap-1 lg:absolute lg:top-0 lg:translate-x-full lg:right-0 lg:mt-0 lg:pl-2 visible\">\n<p>&nbsp;<\/p>\n<div class=\"flex gap-1\"><\/div>\n<\/div>\n<\/div>\n<\/div>\n<\/div>\n<\/div>\n<div class=\"amp-centerthirdcol-listbox\">\n<div class=\"a-box a-spacing-small a-color-alternate-background apm-listbox amp-centerthirdcol-listbox\">\n<div class=\"a-box-inner\"><\/div>\n<\/div>\n<\/div>\n<p>&nbsp;<\/p>\n<div class=\"qrcprowrapper\" style=\"text-align:left;\" id=\"qrcwraaerfileds\"><div class=\"qrc_qrcode\" style=\"display:inline-block\" data-text=\"https:\/\/accudoctor.eu\/fr\/produit\/urine-test-strips-11-parameters\/\"><\/div><\/div>","protected":false},"excerpt":{"rendered":"<p>Chaque produit contient 100 bandelettes et un mode d'emploi en 5 langues.<\/p>\n<table style=\"border-collapse: collapse; width: 412px; height: 48px;\" border=\"0\" width=\"320\" cellspacing=\"0\" cellpadding=\"0\">\n<tbody>\n<tr style=\"height: 15.0pt;\">\n<td class=\"xl63\" style=\"height: 15.0pt; width: 60pt;\" width=\"80\" height=\"20\"><strong>R\u00e9f\u00e9rence<\/strong><\/td>\n<td class=\"xl63\" style=\"width: 60pt;\" width=\"80\"><strong>Format<\/strong><\/td>\n<td class=\"xl63\" style=\"width: 60pt;\" width=\"80\"><strong>\u00c9chantillon<\/strong><\/td>\n<td class=\"xl63\" style=\"width: 60pt;\" width=\"80\"><strong>Unit\u00e9s par produit<\/strong><\/td>\n<\/tr>\n<tr style=\"height: 15.0pt;\">\n<td class=\"xl64\" style=\"height: 15.0pt; width: 60pt;\" width=\"80\" height=\"20\">VIU031-11<\/td>\n<td class=\"xl64\" style=\"width: 60pt;\" width=\"80\">Bandalette<\/td>\n<td class=\"xl64\" style=\"width: 60pt;\" width=\"80\">Urine<\/td>\n<td class=\"xl64\" style=\"width: 60pt;\" width=\"80\">100<\/td>\n<\/tr>\n<\/tbody>\n<\/table>\n<p id=\"isPasted\">Param\u00e8tres analys\u00e9s:<\/p>\n<table>\n<tbody>\n<tr>\n<td><strong>Analyte<\/strong><\/td>\n<td><strong>Niveaux<\/strong><\/td>\n<\/tr>\n<tr>\n<td><strong>Acide Ascorbique<\/strong><\/td>\n<td>5-10 mg\/dL (0.28-0.56 mmol\/L)<\/td>\n<\/tr>\n<tr>\n<td><strong>Glucose<\/strong><\/td>\n<td>50-100 mg\/dL (2.5-5 mmol\/L).<\/td>\n<\/tr>\n<tr>\n<td class=\"\"><strong>Bilirubine<\/strong><\/td>\n<td>0.4-1.0 mg\/dL (6.8-17 \u03bcmol\/L)<\/td>\n<\/tr>\n<tr>\n<td class=\"\"><strong>C\u00e9tones<\/strong><\/td>\n<td>\n<p id=\"isPasted\">2.5-5 mg\/dL (0.25-0.5 mmol\/L)<\/p>\n<\/td>\n<\/tr>\n<tr>\n<td><strong>Gravit\u00e9 sp\u00e9cifique<\/strong><\/td>\n<td>\n<p id=\"isPasted\">D\u00e9termine la gravit\u00e9 sp\u00e9cifique de l'urine entre 1.000 et 1.060. Les r\u00e9sultats sont en corr\u00e9lation avec les valeurs obtenues par la m\u00e9thode de l'indice de r\u00e9fraction \u00e0 \u00b1 0,005<\/p>\n<\/td>\n<\/tr>\n<tr>\n<td class=\"\"><strong>Sang<\/strong><\/td>\n<td>0,018-0,060 mg\/dL ou 5-10 Ery\/\u03bcL dans les \u00e9chantillons d'urine avec une teneur en acide ascorbique &lt; 50 mg\/dL.<\/td>\n<\/tr>\n<tr>\n<td class=\"\"><strong>pH<\/strong><\/td>\n<td>5-9.<\/td>\n<\/tr>\n<tr>\n<td class=\"\"><strong>Prot\u00e9ine<\/strong><\/td>\n<td class=\"\">7.5-15 mg\/dL (0.075-0.15 g\/L)<\/td>\n<\/tr>\n<tr>\n<td><strong>Urobilinog\u00e8ne<\/strong><\/td>\n<td>0.2-1.0 mg\/dL (3.5-17 \u03bcmol\/L)<\/td>\n<\/tr>\n<tr>\n<td><strong>Nitrite<\/strong><\/td>\n<td class=\"\">0,05-0,1 mg\/dL dans l'urine avec une faible densit\u00e9 et moins de 30 mg\/dL d'acide ascorbique.<\/td>\n<\/tr>\n<tr>\n<td><strong>Leucocytes<\/strong><\/td>\n<td>9-15 white blood cells Leu\/\u03bcL in clinical urine.<\/td>\n<\/tr>\n<\/tbody>\n<\/table>","protected":false},"featured_media":0,"comment_status":"open","ping_status":"closed","template":"","meta":[],"product_cat":[40,41,27],"product_tag":[],"acf":[],"yoast_head":"<!-- This site is optimized with the Yoast SEO plugin v20.9 - https:\/\/yoast.com\/wordpress\/plugins\/seo\/ -->\n<title>Urintest for Dogs and Cats 11 Parametres | Accudoctor<\/title>\n<meta name=\"description\" content=\"The Accudoctor Urine Tests Strips for Dogs and Cats for dogs and cats are useful in identification and as a preliminary step before initiating broader tests to achieve a more accurate diagnosis. The color of the test pads will change upon reacting with the residues and concentrations present in the urine sample.\" \/>\n<meta name=\"robots\" content=\"index, follow, max-snippet:-1, max-image-preview:large, max-video-preview:-1\" \/>\n<link rel=\"canonical\" href=\"https:\/\/accudoctor.eu\/fr\/produit\/urine-test-strips-11-parameters\/\" \/>\n<meta property=\"og:locale\" content=\"fr_FR\" \/>\n<meta property=\"og:type\" content=\"article\" \/>\n<meta property=\"og:title\" content=\"Urintest for Dogs and Cats 11 Parametres | Accudoctor\" \/>\n<meta property=\"og:description\" content=\"The Accudoctor Urine Tests Strips for Dogs and Cats for dogs and cats are useful in identification and as a preliminary step before initiating broader tests to achieve a more accurate diagnosis. The color of the test pads will change upon reacting with the residues and concentrations present in the urine sample.\" \/>\n<meta property=\"og:url\" content=\"https:\/\/accudoctor.eu\/fr\/produit\/urine-test-strips-11-parameters\/\" \/>\n<meta property=\"og:site_name\" content=\"Accudoctor\" \/>\n<meta property=\"article:modified_time\" content=\"2026-05-06T12:15:18+00:00\" \/>\n<meta name=\"twitter:card\" content=\"summary_large_image\" \/>\n<meta name=\"twitter:label1\" content=\"Dur\u00e9e de lecture estim\u00e9e\" \/>\n\t<meta name=\"twitter:data1\" content=\"1 minute\" \/>\n<script type=\"application\/ld+json\" class=\"yoast-schema-graph\">{\"@context\":\"https:\/\/schema.org\",\"@graph\":[{\"@type\":\"WebPage\",\"@id\":\"https:\/\/accudoctor.eu\/product\/urine-test-strips-11-parameters\/\",\"url\":\"https:\/\/accudoctor.eu\/product\/urine-test-strips-11-parameters\/\",\"name\":\"Urintest for Dogs and Cats 11 Parametres | Accudoctor\",\"isPartOf\":{\"@id\":\"https:\/\/accudoctor.eu\/es_es\/#website\"},\"datePublished\":\"2023-06-21T11:05:52+00:00\",\"dateModified\":\"2026-05-06T12:15:18+00:00\",\"description\":\"The Accudoctor Urine Tests Strips for Dogs and Cats for dogs and cats are useful in identification and as a preliminary step before initiating broader tests to achieve a more accurate diagnosis. The color of the test pads will change upon reacting with the residues and concentrations present in the urine sample.\",\"breadcrumb\":{\"@id\":\"https:\/\/accudoctor.eu\/product\/urine-test-strips-11-parameters\/#breadcrumb\"},\"inLanguage\":\"fr-FR\",\"potentialAction\":[{\"@type\":\"ReadAction\",\"target\":[\"https:\/\/accudoctor.eu\/product\/urine-test-strips-11-parameters\/\"]}]},{\"@type\":\"BreadcrumbList\",\"@id\":\"https:\/\/accudoctor.eu\/product\/urine-test-strips-11-parameters\/#breadcrumb\",\"itemListElement\":[{\"@type\":\"ListItem\",\"position\":1,\"name\":\"Portada\",\"item\":\"https:\/\/accudoctor.eu\/\"},{\"@type\":\"ListItem\",\"position\":2,\"name\":\"Store\",\"item\":\"https:\/\/accudoctor.eu\/store\/\"},{\"@type\":\"ListItem\",\"position\":3,\"name\":\"Urine Test Strips 11 Parameters\"}]},{\"@type\":\"WebSite\",\"@id\":\"https:\/\/accudoctor.eu\/es_es\/#website\",\"url\":\"https:\/\/accudoctor.eu\/es_es\/\",\"name\":\"Accudoctor\",\"description\":\"Experts in diagnostic testing since 2011\",\"publisher\":{\"@id\":\"https:\/\/accudoctor.eu\/es_es\/#organization\"},\"potentialAction\":[{\"@type\":\"SearchAction\",\"target\":{\"@type\":\"EntryPoint\",\"urlTemplate\":\"https:\/\/accudoctor.eu\/es_es\/?s={search_term_string}\"},\"query-input\":\"required name=search_term_string\"}],\"inLanguage\":\"fr-FR\"},{\"@type\":\"Organization\",\"@id\":\"https:\/\/accudoctor.eu\/es_es\/#organization\",\"name\":\"Accudoctor\",\"url\":\"https:\/\/accudoctor.eu\/es_es\/\",\"logo\":{\"@type\":\"ImageObject\",\"inLanguage\":\"fr-FR\",\"@id\":\"https:\/\/accudoctor.eu\/es_es\/#\/schema\/logo\/image\/\",\"url\":\"https:\/\/accudoctor.eu\/wp-content\/uploads\/2023\/06\/LOGO400X400.png\",\"contentUrl\":\"https:\/\/accudoctor.eu\/wp-content\/uploads\/2023\/06\/LOGO400X400.png\",\"width\":400,\"height\":400,\"caption\":\"Accudoctor\"},\"image\":{\"@id\":\"https:\/\/accudoctor.eu\/es_es\/#\/schema\/logo\/image\/\"}}]}<\/script>\n<!-- \/ Yoast SEO plugin. -->","yoast_head_json":{"title":"Urintest for Dogs and Cats 11 Parametres | Accudoctor","description":"The Accudoctor Urine Tests Strips for Dogs and Cats for dogs and cats are useful in identification and as a preliminary step before initiating broader tests to achieve a more accurate diagnosis. The color of the test pads will change upon reacting with the residues and concentrations present in the urine sample.","robots":{"index":"index","follow":"follow","max-snippet":"max-snippet:-1","max-image-preview":"max-image-preview:large","max-video-preview":"max-video-preview:-1"},"canonical":"https:\/\/accudoctor.eu\/fr\/produit\/urine-test-strips-11-parameters\/","og_locale":"fr_FR","og_type":"article","og_title":"Urintest for Dogs and Cats 11 Parametres | Accudoctor","og_description":"The Accudoctor Urine Tests Strips for Dogs and Cats for dogs and cats are useful in identification and as a preliminary step before initiating broader tests to achieve a more accurate diagnosis. The color of the test pads will change upon reacting with the residues and concentrations present in the urine sample.","og_url":"https:\/\/accudoctor.eu\/fr\/produit\/urine-test-strips-11-parameters\/","og_site_name":"Accudoctor","article_modified_time":"2026-05-06T12:15:18+00:00","twitter_card":"summary_large_image","twitter_misc":{"Dur\u00e9e de lecture estim\u00e9e":"1 minute"},"schema":{"@context":"https:\/\/schema.org","@graph":[{"@type":"WebPage","@id":"https:\/\/accudoctor.eu\/product\/urine-test-strips-11-parameters\/","url":"https:\/\/accudoctor.eu\/product\/urine-test-strips-11-parameters\/","name":"Urintest for Dogs and Cats 11 Parametres | Accudoctor","isPartOf":{"@id":"https:\/\/accudoctor.eu\/es_es\/#website"},"datePublished":"2023-06-21T11:05:52+00:00","dateModified":"2026-05-06T12:15:18+00:00","description":"The Accudoctor Urine Tests Strips for Dogs and Cats for dogs and cats are useful in identification and as a preliminary step before initiating broader tests to achieve a more accurate diagnosis. The color of the test pads will change upon reacting with the residues and concentrations present in the urine sample.","breadcrumb":{"@id":"https:\/\/accudoctor.eu\/product\/urine-test-strips-11-parameters\/#breadcrumb"},"inLanguage":"fr-FR","potentialAction":[{"@type":"ReadAction","target":["https:\/\/accudoctor.eu\/product\/urine-test-strips-11-parameters\/"]}]},{"@type":"BreadcrumbList","@id":"https:\/\/accudoctor.eu\/product\/urine-test-strips-11-parameters\/#breadcrumb","itemListElement":[{"@type":"ListItem","position":1,"name":"Portada","item":"https:\/\/accudoctor.eu\/"},{"@type":"ListItem","position":2,"name":"Store","item":"https:\/\/accudoctor.eu\/store\/"},{"@type":"ListItem","position":3,"name":"Urine Test Strips 11 Parameters"}]},{"@type":"WebSite","@id":"https:\/\/accudoctor.eu\/es_es\/#website","url":"https:\/\/accudoctor.eu\/es_es\/","name":"Accudoctor","description":"Experts in diagnostic testing since 2011","publisher":{"@id":"https:\/\/accudoctor.eu\/es_es\/#organization"},"potentialAction":[{"@type":"SearchAction","target":{"@type":"EntryPoint","urlTemplate":"https:\/\/accudoctor.eu\/es_es\/?s={search_term_string}"},"query-input":"required name=search_term_string"}],"inLanguage":"fr-FR"},{"@type":"Organization","@id":"https:\/\/accudoctor.eu\/es_es\/#organization","name":"Accudoctor","url":"https:\/\/accudoctor.eu\/es_es\/","logo":{"@type":"ImageObject","inLanguage":"fr-FR","@id":"https:\/\/accudoctor.eu\/es_es\/#\/schema\/logo\/image\/","url":"https:\/\/accudoctor.eu\/wp-content\/uploads\/2023\/06\/LOGO400X400.png","contentUrl":"https:\/\/accudoctor.eu\/wp-content\/uploads\/2023\/06\/LOGO400X400.png","width":400,"height":400,"caption":"Accudoctor"},"image":{"@id":"https:\/\/accudoctor.eu\/es_es\/#\/schema\/logo\/image\/"}}]}},"_links":{"self":[{"href":"https:\/\/accudoctor.eu\/fr\/wp-json\/wp\/v2\/product\/1691"}],"collection":[{"href":"https:\/\/accudoctor.eu\/fr\/wp-json\/wp\/v2\/product"}],"about":[{"href":"https:\/\/accudoctor.eu\/fr\/wp-json\/wp\/v2\/types\/product"}],"replies":[{"embeddable":true,"href":"https:\/\/accudoctor.eu\/fr\/wp-json\/wp\/v2\/comments?post=1691"}],"version-history":[{"count":13,"href":"https:\/\/accudoctor.eu\/fr\/wp-json\/wp\/v2\/product\/1691\/revisions"}],"predecessor-version":[{"id":1905,"href":"https:\/\/accudoctor.eu\/fr\/wp-json\/wp\/v2\/product\/1691\/revisions\/1905"}],"wp:attachment":[{"href":"https:\/\/accudoctor.eu\/fr\/wp-json\/wp\/v2\/media?parent=1691"}],"wp:term":[{"taxonomy":"product_cat","embeddable":true,"href":"https:\/\/accudoctor.eu\/fr\/wp-json\/wp\/v2\/product_cat?post=1691"},{"taxonomy":"product_tag","embeddable":true,"href":"https:\/\/accudoctor.eu\/fr\/wp-json\/wp\/v2\/product_tag?post=1691"}],"curies":[{"name":"wp","href":"https:\/\/api.w.org\/{rel}","templated":true}]}}