{"id":1765,"date":"2023-06-23T09:25:59","date_gmt":"2023-06-23T09:25:59","guid":{"rendered":"https:\/\/accudoctor.eu\/?post_type=product&#038;p=1765"},"modified":"2023-06-28T10:27:33","modified_gmt":"2023-06-28T10:27:33","slug":"feline-herpesvirus-fhv-calicivirus-fcv-test","status":"publish","type":"product","link":"https:\/\/accudoctor.eu\/fr\/produit\/feline-herpesvirus-fhv-calicivirus-fcv-test\/","title":{"rendered":"Test de l'antig\u00e8ne de l'herp\u00e8svirus f\u00e9lin + l'antig\u00e8ne du calicivirus f\u00e9lin"},"content":{"rendered":"<p>Le virus de l'herp\u00e8svirus f\u00e9lin (FHV) et le calicivirus f\u00e9lin (FCV) sont deux agents pathog\u00e8nes viraux courants qui affectent les chats, causant souvent des infections respiratoires. Ces virus sont des contributeurs majeurs au complexe de maladies respiratoires sup\u00e9rieures f\u00e9lines, commun\u00e9ment appel\u00e9 \"grippe du chat\". Les tests de d\u00e9pistage de ces virus jouent un r\u00f4le crucial dans le diagnostic et la gestion des infections respiratoires f\u00e9lines.<\/p>\n<p>L'herp\u00e8svirus f\u00e9lin, \u00e9galement connu sous le nom de rhinotrach\u00e9ite virale f\u00e9line (FVR), est un virus hautement contagieux qui affecte principalement le syst\u00e8me respiratoire des chats. Il fait partie de la famille des Herpesviridae et est \u00e9troitement li\u00e9 \u00e0 l'herp\u00e8svirus humain. Le FHV peut provoquer des sympt\u00f4mes tels que des \u00e9ternuements, une s\u00e9cr\u00e9tion nasale, une conjonctivite (inflammation des yeux) et de la toux. Les chats infect\u00e9s peuvent \u00e9galement d\u00e9velopper des ulc\u00e8res sur la corn\u00e9e, ce qui peut entra\u00eener des probl\u00e8mes oculaires. Le FHV est principalement transmis par le contact direct avec des s\u00e9cr\u00e9tions respiratoires infect\u00e9es ou par des objets contamin\u00e9s.<\/p>\n<p>Le calicivirus f\u00e9lin est un autre pathog\u00e8ne viral courant qui affecte les chats, en particulier leur syst\u00e8me respiratoire sup\u00e9rieur. Il appartient \u00e0 la famille des Caliciviridae et peut provoquer des sympt\u00f4mes similaires au FHV, notamment des \u00e9ternuements, une s\u00e9cr\u00e9tion nasale, des ulc\u00e8res buccaux et une conjonctivite. Le FCV peut \u00e9galement entra\u00eener une boiterie et de la fi\u00e8vre. Il est hautement contagieux et peut \u00eatre transmis par le contact direct avec des chats infect\u00e9s, des objets contamin\u00e9s ou par des s\u00e9cr\u00e9tions respiratoires a\u00e9rosolis\u00e9es.<\/p>\n<p>&nbsp;<\/p>\n<div class=\"qrcprowrapper\" style=\"text-align:left;\" id=\"qrcwraaerfileds\"><div class=\"qrc_qrcode\" style=\"display:inline-block\" data-text=\"https:\/\/accudoctor.eu\/fr\/produit\/feline-herpesvirus-fhv-calicivirus-fcv-test\/\"><\/div><\/div>","protected":false},"excerpt":{"rendered":"<p>Le Test de l'antig\u00e8ne de l'herp\u00e8svirus f\u00e9lin + l'antig\u00e8ne du calicivirus f\u00e9lin Accudoctor est un test immunochromatographique \u00e0 flux lat\u00e9ral de type sandwich pour la d\u00e9tection qualitative de l'antig\u00e8ne du virus de l'herp\u00e8s f\u00e9lin (FHV Ag) et de l'antig\u00e8ne du calicivirus f\u00e9lin (FCV Ag) dans les s\u00e9cr\u00e9tions oculaires et nasales du f\u00e9lin. Le test comprend deux tests, tous les accessoires n\u00e9cessaires pour effectuer deux tests et des instructions dans 5 langues.<\/p>\n<table width=\"517\">\n<tbody>\n<tr>\n<td width=\"112\"><strong>R\u00e9f\u00e9rence<\/strong><\/td>\n<td width=\"80\"><strong>Animal<\/strong><\/td>\n<td width=\"80\"><strong>Format<\/strong><\/td>\n<td width=\"80\"><strong>\u00c9chantillon<\/strong><\/td>\n<td width=\"165\"><strong>Unit\u00e9s par produit<\/strong><\/td>\n<\/tr>\n<tr>\n<td width=\"112\">AVIFHC-625<\/td>\n<td>Chats<\/td>\n<td width=\"80\">Casette<\/td>\n<td width=\"80\">Secretions<\/td>\n<td width=\"165\">2T<\/td>\n<\/tr>\n<\/tbody>\n<\/table>\n<p>&nbsp;<\/p>","protected":false},"featured_media":1902,"comment_status":"open","ping_status":"closed","template":"","meta":[],"product_cat":[40,27],"product_tag":[],"acf":[],"yoast_head":"<!-- This site is optimized with the Yoast SEO plugin v20.9 - https:\/\/yoast.com\/wordpress\/plugins\/seo\/ -->\n<title>Feline Herpesvirus FHV + Feline Calicivirus CVF Test | Accudoctor<\/title>\n<meta name=\"robots\" content=\"index, follow, max-snippet:-1, max-image-preview:large, max-video-preview:-1\" \/>\n<link rel=\"canonical\" href=\"https:\/\/accudoctor.eu\/fr\/produit\/feline-herpesvirus-fhv-calicivirus-fcv-test\/\" \/>\n<meta property=\"og:locale\" content=\"fr_FR\" \/>\n<meta property=\"og:type\" content=\"article\" \/>\n<meta property=\"og:title\" content=\"Feline Herpesvirus FHV + Feline Calicivirus CVF Test | Accudoctor\" \/>\n<meta property=\"og:description\" content=\"The Accudoctor Feline Herpesvirus Ag + Feline Calicivirus Ag Test is a sandwich lateral flow immunochromatographic assay for the qualitative detection of Feline Herpesvirus antigen (FHV Ag) and Feline Calicivirus antigen (FCV Ag) in feline\u2019s ocular and nasal secretions. The test includes two tests, all the necessary accessories to carry two test out and instructions in 5 languages.    Reference Animal Format Sample Kit Size   AVIFHC-625 Cats Casette Secretions 2T    &nbsp;\" \/>\n<meta property=\"og:url\" content=\"https:\/\/accudoctor.eu\/fr\/produit\/feline-herpesvirus-fhv-calicivirus-fcv-test\/\" \/>\n<meta property=\"og:site_name\" content=\"Accudoctor\" \/>\n<meta property=\"article:modified_time\" content=\"2023-06-28T10:27:33+00:00\" \/>\n<meta property=\"og:image\" content=\"https:\/\/accudoctor.eu\/wp-content\/uploads\/2023\/06\/51lQ7ondPRL._AC_SL1200_.jpg\" \/>\n\t<meta property=\"og:image:width\" content=\"1198\" \/>\n\t<meta property=\"og:image:height\" content=\"1117\" \/>\n\t<meta property=\"og:image:type\" content=\"image\/jpeg\" \/>\n<meta name=\"twitter:card\" content=\"summary_large_image\" \/>\n<meta name=\"twitter:label1\" content=\"Dur\u00e9e de lecture estim\u00e9e\" \/>\n\t<meta name=\"twitter:data1\" content=\"1 minute\" \/>\n<script type=\"application\/ld+json\" class=\"yoast-schema-graph\">{\"@context\":\"https:\/\/schema.org\",\"@graph\":[{\"@type\":\"WebPage\",\"@id\":\"https:\/\/accudoctor.eu\/product\/feline-herpesvirus-fhv-calicivirus-fcv-test\/\",\"url\":\"https:\/\/accudoctor.eu\/product\/feline-herpesvirus-fhv-calicivirus-fcv-test\/\",\"name\":\"Feline Herpesvirus FHV + Feline Calicivirus CVF Test | Accudoctor\",\"isPartOf\":{\"@id\":\"https:\/\/accudoctor.eu\/es_es\/#website\"},\"datePublished\":\"2023-06-23T09:25:59+00:00\",\"dateModified\":\"2023-06-28T10:27:33+00:00\",\"breadcrumb\":{\"@id\":\"https:\/\/accudoctor.eu\/product\/feline-herpesvirus-fhv-calicivirus-fcv-test\/#breadcrumb\"},\"inLanguage\":\"fr-FR\",\"potentialAction\":[{\"@type\":\"ReadAction\",\"target\":[\"https:\/\/accudoctor.eu\/product\/feline-herpesvirus-fhv-calicivirus-fcv-test\/\"]}]},{\"@type\":\"BreadcrumbList\",\"@id\":\"https:\/\/accudoctor.eu\/product\/feline-herpesvirus-fhv-calicivirus-fcv-test\/#breadcrumb\",\"itemListElement\":[{\"@type\":\"ListItem\",\"position\":1,\"name\":\"Portada\",\"item\":\"https:\/\/accudoctor.eu\/\"},{\"@type\":\"ListItem\",\"position\":2,\"name\":\"Store\",\"item\":\"https:\/\/accudoctor.eu\/store\/\"},{\"@type\":\"ListItem\",\"position\":3,\"name\":\"Feline Herpesvirus Ag + Feline Calicivirus Ag Test\"}]},{\"@type\":\"WebSite\",\"@id\":\"https:\/\/accudoctor.eu\/es_es\/#website\",\"url\":\"https:\/\/accudoctor.eu\/es_es\/\",\"name\":\"Accudoctor\",\"description\":\"Experts in diagnostic testing since 2011\",\"publisher\":{\"@id\":\"https:\/\/accudoctor.eu\/es_es\/#organization\"},\"potentialAction\":[{\"@type\":\"SearchAction\",\"target\":{\"@type\":\"EntryPoint\",\"urlTemplate\":\"https:\/\/accudoctor.eu\/es_es\/?s={search_term_string}\"},\"query-input\":\"required name=search_term_string\"}],\"inLanguage\":\"fr-FR\"},{\"@type\":\"Organization\",\"@id\":\"https:\/\/accudoctor.eu\/es_es\/#organization\",\"name\":\"Accudoctor\",\"url\":\"https:\/\/accudoctor.eu\/es_es\/\",\"logo\":{\"@type\":\"ImageObject\",\"inLanguage\":\"fr-FR\",\"@id\":\"https:\/\/accudoctor.eu\/es_es\/#\/schema\/logo\/image\/\",\"url\":\"https:\/\/accudoctor.eu\/wp-content\/uploads\/2023\/06\/LOGO400X400.png\",\"contentUrl\":\"https:\/\/accudoctor.eu\/wp-content\/uploads\/2023\/06\/LOGO400X400.png\",\"width\":400,\"height\":400,\"caption\":\"Accudoctor\"},\"image\":{\"@id\":\"https:\/\/accudoctor.eu\/es_es\/#\/schema\/logo\/image\/\"}}]}<\/script>\n<!-- \/ Yoast SEO plugin. -->","yoast_head_json":{"title":"Feline Herpesvirus FHV + Feline Calicivirus CVF Test | Accudoctor","robots":{"index":"index","follow":"follow","max-snippet":"max-snippet:-1","max-image-preview":"max-image-preview:large","max-video-preview":"max-video-preview:-1"},"canonical":"https:\/\/accudoctor.eu\/fr\/produit\/feline-herpesvirus-fhv-calicivirus-fcv-test\/","og_locale":"fr_FR","og_type":"article","og_title":"Feline Herpesvirus FHV + Feline Calicivirus CVF Test | Accudoctor","og_description":"The Accudoctor Feline Herpesvirus Ag + Feline Calicivirus Ag Test is a sandwich lateral flow immunochromatographic assay for the qualitative detection of Feline Herpesvirus antigen (FHV Ag) and Feline Calicivirus antigen (FCV Ag) in feline\u2019s ocular and nasal secretions. The test includes two tests, all the necessary accessories to carry two test out and instructions in 5 languages.    Reference Animal Format Sample Kit Size   AVIFHC-625 Cats Casette Secretions 2T    &nbsp;","og_url":"https:\/\/accudoctor.eu\/fr\/produit\/feline-herpesvirus-fhv-calicivirus-fcv-test\/","og_site_name":"Accudoctor","article_modified_time":"2023-06-28T10:27:33+00:00","og_image":[{"width":1198,"height":1117,"url":"https:\/\/accudoctor.eu\/wp-content\/uploads\/2023\/06\/51lQ7ondPRL._AC_SL1200_.jpg","type":"image\/jpeg"}],"twitter_card":"summary_large_image","twitter_misc":{"Dur\u00e9e de lecture estim\u00e9e":"1 minute"},"schema":{"@context":"https:\/\/schema.org","@graph":[{"@type":"WebPage","@id":"https:\/\/accudoctor.eu\/product\/feline-herpesvirus-fhv-calicivirus-fcv-test\/","url":"https:\/\/accudoctor.eu\/product\/feline-herpesvirus-fhv-calicivirus-fcv-test\/","name":"Feline Herpesvirus FHV + Feline Calicivirus CVF Test | Accudoctor","isPartOf":{"@id":"https:\/\/accudoctor.eu\/es_es\/#website"},"datePublished":"2023-06-23T09:25:59+00:00","dateModified":"2023-06-28T10:27:33+00:00","breadcrumb":{"@id":"https:\/\/accudoctor.eu\/product\/feline-herpesvirus-fhv-calicivirus-fcv-test\/#breadcrumb"},"inLanguage":"fr-FR","potentialAction":[{"@type":"ReadAction","target":["https:\/\/accudoctor.eu\/product\/feline-herpesvirus-fhv-calicivirus-fcv-test\/"]}]},{"@type":"BreadcrumbList","@id":"https:\/\/accudoctor.eu\/product\/feline-herpesvirus-fhv-calicivirus-fcv-test\/#breadcrumb","itemListElement":[{"@type":"ListItem","position":1,"name":"Portada","item":"https:\/\/accudoctor.eu\/"},{"@type":"ListItem","position":2,"name":"Store","item":"https:\/\/accudoctor.eu\/store\/"},{"@type":"ListItem","position":3,"name":"Feline Herpesvirus Ag + Feline Calicivirus Ag Test"}]},{"@type":"WebSite","@id":"https:\/\/accudoctor.eu\/es_es\/#website","url":"https:\/\/accudoctor.eu\/es_es\/","name":"Accudoctor","description":"Experts in diagnostic testing since 2011","publisher":{"@id":"https:\/\/accudoctor.eu\/es_es\/#organization"},"potentialAction":[{"@type":"SearchAction","target":{"@type":"EntryPoint","urlTemplate":"https:\/\/accudoctor.eu\/es_es\/?s={search_term_string}"},"query-input":"required name=search_term_string"}],"inLanguage":"fr-FR"},{"@type":"Organization","@id":"https:\/\/accudoctor.eu\/es_es\/#organization","name":"Accudoctor","url":"https:\/\/accudoctor.eu\/es_es\/","logo":{"@type":"ImageObject","inLanguage":"fr-FR","@id":"https:\/\/accudoctor.eu\/es_es\/#\/schema\/logo\/image\/","url":"https:\/\/accudoctor.eu\/wp-content\/uploads\/2023\/06\/LOGO400X400.png","contentUrl":"https:\/\/accudoctor.eu\/wp-content\/uploads\/2023\/06\/LOGO400X400.png","width":400,"height":400,"caption":"Accudoctor"},"image":{"@id":"https:\/\/accudoctor.eu\/es_es\/#\/schema\/logo\/image\/"}}]}},"_links":{"self":[{"href":"https:\/\/accudoctor.eu\/fr\/wp-json\/wp\/v2\/product\/1765"}],"collection":[{"href":"https:\/\/accudoctor.eu\/fr\/wp-json\/wp\/v2\/product"}],"about":[{"href":"https:\/\/accudoctor.eu\/fr\/wp-json\/wp\/v2\/types\/product"}],"replies":[{"embeddable":true,"href":"https:\/\/accudoctor.eu\/fr\/wp-json\/wp\/v2\/comments?post=1765"}],"version-history":[{"count":3,"href":"https:\/\/accudoctor.eu\/fr\/wp-json\/wp\/v2\/product\/1765\/revisions"}],"predecessor-version":[{"id":1768,"href":"https:\/\/accudoctor.eu\/fr\/wp-json\/wp\/v2\/product\/1765\/revisions\/1768"}],"wp:featuredmedia":[{"embeddable":true,"href":"https:\/\/accudoctor.eu\/fr\/wp-json\/wp\/v2\/media\/1902"}],"wp:attachment":[{"href":"https:\/\/accudoctor.eu\/fr\/wp-json\/wp\/v2\/media?parent=1765"}],"wp:term":[{"taxonomy":"product_cat","embeddable":true,"href":"https:\/\/accudoctor.eu\/fr\/wp-json\/wp\/v2\/product_cat?post=1765"},{"taxonomy":"product_tag","embeddable":true,"href":"https:\/\/accudoctor.eu\/fr\/wp-json\/wp\/v2\/product_tag?post=1765"}],"curies":[{"name":"wp","href":"https:\/\/api.w.org\/{rel}","templated":true}]}}