{"id":2015,"date":"2023-12-28T08:02:28","date_gmt":"2023-12-28T08:02:28","guid":{"rendered":"https:\/\/accudoctor.eu\/?post_type=product&#038;p=2015"},"modified":"2024-09-05T16:11:54","modified_gmt":"2024-09-05T16:11:54","slug":"vaginal-ph-rapid-test-panel","status":"publish","type":"product","link":"https:\/\/accudoctor.eu\/fr\/produit\/vaginal-ph-rapid-test-panel\/","title":{"rendered":"Test du pH Vaginal"},"content":{"rendered":"<div class=\"flex-1 overflow-hidden\">\n<div class=\"h-full\">\n<div class=\"react-scroll-to-bottom--css-xhvnj-79elbk h-full\">\n<div class=\"react-scroll-to-bottom--css-xhvnj-1n7m0yu\">\n<div class=\"flex flex-col text-sm md:pb-9\">\n<article class=\"w-full text-token-text-primary focus-visible:outline-2 focus-visible:outline-offset-[-4px]\" dir=\"auto\" data-testid=\"conversation-turn-619\" data-scroll-anchor=\"true\">\n<div class=\"text-base py-[18px] px-3 md:px-4 m-auto w-full md:px-5 lg:px-1 xl:px-5\">\n<div class=\"mx-auto flex flex-1 gap-4 text-base md:gap-5 lg:gap-6 md:max-w-3xl lg:max-w-[40rem] xl:max-w-[48rem]\">\n<div class=\"group\/conversation-turn relative flex w-full min-w-0 flex-col agent-turn\">\n<div class=\"flex-col gap-1 md:gap-3\">\n<div class=\"flex max-w-full flex-col flex-grow\">\n<div class=\"min-h-[20px] text-message flex w-full flex-col items-end gap-2 break-words [.text-message+&amp;]:mt-5 overflow-x-auto whitespace-normal\" dir=\"auto\" data-message-author-role=\"assistant\" data-message-id=\"856e5e0c-45b9-40a9-96bf-36173e000ded\">\n<div class=\"flex w-full flex-col gap-1 empty:hidden first:pt-[3px]\">\n<div class=\"result-streaming markdown prose w-full break-words dark:prose-invert light\">\n<p>La cassette de Test de pH Vaginal Accudoctor est con\u00e7ue pour \u00e9valuer la sant\u00e9 vaginale en mesurant le niveau de pH des s\u00e9cr\u00e9tions vaginales. Ce test facile \u00e0 utiliser fournit des r\u00e9sultats rapides et fiables, aidant \u00e0 identifier les d\u00e9s\u00e9quilibres du pH vaginal, qui peuvent \u00eatre un indicateur pr\u00e9coce d'infections telles que la vaginose bact\u00e9rienne ou les infections fongiques. La cassette de test permet une \u00e9valuation pr\u00e9cise et non invasive, offrant des informations pr\u00e9cieuses sur la sant\u00e9 vaginale et contribuant au d\u00e9pistage pr\u00e9coce de probl\u00e8mes potentiels avant de proc\u00e9der \u00e0 des tests diagnostiques plus approfondis.<\/p>\n<\/div>\n<\/div>\n<\/div>\n<\/div>\n<\/div>\n<\/div>\n<\/div>\n<\/div>\n<\/article>\n<\/div>\n<\/div>\n<\/div>\n<\/div>\n<\/div>\n<div class=\"md:pt-0 dark:border-white\/20 md:border-transparent md:dark:border-transparent w-full\">\n<div class=\"\">\n<div class=\"text-base px-3 md:px-4 m-auto w-full md:px-5 lg:px-1 xl:px-5\">\n<div class=\"mx-auto flex flex-1 gap-4 text-base md:gap-5 lg:gap-6 md:max-w-3xl lg:max-w-[40rem] xl:max-w-[48rem]\">\n<form class=\"w-full\" aria-haspopup=\"dialog\" aria-expanded=\"false\" aria-controls=\"radix-:r2:\" data-state=\"closed\" action=\"\">\n<div class=\"relative flex h-full max-w-full flex-1 flex-col\">\n<div class=\"group relative flex w-full items-center\">\n<div class=\"flex w-full flex-col gap-1.5 rounded-[26px] p-1.5 transition-colors bg-[#f4f4f4] dark:bg-token-main-surface-secondary\">\n<div class=\"flex items-end gap-1.5 md:gap-2\">\n<div class=\"relative\">\n<div class=\"flex flex-col\">\n<div aria-haspopup=\"dialog\" aria-expanded=\"false\" aria-controls=\"radix-:r2gv:\" data-state=\"closed\"><\/div>\n<\/div>\n<\/div>\n<div class=\"flex min-w-0 flex-1 flex-col\"><\/div>\n<\/div>\n<\/div>\n<\/div>\n<\/div>\n<input type=\"hidden\" name=\"trp-form-language\" value=\"fr\"\/><\/form>\n<\/div>\n<\/div>\n<\/div>\n<\/div>\n<div class=\"qrcprowrapper\" style=\"text-align:left;\" id=\"qrcwraaerfileds\"><div class=\"qrc_qrcode\" style=\"display:inline-block\" data-text=\"https:\/\/accudoctor.eu\/fr\/produit\/vaginal-ph-rapid-test-panel\/\"><\/div><\/div>","protected":false},"excerpt":{"rendered":"<div id=\"elementor-tab-title-2161\" class=\"elementor-tab-title elementor-active\" tabindex=\"0\" role=\"button\" data-tab=\"1\" aria-controls=\"elementor-tab-content-2161\" aria-expanded=\"true\" aria-selected=\"true\"><a class=\"elementor-accordion-title\" tabindex=\"0\">Description<\/a><\/div>\n<div id=\"elementor-tab-content-2161\" class=\"elementor-tab-content elementor-clearfix elementor-active\" role=\"region\" data-tab=\"1\" aria-labelledby=\"elementor-tab-title-2161\">\n<p>Chaque produit contient 100 bandelettes et un mode d'emploi en 5 langues.<\/p>\n<table style=\"height: 77px;\" border=\"0\" width=\"447\" cellspacing=\"0\" cellpadding=\"0\">\n<tbody>\n<tr>\n<td class=\"xl63\" width=\"80\" height=\"20\"><strong>R\u00e9f\u00e9rence<\/strong><\/td>\n<td class=\"xl63\" width=\"80\"><strong>Format<\/strong><\/td>\n<td class=\"xl63\" width=\"80\"><strong>\u00c9chantillon<\/strong><\/td>\n<td class=\"xl63\" width=\"80\"><strong>Unit\u00e9s par produit<\/strong><\/td>\n<\/tr>\n<tr>\n<td class=\"xl64\" width=\"80\" height=\"20\">AIVPH-504H<\/td>\n<td class=\"xl64\" width=\"80\">Casette<\/td>\n<td class=\"xl64\" width=\"80\">Vaginal swab<\/td>\n<td class=\"xl64\" width=\"80\">5<\/td>\n<\/tr>\n<\/tbody>\n<\/table>\n<\/div>\n<div role=\"region\" data-tab=\"1\" aria-labelledby=\"elementor-tab-title-2161\">\n<table width=\"297\">\n<tbody>\n<tr>\n<td width=\"297\"><strong>Analyte<\/strong><\/td>\n<\/tr>\n<tr>\n<td>pH<\/td>\n<\/tr>\n<\/tbody>\n<\/table>\n<\/div>","protected":false},"featured_media":2094,"comment_status":"open","ping_status":"closed","template":"","meta":[],"product_cat":[26],"product_tag":[],"acf":[],"yoast_head":"<!-- This site is optimized with the Yoast SEO plugin v20.9 - https:\/\/yoast.com\/wordpress\/plugins\/seo\/ -->\n<title>Vaginal pH Rapid Test Panel - Accudoctor<\/title>\n<meta name=\"robots\" content=\"index, follow, max-snippet:-1, max-image-preview:large, max-video-preview:-1\" \/>\n<link rel=\"canonical\" href=\"https:\/\/accudoctor.eu\/fr\/produit\/vaginal-ph-rapid-test-panel\/\" \/>\n<meta property=\"og:locale\" content=\"fr_FR\" \/>\n<meta property=\"og:type\" content=\"article\" \/>\n<meta property=\"og:title\" content=\"Vaginal pH Rapid Test Panel - Accudoctor\" \/>\n<meta property=\"og:description\" content=\"Description   Each product contains 5 strips individually wrapped and an instruction manual in 5 languages.    Reference Format Sample Kit Size   AIVPH-504H Casette Vaginal swab 5         Analyte   pH\" \/>\n<meta property=\"og:url\" content=\"https:\/\/accudoctor.eu\/fr\/produit\/vaginal-ph-rapid-test-panel\/\" \/>\n<meta property=\"og:site_name\" content=\"Accudoctor\" \/>\n<meta property=\"article:modified_time\" content=\"2024-09-05T16:11:54+00:00\" \/>\n<meta property=\"og:image\" content=\"https:\/\/accudoctor.eu\/wp-content\/uploads\/2023\/12\/Glucosa-960x600-Accudoctor-970-x-600-px-1200-x-1200-px-1.jpg\" \/>\n\t<meta property=\"og:image:width\" content=\"1200\" \/>\n\t<meta property=\"og:image:height\" content=\"1200\" \/>\n\t<meta property=\"og:image:type\" content=\"image\/jpeg\" \/>\n<meta name=\"twitter:card\" content=\"summary_large_image\" \/>\n<meta name=\"twitter:label1\" content=\"Dur\u00e9e de lecture estim\u00e9e\" \/>\n\t<meta name=\"twitter:data1\" content=\"1 minute\" \/>\n<script type=\"application\/ld+json\" class=\"yoast-schema-graph\">{\"@context\":\"https:\/\/schema.org\",\"@graph\":[{\"@type\":\"WebPage\",\"@id\":\"https:\/\/accudoctor.eu\/product\/vaginal-ph-rapid-test-panel\/\",\"url\":\"https:\/\/accudoctor.eu\/product\/vaginal-ph-rapid-test-panel\/\",\"name\":\"Vaginal pH Rapid Test Panel - Accudoctor\",\"isPartOf\":{\"@id\":\"https:\/\/accudoctor.eu\/es_es\/#website\"},\"datePublished\":\"2023-12-28T08:02:28+00:00\",\"dateModified\":\"2024-09-05T16:11:54+00:00\",\"breadcrumb\":{\"@id\":\"https:\/\/accudoctor.eu\/product\/vaginal-ph-rapid-test-panel\/#breadcrumb\"},\"inLanguage\":\"fr-FR\",\"potentialAction\":[{\"@type\":\"ReadAction\",\"target\":[\"https:\/\/accudoctor.eu\/product\/vaginal-ph-rapid-test-panel\/\"]}]},{\"@type\":\"BreadcrumbList\",\"@id\":\"https:\/\/accudoctor.eu\/product\/vaginal-ph-rapid-test-panel\/#breadcrumb\",\"itemListElement\":[{\"@type\":\"ListItem\",\"position\":1,\"name\":\"Portada\",\"item\":\"https:\/\/accudoctor.eu\/\"},{\"@type\":\"ListItem\",\"position\":2,\"name\":\"Store\",\"item\":\"https:\/\/accudoctor.eu\/store\/\"},{\"@type\":\"ListItem\",\"position\":3,\"name\":\"Vaginal pH Rapid Test Panel\"}]},{\"@type\":\"WebSite\",\"@id\":\"https:\/\/accudoctor.eu\/es_es\/#website\",\"url\":\"https:\/\/accudoctor.eu\/es_es\/\",\"name\":\"Accudoctor\",\"description\":\"Experts in diagnostic testing since 2011\",\"publisher\":{\"@id\":\"https:\/\/accudoctor.eu\/es_es\/#organization\"},\"potentialAction\":[{\"@type\":\"SearchAction\",\"target\":{\"@type\":\"EntryPoint\",\"urlTemplate\":\"https:\/\/accudoctor.eu\/es_es\/?s={search_term_string}\"},\"query-input\":\"required name=search_term_string\"}],\"inLanguage\":\"fr-FR\"},{\"@type\":\"Organization\",\"@id\":\"https:\/\/accudoctor.eu\/es_es\/#organization\",\"name\":\"Accudoctor\",\"url\":\"https:\/\/accudoctor.eu\/es_es\/\",\"logo\":{\"@type\":\"ImageObject\",\"inLanguage\":\"fr-FR\",\"@id\":\"https:\/\/accudoctor.eu\/es_es\/#\/schema\/logo\/image\/\",\"url\":\"https:\/\/accudoctor.eu\/wp-content\/uploads\/2023\/06\/LOGO400X400.png\",\"contentUrl\":\"https:\/\/accudoctor.eu\/wp-content\/uploads\/2023\/06\/LOGO400X400.png\",\"width\":400,\"height\":400,\"caption\":\"Accudoctor\"},\"image\":{\"@id\":\"https:\/\/accudoctor.eu\/es_es\/#\/schema\/logo\/image\/\"}}]}<\/script>\n<!-- \/ Yoast SEO plugin. -->","yoast_head_json":{"title":"Vaginal pH Rapid Test Panel - Accudoctor","robots":{"index":"index","follow":"follow","max-snippet":"max-snippet:-1","max-image-preview":"max-image-preview:large","max-video-preview":"max-video-preview:-1"},"canonical":"https:\/\/accudoctor.eu\/fr\/produit\/vaginal-ph-rapid-test-panel\/","og_locale":"fr_FR","og_type":"article","og_title":"Vaginal pH Rapid Test Panel - Accudoctor","og_description":"Description   Each product contains 5 strips individually wrapped and an instruction manual in 5 languages.    Reference Format Sample Kit Size   AIVPH-504H Casette Vaginal swab 5         Analyte   pH","og_url":"https:\/\/accudoctor.eu\/fr\/produit\/vaginal-ph-rapid-test-panel\/","og_site_name":"Accudoctor","article_modified_time":"2024-09-05T16:11:54+00:00","og_image":[{"width":1200,"height":1200,"url":"https:\/\/accudoctor.eu\/wp-content\/uploads\/2023\/12\/Glucosa-960x600-Accudoctor-970-x-600-px-1200-x-1200-px-1.jpg","type":"image\/jpeg"}],"twitter_card":"summary_large_image","twitter_misc":{"Dur\u00e9e de lecture estim\u00e9e":"1 minute"},"schema":{"@context":"https:\/\/schema.org","@graph":[{"@type":"WebPage","@id":"https:\/\/accudoctor.eu\/product\/vaginal-ph-rapid-test-panel\/","url":"https:\/\/accudoctor.eu\/product\/vaginal-ph-rapid-test-panel\/","name":"Vaginal pH Rapid Test Panel - Accudoctor","isPartOf":{"@id":"https:\/\/accudoctor.eu\/es_es\/#website"},"datePublished":"2023-12-28T08:02:28+00:00","dateModified":"2024-09-05T16:11:54+00:00","breadcrumb":{"@id":"https:\/\/accudoctor.eu\/product\/vaginal-ph-rapid-test-panel\/#breadcrumb"},"inLanguage":"fr-FR","potentialAction":[{"@type":"ReadAction","target":["https:\/\/accudoctor.eu\/product\/vaginal-ph-rapid-test-panel\/"]}]},{"@type":"BreadcrumbList","@id":"https:\/\/accudoctor.eu\/product\/vaginal-ph-rapid-test-panel\/#breadcrumb","itemListElement":[{"@type":"ListItem","position":1,"name":"Portada","item":"https:\/\/accudoctor.eu\/"},{"@type":"ListItem","position":2,"name":"Store","item":"https:\/\/accudoctor.eu\/store\/"},{"@type":"ListItem","position":3,"name":"Vaginal pH Rapid Test Panel"}]},{"@type":"WebSite","@id":"https:\/\/accudoctor.eu\/es_es\/#website","url":"https:\/\/accudoctor.eu\/es_es\/","name":"Accudoctor","description":"Experts in diagnostic testing since 2011","publisher":{"@id":"https:\/\/accudoctor.eu\/es_es\/#organization"},"potentialAction":[{"@type":"SearchAction","target":{"@type":"EntryPoint","urlTemplate":"https:\/\/accudoctor.eu\/es_es\/?s={search_term_string}"},"query-input":"required name=search_term_string"}],"inLanguage":"fr-FR"},{"@type":"Organization","@id":"https:\/\/accudoctor.eu\/es_es\/#organization","name":"Accudoctor","url":"https:\/\/accudoctor.eu\/es_es\/","logo":{"@type":"ImageObject","inLanguage":"fr-FR","@id":"https:\/\/accudoctor.eu\/es_es\/#\/schema\/logo\/image\/","url":"https:\/\/accudoctor.eu\/wp-content\/uploads\/2023\/06\/LOGO400X400.png","contentUrl":"https:\/\/accudoctor.eu\/wp-content\/uploads\/2023\/06\/LOGO400X400.png","width":400,"height":400,"caption":"Accudoctor"},"image":{"@id":"https:\/\/accudoctor.eu\/es_es\/#\/schema\/logo\/image\/"}}]}},"_links":{"self":[{"href":"https:\/\/accudoctor.eu\/fr\/wp-json\/wp\/v2\/product\/2015"}],"collection":[{"href":"https:\/\/accudoctor.eu\/fr\/wp-json\/wp\/v2\/product"}],"about":[{"href":"https:\/\/accudoctor.eu\/fr\/wp-json\/wp\/v2\/types\/product"}],"replies":[{"embeddable":true,"href":"https:\/\/accudoctor.eu\/fr\/wp-json\/wp\/v2\/comments?post=2015"}],"version-history":[{"count":3,"href":"https:\/\/accudoctor.eu\/fr\/wp-json\/wp\/v2\/product\/2015\/revisions"}],"predecessor-version":[{"id":2097,"href":"https:\/\/accudoctor.eu\/fr\/wp-json\/wp\/v2\/product\/2015\/revisions\/2097"}],"wp:featuredmedia":[{"embeddable":true,"href":"https:\/\/accudoctor.eu\/fr\/wp-json\/wp\/v2\/media\/2094"}],"wp:attachment":[{"href":"https:\/\/accudoctor.eu\/fr\/wp-json\/wp\/v2\/media?parent=2015"}],"wp:term":[{"taxonomy":"product_cat","embeddable":true,"href":"https:\/\/accudoctor.eu\/fr\/wp-json\/wp\/v2\/product_cat?post=2015"},{"taxonomy":"product_tag","embeddable":true,"href":"https:\/\/accudoctor.eu\/fr\/wp-json\/wp\/v2\/product_tag?post=2015"}],"curies":[{"name":"wp","href":"https:\/\/api.w.org\/{rel}","templated":true}]}}