{"id":2024,"date":"2024-01-16T08:08:46","date_gmt":"2024-01-16T08:08:46","guid":{"rendered":"https:\/\/accudoctor.eu\/?post_type=product&#038;p=2024"},"modified":"2024-09-10T08:44:01","modified_gmt":"2024-09-10T08:44:01","slug":"dog-pregnancy-test","status":"publish","type":"product","link":"https:\/\/accudoctor.eu\/fr\/produit\/dog-pregnancy-test\/","title":{"rendered":"Dog Pregnancy Test"},"content":{"rendered":"<div class=\"flex-1 overflow-hidden\">\n<div class=\"h-full\">\n<div class=\"react-scroll-to-bottom--css-abrjx-79elbk h-full\">\n<div class=\"react-scroll-to-bottom--css-abrjx-1n7m0yu\">\n<div class=\"flex flex-col text-sm md:pb-9\">\n<article class=\"w-full text-token-text-primary focus-visible:outline-2 focus-visible:outline-offset-[-4px]\" dir=\"auto\" data-testid=\"conversation-turn-625\" data-scroll-anchor=\"true\">\n<div class=\"text-base py-[18px] px-3 md:px-4 m-auto w-full md:px-5 lg:px-1 xl:px-5\">\n<div class=\"mx-auto flex flex-1 gap-4 text-base md:gap-5 lg:gap-6 md:max-w-3xl lg:max-w-[40rem] xl:max-w-[48rem]\">\n<div class=\"group\/conversation-turn relative flex w-full min-w-0 flex-col agent-turn\">\n<div class=\"flex-col gap-1 md:gap-3\">\n<div class=\"flex max-w-full flex-col flex-grow\">\n<div class=\"min-h-[20px] text-message flex w-full flex-col items-end gap-2 whitespace-normal break-words [.text-message+&amp;]:mt-5 overflow-x-auto\" dir=\"auto\" data-message-author-role=\"assistant\" data-message-id=\"0eecaf6e-d101-43c2-b6a3-6760e532fa64\">\n<div class=\"flex w-full flex-col gap-1 empty:hidden first:pt-[3px]\">\n<div class=\"markdown prose w-full break-words dark:prose-invert light\">\n<p>Le test de grossesse Accudoctor pour chiens (RLN) fonctionne en utilisant un test immunochromatographique \u00e0 flux lat\u00e9ral de type sandwich. La cassette contient une fen\u00eatre de test avec deux zones: une zone T (test) et une zone C (contr\u00f4le), qui sont initialement invisibles. Lorsque l'\u00e9chantillon est appliqu\u00e9 dans le puits d'\u00e9chantillon de la cassette, le liquide s'\u00e9coulera lat\u00e9ralement sur la surface de la bandelette de test. Si la quantit\u00e9 de relaxine canine dans l'\u00e9chantillon est suffisante, une ligne T visible appara\u00eetra dans la fen\u00eatre de test correspondante. La ligne C doit toujours appara\u00eetre apr\u00e8s l'application d'un \u00e9chantillon, ce qui indique un r\u00e9sultat valide. De cette mani\u00e8re, la cassette peut indiquer avec pr\u00e9cision la pr\u00e9sence de relaxine canine dans l'\u00e9chantillon. \u00a0<\/p>\n<\/div>\n<\/div>\n<\/div>\n<\/div>\n<\/div>\n<\/div>\n<\/div>\n<\/div>\n<\/article>\n<\/div>\n<\/div>\n<\/div>\n<\/div>\n<\/div>\n<div class=\"qrcprowrapper\" style=\"text-align:left;\" id=\"qrcwraaerfileds\"><div class=\"qrc_qrcode\" style=\"display:inline-block\" data-text=\"https:\/\/accudoctor.eu\/fr\/produit\/dog-pregnancy-test\/\"><\/div><\/div>","protected":false},"excerpt":{"rendered":"<div class=\"group w-full text-gray-800 dark:text-gray-100 border-b border-black\/10 dark:border-gray-900\/50 bg-gray-50 dark:bg-[#444654]\">\n<div class=\"flex p-4 gap-4 text-base md:gap-6 md:max-w-2xl lg:max-w-[38rem] xl:max-w-3xl md:py-6 lg:px-0 m-auto\">\n<div class=\"relative flex w-[calc(100%-50px)] flex-col gap-1 md:gap-3 lg:w-[calc(100%-115px)]\">\n<div class=\"flex flex-grow flex-col gap-3\">\n<div class=\"min-h-[20px] flex items-start overflow-x-auto whitespace-pre-wrap break-words flex-col gap-4\">\n<div class=\"markdown prose w-full break-words dark:prose-invert light\">\n<p>Le test est bas\u00e9 sur un test immunochromatographique \u00e0 flux lat\u00e9ral de type sandwich. La cassette contient une fen\u00eatre de test avec deux zones: une zone T (test) et une zone C (contr\u00f4le), qui sont initialement invisibles. Lorsque l'\u00e9chantillon est appliqu\u00e9 dans le puits d'\u00e9chantillon de la cassette, le liquide s'\u00e9coulera lat\u00e9ralement sur la surface de la bandelette de test. Si la quantit\u00e9 de relaxine canine dans l'\u00e9chantillon est suffisante, une ligne T visible appara\u00eetra dans la fen\u00eatre de test correspondante. La ligne C doit toujours appara\u00eetre apr\u00e8s l'application d'un \u00e9chantillon, ce qui indique un r\u00e9sultat valide. De cette mani\u00e8re, la cassette peut indiquer avec pr\u00e9cision la pr\u00e9sence de relaxine canine dans l'\u00e9chantillon.<\/p>\n<div class=\"absolute\"><\/div>\n<\/div>\n<\/div>\n<\/div>\n<\/div>\n<\/div>\n<\/div>\n<table style=\"height: 68px;\" width=\"665\">\n<tbody>\n<tr>\n<td width=\"112\"><strong>R\u00e9f\u00e9rence<\/strong><\/td>\n<td width=\"80\"><strong>Animal<\/strong><\/td>\n<td width=\"80\"><strong>Format<\/strong><\/td>\n<td width=\"80\"><strong>\u00c9chantillon<\/strong><\/td>\n<td width=\"165\"><strong>Unit\u00e9s par produit<\/strong><\/td>\n<\/tr>\n<tr>\n<td width=\"112\">AVIRLN-302<\/td>\n<td>Chiens<\/td>\n<td width=\"80\">Casette<\/td>\n<td width=\"80\">Whole blood<\/td>\n<td width=\"165\">2T<\/td>\n<\/tr>\n<\/tbody>\n<\/table>","protected":false},"featured_media":2130,"comment_status":"open","ping_status":"closed","template":"","meta":[],"product_cat":[41,27],"product_tag":[],"acf":[],"yoast_head":"<!-- This site is optimized with the Yoast SEO plugin v20.9 - https:\/\/yoast.com\/wordpress\/plugins\/seo\/ -->\n<title>Dog Pregnancy Test - Accudoctor<\/title>\n<meta name=\"robots\" content=\"index, follow, max-snippet:-1, max-image-preview:large, max-video-preview:-1\" \/>\n<link rel=\"canonical\" href=\"https:\/\/accudoctor.eu\/fr\/produit\/dog-pregnancy-test\/\" \/>\n<meta property=\"og:locale\" content=\"fr_FR\" \/>\n<meta property=\"og:type\" content=\"article\" \/>\n<meta property=\"og:title\" content=\"Dog Pregnancy Test - Accudoctor\" \/>\n<meta property=\"og:description\" content=\"The test is based on a sandwich lateral flow immunochromatographic assay. The cassette contains a testing window with two zones: a T (test) zone and a C (control) zone, which are initially invisible. Once the sample is applied to the sample well, the liquid flows laterally along the test strip. If the sample contains sufficient levels of dog relaxin, a visible T line will appear in the test zone. The C line will always appear after the sample is applied, confirming the validity of the test. This method ensures accurate detection of canine relaxin in the sample.           Reference Animal Format Sample Kit Size   AVIRLN-302 Dogs Casette Whole blood 2T\" \/>\n<meta property=\"og:url\" content=\"https:\/\/accudoctor.eu\/fr\/produit\/dog-pregnancy-test\/\" \/>\n<meta property=\"og:site_name\" content=\"Accudoctor\" \/>\n<meta property=\"article:modified_time\" content=\"2024-09-10T08:44:01+00:00\" \/>\n<meta property=\"og:image\" content=\"https:\/\/accudoctor.eu\/wp-content\/uploads\/2024\/01\/VIRLN-302-fondo-blanco-Accudoctor.png\" \/>\n\t<meta property=\"og:image:width\" content=\"1000\" \/>\n\t<meta property=\"og:image:height\" content=\"1000\" \/>\n\t<meta property=\"og:image:type\" content=\"image\/png\" \/>\n<meta name=\"twitter:card\" content=\"summary_large_image\" \/>\n<meta name=\"twitter:label1\" content=\"Dur\u00e9e de lecture estim\u00e9e\" \/>\n\t<meta name=\"twitter:data1\" content=\"1 minute\" \/>\n<script type=\"application\/ld+json\" class=\"yoast-schema-graph\">{\"@context\":\"https:\/\/schema.org\",\"@graph\":[{\"@type\":\"WebPage\",\"@id\":\"https:\/\/accudoctor.eu\/product\/dog-pregnancy-test\/\",\"url\":\"https:\/\/accudoctor.eu\/product\/dog-pregnancy-test\/\",\"name\":\"Dog Pregnancy Test - Accudoctor\",\"isPartOf\":{\"@id\":\"https:\/\/accudoctor.eu\/es_es\/#website\"},\"datePublished\":\"2024-01-16T08:08:46+00:00\",\"dateModified\":\"2024-09-10T08:44:01+00:00\",\"breadcrumb\":{\"@id\":\"https:\/\/accudoctor.eu\/product\/dog-pregnancy-test\/#breadcrumb\"},\"inLanguage\":\"fr-FR\",\"potentialAction\":[{\"@type\":\"ReadAction\",\"target\":[\"https:\/\/accudoctor.eu\/product\/dog-pregnancy-test\/\"]}]},{\"@type\":\"BreadcrumbList\",\"@id\":\"https:\/\/accudoctor.eu\/product\/dog-pregnancy-test\/#breadcrumb\",\"itemListElement\":[{\"@type\":\"ListItem\",\"position\":1,\"name\":\"Portada\",\"item\":\"https:\/\/accudoctor.eu\/\"},{\"@type\":\"ListItem\",\"position\":2,\"name\":\"Store\",\"item\":\"https:\/\/accudoctor.eu\/store\/\"},{\"@type\":\"ListItem\",\"position\":3,\"name\":\"Dog Pregnancy Test\"}]},{\"@type\":\"WebSite\",\"@id\":\"https:\/\/accudoctor.eu\/es_es\/#website\",\"url\":\"https:\/\/accudoctor.eu\/es_es\/\",\"name\":\"Accudoctor\",\"description\":\"Experts in diagnostic testing since 2011\",\"publisher\":{\"@id\":\"https:\/\/accudoctor.eu\/es_es\/#organization\"},\"potentialAction\":[{\"@type\":\"SearchAction\",\"target\":{\"@type\":\"EntryPoint\",\"urlTemplate\":\"https:\/\/accudoctor.eu\/es_es\/?s={search_term_string}\"},\"query-input\":\"required name=search_term_string\"}],\"inLanguage\":\"fr-FR\"},{\"@type\":\"Organization\",\"@id\":\"https:\/\/accudoctor.eu\/es_es\/#organization\",\"name\":\"Accudoctor\",\"url\":\"https:\/\/accudoctor.eu\/es_es\/\",\"logo\":{\"@type\":\"ImageObject\",\"inLanguage\":\"fr-FR\",\"@id\":\"https:\/\/accudoctor.eu\/es_es\/#\/schema\/logo\/image\/\",\"url\":\"https:\/\/accudoctor.eu\/wp-content\/uploads\/2023\/06\/LOGO400X400.png\",\"contentUrl\":\"https:\/\/accudoctor.eu\/wp-content\/uploads\/2023\/06\/LOGO400X400.png\",\"width\":400,\"height\":400,\"caption\":\"Accudoctor\"},\"image\":{\"@id\":\"https:\/\/accudoctor.eu\/es_es\/#\/schema\/logo\/image\/\"}}]}<\/script>\n<!-- \/ Yoast SEO plugin. -->","yoast_head_json":{"title":"Dog Pregnancy Test - Accudoctor","robots":{"index":"index","follow":"follow","max-snippet":"max-snippet:-1","max-image-preview":"max-image-preview:large","max-video-preview":"max-video-preview:-1"},"canonical":"https:\/\/accudoctor.eu\/fr\/produit\/dog-pregnancy-test\/","og_locale":"fr_FR","og_type":"article","og_title":"Dog Pregnancy Test - Accudoctor","og_description":"The test is based on a sandwich lateral flow immunochromatographic assay. The cassette contains a testing window with two zones: a T (test) zone and a C (control) zone, which are initially invisible. Once the sample is applied to the sample well, the liquid flows laterally along the test strip. If the sample contains sufficient levels of dog relaxin, a visible T line will appear in the test zone. The C line will always appear after the sample is applied, confirming the validity of the test. This method ensures accurate detection of canine relaxin in the sample.           Reference Animal Format Sample Kit Size   AVIRLN-302 Dogs Casette Whole blood 2T","og_url":"https:\/\/accudoctor.eu\/fr\/produit\/dog-pregnancy-test\/","og_site_name":"Accudoctor","article_modified_time":"2024-09-10T08:44:01+00:00","og_image":[{"width":1000,"height":1000,"url":"https:\/\/accudoctor.eu\/wp-content\/uploads\/2024\/01\/VIRLN-302-fondo-blanco-Accudoctor.png","type":"image\/png"}],"twitter_card":"summary_large_image","twitter_misc":{"Dur\u00e9e de lecture estim\u00e9e":"1 minute"},"schema":{"@context":"https:\/\/schema.org","@graph":[{"@type":"WebPage","@id":"https:\/\/accudoctor.eu\/product\/dog-pregnancy-test\/","url":"https:\/\/accudoctor.eu\/product\/dog-pregnancy-test\/","name":"Dog Pregnancy Test - Accudoctor","isPartOf":{"@id":"https:\/\/accudoctor.eu\/es_es\/#website"},"datePublished":"2024-01-16T08:08:46+00:00","dateModified":"2024-09-10T08:44:01+00:00","breadcrumb":{"@id":"https:\/\/accudoctor.eu\/product\/dog-pregnancy-test\/#breadcrumb"},"inLanguage":"fr-FR","potentialAction":[{"@type":"ReadAction","target":["https:\/\/accudoctor.eu\/product\/dog-pregnancy-test\/"]}]},{"@type":"BreadcrumbList","@id":"https:\/\/accudoctor.eu\/product\/dog-pregnancy-test\/#breadcrumb","itemListElement":[{"@type":"ListItem","position":1,"name":"Portada","item":"https:\/\/accudoctor.eu\/"},{"@type":"ListItem","position":2,"name":"Store","item":"https:\/\/accudoctor.eu\/store\/"},{"@type":"ListItem","position":3,"name":"Dog Pregnancy Test"}]},{"@type":"WebSite","@id":"https:\/\/accudoctor.eu\/es_es\/#website","url":"https:\/\/accudoctor.eu\/es_es\/","name":"Accudoctor","description":"Experts in diagnostic testing since 2011","publisher":{"@id":"https:\/\/accudoctor.eu\/es_es\/#organization"},"potentialAction":[{"@type":"SearchAction","target":{"@type":"EntryPoint","urlTemplate":"https:\/\/accudoctor.eu\/es_es\/?s={search_term_string}"},"query-input":"required name=search_term_string"}],"inLanguage":"fr-FR"},{"@type":"Organization","@id":"https:\/\/accudoctor.eu\/es_es\/#organization","name":"Accudoctor","url":"https:\/\/accudoctor.eu\/es_es\/","logo":{"@type":"ImageObject","inLanguage":"fr-FR","@id":"https:\/\/accudoctor.eu\/es_es\/#\/schema\/logo\/image\/","url":"https:\/\/accudoctor.eu\/wp-content\/uploads\/2023\/06\/LOGO400X400.png","contentUrl":"https:\/\/accudoctor.eu\/wp-content\/uploads\/2023\/06\/LOGO400X400.png","width":400,"height":400,"caption":"Accudoctor"},"image":{"@id":"https:\/\/accudoctor.eu\/es_es\/#\/schema\/logo\/image\/"}}]}},"_links":{"self":[{"href":"https:\/\/accudoctor.eu\/fr\/wp-json\/wp\/v2\/product\/2024"}],"collection":[{"href":"https:\/\/accudoctor.eu\/fr\/wp-json\/wp\/v2\/product"}],"about":[{"href":"https:\/\/accudoctor.eu\/fr\/wp-json\/wp\/v2\/types\/product"}],"replies":[{"embeddable":true,"href":"https:\/\/accudoctor.eu\/fr\/wp-json\/wp\/v2\/comments?post=2024"}],"version-history":[{"count":5,"href":"https:\/\/accudoctor.eu\/fr\/wp-json\/wp\/v2\/product\/2024\/revisions"}],"predecessor-version":[{"id":2136,"href":"https:\/\/accudoctor.eu\/fr\/wp-json\/wp\/v2\/product\/2024\/revisions\/2136"}],"wp:featuredmedia":[{"embeddable":true,"href":"https:\/\/accudoctor.eu\/fr\/wp-json\/wp\/v2\/media\/2130"}],"wp:attachment":[{"href":"https:\/\/accudoctor.eu\/fr\/wp-json\/wp\/v2\/media?parent=2024"}],"wp:term":[{"taxonomy":"product_cat","embeddable":true,"href":"https:\/\/accudoctor.eu\/fr\/wp-json\/wp\/v2\/product_cat?post=2024"},{"taxonomy":"product_tag","embeddable":true,"href":"https:\/\/accudoctor.eu\/fr\/wp-json\/wp\/v2\/product_tag?post=2024"}],"curies":[{"name":"wp","href":"https:\/\/api.w.org\/{rel}","templated":true}]}}