{"id":583,"date":"2023-04-18T13:03:27","date_gmt":"2023-04-18T13:03:27","guid":{"rendered":"https:\/\/accudoctor.eu\/?post_type=product&#038;p=583"},"modified":"2023-12-19T08:21:17","modified_gmt":"2023-12-19T08:21:17","slug":"helicobacter-pylori-test","status":"publish","type":"product","link":"https:\/\/accudoctor.eu\/fr\/produit\/helicobacter-pylori-test\/","title":{"rendered":"Test de d\u00e9tection d'Helicobacter Pylori"},"content":{"rendered":"<p>Le test des selles Helicobacter pylori Accudoctor est un test utilis\u00e9 pour d\u00e9tecter la pr\u00e9sence de la bact\u00e9rie Helicobacter pylori dans le tractus gastro-intestinal. Helicobacter pylori est une bact\u00e9rie qui peut coloniser la muqueuse de l'estomac et peut provoquer des maladies telles que la gastrite, les ulc\u00e8res gastriques et les troubles du tractus digestif.<\/p>\n<p>Le test Helicobacter pylori repose sur la d\u00e9tection des antig\u00e8nes de Helicobacter pylori dans les selles du patient. De plus, contrairement \u00e0 certains tests qui n\u00e9cessitent des restrictions alimentaires pr\u00e9alables ou l'arr\u00eat des m\u00e9dicaments, le test Helicobacter pylori dans les selles ne n\u00e9cessite aucun changement dans l'alimentation ni l'interruption des m\u00e9dicaments que le patient pourrait prendre, ce qui le rend plus accessible et pratique pour les patients.<\/p>\n<div class=\"qrcprowrapper\" style=\"text-align:left;\" id=\"qrcwraaerfileds\"><div class=\"qrc_qrcode\" style=\"display:inline-block\" data-text=\"https:\/\/accudoctor.eu\/fr\/produit\/helicobacter-pylori-test\/\"><\/div><\/div>","protected":false},"excerpt":{"rendered":"<p>Notre test des selles pour Helicobacter pylori pr\u00e9sente une sensibilit\u00e9 et une sp\u00e9cificit\u00e9 \u00e9lev\u00e9es, ce qui signifie qu'il s'agit d'un test valide pour d\u00e9tecter la pr\u00e9sence de la bact\u00e9rie. Ce test des selles est un outil utile, non invasif et pr\u00e9cis qui permet un diagnostic pr\u00e9coce et un traitement appropri\u00e9 des maladies associ\u00e9es \u00e0 Helicobacter pylori. En cas de suspicion d'infection par cette bact\u00e9rie, il est recommand\u00e9 de consulter un m\u00e9decin pour d\u00e9terminer la n\u00e9cessit\u00e9 de r\u00e9aliser ce test et recevoir le traitement ad\u00e9quat.<\/p>\n<p>The product includes 1 test, a collection swab, stool collection paper, a collection container, and instructions in 5 languages.<\/p>\n<p>&nbsp;<\/p>\n<table width=\"352\">\n<tbody>\n<tr>\n<td width=\"112\"><strong>R\u00e9f\u00e9rence<\/strong><\/td>\n<td width=\"80\"><strong>Format<\/strong><\/td>\n<td width=\"80\"><strong>Specime<\/strong><\/td>\n<td width=\"80\"><strong>Unit\u00e9s par produit<\/strong><\/td>\n<\/tr>\n<tr>\n<td>AIHP-602H<\/td>\n<td>Casette<\/td>\n<td>F\u00e8ces<\/td>\n<td>1T<\/td>\n<\/tr>\n<\/tbody>\n<\/table>\n<p>&nbsp;<\/p>\n<p>&nbsp;<\/p>","protected":false},"featured_media":2008,"comment_status":"open","ping_status":"closed","template":"","meta":[],"product_cat":[26,38],"product_tag":[],"acf":[],"yoast_head":"<!-- This site is optimized with the Yoast SEO plugin v20.9 - https:\/\/yoast.com\/wordpress\/plugins\/seo\/ -->\n<title>Helicobacter Pylori Test in Feces Antigen | Accudoctor<\/title>\n<meta name=\"description\" content=\"The Helicobacter Pylori Accudoctor stool test is a test used to detect the presence of the bacteria Helicobacter pylori in the gastrointestinal tract. Helicobacter pylori is a bacteria that can colonize the lining of the stomach and can cause diseases such as gastritis, peptic ulcers, and digestive tract disorders.\" \/>\n<meta name=\"robots\" content=\"index, follow, max-snippet:-1, max-image-preview:large, max-video-preview:-1\" \/>\n<link rel=\"canonical\" href=\"https:\/\/accudoctor.eu\/fr\/produit\/helicobacter-pylori-test\/\" \/>\n<meta property=\"og:locale\" content=\"fr_FR\" \/>\n<meta property=\"og:type\" content=\"article\" \/>\n<meta property=\"og:title\" content=\"Helicobacter Pylori Test in Feces Antigen | Accudoctor\" \/>\n<meta property=\"og:description\" content=\"The Helicobacter Pylori Accudoctor stool test is a test used to detect the presence of the bacteria Helicobacter pylori in the gastrointestinal tract. Helicobacter pylori is a bacteria that can colonize the lining of the stomach and can cause diseases such as gastritis, peptic ulcers, and digestive tract disorders.\" \/>\n<meta property=\"og:url\" content=\"https:\/\/accudoctor.eu\/fr\/produit\/helicobacter-pylori-test\/\" \/>\n<meta property=\"og:site_name\" content=\"Accudoctor\" \/>\n<meta property=\"article:modified_time\" content=\"2023-12-19T08:21:17+00:00\" \/>\n<meta property=\"og:image\" content=\"https:\/\/accudoctor.eu\/wp-content\/uploads\/2023\/04\/03-2.jpg\" \/>\n\t<meta property=\"og:image:width\" content=\"2000\" \/>\n\t<meta property=\"og:image:height\" content=\"2000\" \/>\n\t<meta property=\"og:image:type\" content=\"image\/jpeg\" \/>\n<meta name=\"twitter:card\" content=\"summary_large_image\" \/>\n<meta name=\"twitter:label1\" content=\"Dur\u00e9e de lecture estim\u00e9e\" \/>\n\t<meta name=\"twitter:data1\" content=\"1 minute\" \/>\n<script type=\"application\/ld+json\" class=\"yoast-schema-graph\">{\"@context\":\"https:\/\/schema.org\",\"@graph\":[{\"@type\":\"WebPage\",\"@id\":\"https:\/\/accudoctor.eu\/product\/helicobacter-pylori-test\/\",\"url\":\"https:\/\/accudoctor.eu\/product\/helicobacter-pylori-test\/\",\"name\":\"Helicobacter Pylori Test in Feces Antigen | Accudoctor\",\"isPartOf\":{\"@id\":\"https:\/\/accudoctor.eu\/es_es\/#website\"},\"datePublished\":\"2023-04-18T13:03:27+00:00\",\"dateModified\":\"2023-12-19T08:21:17+00:00\",\"description\":\"The Helicobacter Pylori Accudoctor stool test is a test used to detect the presence of the bacteria Helicobacter pylori in the gastrointestinal tract. Helicobacter pylori is a bacteria that can colonize the lining of the stomach and can cause diseases such as gastritis, peptic ulcers, and digestive tract disorders.\",\"breadcrumb\":{\"@id\":\"https:\/\/accudoctor.eu\/product\/helicobacter-pylori-test\/#breadcrumb\"},\"inLanguage\":\"fr-FR\",\"potentialAction\":[{\"@type\":\"ReadAction\",\"target\":[\"https:\/\/accudoctor.eu\/product\/helicobacter-pylori-test\/\"]}]},{\"@type\":\"BreadcrumbList\",\"@id\":\"https:\/\/accudoctor.eu\/product\/helicobacter-pylori-test\/#breadcrumb\",\"itemListElement\":[{\"@type\":\"ListItem\",\"position\":1,\"name\":\"Portada\",\"item\":\"https:\/\/accudoctor.eu\/\"},{\"@type\":\"ListItem\",\"position\":2,\"name\":\"Store\",\"item\":\"https:\/\/accudoctor.eu\/store\/\"},{\"@type\":\"ListItem\",\"position\":3,\"name\":\"Helicobacter Pylori Test\"}]},{\"@type\":\"WebSite\",\"@id\":\"https:\/\/accudoctor.eu\/es_es\/#website\",\"url\":\"https:\/\/accudoctor.eu\/es_es\/\",\"name\":\"Accudoctor\",\"description\":\"Experts in diagnostic testing since 2011\",\"publisher\":{\"@id\":\"https:\/\/accudoctor.eu\/es_es\/#organization\"},\"potentialAction\":[{\"@type\":\"SearchAction\",\"target\":{\"@type\":\"EntryPoint\",\"urlTemplate\":\"https:\/\/accudoctor.eu\/es_es\/?s={search_term_string}\"},\"query-input\":\"required name=search_term_string\"}],\"inLanguage\":\"fr-FR\"},{\"@type\":\"Organization\",\"@id\":\"https:\/\/accudoctor.eu\/es_es\/#organization\",\"name\":\"Accudoctor\",\"url\":\"https:\/\/accudoctor.eu\/es_es\/\",\"logo\":{\"@type\":\"ImageObject\",\"inLanguage\":\"fr-FR\",\"@id\":\"https:\/\/accudoctor.eu\/es_es\/#\/schema\/logo\/image\/\",\"url\":\"https:\/\/accudoctor.eu\/wp-content\/uploads\/2023\/06\/LOGO400X400.png\",\"contentUrl\":\"https:\/\/accudoctor.eu\/wp-content\/uploads\/2023\/06\/LOGO400X400.png\",\"width\":400,\"height\":400,\"caption\":\"Accudoctor\"},\"image\":{\"@id\":\"https:\/\/accudoctor.eu\/es_es\/#\/schema\/logo\/image\/\"}}]}<\/script>\n<!-- \/ Yoast SEO plugin. -->","yoast_head_json":{"title":"Helicobacter Pylori Test in Feces Antigen | Accudoctor","description":"The Helicobacter Pylori Accudoctor stool test is a test used to detect the presence of the bacteria Helicobacter pylori in the gastrointestinal tract. Helicobacter pylori is a bacteria that can colonize the lining of the stomach and can cause diseases such as gastritis, peptic ulcers, and digestive tract disorders.","robots":{"index":"index","follow":"follow","max-snippet":"max-snippet:-1","max-image-preview":"max-image-preview:large","max-video-preview":"max-video-preview:-1"},"canonical":"https:\/\/accudoctor.eu\/fr\/produit\/helicobacter-pylori-test\/","og_locale":"fr_FR","og_type":"article","og_title":"Helicobacter Pylori Test in Feces Antigen | Accudoctor","og_description":"The Helicobacter Pylori Accudoctor stool test is a test used to detect the presence of the bacteria Helicobacter pylori in the gastrointestinal tract. Helicobacter pylori is a bacteria that can colonize the lining of the stomach and can cause diseases such as gastritis, peptic ulcers, and digestive tract disorders.","og_url":"https:\/\/accudoctor.eu\/fr\/produit\/helicobacter-pylori-test\/","og_site_name":"Accudoctor","article_modified_time":"2023-12-19T08:21:17+00:00","og_image":[{"width":2000,"height":2000,"url":"https:\/\/accudoctor.eu\/wp-content\/uploads\/2023\/04\/03-2.jpg","type":"image\/jpeg"}],"twitter_card":"summary_large_image","twitter_misc":{"Dur\u00e9e de lecture estim\u00e9e":"1 minute"},"schema":{"@context":"https:\/\/schema.org","@graph":[{"@type":"WebPage","@id":"https:\/\/accudoctor.eu\/product\/helicobacter-pylori-test\/","url":"https:\/\/accudoctor.eu\/product\/helicobacter-pylori-test\/","name":"Helicobacter Pylori Test in Feces Antigen | Accudoctor","isPartOf":{"@id":"https:\/\/accudoctor.eu\/es_es\/#website"},"datePublished":"2023-04-18T13:03:27+00:00","dateModified":"2023-12-19T08:21:17+00:00","description":"The Helicobacter Pylori Accudoctor stool test is a test used to detect the presence of the bacteria Helicobacter pylori in the gastrointestinal tract. Helicobacter pylori is a bacteria that can colonize the lining of the stomach and can cause diseases such as gastritis, peptic ulcers, and digestive tract disorders.","breadcrumb":{"@id":"https:\/\/accudoctor.eu\/product\/helicobacter-pylori-test\/#breadcrumb"},"inLanguage":"fr-FR","potentialAction":[{"@type":"ReadAction","target":["https:\/\/accudoctor.eu\/product\/helicobacter-pylori-test\/"]}]},{"@type":"BreadcrumbList","@id":"https:\/\/accudoctor.eu\/product\/helicobacter-pylori-test\/#breadcrumb","itemListElement":[{"@type":"ListItem","position":1,"name":"Portada","item":"https:\/\/accudoctor.eu\/"},{"@type":"ListItem","position":2,"name":"Store","item":"https:\/\/accudoctor.eu\/store\/"},{"@type":"ListItem","position":3,"name":"Helicobacter Pylori Test"}]},{"@type":"WebSite","@id":"https:\/\/accudoctor.eu\/es_es\/#website","url":"https:\/\/accudoctor.eu\/es_es\/","name":"Accudoctor","description":"Experts in diagnostic testing since 2011","publisher":{"@id":"https:\/\/accudoctor.eu\/es_es\/#organization"},"potentialAction":[{"@type":"SearchAction","target":{"@type":"EntryPoint","urlTemplate":"https:\/\/accudoctor.eu\/es_es\/?s={search_term_string}"},"query-input":"required name=search_term_string"}],"inLanguage":"fr-FR"},{"@type":"Organization","@id":"https:\/\/accudoctor.eu\/es_es\/#organization","name":"Accudoctor","url":"https:\/\/accudoctor.eu\/es_es\/","logo":{"@type":"ImageObject","inLanguage":"fr-FR","@id":"https:\/\/accudoctor.eu\/es_es\/#\/schema\/logo\/image\/","url":"https:\/\/accudoctor.eu\/wp-content\/uploads\/2023\/06\/LOGO400X400.png","contentUrl":"https:\/\/accudoctor.eu\/wp-content\/uploads\/2023\/06\/LOGO400X400.png","width":400,"height":400,"caption":"Accudoctor"},"image":{"@id":"https:\/\/accudoctor.eu\/es_es\/#\/schema\/logo\/image\/"}}]}},"_links":{"self":[{"href":"https:\/\/accudoctor.eu\/fr\/wp-json\/wp\/v2\/product\/583"}],"collection":[{"href":"https:\/\/accudoctor.eu\/fr\/wp-json\/wp\/v2\/product"}],"about":[{"href":"https:\/\/accudoctor.eu\/fr\/wp-json\/wp\/v2\/types\/product"}],"replies":[{"embeddable":true,"href":"https:\/\/accudoctor.eu\/fr\/wp-json\/wp\/v2\/comments?post=583"}],"version-history":[{"count":21,"href":"https:\/\/accudoctor.eu\/fr\/wp-json\/wp\/v2\/product\/583\/revisions"}],"predecessor-version":[{"id":1587,"href":"https:\/\/accudoctor.eu\/fr\/wp-json\/wp\/v2\/product\/583\/revisions\/1587"}],"wp:featuredmedia":[{"embeddable":true,"href":"https:\/\/accudoctor.eu\/fr\/wp-json\/wp\/v2\/media\/2008"}],"wp:attachment":[{"href":"https:\/\/accudoctor.eu\/fr\/wp-json\/wp\/v2\/media?parent=583"}],"wp:term":[{"taxonomy":"product_cat","embeddable":true,"href":"https:\/\/accudoctor.eu\/fr\/wp-json\/wp\/v2\/product_cat?post=583"},{"taxonomy":"product_tag","embeddable":true,"href":"https:\/\/accudoctor.eu\/fr\/wp-json\/wp\/v2\/product_tag?post=583"}],"curies":[{"name":"wp","href":"https:\/\/api.w.org\/{rel}","templated":true}]}}