{"id":584,"date":"2023-04-18T13:03:47","date_gmt":"2023-04-18T13:03:47","guid":{"rendered":"https:\/\/accudoctor.eu\/?post_type=product&#038;p=584"},"modified":"2026-02-24T20:34:06","modified_gmt":"2026-02-24T20:34:06","slug":"thc-rapid-test","status":"publish","type":"product","link":"https:\/\/accudoctor.eu\/fr\/produit\/thc-rapid-test\/","title":{"rendered":"Test de Droghe Rapide THC"},"content":{"rendered":"<p>Le Test de Droghe Rapide THC Accudoctor est un outil utilis\u00e9 pour d\u00e9tecter la pr\u00e9sence de delta-9-t\u00e9trahydrocannabinol (THC), le principal compos\u00e9 psychoactif dans la marijuana, dans les \u00e9chantillons d'urine.<\/p>\n<p>Le test de d\u00e9pistage de THC contient une s\u00e9rie de r\u00e9actifs chimiques et une bandelette r\u00e9active avec une fen\u00eatre de r\u00e9sultat. Pour effectuer le test, la bandelette est plong\u00e9e dans un \u00e9chantillon d'urine pendant une dur\u00e9e sp\u00e9cifique, g\u00e9n\u00e9ralement de 5 \u00e0 10 secondes. Apr\u00e8s cela, le test de d\u00e9pistage est retir\u00e9 et plac\u00e9 sur une surface plane et non absorbante. Les bandelettes ont g\u00e9n\u00e9ralement une fen\u00eatre de r\u00e9sultat o\u00f9 des lignes ou des signes appara\u00eetront pour indiquer si le test est positif ou n\u00e9gatif.<\/p>\n<p>La pr\u00e9sence et la dur\u00e9e du THC (t\u00e9trahydrocannabinol) dans l'urine peuvent varier en fonction de plusieurs facteurs, tels que la fr\u00e9quence et la quantit\u00e9 de consommation, le m\u00e9tabolisme individuel, la qualit\u00e9 et la puissance de la marijuana, ainsi que d'autres aspects li\u00e9s \u00e0 la sant\u00e9 et au mode de vie. En g\u00e9n\u00e9ral, le THC et ses m\u00e9tabolites peuvent \u00eatre d\u00e9tect\u00e9s dans l'urine par un test de d\u00e9pistage de drogue environ 7 jours apr\u00e8s la consommation pour les utilisateurs occasionnels. Cependant, chez les consommateurs r\u00e9guliers ou chroniques, le THC peut rester dans l'urine pendant des semaines.<\/p>\n<div class=\"qrcprowrapper\" style=\"text-align:left;\" id=\"qrcwraaerfileds\"><div class=\"qrc_qrcode\" style=\"display:inline-block\" data-text=\"https:\/\/accudoctor.eu\/fr\/produit\/thc-rapid-test\/\"><\/div><\/div>","protected":false},"excerpt":{"rendered":"<div class=\"group w-full text-gray-800 dark:text-gray-100 border-b border-black\/10 dark:border-gray-900\/50 bg-gray-50 dark:bg-[#444654]\">\n<div class=\"flex p-4 gap-4 text-base md:gap-6 md:max-w-2xl lg:max-w-[38rem] xl:max-w-3xl md:py-6 lg:px-0 m-auto\">\n<div class=\"relative flex w-[calc(100%-50px)] flex-col gap-1 md:gap-3 lg:w-[calc(100%-115px)]\">\n<div class=\"flex flex-grow flex-col gap-3\">\n<div class=\"min-h-[20px] flex items-start overflow-x-auto whitespace-pre-wrap break-words flex-col gap-4\">\n<div class=\"markdown prose w-full break-words dark:prose-invert light\">\n<p>Le Test de Droghe Rapide THC Accudoctor montre un r\u00e9sultat positif si la concentration de THC dans l'\u00e9chantillon d'urine est \u00e9gale ou sup\u00e9rieure \u00e0 25 ng\/mL. Si le r\u00e9sultat du test atteint ou d\u00e9passe ce seuil, il sera consid\u00e9r\u00e9 comme positif. Les bandelettes sont emball\u00e9es individuellement et comprennent des instructions dans 5 langues.<\/p>\n<\/div>\n<\/div>\n<\/div>\n<\/div>\n<\/div>\n<\/div>\n<table width=\"597\">\n<tbody>\n<tr>\n<td width=\"112\"><strong>R\u00e9f\u00e9rence<\/strong><\/td>\n<td width=\"80\"><strong>Analyte<\/strong><\/td>\n<td width=\"80\"><strong>Format<\/strong><\/td>\n<td width=\"80\"><strong>\u00c9chantillon<\/strong><\/td>\n<td width=\"165\"><strong>Cut Off<\/strong><\/td>\n<td width=\"80\"><strong>Unit\u00e9s par produit<\/strong><\/td>\n<\/tr>\n<tr>\n<td>ADTH-101<\/td>\n<td>11-nor-\u2206<sup>9<\/sup>-THC-9 COOH<\/td>\n<td>Bandalette<\/td>\n<td>Urine<\/td>\n<td>25 ng\/ml<\/td>\n<td>10T and 25T<\/td>\n<\/tr>\n<\/tbody>\n<\/table>","protected":false},"featured_media":2191,"comment_status":"open","ping_status":"closed","template":"","meta":[],"product_cat":[25,34],"product_tag":[],"acf":[],"yoast_head":"<!-- This site is optimized with the Yoast SEO plugin v20.9 - https:\/\/yoast.com\/wordpress\/plugins\/seo\/ -->\n<title>THC Rapid Drug Test Dipstick | Accudoctor<\/title>\n<meta name=\"description\" content=\"The Accudoctor THC Urine Strip Test is a tool used to detect the presence of delta-9-tetrahydrocannabinol (THC), the primary psychoactive compound in marijuana, in urine samples.\" \/>\n<meta name=\"robots\" content=\"index, follow, max-snippet:-1, max-image-preview:large, max-video-preview:-1\" \/>\n<link rel=\"canonical\" href=\"https:\/\/accudoctor.eu\/fr\/produit\/thc-rapid-test\/\" \/>\n<meta property=\"og:locale\" content=\"fr_FR\" \/>\n<meta property=\"og:type\" content=\"article\" \/>\n<meta property=\"og:title\" content=\"THC Rapid Drug Test Dipstick | Accudoctor\" \/>\n<meta property=\"og:description\" content=\"The Accudoctor THC Urine Strip Test is a tool used to detect the presence of delta-9-tetrahydrocannabinol (THC), the primary psychoactive compound in marijuana, in urine samples.\" \/>\n<meta property=\"og:url\" content=\"https:\/\/accudoctor.eu\/fr\/produit\/thc-rapid-test\/\" \/>\n<meta property=\"og:site_name\" content=\"Accudoctor\" \/>\n<meta property=\"article:modified_time\" content=\"2026-02-24T20:34:06+00:00\" \/>\n<meta property=\"og:image\" content=\"https:\/\/accudoctor.eu\/wp-content\/uploads\/2023\/04\/INF.-8-5.png\" \/>\n\t<meta property=\"og:image:width\" content=\"1000\" \/>\n\t<meta property=\"og:image:height\" content=\"1000\" \/>\n\t<meta property=\"og:image:type\" content=\"image\/png\" \/>\n<meta name=\"twitter:card\" content=\"summary_large_image\" \/>\n<meta name=\"twitter:label1\" content=\"Dur\u00e9e de lecture estim\u00e9e\" \/>\n\t<meta name=\"twitter:data1\" content=\"1 minute\" \/>\n<script type=\"application\/ld+json\" class=\"yoast-schema-graph\">{\"@context\":\"https:\/\/schema.org\",\"@graph\":[{\"@type\":\"WebPage\",\"@id\":\"https:\/\/accudoctor.eu\/product\/thc-rapid-test\/\",\"url\":\"https:\/\/accudoctor.eu\/product\/thc-rapid-test\/\",\"name\":\"THC Rapid Drug Test Dipstick | Accudoctor\",\"isPartOf\":{\"@id\":\"https:\/\/accudoctor.eu\/es_es\/#website\"},\"datePublished\":\"2023-04-18T13:03:47+00:00\",\"dateModified\":\"2026-02-24T20:34:06+00:00\",\"description\":\"The Accudoctor THC Urine Strip Test is a tool used to detect the presence of delta-9-tetrahydrocannabinol (THC), the primary psychoactive compound in marijuana, in urine samples.\",\"breadcrumb\":{\"@id\":\"https:\/\/accudoctor.eu\/product\/thc-rapid-test\/#breadcrumb\"},\"inLanguage\":\"fr-FR\",\"potentialAction\":[{\"@type\":\"ReadAction\",\"target\":[\"https:\/\/accudoctor.eu\/product\/thc-rapid-test\/\"]}]},{\"@type\":\"BreadcrumbList\",\"@id\":\"https:\/\/accudoctor.eu\/product\/thc-rapid-test\/#breadcrumb\",\"itemListElement\":[{\"@type\":\"ListItem\",\"position\":1,\"name\":\"Portada\",\"item\":\"https:\/\/accudoctor.eu\/\"},{\"@type\":\"ListItem\",\"position\":2,\"name\":\"Store\",\"item\":\"https:\/\/accudoctor.eu\/store\/\"},{\"@type\":\"ListItem\",\"position\":3,\"name\":\"THC Rapid Test\"}]},{\"@type\":\"WebSite\",\"@id\":\"https:\/\/accudoctor.eu\/es_es\/#website\",\"url\":\"https:\/\/accudoctor.eu\/es_es\/\",\"name\":\"Accudoctor\",\"description\":\"Experts in diagnostic testing since 2011\",\"publisher\":{\"@id\":\"https:\/\/accudoctor.eu\/es_es\/#organization\"},\"potentialAction\":[{\"@type\":\"SearchAction\",\"target\":{\"@type\":\"EntryPoint\",\"urlTemplate\":\"https:\/\/accudoctor.eu\/es_es\/?s={search_term_string}\"},\"query-input\":\"required name=search_term_string\"}],\"inLanguage\":\"fr-FR\"},{\"@type\":\"Organization\",\"@id\":\"https:\/\/accudoctor.eu\/es_es\/#organization\",\"name\":\"Accudoctor\",\"url\":\"https:\/\/accudoctor.eu\/es_es\/\",\"logo\":{\"@type\":\"ImageObject\",\"inLanguage\":\"fr-FR\",\"@id\":\"https:\/\/accudoctor.eu\/es_es\/#\/schema\/logo\/image\/\",\"url\":\"https:\/\/accudoctor.eu\/wp-content\/uploads\/2023\/06\/LOGO400X400.png\",\"contentUrl\":\"https:\/\/accudoctor.eu\/wp-content\/uploads\/2023\/06\/LOGO400X400.png\",\"width\":400,\"height\":400,\"caption\":\"Accudoctor\"},\"image\":{\"@id\":\"https:\/\/accudoctor.eu\/es_es\/#\/schema\/logo\/image\/\"}}]}<\/script>\n<!-- \/ Yoast SEO plugin. -->","yoast_head_json":{"title":"THC Rapid Drug Test Dipstick | Accudoctor","description":"The Accudoctor THC Urine Strip Test is a tool used to detect the presence of delta-9-tetrahydrocannabinol (THC), the primary psychoactive compound in marijuana, in urine samples.","robots":{"index":"index","follow":"follow","max-snippet":"max-snippet:-1","max-image-preview":"max-image-preview:large","max-video-preview":"max-video-preview:-1"},"canonical":"https:\/\/accudoctor.eu\/fr\/produit\/thc-rapid-test\/","og_locale":"fr_FR","og_type":"article","og_title":"THC Rapid Drug Test Dipstick | Accudoctor","og_description":"The Accudoctor THC Urine Strip Test is a tool used to detect the presence of delta-9-tetrahydrocannabinol (THC), the primary psychoactive compound in marijuana, in urine samples.","og_url":"https:\/\/accudoctor.eu\/fr\/produit\/thc-rapid-test\/","og_site_name":"Accudoctor","article_modified_time":"2026-02-24T20:34:06+00:00","og_image":[{"width":1000,"height":1000,"url":"https:\/\/accudoctor.eu\/wp-content\/uploads\/2023\/04\/INF.-8-5.png","type":"image\/png"}],"twitter_card":"summary_large_image","twitter_misc":{"Dur\u00e9e de lecture estim\u00e9e":"1 minute"},"schema":{"@context":"https:\/\/schema.org","@graph":[{"@type":"WebPage","@id":"https:\/\/accudoctor.eu\/product\/thc-rapid-test\/","url":"https:\/\/accudoctor.eu\/product\/thc-rapid-test\/","name":"THC Rapid Drug Test Dipstick | Accudoctor","isPartOf":{"@id":"https:\/\/accudoctor.eu\/es_es\/#website"},"datePublished":"2023-04-18T13:03:47+00:00","dateModified":"2026-02-24T20:34:06+00:00","description":"The Accudoctor THC Urine Strip Test is a tool used to detect the presence of delta-9-tetrahydrocannabinol (THC), the primary psychoactive compound in marijuana, in urine samples.","breadcrumb":{"@id":"https:\/\/accudoctor.eu\/product\/thc-rapid-test\/#breadcrumb"},"inLanguage":"fr-FR","potentialAction":[{"@type":"ReadAction","target":["https:\/\/accudoctor.eu\/product\/thc-rapid-test\/"]}]},{"@type":"BreadcrumbList","@id":"https:\/\/accudoctor.eu\/product\/thc-rapid-test\/#breadcrumb","itemListElement":[{"@type":"ListItem","position":1,"name":"Portada","item":"https:\/\/accudoctor.eu\/"},{"@type":"ListItem","position":2,"name":"Store","item":"https:\/\/accudoctor.eu\/store\/"},{"@type":"ListItem","position":3,"name":"THC Rapid Test"}]},{"@type":"WebSite","@id":"https:\/\/accudoctor.eu\/es_es\/#website","url":"https:\/\/accudoctor.eu\/es_es\/","name":"Accudoctor","description":"Experts in diagnostic testing since 2011","publisher":{"@id":"https:\/\/accudoctor.eu\/es_es\/#organization"},"potentialAction":[{"@type":"SearchAction","target":{"@type":"EntryPoint","urlTemplate":"https:\/\/accudoctor.eu\/es_es\/?s={search_term_string}"},"query-input":"required name=search_term_string"}],"inLanguage":"fr-FR"},{"@type":"Organization","@id":"https:\/\/accudoctor.eu\/es_es\/#organization","name":"Accudoctor","url":"https:\/\/accudoctor.eu\/es_es\/","logo":{"@type":"ImageObject","inLanguage":"fr-FR","@id":"https:\/\/accudoctor.eu\/es_es\/#\/schema\/logo\/image\/","url":"https:\/\/accudoctor.eu\/wp-content\/uploads\/2023\/06\/LOGO400X400.png","contentUrl":"https:\/\/accudoctor.eu\/wp-content\/uploads\/2023\/06\/LOGO400X400.png","width":400,"height":400,"caption":"Accudoctor"},"image":{"@id":"https:\/\/accudoctor.eu\/es_es\/#\/schema\/logo\/image\/"}}]}},"_links":{"self":[{"href":"https:\/\/accudoctor.eu\/fr\/wp-json\/wp\/v2\/product\/584"}],"collection":[{"href":"https:\/\/accudoctor.eu\/fr\/wp-json\/wp\/v2\/product"}],"about":[{"href":"https:\/\/accudoctor.eu\/fr\/wp-json\/wp\/v2\/types\/product"}],"replies":[{"embeddable":true,"href":"https:\/\/accudoctor.eu\/fr\/wp-json\/wp\/v2\/comments?post=584"}],"version-history":[{"count":14,"href":"https:\/\/accudoctor.eu\/fr\/wp-json\/wp\/v2\/product\/584\/revisions"}],"predecessor-version":[{"id":1822,"href":"https:\/\/accudoctor.eu\/fr\/wp-json\/wp\/v2\/product\/584\/revisions\/1822"}],"wp:featuredmedia":[{"embeddable":true,"href":"https:\/\/accudoctor.eu\/fr\/wp-json\/wp\/v2\/media\/2191"}],"wp:attachment":[{"href":"https:\/\/accudoctor.eu\/fr\/wp-json\/wp\/v2\/media?parent=584"}],"wp:term":[{"taxonomy":"product_cat","embeddable":true,"href":"https:\/\/accudoctor.eu\/fr\/wp-json\/wp\/v2\/product_cat?post=584"},{"taxonomy":"product_tag","embeddable":true,"href":"https:\/\/accudoctor.eu\/fr\/wp-json\/wp\/v2\/product_tag?post=584"}],"curies":[{"name":"wp","href":"https:\/\/api.w.org\/{rel}","templated":true}]}}