{"id":1289,"date":"2023-05-16T18:44:29","date_gmt":"2023-05-16T18:44:29","guid":{"rendered":"https:\/\/accudoctor.eu\/?page_id=1289"},"modified":"2023-06-27T15:09:33","modified_gmt":"2023-06-27T15:09:33","slug":"legal-notice","status":"publish","type":"page","link":"https:\/\/accudoctor.eu\/it\/legal-notice\/","title":{"rendered":"Legal Notice"},"content":{"rendered":"<h2>Legal Notice<\/h2>\n<p>In conformit\u00e0 con l'articolo 10 della legge 34 \/ 2002, dell'11 luglio, sui servizi della societ\u00e0 dell'informazione e del commercio elettronico, il titolare espone i suoi dati identificativi.<\/p>\n<ul>\n<li>Smabii Ventures SL<\/li>\n<li>NIF:\u00a0B72380637<\/li>\n<li>Calle Torre 3, At 11003 C\u00e1diz<\/li>\n<li>Email:\u00a0info@accudoctor.eu<\/li>\n<li>Web: www.accudoctor.eu<\/li>\n<\/ul>\n<p>Finalit\u00e0<br \/>\nLo scopo del sito Web URL \u00e8 la vendita e l'esposizione del nostro catalogo di test diagnostici.<\/p>\n<p>Condizioni d'uso<br \/>\nL'utilizzo del sito web conferisce la condizione di Utente, e implica l'accettazione completa di tutte le clausole e condizioni d'uso incluse nelle pagine:<\/p>\n<ul>\n<li>Avviso legale<\/li>\n<li>Politica sulla riservatezza<\/li>\n<li>Politica sui cookie<\/li>\n<\/ul>\n<p>Se non sei soddisfatto di ognuna di queste clausole e condizioni, astieniti dall'utilizzare questo sito web.<br \/>\nL'accesso a questo sito web non implica in alcun modo l'inizio di un rapporto commerciale con il Titolare.<br \/>\nAttraverso questo sito Web, il Titolare facilita l'accesso e la fruizione di vari contenuti che il Titolare oi suoi collaboratori hanno pubblicato tramite Internet.<br \/>\nA tal fine, sei obbligato e impegnato a NON utilizzare nessuno dei contenuti del sito Web per scopi o effetti illegali, vietati nel presente Avviso Legale o dalla normativa vigente, lesivi dei diritti e degli interessi di terzi o che in qualsiasi modo pu\u00f2 danneggiare, disabilitare, sovraccaricare, deteriorare o impedire il normale utilizzo dei contenuti, apparecchiature informatiche o documenti, file e qualsiasi tipo di contenuto archiviato su qualsiasi apparecchiatura informatica di propriet\u00e0 o contratta dal Titolare, altri utenti o qualsiasi utente di Internet.<\/p>\n<p id=\"medidas-de-seguridad\">Misure di sicurezza<br \/>\nI dati personali che fornisci al Titolare potranno essere conservati in banche dati automatizzate o meno, la cui titolarit\u00e0 corrisponde esclusivamente al Titolare, il quale assume tutte le misure tecniche, organizzative e di sicurezza atte a garantire la riservatezza, l'integrit\u00e0 e la qualit\u00e0 delle informazioni ivi contenute in conformit\u00e0 con le disposizioni della normativa vigente in materia di protezione dei dati.<\/p>\n<p>Tuttavia, devi essere consapevole che le misure di sicurezza dei sistemi informatici su Internet non sono del tutto affidabili e che, pertanto, il Titolare non pu\u00f2 garantire l'assenza di virus o altri elementi che possano causare alterazioni nei sistemi informatici (software e hardware) del Utente o nei loro documenti elettronici e file in esso contenuti, sebbene il Titolare metta tutti i mezzi necessari e adotti le misure di sicurezza appropriate per evitare la presenza di questi elementi dannosi.<\/p>\n<p id=\"datos-personales\">Informazione personale<br \/>\nPuoi consultare tutte le informazioni relative al trattamento dei dati personali che il Titolare raccoglie alla pagina Privacy Policy.<\/p>\n<p id=\"contenidos\">Contenuti<br \/>\nIl Titolare ha ottenuto le informazioni, i contenuti multimediali e i materiali inclusi nel Sito Web da fonti che considera affidabili, ma, sebbene abbia adottato tutte le misure ragionevoli per garantire che le informazioni contenute siano corrette, il Titolare non garantisce che siano accurate. , completa o aggiornata. Il Titolare declina espressamente ogni responsabilit\u00e0 per errori od omissioni nelle informazioni contenute nelle pagine di questo sito web.<\/p>\n<p>\u00c8 vietato trasmettere o inviare tramite il sito Web qualsiasi contenuto illegale o illecito, virus informatici o messaggi che, in generale, ledano o violino i diritti del Titolare o di terzi.<br \/>\nI contenuti del Sito hanno scopo puramente informativo e in nessun caso devono essere utilizzati o considerati come un'offerta di vendita, una richiesta di offerta d'acquisto o una raccomandazione a compiere qualsiasi altra operazione, se non espressamente indicato.<br \/>\nIl Titolare si riserva il diritto di modificare, sospendere, cancellare o limitare il contenuto del Sito, i link o le informazioni ottenute tramite il Sito, senza necessit\u00e0 di preavviso.<br \/>\nIl Titolare non \u00e8 responsabile per eventuali danni che possano derivare dall'utilizzo delle informazioni presenti sul Sito o di quelle contenute nei social network del Titolare.<\/p>\n<p id=\"pol\u00edtica-de-cookies\">Politica sui cookie<br \/>\nAlla pagina Cookies Policy \u00e8 possibile consultare tutte le informazioni relative alla politica di raccolta e trattamento dei cookie.<\/p>\n<p>Il Titolare ottiene e conserva solo le seguenti informazioni sui visitatori del Sito Web:<\/p>\n<ul>\n<li>Il nome di dominio (PSI) e\/o l'indirizzo IP del provider che consente loro di accedere alla rete.<\/li>\n<li>La data e l'ora di accesso al sito web.<\/li>\n<li>L'indirizzo Internet del collegamento che porta al sito web.<\/li>\n<li>Il numero di visitatori giornalieri di ciascuna sezione.<\/li>\n<li>Le informazioni ottenute sono completamente anonime e in nessun caso possono essere associate a un Utente specifico e identificato.<\/li>\n<\/ul>\n<p id=\"enlaces-de-inter\u00e9s-a-otros-sitios-web\">Link di interesse ad altri siti web.<br \/>\nIl Titolare pu\u00f2 fornire l'accesso a siti Web di terzi tramite collegamenti con lo scopo di informare sull'esistenza di altre fonti di informazioni su Internet in cui \u00e8 possibile espandere i dati offerti sul sito Web.<\/p>\n<p>Questi collegamenti ad altri siti Web non implicano in alcun modo un suggerimento o una raccomandazione per visitare le pagine Web di destinazione, che sono al di fuori del controllo del Titolare, quindi il Titolare non \u00e8 responsabile del contenuto dei siti Web collegati o del risultato che si ottenere seguendo i collegamenti.<br \/>\nAllo stesso modo, il Titolare non \u00e8 responsabile dei link o dei collegamenti che si trovano sui siti web collegati a cui fornisce l'accesso.<br \/>\nLa creazione del collegamento non implica in ogni caso l'esistenza di rapporti tra il Titolare e il proprietario del sito in cui \u00e8 stabilito il collegamento, n\u00e9 l'accettazione o l'approvazione da parte del Titolare dei suoi contenuti o servizi.<br \/>\nSe si accede a un sito Web esterno da un collegamento presente sul sito Web, \u00e8 necessario leggere l'informativa sulla privacy dell'altro sito Web, che potrebbe essere diversa da quella di questo sito Web.<\/p>\n<p id=\"contacto\">Contacto<br \/>\nSi vous avez des questions sur ces conditions l\u00e9gales ou si vous souhaitez faire des commentaires sur ce site Web, vous pouvez envoyer un e-mail \u00e0 info@accudoctor.eu<\/p>\n<div class=\"qrcprowrapper\" style=\"text-align:left;\" id=\"qrcwraaerfileds\"><div class=\"qrc_qrcode\" style=\"display:inline-block\" data-text=\"https:\/\/accudoctor.eu\/it\/legal-notice\/\"><\/div><\/div>","protected":false},"excerpt":{"rendered":"<p>Legal Notice In compliance with article 10 of Law 34 \/ 2002, of July 11, on Services of the Information Society and Electronic Commerce, the Holder exposes his identification data. Smabii Ventures SL NIF:\u00a0B72380637 Calle Torre 3, At 11003 C\u00e1diz Email:\u00a0info@accudoctor.eu Web: www.accudoctor.eu Purpose The purpose of the URL website is the sale and exhibition [&hellip;]<\/p>","protected":false},"author":1,"featured_media":0,"parent":0,"menu_order":0,"comment_status":"closed","ping_status":"closed","template":"elementor_header_footer","meta":[],"acf":[],"yoast_head":"<!-- This site is optimized with the Yoast SEO plugin v20.9 - https:\/\/yoast.com\/wordpress\/plugins\/seo\/ -->\n<title>Legal Notice - Accudoctor<\/title>\n<meta name=\"robots\" content=\"index, follow, max-snippet:-1, max-image-preview:large, max-video-preview:-1\" \/>\n<link rel=\"canonical\" href=\"https:\/\/accudoctor.eu\/it\/legal-notice\/\" \/>\n<meta property=\"og:locale\" content=\"it_IT\" \/>\n<meta property=\"og:type\" content=\"article\" \/>\n<meta property=\"og:title\" content=\"Legal Notice - Accudoctor\" \/>\n<meta property=\"og:description\" content=\"Legal Notice In compliance with article 10 of Law 34 \/ 2002, of July 11, on Services of the Information Society and Electronic Commerce, the Holder exposes his identification data. Smabii Ventures SL NIF:\u00a0B72380637 Calle Torre 3, At 11003 C\u00e1diz Email:\u00a0info@accudoctor.eu Web: www.accudoctor.eu Purpose The purpose of the URL website is the sale and exhibition [&hellip;]\" \/>\n<meta property=\"og:url\" content=\"https:\/\/accudoctor.eu\/it\/legal-notice\/\" \/>\n<meta property=\"og:site_name\" content=\"Accudoctor\" \/>\n<meta property=\"article:modified_time\" content=\"2023-06-27T15:09:33+00:00\" \/>\n<meta name=\"twitter:card\" content=\"summary_large_image\" \/>\n<meta name=\"twitter:label1\" content=\"Tempo di lettura stimato\" \/>\n\t<meta name=\"twitter:data1\" content=\"5 minuti\" \/>\n<script type=\"application\/ld+json\" class=\"yoast-schema-graph\">{\"@context\":\"https:\/\/schema.org\",\"@graph\":[{\"@type\":\"WebPage\",\"@id\":\"https:\/\/accudoctor.eu\/legal-notice\/\",\"url\":\"https:\/\/accudoctor.eu\/legal-notice\/\",\"name\":\"Legal Notice - Accudoctor\",\"isPartOf\":{\"@id\":\"https:\/\/accudoctor.eu\/es_es\/#website\"},\"datePublished\":\"2023-05-16T18:44:29+00:00\",\"dateModified\":\"2023-06-27T15:09:33+00:00\",\"breadcrumb\":{\"@id\":\"https:\/\/accudoctor.eu\/legal-notice\/#breadcrumb\"},\"inLanguage\":\"it-IT\",\"potentialAction\":[{\"@type\":\"ReadAction\",\"target\":[\"https:\/\/accudoctor.eu\/legal-notice\/\"]}]},{\"@type\":\"BreadcrumbList\",\"@id\":\"https:\/\/accudoctor.eu\/legal-notice\/#breadcrumb\",\"itemListElement\":[{\"@type\":\"ListItem\",\"position\":1,\"name\":\"Portada\",\"item\":\"https:\/\/accudoctor.eu\/\"},{\"@type\":\"ListItem\",\"position\":2,\"name\":\"Legal Notice\"}]},{\"@type\":\"WebSite\",\"@id\":\"https:\/\/accudoctor.eu\/es_es\/#website\",\"url\":\"https:\/\/accudoctor.eu\/es_es\/\",\"name\":\"Accudoctor\",\"description\":\"Experts in diagnostic testing since 2011\",\"publisher\":{\"@id\":\"https:\/\/accudoctor.eu\/es_es\/#organization\"},\"potentialAction\":[{\"@type\":\"SearchAction\",\"target\":{\"@type\":\"EntryPoint\",\"urlTemplate\":\"https:\/\/accudoctor.eu\/es_es\/?s={search_term_string}\"},\"query-input\":\"required name=search_term_string\"}],\"inLanguage\":\"it-IT\"},{\"@type\":\"Organization\",\"@id\":\"https:\/\/accudoctor.eu\/es_es\/#organization\",\"name\":\"Accudoctor\",\"url\":\"https:\/\/accudoctor.eu\/es_es\/\",\"logo\":{\"@type\":\"ImageObject\",\"inLanguage\":\"it-IT\",\"@id\":\"https:\/\/accudoctor.eu\/es_es\/#\/schema\/logo\/image\/\",\"url\":\"https:\/\/accudoctor.eu\/wp-content\/uploads\/2023\/06\/LOGO400X400.png\",\"contentUrl\":\"https:\/\/accudoctor.eu\/wp-content\/uploads\/2023\/06\/LOGO400X400.png\",\"width\":400,\"height\":400,\"caption\":\"Accudoctor\"},\"image\":{\"@id\":\"https:\/\/accudoctor.eu\/es_es\/#\/schema\/logo\/image\/\"}}]}<\/script>\n<!-- \/ Yoast SEO plugin. -->","yoast_head_json":{"title":"Legal Notice - Accudoctor","robots":{"index":"index","follow":"follow","max-snippet":"max-snippet:-1","max-image-preview":"max-image-preview:large","max-video-preview":"max-video-preview:-1"},"canonical":"https:\/\/accudoctor.eu\/it\/legal-notice\/","og_locale":"it_IT","og_type":"article","og_title":"Legal Notice - Accudoctor","og_description":"Legal Notice In compliance with article 10 of Law 34 \/ 2002, of July 11, on Services of the Information Society and Electronic Commerce, the Holder exposes his identification data. Smabii Ventures SL NIF:\u00a0B72380637 Calle Torre 3, At 11003 C\u00e1diz Email:\u00a0info@accudoctor.eu Web: www.accudoctor.eu Purpose The purpose of the URL website is the sale and exhibition [&hellip;]","og_url":"https:\/\/accudoctor.eu\/it\/legal-notice\/","og_site_name":"Accudoctor","article_modified_time":"2023-06-27T15:09:33+00:00","twitter_card":"summary_large_image","twitter_misc":{"Tempo di lettura stimato":"5 minuti"},"schema":{"@context":"https:\/\/schema.org","@graph":[{"@type":"WebPage","@id":"https:\/\/accudoctor.eu\/legal-notice\/","url":"https:\/\/accudoctor.eu\/legal-notice\/","name":"Legal Notice - Accudoctor","isPartOf":{"@id":"https:\/\/accudoctor.eu\/es_es\/#website"},"datePublished":"2023-05-16T18:44:29+00:00","dateModified":"2023-06-27T15:09:33+00:00","breadcrumb":{"@id":"https:\/\/accudoctor.eu\/legal-notice\/#breadcrumb"},"inLanguage":"it-IT","potentialAction":[{"@type":"ReadAction","target":["https:\/\/accudoctor.eu\/legal-notice\/"]}]},{"@type":"BreadcrumbList","@id":"https:\/\/accudoctor.eu\/legal-notice\/#breadcrumb","itemListElement":[{"@type":"ListItem","position":1,"name":"Portada","item":"https:\/\/accudoctor.eu\/"},{"@type":"ListItem","position":2,"name":"Legal Notice"}]},{"@type":"WebSite","@id":"https:\/\/accudoctor.eu\/es_es\/#website","url":"https:\/\/accudoctor.eu\/es_es\/","name":"Accudoctor","description":"Experts in diagnostic testing since 2011","publisher":{"@id":"https:\/\/accudoctor.eu\/es_es\/#organization"},"potentialAction":[{"@type":"SearchAction","target":{"@type":"EntryPoint","urlTemplate":"https:\/\/accudoctor.eu\/es_es\/?s={search_term_string}"},"query-input":"required name=search_term_string"}],"inLanguage":"it-IT"},{"@type":"Organization","@id":"https:\/\/accudoctor.eu\/es_es\/#organization","name":"Accudoctor","url":"https:\/\/accudoctor.eu\/es_es\/","logo":{"@type":"ImageObject","inLanguage":"it-IT","@id":"https:\/\/accudoctor.eu\/es_es\/#\/schema\/logo\/image\/","url":"https:\/\/accudoctor.eu\/wp-content\/uploads\/2023\/06\/LOGO400X400.png","contentUrl":"https:\/\/accudoctor.eu\/wp-content\/uploads\/2023\/06\/LOGO400X400.png","width":400,"height":400,"caption":"Accudoctor"},"image":{"@id":"https:\/\/accudoctor.eu\/es_es\/#\/schema\/logo\/image\/"}}]}},"_links":{"self":[{"href":"https:\/\/accudoctor.eu\/it\/wp-json\/wp\/v2\/pages\/1289"}],"collection":[{"href":"https:\/\/accudoctor.eu\/it\/wp-json\/wp\/v2\/pages"}],"about":[{"href":"https:\/\/accudoctor.eu\/it\/wp-json\/wp\/v2\/types\/page"}],"author":[{"embeddable":true,"href":"https:\/\/accudoctor.eu\/it\/wp-json\/wp\/v2\/users\/1"}],"replies":[{"embeddable":true,"href":"https:\/\/accudoctor.eu\/it\/wp-json\/wp\/v2\/comments?post=1289"}],"version-history":[{"count":27,"href":"https:\/\/accudoctor.eu\/it\/wp-json\/wp\/v2\/pages\/1289\/revisions"}],"predecessor-version":[{"id":1854,"href":"https:\/\/accudoctor.eu\/it\/wp-json\/wp\/v2\/pages\/1289\/revisions\/1854"}],"wp:attachment":[{"href":"https:\/\/accudoctor.eu\/it\/wp-json\/wp\/v2\/media?parent=1289"}],"curies":[{"name":"wp","href":"https:\/\/api.w.org\/{rel}","templated":true}]}}