{"id":1184,"date":"2023-05-09T03:17:26","date_gmt":"2023-05-09T03:17:26","guid":{"rendered":"https:\/\/accudoctor.eu\/?post_type=product&#038;p=1184"},"modified":"2023-06-23T13:36:45","modified_gmt":"2023-06-23T13:36:45","slug":"ovulation-rapid-test-lh","status":"publish","type":"product","link":"https:\/\/accudoctor.eu\/it\/prodotto\/ovulation-rapid-test-lh\/","title":{"rendered":"Test di Ovulazione LH"},"content":{"rendered":"<p>Test di Ovulazione Rapido LH Accudoctor \u00e8 un test sicuro e accurato che aiuta le donne a identificare i giorni fertili in cui la gravidanza \u00e8 pi\u00f9 probabile. Test di Ovulazione Rapido LH Accudoctor \u00e8 progettato con una tecnologia avanzata per fornire risultati accurati e rilevare in modo sicuro l'ormone luteinizzante urinario (LH), che aumenta significativamente prima dell'ovulazione.<\/p>\n<p>La sensibilit\u00e0 del test, con un livello di 25 mIU\/ml (il calibratore di controllo standard utilizza il codice WHO NIBSC: 80\/552), indica che questo test pu\u00f2 rilevare concentrazioni di ormone luteinizzante (LH) nelle urine di almeno 25 milli-internazionale unit\u00e0 per millilitro (mIU\/mL).<\/p>\n<div class=\"qrcprowrapper\" style=\"text-align:left;\" id=\"qrcwraaerfileds\"><div class=\"qrc_qrcode\" style=\"display:inline-block\" data-text=\"https:\/\/accudoctor.eu\/it\/prodotto\/ovulation-rapid-test-lh\/\"><\/div><\/div>","protected":false},"excerpt":{"rendered":"<div class=\"group w-full text-gray-800 dark:text-gray-100 border-b border-black\/10 dark:border-gray-900\/50 bg-gray-50 dark:bg-[#444654]\">\n<div class=\"flex p-4 gap-4 text-base md:gap-6 md:max-w-2xl lg:max-w-[38rem] xl:max-w-3xl md:py-6 lg:px-0 m-auto\">\n<div class=\"relative flex w-[calc(100%-50px)] flex-col gap-1 md:gap-3 lg:w-[calc(100%-115px)]\">\n<div class=\"flex flex-grow flex-col gap-3\">\n<div class=\"min-h-[20px] flex items-start overflow-x-auto whitespace-pre-wrap break-words flex-col gap-4\">\n<div class=\"markdown prose w-full break-words dark:prose-invert light\">\n<p>Il test di ovulazione mostra risultati affidabili, rapidi e facili da interpretare. Consigliamo di seguire le istruzioni specifiche del test di ovulazione, poich\u00e9 il momento opportuno per effettuare il test pu\u00f2 variare a seconda della durata del ciclo mestruale. Inoltre, \u00e8 consigliabile effettuare test giornalieri intorno al periodo stimato dell'ovulazione per aumentare le possibilit\u00e0 di rilevare l'aumento di LH e determinare il tuo periodo pi\u00f9 fertile.<\/p>\n<p>&nbsp;<\/p>\n<\/div>\n<\/div>\n<\/div>\n<\/div>\n<\/div>\n<\/div>\n<table width=\"597\">\n<tbody>\n<tr>\n<td width=\"112\"><strong>Referenza<\/strong><\/td>\n<td width=\"80\"><strong>Analita<\/strong><\/td>\n<td width=\"80\"><strong>Formato<\/strong><\/td>\n<td width=\"80\"><strong>Campione<\/strong><\/td>\n<td width=\"165\"><strong>Cuf-Off<\/strong><\/td>\n<td width=\"80\"><strong>Unit\u00e0 per confezione<\/strong><\/td>\n<\/tr>\n<tr>\n<td width=\"112\">AFHL-U101<\/td>\n<td width=\"80\">LH<\/td>\n<td width=\"80\">Striscia<\/td>\n<td width=\"80\">Urina<\/td>\n<td>25 ng\/ml<\/td>\n<td width=\"80\">10T y 20T<\/td>\n<\/tr>\n<\/tbody>\n<\/table>","protected":false},"featured_media":1185,"comment_status":"open","ping_status":"closed","template":"","meta":[],"product_cat":[33,20],"product_tag":[],"acf":[],"yoast_head":"<!-- This site is optimized with the Yoast SEO plugin v20.9 - https:\/\/yoast.com\/wordpress\/plugins\/seo\/ -->\n<title>Ovulation Rapid Test LH | Accudoctor<\/title>\n<meta name=\"description\" content=\"The Accudoctor Lh Ovulation Test is a safe and accurate tool to help women identify their fertile days, maximizing the chances of achieving pregnancy. The Accudoctor ovulation test has been developed with advanced technology to provide precise results and safely detect the luteinizing hormone (LH) in urine, which significantly increases before ovulation.\" \/>\n<meta name=\"robots\" content=\"index, follow, max-snippet:-1, max-image-preview:large, max-video-preview:-1\" \/>\n<link rel=\"canonical\" href=\"https:\/\/accudoctor.eu\/it\/prodotto\/ovulation-rapid-test-lh\/\" \/>\n<meta property=\"og:locale\" content=\"it_IT\" \/>\n<meta property=\"og:type\" content=\"article\" \/>\n<meta property=\"og:title\" content=\"Ovulation Rapid Test LH | Accudoctor\" \/>\n<meta property=\"og:description\" content=\"The Accudoctor Lh Ovulation Test is a safe and accurate tool to help women identify their fertile days, maximizing the chances of achieving pregnancy. The Accudoctor ovulation test has been developed with advanced technology to provide precise results and safely detect the luteinizing hormone (LH) in urine, which significantly increases before ovulation.\" \/>\n<meta property=\"og:url\" content=\"https:\/\/accudoctor.eu\/it\/prodotto\/ovulation-rapid-test-lh\/\" \/>\n<meta property=\"og:site_name\" content=\"Accudoctor\" \/>\n<meta property=\"article:modified_time\" content=\"2023-06-23T13:36:45+00:00\" \/>\n<meta property=\"og:image\" content=\"https:\/\/accudoctor.eu\/wp-content\/uploads\/2023\/05\/af-_ovulation_01.jpg\" \/>\n\t<meta property=\"og:image:width\" content=\"1944\" \/>\n\t<meta property=\"og:image:height\" content=\"1800\" \/>\n\t<meta property=\"og:image:type\" content=\"image\/jpeg\" \/>\n<meta name=\"twitter:card\" content=\"summary_large_image\" \/>\n<meta name=\"twitter:label1\" content=\"Tempo di lettura stimato\" \/>\n\t<meta name=\"twitter:data1\" content=\"1 minuto\" \/>\n<script type=\"application\/ld+json\" class=\"yoast-schema-graph\">{\"@context\":\"https:\/\/schema.org\",\"@graph\":[{\"@type\":\"WebPage\",\"@id\":\"https:\/\/accudoctor.eu\/product\/ovulation-rapid-test-lh\/\",\"url\":\"https:\/\/accudoctor.eu\/product\/ovulation-rapid-test-lh\/\",\"name\":\"Ovulation Rapid Test LH | Accudoctor\",\"isPartOf\":{\"@id\":\"https:\/\/accudoctor.eu\/es_es\/#website\"},\"datePublished\":\"2023-05-09T03:17:26+00:00\",\"dateModified\":\"2023-06-23T13:36:45+00:00\",\"description\":\"The Accudoctor Lh Ovulation Test is a safe and accurate tool to help women identify their fertile days, maximizing the chances of achieving pregnancy. The Accudoctor ovulation test has been developed with advanced technology to provide precise results and safely detect the luteinizing hormone (LH) in urine, which significantly increases before ovulation.\",\"breadcrumb\":{\"@id\":\"https:\/\/accudoctor.eu\/product\/ovulation-rapid-test-lh\/#breadcrumb\"},\"inLanguage\":\"it-IT\",\"potentialAction\":[{\"@type\":\"ReadAction\",\"target\":[\"https:\/\/accudoctor.eu\/product\/ovulation-rapid-test-lh\/\"]}]},{\"@type\":\"BreadcrumbList\",\"@id\":\"https:\/\/accudoctor.eu\/product\/ovulation-rapid-test-lh\/#breadcrumb\",\"itemListElement\":[{\"@type\":\"ListItem\",\"position\":1,\"name\":\"Portada\",\"item\":\"https:\/\/accudoctor.eu\/\"},{\"@type\":\"ListItem\",\"position\":2,\"name\":\"Store\",\"item\":\"https:\/\/accudoctor.eu\/store\/\"},{\"@type\":\"ListItem\",\"position\":3,\"name\":\"Ovulation Rapid Test LH\"}]},{\"@type\":\"WebSite\",\"@id\":\"https:\/\/accudoctor.eu\/es_es\/#website\",\"url\":\"https:\/\/accudoctor.eu\/es_es\/\",\"name\":\"Accudoctor\",\"description\":\"Experts in diagnostic testing since 2011\",\"publisher\":{\"@id\":\"https:\/\/accudoctor.eu\/es_es\/#organization\"},\"potentialAction\":[{\"@type\":\"SearchAction\",\"target\":{\"@type\":\"EntryPoint\",\"urlTemplate\":\"https:\/\/accudoctor.eu\/es_es\/?s={search_term_string}\"},\"query-input\":\"required name=search_term_string\"}],\"inLanguage\":\"it-IT\"},{\"@type\":\"Organization\",\"@id\":\"https:\/\/accudoctor.eu\/es_es\/#organization\",\"name\":\"Accudoctor\",\"url\":\"https:\/\/accudoctor.eu\/es_es\/\",\"logo\":{\"@type\":\"ImageObject\",\"inLanguage\":\"it-IT\",\"@id\":\"https:\/\/accudoctor.eu\/es_es\/#\/schema\/logo\/image\/\",\"url\":\"https:\/\/accudoctor.eu\/wp-content\/uploads\/2023\/06\/LOGO400X400.png\",\"contentUrl\":\"https:\/\/accudoctor.eu\/wp-content\/uploads\/2023\/06\/LOGO400X400.png\",\"width\":400,\"height\":400,\"caption\":\"Accudoctor\"},\"image\":{\"@id\":\"https:\/\/accudoctor.eu\/es_es\/#\/schema\/logo\/image\/\"}}]}<\/script>\n<!-- \/ Yoast SEO plugin. -->","yoast_head_json":{"title":"Ovulation Rapid Test LH | Accudoctor","description":"The Accudoctor Lh Ovulation Test is a safe and accurate tool to help women identify their fertile days, maximizing the chances of achieving pregnancy. The Accudoctor ovulation test has been developed with advanced technology to provide precise results and safely detect the luteinizing hormone (LH) in urine, which significantly increases before ovulation.","robots":{"index":"index","follow":"follow","max-snippet":"max-snippet:-1","max-image-preview":"max-image-preview:large","max-video-preview":"max-video-preview:-1"},"canonical":"https:\/\/accudoctor.eu\/it\/prodotto\/ovulation-rapid-test-lh\/","og_locale":"it_IT","og_type":"article","og_title":"Ovulation Rapid Test LH | Accudoctor","og_description":"The Accudoctor Lh Ovulation Test is a safe and accurate tool to help women identify their fertile days, maximizing the chances of achieving pregnancy. The Accudoctor ovulation test has been developed with advanced technology to provide precise results and safely detect the luteinizing hormone (LH) in urine, which significantly increases before ovulation.","og_url":"https:\/\/accudoctor.eu\/it\/prodotto\/ovulation-rapid-test-lh\/","og_site_name":"Accudoctor","article_modified_time":"2023-06-23T13:36:45+00:00","og_image":[{"width":1944,"height":1800,"url":"https:\/\/accudoctor.eu\/wp-content\/uploads\/2023\/05\/af-_ovulation_01.jpg","type":"image\/jpeg"}],"twitter_card":"summary_large_image","twitter_misc":{"Tempo di lettura stimato":"1 minuto"},"schema":{"@context":"https:\/\/schema.org","@graph":[{"@type":"WebPage","@id":"https:\/\/accudoctor.eu\/product\/ovulation-rapid-test-lh\/","url":"https:\/\/accudoctor.eu\/product\/ovulation-rapid-test-lh\/","name":"Ovulation Rapid Test LH | Accudoctor","isPartOf":{"@id":"https:\/\/accudoctor.eu\/es_es\/#website"},"datePublished":"2023-05-09T03:17:26+00:00","dateModified":"2023-06-23T13:36:45+00:00","description":"The Accudoctor Lh Ovulation Test is a safe and accurate tool to help women identify their fertile days, maximizing the chances of achieving pregnancy. The Accudoctor ovulation test has been developed with advanced technology to provide precise results and safely detect the luteinizing hormone (LH) in urine, which significantly increases before ovulation.","breadcrumb":{"@id":"https:\/\/accudoctor.eu\/product\/ovulation-rapid-test-lh\/#breadcrumb"},"inLanguage":"it-IT","potentialAction":[{"@type":"ReadAction","target":["https:\/\/accudoctor.eu\/product\/ovulation-rapid-test-lh\/"]}]},{"@type":"BreadcrumbList","@id":"https:\/\/accudoctor.eu\/product\/ovulation-rapid-test-lh\/#breadcrumb","itemListElement":[{"@type":"ListItem","position":1,"name":"Portada","item":"https:\/\/accudoctor.eu\/"},{"@type":"ListItem","position":2,"name":"Store","item":"https:\/\/accudoctor.eu\/store\/"},{"@type":"ListItem","position":3,"name":"Ovulation Rapid Test LH"}]},{"@type":"WebSite","@id":"https:\/\/accudoctor.eu\/es_es\/#website","url":"https:\/\/accudoctor.eu\/es_es\/","name":"Accudoctor","description":"Experts in diagnostic testing since 2011","publisher":{"@id":"https:\/\/accudoctor.eu\/es_es\/#organization"},"potentialAction":[{"@type":"SearchAction","target":{"@type":"EntryPoint","urlTemplate":"https:\/\/accudoctor.eu\/es_es\/?s={search_term_string}"},"query-input":"required name=search_term_string"}],"inLanguage":"it-IT"},{"@type":"Organization","@id":"https:\/\/accudoctor.eu\/es_es\/#organization","name":"Accudoctor","url":"https:\/\/accudoctor.eu\/es_es\/","logo":{"@type":"ImageObject","inLanguage":"it-IT","@id":"https:\/\/accudoctor.eu\/es_es\/#\/schema\/logo\/image\/","url":"https:\/\/accudoctor.eu\/wp-content\/uploads\/2023\/06\/LOGO400X400.png","contentUrl":"https:\/\/accudoctor.eu\/wp-content\/uploads\/2023\/06\/LOGO400X400.png","width":400,"height":400,"caption":"Accudoctor"},"image":{"@id":"https:\/\/accudoctor.eu\/es_es\/#\/schema\/logo\/image\/"}}]}},"_links":{"self":[{"href":"https:\/\/accudoctor.eu\/it\/wp-json\/wp\/v2\/product\/1184"}],"collection":[{"href":"https:\/\/accudoctor.eu\/it\/wp-json\/wp\/v2\/product"}],"about":[{"href":"https:\/\/accudoctor.eu\/it\/wp-json\/wp\/v2\/types\/product"}],"replies":[{"embeddable":true,"href":"https:\/\/accudoctor.eu\/it\/wp-json\/wp\/v2\/comments?post=1184"}],"version-history":[{"count":9,"href":"https:\/\/accudoctor.eu\/it\/wp-json\/wp\/v2\/product\/1184\/revisions"}],"predecessor-version":[{"id":1818,"href":"https:\/\/accudoctor.eu\/it\/wp-json\/wp\/v2\/product\/1184\/revisions\/1818"}],"wp:featuredmedia":[{"embeddable":true,"href":"https:\/\/accudoctor.eu\/it\/wp-json\/wp\/v2\/media\/1185"}],"wp:attachment":[{"href":"https:\/\/accudoctor.eu\/it\/wp-json\/wp\/v2\/media?parent=1184"}],"wp:term":[{"taxonomy":"product_cat","embeddable":true,"href":"https:\/\/accudoctor.eu\/it\/wp-json\/wp\/v2\/product_cat?post=1184"},{"taxonomy":"product_tag","embeddable":true,"href":"https:\/\/accudoctor.eu\/it\/wp-json\/wp\/v2\/product_tag?post=1184"}],"curies":[{"name":"wp","href":"https:\/\/api.w.org\/{rel}","templated":true}]}}