{"id":1220,"date":"2023-05-09T03:34:57","date_gmt":"2023-05-09T03:34:57","guid":{"rendered":"https:\/\/accudoctor.eu\/?post_type=product&#038;p=1220"},"modified":"2026-02-24T10:22:54","modified_gmt":"2026-02-24T10:22:54","slug":"multi-drug-urine-test","status":"publish","type":"product","link":"https:\/\/accudoctor.eu\/it\/prodotto\/multi-drug-urine-test\/","title":{"rendered":"Test Antidroga Multi"},"content":{"rendered":"<p>I test di droga Accudoctor richiedono solo un piccolo campione di urina per essere eseguiti e forniscono risultati facili da interpretare in meno di 5 minuti. I nostri test di droga sono confezionati singolarmente e includono istruzioni in 5 lingue.<\/p>\n<p>La finestra di rilevabilit\u00e0 dei farmaci tramite il test urinario multidroghe Accudoctor pu\u00f2 variare a seconda del tipo di farmaco e del periodo di tempo in cui \u00e8 stato consumato. Alcuni farmaci possono essere rilevati nell'urina solo poche ore dopo l'uso, mentre altri possono rimanere nel sistema per giorni o addirittura settimane.<\/p>\n<div class=\"qrcprowrapper\" style=\"text-align:left;\" id=\"qrcwraaerfileds\"><div class=\"qrc_qrcode\" style=\"display:inline-block\" data-text=\"https:\/\/accudoctor.eu\/it\/prodotto\/multi-drug-urine-test\/\"><\/div><\/div>","protected":false},"excerpt":{"rendered":"<div class=\"group w-full text-gray-800 dark:text-gray-100 border-b border-black\/10 dark:border-gray-900\/50 bg-gray-50 dark:bg-[#444654]\">\n<div class=\"flex p-4 gap-4 text-base md:gap-6 md:max-w-2xl lg:max-w-[38rem] xl:max-w-3xl md:py-6 lg:px-0 m-auto\">\n<div class=\"relative flex w-[calc(100%-50px)] flex-col gap-1 md:gap-3 lg:w-[calc(100%-115px)]\">\n<div class=\"flex flex-grow flex-col gap-3\">\n<div class=\"min-h-[20px] flex items-start overflow-x-auto whitespace-pre-wrap break-words flex-col gap-4\">\n<div class=\"markdown prose w-full break-words dark:prose-invert light\">\n<p>I Test Antidroga Accudoctor richiedono solo un piccolo campione di urina per essere effettuati e forniscono risultati facili da interpretare in meno di 5 minuti. I nostri test antidroga sono confezionati singolarmente e includono istruzioni in 5 lingue.<\/p>\n<p>&nbsp;<\/p>\n<\/div>\n<\/div>\n<\/div>\n<\/div>\n<\/div>\n<\/div>\n<table width=\"437\">\n<tbody>\n<tr>\n<td width=\"80\"><span style=\"color: #003366;\"><strong>Referenza<\/strong><\/span><\/td>\n<td width=\"117\"><span style=\"color: #003366;\"><strong>Analiti<\/strong><\/span><\/td>\n<td width=\"80\"><span style=\"color: #003366;\"><strong>Formato<\/strong><\/span><\/td>\n<td width=\"80\"><span style=\"color: #003366;\"><strong>Campione<\/strong><\/span><\/td>\n<td width=\"80\"><span style=\"color: #003366;\"><strong>Unit\u00e0 per confezione<\/strong><\/span><\/td>\n<\/tr>\n<tr>\n<td>ADOA-154<\/td>\n<td>COC, BZO, AMP, MET, THC<\/td>\n<td width=\"80\">Panel<\/td>\n<td width=\"80\">Urina<\/td>\n<td width=\"80\">2T and 5T<\/td>\n<\/tr>\n<tr>\n<td>ADOA-1104<\/td>\n<td>OPI, MDMA, PCP, COC, MTD, BAR, BZO, AMP, MET, THC<\/td>\n<td>Panel<\/td>\n<td>Urina<\/td>\n<td>2T and 5T<\/td>\n<\/tr>\n<\/tbody>\n<\/table>\n<p>&nbsp;<\/p>\n<table id=\"isPasted\" width=\"197\">\n<tbody>\n<tr>\n<td width=\"80\"><span style=\"color: #003366;\"><strong>Analiti<\/strong><\/span><\/td>\n<td class=\"\" width=\"117\"><span style=\"color: #003366;\"><strong>Cut Off<\/strong><\/span><\/td>\n<\/tr>\n<tr>\n<td>THC<\/td>\n<td>25 ng\/mL<\/td>\n<\/tr>\n<tr>\n<td>Cocaina<\/td>\n<td>300 ng\/mL<\/td>\n<\/tr>\n<tr>\n<td class=\"\">MDMA<\/td>\n<td>500 ng\/mL<\/td>\n<\/tr>\n<tr>\n<td>Anfetamina<\/td>\n<td>1000 ng\/mL<\/td>\n<\/tr>\n<tr>\n<td>Metanfetamina<\/td>\n<td>1000 ng\/mL<\/td>\n<\/tr>\n<tr>\n<td>Barbiturici<\/td>\n<td>300 ng\/mL<\/td>\n<\/tr>\n<tr>\n<td class=\"\">Metadone<\/td>\n<td>300 ng\/mL<\/td>\n<\/tr>\n<tr>\n<td>Fenciclidina<\/td>\n<td>25 ng\/mL<\/td>\n<\/tr>\n<tr>\n<td class=\"\">Benzodiazepine<\/td>\n<td>300 ng\/ml<\/td>\n<\/tr>\n<tr>\n<td>Oppioidi<\/td>\n<td>500\u00a0ng\/mL<\/td>\n<\/tr>\n<\/tbody>\n<\/table>\n<p>&nbsp;<\/p>","protected":false},"featured_media":2187,"comment_status":"open","ping_status":"closed","template":"","meta":[],"product_cat":[25,35],"product_tag":[],"acf":[],"yoast_head":"<!-- This site is optimized with the Yoast SEO plugin v20.9 - https:\/\/yoast.com\/wordpress\/plugins\/seo\/ -->\n<title>Multi Drug Urine Test Kit | Accudoctor<\/title>\n<meta name=\"description\" content=\"The Accudoctor Multidrug Test is a tool used to detect the presence of various psychoactive substances in urine samples. This type of analysis is commonly used in clinical, occupational, addiction prevention, and treatment settings to assess whether a person has used drugs.\" \/>\n<meta name=\"robots\" content=\"index, follow, max-snippet:-1, max-image-preview:large, max-video-preview:-1\" \/>\n<link rel=\"canonical\" href=\"https:\/\/accudoctor.eu\/it\/prodotto\/multi-drug-urine-test\/\" \/>\n<meta property=\"og:locale\" content=\"it_IT\" \/>\n<meta property=\"og:type\" content=\"article\" \/>\n<meta property=\"og:title\" content=\"Multi Drug Urine Test Kit | Accudoctor\" \/>\n<meta property=\"og:description\" content=\"The Accudoctor Multidrug Test is a tool used to detect the presence of various psychoactive substances in urine samples. This type of analysis is commonly used in clinical, occupational, addiction prevention, and treatment settings to assess whether a person has used drugs.\" \/>\n<meta property=\"og:url\" content=\"https:\/\/accudoctor.eu\/it\/prodotto\/multi-drug-urine-test\/\" \/>\n<meta property=\"og:site_name\" content=\"Accudoctor\" \/>\n<meta property=\"article:modified_time\" content=\"2026-02-24T10:22:54+00:00\" \/>\n<meta property=\"og:image\" content=\"https:\/\/accudoctor.eu\/wp-content\/uploads\/2023\/05\/ChatGPT-Image-24-feb-2026-11_22_09.png\" \/>\n\t<meta property=\"og:image:width\" content=\"1024\" \/>\n\t<meta property=\"og:image:height\" content=\"1024\" \/>\n\t<meta property=\"og:image:type\" content=\"image\/png\" \/>\n<meta name=\"twitter:card\" content=\"summary_large_image\" \/>\n<meta name=\"twitter:label1\" content=\"Tempo di lettura stimato\" \/>\n\t<meta name=\"twitter:data1\" content=\"1 minuto\" \/>\n<script type=\"application\/ld+json\" class=\"yoast-schema-graph\">{\"@context\":\"https:\/\/schema.org\",\"@graph\":[{\"@type\":\"WebPage\",\"@id\":\"https:\/\/accudoctor.eu\/product\/multi-drug-urine-test\/\",\"url\":\"https:\/\/accudoctor.eu\/product\/multi-drug-urine-test\/\",\"name\":\"Multi Drug Urine Test Kit | Accudoctor\",\"isPartOf\":{\"@id\":\"https:\/\/accudoctor.eu\/es_es\/#website\"},\"datePublished\":\"2023-05-09T03:34:57+00:00\",\"dateModified\":\"2026-02-24T10:22:54+00:00\",\"description\":\"The Accudoctor Multidrug Test is a tool used to detect the presence of various psychoactive substances in urine samples. This type of analysis is commonly used in clinical, occupational, addiction prevention, and treatment settings to assess whether a person has used drugs.\",\"breadcrumb\":{\"@id\":\"https:\/\/accudoctor.eu\/product\/multi-drug-urine-test\/#breadcrumb\"},\"inLanguage\":\"it-IT\",\"potentialAction\":[{\"@type\":\"ReadAction\",\"target\":[\"https:\/\/accudoctor.eu\/product\/multi-drug-urine-test\/\"]}]},{\"@type\":\"BreadcrumbList\",\"@id\":\"https:\/\/accudoctor.eu\/product\/multi-drug-urine-test\/#breadcrumb\",\"itemListElement\":[{\"@type\":\"ListItem\",\"position\":1,\"name\":\"Portada\",\"item\":\"https:\/\/accudoctor.eu\/\"},{\"@type\":\"ListItem\",\"position\":2,\"name\":\"Store\",\"item\":\"https:\/\/accudoctor.eu\/store\/\"},{\"@type\":\"ListItem\",\"position\":3,\"name\":\"Multi Drug Urine Test\"}]},{\"@type\":\"WebSite\",\"@id\":\"https:\/\/accudoctor.eu\/es_es\/#website\",\"url\":\"https:\/\/accudoctor.eu\/es_es\/\",\"name\":\"Accudoctor\",\"description\":\"Experts in diagnostic testing since 2011\",\"publisher\":{\"@id\":\"https:\/\/accudoctor.eu\/es_es\/#organization\"},\"potentialAction\":[{\"@type\":\"SearchAction\",\"target\":{\"@type\":\"EntryPoint\",\"urlTemplate\":\"https:\/\/accudoctor.eu\/es_es\/?s={search_term_string}\"},\"query-input\":\"required name=search_term_string\"}],\"inLanguage\":\"it-IT\"},{\"@type\":\"Organization\",\"@id\":\"https:\/\/accudoctor.eu\/es_es\/#organization\",\"name\":\"Accudoctor\",\"url\":\"https:\/\/accudoctor.eu\/es_es\/\",\"logo\":{\"@type\":\"ImageObject\",\"inLanguage\":\"it-IT\",\"@id\":\"https:\/\/accudoctor.eu\/es_es\/#\/schema\/logo\/image\/\",\"url\":\"https:\/\/accudoctor.eu\/wp-content\/uploads\/2023\/06\/LOGO400X400.png\",\"contentUrl\":\"https:\/\/accudoctor.eu\/wp-content\/uploads\/2023\/06\/LOGO400X400.png\",\"width\":400,\"height\":400,\"caption\":\"Accudoctor\"},\"image\":{\"@id\":\"https:\/\/accudoctor.eu\/es_es\/#\/schema\/logo\/image\/\"}}]}<\/script>\n<!-- \/ Yoast SEO plugin. -->","yoast_head_json":{"title":"Multi Drug Urine Test Kit | Accudoctor","description":"The Accudoctor Multidrug Test is a tool used to detect the presence of various psychoactive substances in urine samples. This type of analysis is commonly used in clinical, occupational, addiction prevention, and treatment settings to assess whether a person has used drugs.","robots":{"index":"index","follow":"follow","max-snippet":"max-snippet:-1","max-image-preview":"max-image-preview:large","max-video-preview":"max-video-preview:-1"},"canonical":"https:\/\/accudoctor.eu\/it\/prodotto\/multi-drug-urine-test\/","og_locale":"it_IT","og_type":"article","og_title":"Multi Drug Urine Test Kit | Accudoctor","og_description":"The Accudoctor Multidrug Test is a tool used to detect the presence of various psychoactive substances in urine samples. This type of analysis is commonly used in clinical, occupational, addiction prevention, and treatment settings to assess whether a person has used drugs.","og_url":"https:\/\/accudoctor.eu\/it\/prodotto\/multi-drug-urine-test\/","og_site_name":"Accudoctor","article_modified_time":"2026-02-24T10:22:54+00:00","og_image":[{"width":1024,"height":1024,"url":"https:\/\/accudoctor.eu\/wp-content\/uploads\/2023\/05\/ChatGPT-Image-24-feb-2026-11_22_09.png","type":"image\/png"}],"twitter_card":"summary_large_image","twitter_misc":{"Tempo di lettura stimato":"1 minuto"},"schema":{"@context":"https:\/\/schema.org","@graph":[{"@type":"WebPage","@id":"https:\/\/accudoctor.eu\/product\/multi-drug-urine-test\/","url":"https:\/\/accudoctor.eu\/product\/multi-drug-urine-test\/","name":"Multi Drug Urine Test Kit | Accudoctor","isPartOf":{"@id":"https:\/\/accudoctor.eu\/es_es\/#website"},"datePublished":"2023-05-09T03:34:57+00:00","dateModified":"2026-02-24T10:22:54+00:00","description":"The Accudoctor Multidrug Test is a tool used to detect the presence of various psychoactive substances in urine samples. This type of analysis is commonly used in clinical, occupational, addiction prevention, and treatment settings to assess whether a person has used drugs.","breadcrumb":{"@id":"https:\/\/accudoctor.eu\/product\/multi-drug-urine-test\/#breadcrumb"},"inLanguage":"it-IT","potentialAction":[{"@type":"ReadAction","target":["https:\/\/accudoctor.eu\/product\/multi-drug-urine-test\/"]}]},{"@type":"BreadcrumbList","@id":"https:\/\/accudoctor.eu\/product\/multi-drug-urine-test\/#breadcrumb","itemListElement":[{"@type":"ListItem","position":1,"name":"Portada","item":"https:\/\/accudoctor.eu\/"},{"@type":"ListItem","position":2,"name":"Store","item":"https:\/\/accudoctor.eu\/store\/"},{"@type":"ListItem","position":3,"name":"Multi Drug Urine Test"}]},{"@type":"WebSite","@id":"https:\/\/accudoctor.eu\/es_es\/#website","url":"https:\/\/accudoctor.eu\/es_es\/","name":"Accudoctor","description":"Experts in diagnostic testing since 2011","publisher":{"@id":"https:\/\/accudoctor.eu\/es_es\/#organization"},"potentialAction":[{"@type":"SearchAction","target":{"@type":"EntryPoint","urlTemplate":"https:\/\/accudoctor.eu\/es_es\/?s={search_term_string}"},"query-input":"required name=search_term_string"}],"inLanguage":"it-IT"},{"@type":"Organization","@id":"https:\/\/accudoctor.eu\/es_es\/#organization","name":"Accudoctor","url":"https:\/\/accudoctor.eu\/es_es\/","logo":{"@type":"ImageObject","inLanguage":"it-IT","@id":"https:\/\/accudoctor.eu\/es_es\/#\/schema\/logo\/image\/","url":"https:\/\/accudoctor.eu\/wp-content\/uploads\/2023\/06\/LOGO400X400.png","contentUrl":"https:\/\/accudoctor.eu\/wp-content\/uploads\/2023\/06\/LOGO400X400.png","width":400,"height":400,"caption":"Accudoctor"},"image":{"@id":"https:\/\/accudoctor.eu\/es_es\/#\/schema\/logo\/image\/"}}]}},"_links":{"self":[{"href":"https:\/\/accudoctor.eu\/it\/wp-json\/wp\/v2\/product\/1220"}],"collection":[{"href":"https:\/\/accudoctor.eu\/it\/wp-json\/wp\/v2\/product"}],"about":[{"href":"https:\/\/accudoctor.eu\/it\/wp-json\/wp\/v2\/types\/product"}],"replies":[{"embeddable":true,"href":"https:\/\/accudoctor.eu\/it\/wp-json\/wp\/v2\/comments?post=1220"}],"version-history":[{"count":12,"href":"https:\/\/accudoctor.eu\/it\/wp-json\/wp\/v2\/product\/1220\/revisions"}],"predecessor-version":[{"id":2185,"href":"https:\/\/accudoctor.eu\/it\/wp-json\/wp\/v2\/product\/1220\/revisions\/2185"}],"wp:featuredmedia":[{"embeddable":true,"href":"https:\/\/accudoctor.eu\/it\/wp-json\/wp\/v2\/media\/2187"}],"wp:attachment":[{"href":"https:\/\/accudoctor.eu\/it\/wp-json\/wp\/v2\/media?parent=1220"}],"wp:term":[{"taxonomy":"product_cat","embeddable":true,"href":"https:\/\/accudoctor.eu\/it\/wp-json\/wp\/v2\/product_cat?post=1220"},{"taxonomy":"product_tag","embeddable":true,"href":"https:\/\/accudoctor.eu\/it\/wp-json\/wp\/v2\/product_tag?post=1220"}],"curies":[{"name":"wp","href":"https:\/\/api.w.org\/{rel}","templated":true}]}}