{"id":1765,"date":"2023-06-23T09:25:59","date_gmt":"2023-06-23T09:25:59","guid":{"rendered":"https:\/\/accudoctor.eu\/?post_type=product&#038;p=1765"},"modified":"2023-06-28T10:27:33","modified_gmt":"2023-06-28T10:27:33","slug":"feline-herpesvirus-fhv-calicivirus-fcv-test","status":"publish","type":"product","link":"https:\/\/accudoctor.eu\/it\/prodotto\/feline-herpesvirus-fhv-calicivirus-fcv-test\/","title":{"rendered":"Test dell'antigene dell'herpesvirus felino + antigene del calicivirus felino."},"content":{"rendered":"<p>Feline Herpesvirus (FHV) e Feline Calicivirus (FCV) sono due comuni agenti patogeni virali che colpiscono i gatti, causando spesso infezioni respiratorie. Questi virus sono tra i principali responsabili della complessa malattia respiratoria superiore felina, comunemente nota come \"influenza del gatto\". I test per questi virus svolgono un ruolo cruciale nella diagnosi e nella gestione delle infezioni respiratorie feline.<\/p>\n<p>Il Feline Herpesvirus, noto anche come Rinotracheite virale felina (FVR), \u00e8 un virus altamente contagioso che colpisce principalmente il sistema respiratorio dei gatti. Appartiene alla famiglia degli Herpesviridae ed \u00e8 strettamente correlato all'herpesvirus umano. Il FHV pu\u00f2 causare sintomi come starnuti, secrezione nasale, congiuntivite (infiammazione degli occhi) e tosse. I gatti infetti possono anche sviluppare ulcere sulla cornea, che possono portare a problemi agli occhi. Il FHV viene trasmesso principalmente attraverso il contatto diretto con secrezioni respiratorie infette o attraverso oggetti contaminati.<\/p>\n<p>Il Feline Calicivirus \u00e8 un altro comune agente patogeno virale che colpisce i gatti, in particolare il loro sistema respiratorio superiore. Appartiene alla famiglia dei Caliciviridae e pu\u00f2 causare sintomi simili al FHV, tra cui starnuti, secrezione nasale, ulcere orali e congiuntivite. Il FCV pu\u00f2 anche causare zoppia e febbre. \u00c8 altamente contagioso e pu\u00f2 essere trasmesso attraverso il contatto diretto con gatti infetti, oggetti contaminati o attraverso secrezioni respiratorie aerosolizzate.<\/p>\n<p>&nbsp;<\/p>\n<div class=\"qrcprowrapper\" style=\"text-align:left;\" id=\"qrcwraaerfileds\"><div class=\"qrc_qrcode\" style=\"display:inline-block\" data-text=\"https:\/\/accudoctor.eu\/it\/prodotto\/feline-herpesvirus-fhv-calicivirus-fcv-test\/\"><\/div><\/div>","protected":false},"excerpt":{"rendered":"<p>Il Test dell'antigene dell'herpesvirus felino + antigene del calicivirus felino. \u00e8 un saggio immunocromatografico a flusso laterale a sandwich per la rilevazione qualitativa dell'antigene dell'Herpesvirus felino (FHV Ag) e dell'antigene del Calicivirus felino (FCV Ag) nelle secrezioni oculari e nasali dei felini. Il test include due test, tutti gli accessori necessari per eseguire due test e istruzioni in 5 lingue.<\/p>\n<table width=\"517\">\n<tbody>\n<tr>\n<td width=\"112\"><strong>Referenza<\/strong><\/td>\n<td width=\"80\"><strong>Animal<\/strong><\/td>\n<td width=\"80\"><strong>Formato<\/strong><\/td>\n<td width=\"80\"><strong>Campione<\/strong><\/td>\n<td width=\"165\"><strong>Unit\u00e0 per confezione<\/strong><\/td>\n<\/tr>\n<tr>\n<td width=\"112\">AVIFHC-625<\/td>\n<td>Gatti<\/td>\n<td width=\"80\">Casette<\/td>\n<td width=\"80\">Secretions<\/td>\n<td width=\"165\">2T<\/td>\n<\/tr>\n<\/tbody>\n<\/table>\n<p>&nbsp;<\/p>","protected":false},"featured_media":1902,"comment_status":"open","ping_status":"closed","template":"","meta":[],"product_cat":[40,27],"product_tag":[],"acf":[],"yoast_head":"<!-- This site is optimized with the Yoast SEO plugin v20.9 - https:\/\/yoast.com\/wordpress\/plugins\/seo\/ -->\n<title>Feline Herpesvirus FHV + Feline Calicivirus CVF Test | Accudoctor<\/title>\n<meta name=\"robots\" content=\"index, follow, max-snippet:-1, max-image-preview:large, max-video-preview:-1\" \/>\n<link rel=\"canonical\" href=\"https:\/\/accudoctor.eu\/it\/prodotto\/feline-herpesvirus-fhv-calicivirus-fcv-test\/\" \/>\n<meta property=\"og:locale\" content=\"it_IT\" \/>\n<meta property=\"og:type\" content=\"article\" \/>\n<meta property=\"og:title\" content=\"Feline Herpesvirus FHV + Feline Calicivirus CVF Test | Accudoctor\" \/>\n<meta property=\"og:description\" content=\"The Accudoctor Feline Herpesvirus Ag + Feline Calicivirus Ag Test is a sandwich lateral flow immunochromatographic assay for the qualitative detection of Feline Herpesvirus antigen (FHV Ag) and Feline Calicivirus antigen (FCV Ag) in feline\u2019s ocular and nasal secretions. The test includes two tests, all the necessary accessories to carry two test out and instructions in 5 languages.    Reference Animal Format Sample Kit Size   AVIFHC-625 Cats Casette Secretions 2T    &nbsp;\" \/>\n<meta property=\"og:url\" content=\"https:\/\/accudoctor.eu\/it\/prodotto\/feline-herpesvirus-fhv-calicivirus-fcv-test\/\" \/>\n<meta property=\"og:site_name\" content=\"Accudoctor\" \/>\n<meta property=\"article:modified_time\" content=\"2023-06-28T10:27:33+00:00\" \/>\n<meta property=\"og:image\" content=\"https:\/\/accudoctor.eu\/wp-content\/uploads\/2023\/06\/51lQ7ondPRL._AC_SL1200_.jpg\" \/>\n\t<meta property=\"og:image:width\" content=\"1198\" \/>\n\t<meta property=\"og:image:height\" content=\"1117\" \/>\n\t<meta property=\"og:image:type\" content=\"image\/jpeg\" \/>\n<meta name=\"twitter:card\" content=\"summary_large_image\" \/>\n<meta name=\"twitter:label1\" content=\"Tempo di lettura stimato\" \/>\n\t<meta name=\"twitter:data1\" content=\"1 minuto\" \/>\n<script type=\"application\/ld+json\" class=\"yoast-schema-graph\">{\"@context\":\"https:\/\/schema.org\",\"@graph\":[{\"@type\":\"WebPage\",\"@id\":\"https:\/\/accudoctor.eu\/product\/feline-herpesvirus-fhv-calicivirus-fcv-test\/\",\"url\":\"https:\/\/accudoctor.eu\/product\/feline-herpesvirus-fhv-calicivirus-fcv-test\/\",\"name\":\"Feline Herpesvirus FHV + Feline Calicivirus CVF Test | Accudoctor\",\"isPartOf\":{\"@id\":\"https:\/\/accudoctor.eu\/es_es\/#website\"},\"datePublished\":\"2023-06-23T09:25:59+00:00\",\"dateModified\":\"2023-06-28T10:27:33+00:00\",\"breadcrumb\":{\"@id\":\"https:\/\/accudoctor.eu\/product\/feline-herpesvirus-fhv-calicivirus-fcv-test\/#breadcrumb\"},\"inLanguage\":\"it-IT\",\"potentialAction\":[{\"@type\":\"ReadAction\",\"target\":[\"https:\/\/accudoctor.eu\/product\/feline-herpesvirus-fhv-calicivirus-fcv-test\/\"]}]},{\"@type\":\"BreadcrumbList\",\"@id\":\"https:\/\/accudoctor.eu\/product\/feline-herpesvirus-fhv-calicivirus-fcv-test\/#breadcrumb\",\"itemListElement\":[{\"@type\":\"ListItem\",\"position\":1,\"name\":\"Portada\",\"item\":\"https:\/\/accudoctor.eu\/\"},{\"@type\":\"ListItem\",\"position\":2,\"name\":\"Store\",\"item\":\"https:\/\/accudoctor.eu\/store\/\"},{\"@type\":\"ListItem\",\"position\":3,\"name\":\"Feline Herpesvirus Ag + Feline Calicivirus Ag Test\"}]},{\"@type\":\"WebSite\",\"@id\":\"https:\/\/accudoctor.eu\/es_es\/#website\",\"url\":\"https:\/\/accudoctor.eu\/es_es\/\",\"name\":\"Accudoctor\",\"description\":\"Experts in diagnostic testing since 2011\",\"publisher\":{\"@id\":\"https:\/\/accudoctor.eu\/es_es\/#organization\"},\"potentialAction\":[{\"@type\":\"SearchAction\",\"target\":{\"@type\":\"EntryPoint\",\"urlTemplate\":\"https:\/\/accudoctor.eu\/es_es\/?s={search_term_string}\"},\"query-input\":\"required name=search_term_string\"}],\"inLanguage\":\"it-IT\"},{\"@type\":\"Organization\",\"@id\":\"https:\/\/accudoctor.eu\/es_es\/#organization\",\"name\":\"Accudoctor\",\"url\":\"https:\/\/accudoctor.eu\/es_es\/\",\"logo\":{\"@type\":\"ImageObject\",\"inLanguage\":\"it-IT\",\"@id\":\"https:\/\/accudoctor.eu\/es_es\/#\/schema\/logo\/image\/\",\"url\":\"https:\/\/accudoctor.eu\/wp-content\/uploads\/2023\/06\/LOGO400X400.png\",\"contentUrl\":\"https:\/\/accudoctor.eu\/wp-content\/uploads\/2023\/06\/LOGO400X400.png\",\"width\":400,\"height\":400,\"caption\":\"Accudoctor\"},\"image\":{\"@id\":\"https:\/\/accudoctor.eu\/es_es\/#\/schema\/logo\/image\/\"}}]}<\/script>\n<!-- \/ Yoast SEO plugin. -->","yoast_head_json":{"title":"Feline Herpesvirus FHV + Feline Calicivirus CVF Test | Accudoctor","robots":{"index":"index","follow":"follow","max-snippet":"max-snippet:-1","max-image-preview":"max-image-preview:large","max-video-preview":"max-video-preview:-1"},"canonical":"https:\/\/accudoctor.eu\/it\/prodotto\/feline-herpesvirus-fhv-calicivirus-fcv-test\/","og_locale":"it_IT","og_type":"article","og_title":"Feline Herpesvirus FHV + Feline Calicivirus CVF Test | Accudoctor","og_description":"The Accudoctor Feline Herpesvirus Ag + Feline Calicivirus Ag Test is a sandwich lateral flow immunochromatographic assay for the qualitative detection of Feline Herpesvirus antigen (FHV Ag) and Feline Calicivirus antigen (FCV Ag) in feline\u2019s ocular and nasal secretions. The test includes two tests, all the necessary accessories to carry two test out and instructions in 5 languages.    Reference Animal Format Sample Kit Size   AVIFHC-625 Cats Casette Secretions 2T    &nbsp;","og_url":"https:\/\/accudoctor.eu\/it\/prodotto\/feline-herpesvirus-fhv-calicivirus-fcv-test\/","og_site_name":"Accudoctor","article_modified_time":"2023-06-28T10:27:33+00:00","og_image":[{"width":1198,"height":1117,"url":"https:\/\/accudoctor.eu\/wp-content\/uploads\/2023\/06\/51lQ7ondPRL._AC_SL1200_.jpg","type":"image\/jpeg"}],"twitter_card":"summary_large_image","twitter_misc":{"Tempo di lettura stimato":"1 minuto"},"schema":{"@context":"https:\/\/schema.org","@graph":[{"@type":"WebPage","@id":"https:\/\/accudoctor.eu\/product\/feline-herpesvirus-fhv-calicivirus-fcv-test\/","url":"https:\/\/accudoctor.eu\/product\/feline-herpesvirus-fhv-calicivirus-fcv-test\/","name":"Feline Herpesvirus FHV + Feline Calicivirus CVF Test | Accudoctor","isPartOf":{"@id":"https:\/\/accudoctor.eu\/es_es\/#website"},"datePublished":"2023-06-23T09:25:59+00:00","dateModified":"2023-06-28T10:27:33+00:00","breadcrumb":{"@id":"https:\/\/accudoctor.eu\/product\/feline-herpesvirus-fhv-calicivirus-fcv-test\/#breadcrumb"},"inLanguage":"it-IT","potentialAction":[{"@type":"ReadAction","target":["https:\/\/accudoctor.eu\/product\/feline-herpesvirus-fhv-calicivirus-fcv-test\/"]}]},{"@type":"BreadcrumbList","@id":"https:\/\/accudoctor.eu\/product\/feline-herpesvirus-fhv-calicivirus-fcv-test\/#breadcrumb","itemListElement":[{"@type":"ListItem","position":1,"name":"Portada","item":"https:\/\/accudoctor.eu\/"},{"@type":"ListItem","position":2,"name":"Store","item":"https:\/\/accudoctor.eu\/store\/"},{"@type":"ListItem","position":3,"name":"Feline Herpesvirus Ag + Feline Calicivirus Ag Test"}]},{"@type":"WebSite","@id":"https:\/\/accudoctor.eu\/es_es\/#website","url":"https:\/\/accudoctor.eu\/es_es\/","name":"Accudoctor","description":"Experts in diagnostic testing since 2011","publisher":{"@id":"https:\/\/accudoctor.eu\/es_es\/#organization"},"potentialAction":[{"@type":"SearchAction","target":{"@type":"EntryPoint","urlTemplate":"https:\/\/accudoctor.eu\/es_es\/?s={search_term_string}"},"query-input":"required name=search_term_string"}],"inLanguage":"it-IT"},{"@type":"Organization","@id":"https:\/\/accudoctor.eu\/es_es\/#organization","name":"Accudoctor","url":"https:\/\/accudoctor.eu\/es_es\/","logo":{"@type":"ImageObject","inLanguage":"it-IT","@id":"https:\/\/accudoctor.eu\/es_es\/#\/schema\/logo\/image\/","url":"https:\/\/accudoctor.eu\/wp-content\/uploads\/2023\/06\/LOGO400X400.png","contentUrl":"https:\/\/accudoctor.eu\/wp-content\/uploads\/2023\/06\/LOGO400X400.png","width":400,"height":400,"caption":"Accudoctor"},"image":{"@id":"https:\/\/accudoctor.eu\/es_es\/#\/schema\/logo\/image\/"}}]}},"_links":{"self":[{"href":"https:\/\/accudoctor.eu\/it\/wp-json\/wp\/v2\/product\/1765"}],"collection":[{"href":"https:\/\/accudoctor.eu\/it\/wp-json\/wp\/v2\/product"}],"about":[{"href":"https:\/\/accudoctor.eu\/it\/wp-json\/wp\/v2\/types\/product"}],"replies":[{"embeddable":true,"href":"https:\/\/accudoctor.eu\/it\/wp-json\/wp\/v2\/comments?post=1765"}],"version-history":[{"count":3,"href":"https:\/\/accudoctor.eu\/it\/wp-json\/wp\/v2\/product\/1765\/revisions"}],"predecessor-version":[{"id":1768,"href":"https:\/\/accudoctor.eu\/it\/wp-json\/wp\/v2\/product\/1765\/revisions\/1768"}],"wp:featuredmedia":[{"embeddable":true,"href":"https:\/\/accudoctor.eu\/it\/wp-json\/wp\/v2\/media\/1902"}],"wp:attachment":[{"href":"https:\/\/accudoctor.eu\/it\/wp-json\/wp\/v2\/media?parent=1765"}],"wp:term":[{"taxonomy":"product_cat","embeddable":true,"href":"https:\/\/accudoctor.eu\/it\/wp-json\/wp\/v2\/product_cat?post=1765"},{"taxonomy":"product_tag","embeddable":true,"href":"https:\/\/accudoctor.eu\/it\/wp-json\/wp\/v2\/product_tag?post=1765"}],"curies":[{"name":"wp","href":"https:\/\/api.w.org\/{rel}","templated":true}]}}