{"id":1986,"date":"2023-07-12T12:17:51","date_gmt":"2023-07-12T12:17:51","guid":{"rendered":"https:\/\/accudoctor.eu\/?post_type=product&#038;p=1986"},"modified":"2024-09-06T08:33:50","modified_gmt":"2024-09-06T08:33:50","slug":"giardia-lamblia-ag-feline-panleukopenia","status":"publish","type":"product","link":"https:\/\/accudoctor.eu\/it\/prodotto\/giardia-lamblia-ag-feline-panleukopenia\/","title":{"rendered":"Giardia Lamblia Ag + Feline Panleukopenia Test"},"content":{"rendered":"<p>Il Test Giardia Lamblia Ag + Feline Panleukopenia Accudoctor  \u00e8 in grado di rilevare la presenza di entrambi gli antigeni nelle feci dei gatti, consentendo l'implementazione immediata di misure terapeutiche e l'applicazione delle necessarie misure di quarantena.<\/p>\n<p>La panleucopenia felina, nota anche come distemper felino, \u00e8 una malattia virale altamente contagiosa che colpisce i gatti. \u00c8 causata dal parvovirus felino, che attacca principalmente le cellule in rapida divisione del midollo osseo, della mucosa intestinale e dei tessuti linfoidi. I sintomi della panleucopenia felina possono variare, ma spesso includono febbre, letargia, perdita di appetito, vomito, diarrea (che pu\u00f2 essere ematica) e disidratazione. Il virus sopprime il sistema immunitario del gatto, provocando una grave diminuzione del numero di globuli bianchi (panleucopenia), da cui il nome della malattia.<\/p>\n<div class=\"elementor-element elementor-element-c698e8c elementor-widget elementor-widget-woocommerce-product-content\" data-id=\"c698e8c\" data-element_type=\"widget\" data-widget_type=\"woocommerce-product-content.default\">\n<div class=\"elementor-widget-container\">\n<p>D'altro canto, Giardia Lamblia \u00e8 un parassita protozoo che pu\u00f2 infettare l'intestino dei cani e di altri animali. Provoca una malattia chiamata giardiasi, caratterizzata da diarrea cronica, perdita di peso e malessere generale.<\/p>\n<\/div>\n<\/div>\n<div class=\"elementor-element elementor-element-b18b3e3 elementor-widget elementor-widget-button\" data-id=\"b18b3e3\" data-element_type=\"widget\" data-widget_type=\"button.default\">\n<div class=\"elementor-widget-container\">\n<div class=\"elementor-button-wrapper\"><\/div>\n<\/div>\n<\/div>\n<div class=\"qrcprowrapper\" style=\"text-align:left;\" id=\"qrcwraaerfileds\"><div class=\"qrc_qrcode\" style=\"display:inline-block\" data-text=\"https:\/\/accudoctor.eu\/it\/prodotto\/giardia-lamblia-ag-feline-panleukopenia\/\"><\/div><\/div>","protected":false},"excerpt":{"rendered":"<div class=\"group w-full text-gray-800 dark:text-gray-100 border-b border-black\/10 dark:border-gray-900\/50 bg-gray-50 dark:bg-[#444654]\">\n<div class=\"flex p-4 gap-4 text-base md:gap-6 md:max-w-2xl lg:max-w-[38rem] xl:max-w-3xl md:py-6 lg:px-0 m-auto\">\n<div class=\"relative flex w-[calc(100%-50px)] flex-col gap-1 md:gap-3 lg:w-[calc(100%-115px)]\">\n<div class=\"flex flex-grow flex-col gap-3\">\n<div class=\"min-h-[20px] flex items-start overflow-x-auto whitespace-pre-wrap break-words flex-col gap-4\">\n<div class=\"markdown prose w-full break-words dark:prose-invert light\">\n<p>Il test si basa su un saggio immunocromatografico a flusso laterale a sandwich. Il dispositivo di test ha due finestre di test. Ogni finestra di test ha una zona T (test) invisibile e una zona C (controllo). Quando viene applicato il campione nel pozzetto di campione sulla cassetta, il liquido si diffonder\u00e0 lateralmente sulla superficie della striscia di test. Se nell'analisi \u00e8 presente un quantitativo sufficiente di antigene FPV o Giardia, comparir\u00e0 una linea T visibile nella finestra di test corrispondente. La linea C dovrebbe sempre comparire dopo l'applicazione del campione, indicando un risultato valido. In questo modo, la cassetta pu\u00f2 indicare con precisione la presenza di antigene FPV o Giardia nel campione.<\/p>\n<\/div>\n<\/div>\n<\/div>\n<div class=\"flex justify-between lg:block\">\n<div class=\"text-gray-400 flex self-end lg:self-center justify-center mt-2 gap-2 md:gap-3 lg:gap-1 lg:absolute lg:top-0 lg:translate-x-full lg:right-0 lg:mt-0 lg:pl-2 visible\">\n<div class=\"flex gap-1\"><\/div>\n<\/div>\n<\/div>\n<\/div>\n<\/div>\n<\/div>\n<table width=\"517\">\n<tbody>\n<tr>\n<td width=\"112\"><strong>Referenza<\/strong><\/td>\n<td width=\"80\"><strong>Animal<\/strong><\/td>\n<td width=\"80\"><strong>Formato<\/strong><\/td>\n<td width=\"80\"><strong>Campione<\/strong><\/td>\n<td width=\"165\"><strong>Unit\u00e0 per confezione<\/strong><\/td>\n<\/tr>\n<tr>\n<td width=\"112\">AVIFPG-625<\/td>\n<td>Gatti<\/td>\n<td width=\"80\">Casette<\/td>\n<td width=\"80\">Feci<\/td>\n<td width=\"165\">2T<\/td>\n<\/tr>\n<\/tbody>\n<\/table>\n<p>&nbsp;<\/p>","protected":false},"featured_media":1237,"comment_status":"open","ping_status":"closed","template":"","meta":[],"product_cat":[41,27],"product_tag":[],"acf":[],"yoast_head":"<!-- This site is optimized with the Yoast SEO plugin v20.9 - https:\/\/yoast.com\/wordpress\/plugins\/seo\/ -->\n<title>Giardia Lamblia Ag + Feline Panleukopenia | Accudoctor<\/title>\n<meta name=\"description\" content=\"The Accudoctor Giardia Lamblia Ag + Feline Panleukopenia Test is capable of detecting the presence of both antigens in canine feces or vomit, allowing for immediate implementation of therapeutic measures and the application of necessary quarantine measures.\" \/>\n<meta name=\"robots\" content=\"index, follow, max-snippet:-1, max-image-preview:large, max-video-preview:-1\" \/>\n<link rel=\"canonical\" href=\"https:\/\/accudoctor.eu\/it\/prodotto\/giardia-lamblia-ag-feline-panleukopenia\/\" \/>\n<meta property=\"og:locale\" content=\"it_IT\" \/>\n<meta property=\"og:type\" content=\"article\" \/>\n<meta property=\"og:title\" content=\"Giardia Lamblia Ag + Feline Panleukopenia | Accudoctor\" \/>\n<meta property=\"og:description\" content=\"The Accudoctor Giardia Lamblia Ag + Feline Panleukopenia Test is capable of detecting the presence of both antigens in canine feces or vomit, allowing for immediate implementation of therapeutic measures and the application of necessary quarantine measures.\" \/>\n<meta property=\"og:url\" content=\"https:\/\/accudoctor.eu\/it\/prodotto\/giardia-lamblia-ag-feline-panleukopenia\/\" \/>\n<meta property=\"og:site_name\" content=\"Accudoctor\" \/>\n<meta property=\"article:modified_time\" content=\"2024-09-06T08:33:50+00:00\" \/>\n<meta property=\"og:image\" content=\"https:\/\/accudoctor.eu\/wp-content\/uploads\/2023\/05\/2-3.jpg\" \/>\n\t<meta property=\"og:image:width\" content=\"1430\" \/>\n\t<meta property=\"og:image:height\" content=\"1131\" \/>\n\t<meta property=\"og:image:type\" content=\"image\/jpeg\" \/>\n<meta name=\"twitter:card\" content=\"summary_large_image\" \/>\n<meta name=\"twitter:label1\" content=\"Tempo di lettura stimato\" \/>\n\t<meta name=\"twitter:data1\" content=\"1 minuto\" \/>\n<script type=\"application\/ld+json\" class=\"yoast-schema-graph\">{\"@context\":\"https:\/\/schema.org\",\"@graph\":[{\"@type\":\"WebPage\",\"@id\":\"https:\/\/accudoctor.eu\/product\/giardia-lamblia-ag-feline-panleukopenia\/\",\"url\":\"https:\/\/accudoctor.eu\/product\/giardia-lamblia-ag-feline-panleukopenia\/\",\"name\":\"Giardia Lamblia Ag + Feline Panleukopenia | Accudoctor\",\"isPartOf\":{\"@id\":\"https:\/\/accudoctor.eu\/es_es\/#website\"},\"datePublished\":\"2023-07-12T12:17:51+00:00\",\"dateModified\":\"2024-09-06T08:33:50+00:00\",\"description\":\"The Accudoctor Giardia Lamblia Ag + Feline Panleukopenia Test is capable of detecting the presence of both antigens in canine feces or vomit, allowing for immediate implementation of therapeutic measures and the application of necessary quarantine measures.\",\"breadcrumb\":{\"@id\":\"https:\/\/accudoctor.eu\/product\/giardia-lamblia-ag-feline-panleukopenia\/#breadcrumb\"},\"inLanguage\":\"it-IT\",\"potentialAction\":[{\"@type\":\"ReadAction\",\"target\":[\"https:\/\/accudoctor.eu\/product\/giardia-lamblia-ag-feline-panleukopenia\/\"]}]},{\"@type\":\"BreadcrumbList\",\"@id\":\"https:\/\/accudoctor.eu\/product\/giardia-lamblia-ag-feline-panleukopenia\/#breadcrumb\",\"itemListElement\":[{\"@type\":\"ListItem\",\"position\":1,\"name\":\"Portada\",\"item\":\"https:\/\/accudoctor.eu\/\"},{\"@type\":\"ListItem\",\"position\":2,\"name\":\"Store\",\"item\":\"https:\/\/accudoctor.eu\/store\/\"},{\"@type\":\"ListItem\",\"position\":3,\"name\":\"Giardia Lamblia Ag + Feline Panleukopenia Test\"}]},{\"@type\":\"WebSite\",\"@id\":\"https:\/\/accudoctor.eu\/es_es\/#website\",\"url\":\"https:\/\/accudoctor.eu\/es_es\/\",\"name\":\"Accudoctor\",\"description\":\"Experts in diagnostic testing since 2011\",\"publisher\":{\"@id\":\"https:\/\/accudoctor.eu\/es_es\/#organization\"},\"potentialAction\":[{\"@type\":\"SearchAction\",\"target\":{\"@type\":\"EntryPoint\",\"urlTemplate\":\"https:\/\/accudoctor.eu\/es_es\/?s={search_term_string}\"},\"query-input\":\"required name=search_term_string\"}],\"inLanguage\":\"it-IT\"},{\"@type\":\"Organization\",\"@id\":\"https:\/\/accudoctor.eu\/es_es\/#organization\",\"name\":\"Accudoctor\",\"url\":\"https:\/\/accudoctor.eu\/es_es\/\",\"logo\":{\"@type\":\"ImageObject\",\"inLanguage\":\"it-IT\",\"@id\":\"https:\/\/accudoctor.eu\/es_es\/#\/schema\/logo\/image\/\",\"url\":\"https:\/\/accudoctor.eu\/wp-content\/uploads\/2023\/06\/LOGO400X400.png\",\"contentUrl\":\"https:\/\/accudoctor.eu\/wp-content\/uploads\/2023\/06\/LOGO400X400.png\",\"width\":400,\"height\":400,\"caption\":\"Accudoctor\"},\"image\":{\"@id\":\"https:\/\/accudoctor.eu\/es_es\/#\/schema\/logo\/image\/\"}}]}<\/script>\n<!-- \/ Yoast SEO plugin. -->","yoast_head_json":{"title":"Giardia Lamblia Ag + Feline Panleukopenia | Accudoctor","description":"The Accudoctor Giardia Lamblia Ag + Feline Panleukopenia Test is capable of detecting the presence of both antigens in canine feces or vomit, allowing for immediate implementation of therapeutic measures and the application of necessary quarantine measures.","robots":{"index":"index","follow":"follow","max-snippet":"max-snippet:-1","max-image-preview":"max-image-preview:large","max-video-preview":"max-video-preview:-1"},"canonical":"https:\/\/accudoctor.eu\/it\/prodotto\/giardia-lamblia-ag-feline-panleukopenia\/","og_locale":"it_IT","og_type":"article","og_title":"Giardia Lamblia Ag + Feline Panleukopenia | Accudoctor","og_description":"The Accudoctor Giardia Lamblia Ag + Feline Panleukopenia Test is capable of detecting the presence of both antigens in canine feces or vomit, allowing for immediate implementation of therapeutic measures and the application of necessary quarantine measures.","og_url":"https:\/\/accudoctor.eu\/it\/prodotto\/giardia-lamblia-ag-feline-panleukopenia\/","og_site_name":"Accudoctor","article_modified_time":"2024-09-06T08:33:50+00:00","og_image":[{"width":1430,"height":1131,"url":"https:\/\/accudoctor.eu\/wp-content\/uploads\/2023\/05\/2-3.jpg","type":"image\/jpeg"}],"twitter_card":"summary_large_image","twitter_misc":{"Tempo di lettura stimato":"1 minuto"},"schema":{"@context":"https:\/\/schema.org","@graph":[{"@type":"WebPage","@id":"https:\/\/accudoctor.eu\/product\/giardia-lamblia-ag-feline-panleukopenia\/","url":"https:\/\/accudoctor.eu\/product\/giardia-lamblia-ag-feline-panleukopenia\/","name":"Giardia Lamblia Ag + Feline Panleukopenia | Accudoctor","isPartOf":{"@id":"https:\/\/accudoctor.eu\/es_es\/#website"},"datePublished":"2023-07-12T12:17:51+00:00","dateModified":"2024-09-06T08:33:50+00:00","description":"The Accudoctor Giardia Lamblia Ag + Feline Panleukopenia Test is capable of detecting the presence of both antigens in canine feces or vomit, allowing for immediate implementation of therapeutic measures and the application of necessary quarantine measures.","breadcrumb":{"@id":"https:\/\/accudoctor.eu\/product\/giardia-lamblia-ag-feline-panleukopenia\/#breadcrumb"},"inLanguage":"it-IT","potentialAction":[{"@type":"ReadAction","target":["https:\/\/accudoctor.eu\/product\/giardia-lamblia-ag-feline-panleukopenia\/"]}]},{"@type":"BreadcrumbList","@id":"https:\/\/accudoctor.eu\/product\/giardia-lamblia-ag-feline-panleukopenia\/#breadcrumb","itemListElement":[{"@type":"ListItem","position":1,"name":"Portada","item":"https:\/\/accudoctor.eu\/"},{"@type":"ListItem","position":2,"name":"Store","item":"https:\/\/accudoctor.eu\/store\/"},{"@type":"ListItem","position":3,"name":"Giardia Lamblia Ag + Feline Panleukopenia Test"}]},{"@type":"WebSite","@id":"https:\/\/accudoctor.eu\/es_es\/#website","url":"https:\/\/accudoctor.eu\/es_es\/","name":"Accudoctor","description":"Experts in diagnostic testing since 2011","publisher":{"@id":"https:\/\/accudoctor.eu\/es_es\/#organization"},"potentialAction":[{"@type":"SearchAction","target":{"@type":"EntryPoint","urlTemplate":"https:\/\/accudoctor.eu\/es_es\/?s={search_term_string}"},"query-input":"required name=search_term_string"}],"inLanguage":"it-IT"},{"@type":"Organization","@id":"https:\/\/accudoctor.eu\/es_es\/#organization","name":"Accudoctor","url":"https:\/\/accudoctor.eu\/es_es\/","logo":{"@type":"ImageObject","inLanguage":"it-IT","@id":"https:\/\/accudoctor.eu\/es_es\/#\/schema\/logo\/image\/","url":"https:\/\/accudoctor.eu\/wp-content\/uploads\/2023\/06\/LOGO400X400.png","contentUrl":"https:\/\/accudoctor.eu\/wp-content\/uploads\/2023\/06\/LOGO400X400.png","width":400,"height":400,"caption":"Accudoctor"},"image":{"@id":"https:\/\/accudoctor.eu\/es_es\/#\/schema\/logo\/image\/"}}]}},"_links":{"self":[{"href":"https:\/\/accudoctor.eu\/it\/wp-json\/wp\/v2\/product\/1986"}],"collection":[{"href":"https:\/\/accudoctor.eu\/it\/wp-json\/wp\/v2\/product"}],"about":[{"href":"https:\/\/accudoctor.eu\/it\/wp-json\/wp\/v2\/types\/product"}],"replies":[{"embeddable":true,"href":"https:\/\/accudoctor.eu\/it\/wp-json\/wp\/v2\/comments?post=1986"}],"version-history":[{"count":8,"href":"https:\/\/accudoctor.eu\/it\/wp-json\/wp\/v2\/product\/1986\/revisions"}],"predecessor-version":[{"id":2101,"href":"https:\/\/accudoctor.eu\/it\/wp-json\/wp\/v2\/product\/1986\/revisions\/2101"}],"wp:featuredmedia":[{"embeddable":true,"href":"https:\/\/accudoctor.eu\/it\/wp-json\/wp\/v2\/media\/1237"}],"wp:attachment":[{"href":"https:\/\/accudoctor.eu\/it\/wp-json\/wp\/v2\/media?parent=1986"}],"wp:term":[{"taxonomy":"product_cat","embeddable":true,"href":"https:\/\/accudoctor.eu\/it\/wp-json\/wp\/v2\/product_cat?post=1986"},{"taxonomy":"product_tag","embeddable":true,"href":"https:\/\/accudoctor.eu\/it\/wp-json\/wp\/v2\/product_tag?post=1986"}],"curies":[{"name":"wp","href":"https:\/\/api.w.org\/{rel}","templated":true}]}}