{"id":582,"date":"2023-04-18T13:03:09","date_gmt":"2023-04-18T13:03:09","guid":{"rendered":"https:\/\/accudoctor.eu\/?post_type=product&#038;p=582"},"modified":"2024-10-24T13:39:06","modified_gmt":"2024-10-24T13:39:06","slug":"male-fertility-test","status":"publish","type":"product","link":"https:\/\/accudoctor.eu\/it\/prodotto\/male-fertility-test\/","title":{"rendered":"Test di Ferrtilit\u00e0 Maschile SP-10"},"content":{"rendered":"<p>The Accudoctor SP-10 Male Fertility Test is a useful tool for evaluating sperm quality and determining the potential fertility of a man. This examination is one of the most common and reliable methods for assessing male reproductive health and can be requested by couples experiencing difficulties conceiving or by men who want to know their reproductive capacity.<\/p>\n<p>The test effectively detects whether the sperm concentration in the semen is above or below 15 million\/mL, which is the reference value established by the World Health Organization (WHO) to determine if male fertility falls within normal ranges.<\/p>\n<div class=\"qrcprowrapper\" style=\"text-align:left;\" id=\"qrcwraaerfileds\"><div class=\"qrc_qrcode\" style=\"display:inline-block\" data-text=\"https:\/\/accudoctor.eu\/it\/prodotto\/male-fertility-test\/\"><\/div><\/div>","protected":false},"excerpt":{"rendered":"<div class=\"group w-full text-gray-800 dark:text-gray-100 border-b border-black\/10 dark:border-gray-900\/50 bg-gray-50 dark:bg-[#444654]\">\n<div class=\"flex p-4 gap-4 text-base md:gap-6 md:max-w-2xl lg:max-w-[38rem] xl:max-w-3xl md:py-6 lg:px-0 m-auto\">\n<div class=\"relative flex w-[calc(100%-50px)] flex-col gap-1 md:gap-3 lg:w-[calc(100%-115px)]\">\n<div class=\"flex flex-grow flex-col gap-3\">\n<div class=\"min-h-[20px] flex items-start overflow-x-auto whitespace-pre-wrap break-words flex-col gap-4\">\n<div class=\"markdown prose w-full break-words dark:prose-invert light\">\n<p>Il Test di Fertilit\u00e0 Maschile SP-10 rileva efficacemente se la concentrazione di spermatozoi nel liquido seminale \u00e8 superiore o inferiore a 15 milioni\/mL, che \u00e8 il valore di riferimento stabilito dall'Organizzazione Mondiale della Sanit\u00e0 (OMS) per determinare se la fertilit\u00e0 maschile rientra nei range normali.<\/p>\n<\/div>\n<\/div>\n<\/div>\n<\/div>\n<\/div>\n<\/div>\n<table style=\"border-collapse: collapse; width: 416px; height: 73px;\" border=\"0\" width=\"320\" cellspacing=\"0\" cellpadding=\"0\">\n<tbody>\n<tr style=\"height: 15.0pt;\">\n<td class=\"xl63\" style=\"height: 15.0pt; width: 60pt;\" width=\"80\" height=\"20\"><strong>Referenza<\/strong><\/td>\n<td class=\"xl63\" style=\"width: 60pt;\" width=\"80\"><strong>Formato<\/strong><\/td>\n<td class=\"xl63\" style=\"width: 60pt;\" width=\"80\"><strong>Campione<\/strong><\/td>\n<td class=\"xl63\" style=\"width: 60pt;\" width=\"80\"><strong>Unit\u00e0 per confezione<\/strong><\/td>\n<\/tr>\n<tr style=\"height: 15.0pt;\">\n<td class=\"xl64\" style=\"height: 15.0pt; width: 60pt;\" width=\"80\" height=\"20\">AOSP-902H<\/td>\n<td class=\"xl64\" style=\"width: 60pt;\" width=\"80\">Casette<\/td>\n<td class=\"xl64\" style=\"width: 60pt;\" width=\"80\">Sperma<\/td>\n<td class=\"xl64\" style=\"width: 60pt;\" width=\"80\">1T<\/td>\n<\/tr>\n<\/tbody>\n<\/table>","protected":false},"featured_media":2156,"comment_status":"closed","ping_status":"closed","template":"","meta":[],"product_cat":[32,20],"product_tag":[],"acf":[],"yoast_head":"<!-- This site is optimized with the Yoast SEO plugin v20.9 - https:\/\/yoast.com\/wordpress\/plugins\/seo\/ -->\n<title>SP-10 Male Fertility Test | Accudoctor<\/title>\n<meta name=\"description\" content=\"The Accudoctor SP-10 Male Fertility Test is a useful tool for evaluating sperm quality and determining the potential fertility of a man. This examination is one of the most common and reliable methods for assessing male reproductive health and can be requested by couples experiencing difficulties conceiving or by men who want to know their reproductive capacity.\" \/>\n<meta name=\"robots\" content=\"index, follow, max-snippet:-1, max-image-preview:large, max-video-preview:-1\" \/>\n<link rel=\"canonical\" href=\"https:\/\/accudoctor.eu\/it\/prodotto\/male-fertility-test\/\" \/>\n<meta property=\"og:locale\" content=\"it_IT\" \/>\n<meta property=\"og:type\" content=\"article\" \/>\n<meta property=\"og:title\" content=\"SP-10 Male Fertility Test | Accudoctor\" \/>\n<meta property=\"og:description\" content=\"The Accudoctor SP-10 Male Fertility Test is a useful tool for evaluating sperm quality and determining the potential fertility of a man. This examination is one of the most common and reliable methods for assessing male reproductive health and can be requested by couples experiencing difficulties conceiving or by men who want to know their reproductive capacity.\" \/>\n<meta property=\"og:url\" content=\"https:\/\/accudoctor.eu\/it\/prodotto\/male-fertility-test\/\" \/>\n<meta property=\"og:site_name\" content=\"Accudoctor\" \/>\n<meta property=\"article:modified_time\" content=\"2024-10-24T13:39:06+00:00\" \/>\n<meta property=\"og:image\" content=\"https:\/\/accudoctor.eu\/wp-content\/uploads\/2023\/04\/Infografia-1-1-scaled.jpg\" \/>\n\t<meta property=\"og:image:width\" content=\"2560\" \/>\n\t<meta property=\"og:image:height\" content=\"2560\" \/>\n\t<meta property=\"og:image:type\" content=\"image\/jpeg\" \/>\n<meta name=\"twitter:card\" content=\"summary_large_image\" \/>\n<meta name=\"twitter:label1\" content=\"Tempo di lettura stimato\" \/>\n\t<meta name=\"twitter:data1\" content=\"1 minuto\" \/>\n<script type=\"application\/ld+json\" class=\"yoast-schema-graph\">{\"@context\":\"https:\/\/schema.org\",\"@graph\":[{\"@type\":\"WebPage\",\"@id\":\"https:\/\/accudoctor.eu\/product\/male-fertility-test\/\",\"url\":\"https:\/\/accudoctor.eu\/product\/male-fertility-test\/\",\"name\":\"SP-10 Male Fertility Test | Accudoctor\",\"isPartOf\":{\"@id\":\"https:\/\/accudoctor.eu\/es_es\/#website\"},\"datePublished\":\"2023-04-18T13:03:09+00:00\",\"dateModified\":\"2024-10-24T13:39:06+00:00\",\"description\":\"The Accudoctor SP-10 Male Fertility Test is a useful tool for evaluating sperm quality and determining the potential fertility of a man. This examination is one of the most common and reliable methods for assessing male reproductive health and can be requested by couples experiencing difficulties conceiving or by men who want to know their reproductive capacity.\",\"breadcrumb\":{\"@id\":\"https:\/\/accudoctor.eu\/product\/male-fertility-test\/#breadcrumb\"},\"inLanguage\":\"it-IT\",\"potentialAction\":[{\"@type\":\"ReadAction\",\"target\":[\"https:\/\/accudoctor.eu\/product\/male-fertility-test\/\"]}]},{\"@type\":\"BreadcrumbList\",\"@id\":\"https:\/\/accudoctor.eu\/product\/male-fertility-test\/#breadcrumb\",\"itemListElement\":[{\"@type\":\"ListItem\",\"position\":1,\"name\":\"Portada\",\"item\":\"https:\/\/accudoctor.eu\/\"},{\"@type\":\"ListItem\",\"position\":2,\"name\":\"Store\",\"item\":\"https:\/\/accudoctor.eu\/store\/\"},{\"@type\":\"ListItem\",\"position\":3,\"name\":\"Male Fertility Test SP-10\"}]},{\"@type\":\"WebSite\",\"@id\":\"https:\/\/accudoctor.eu\/es_es\/#website\",\"url\":\"https:\/\/accudoctor.eu\/es_es\/\",\"name\":\"Accudoctor\",\"description\":\"Experts in diagnostic testing since 2011\",\"publisher\":{\"@id\":\"https:\/\/accudoctor.eu\/es_es\/#organization\"},\"potentialAction\":[{\"@type\":\"SearchAction\",\"target\":{\"@type\":\"EntryPoint\",\"urlTemplate\":\"https:\/\/accudoctor.eu\/es_es\/?s={search_term_string}\"},\"query-input\":\"required name=search_term_string\"}],\"inLanguage\":\"it-IT\"},{\"@type\":\"Organization\",\"@id\":\"https:\/\/accudoctor.eu\/es_es\/#organization\",\"name\":\"Accudoctor\",\"url\":\"https:\/\/accudoctor.eu\/es_es\/\",\"logo\":{\"@type\":\"ImageObject\",\"inLanguage\":\"it-IT\",\"@id\":\"https:\/\/accudoctor.eu\/es_es\/#\/schema\/logo\/image\/\",\"url\":\"https:\/\/accudoctor.eu\/wp-content\/uploads\/2023\/06\/LOGO400X400.png\",\"contentUrl\":\"https:\/\/accudoctor.eu\/wp-content\/uploads\/2023\/06\/LOGO400X400.png\",\"width\":400,\"height\":400,\"caption\":\"Accudoctor\"},\"image\":{\"@id\":\"https:\/\/accudoctor.eu\/es_es\/#\/schema\/logo\/image\/\"}}]}<\/script>\n<!-- \/ Yoast SEO plugin. -->","yoast_head_json":{"title":"SP-10 Male Fertility Test | Accudoctor","description":"The Accudoctor SP-10 Male Fertility Test is a useful tool for evaluating sperm quality and determining the potential fertility of a man. This examination is one of the most common and reliable methods for assessing male reproductive health and can be requested by couples experiencing difficulties conceiving or by men who want to know their reproductive capacity.","robots":{"index":"index","follow":"follow","max-snippet":"max-snippet:-1","max-image-preview":"max-image-preview:large","max-video-preview":"max-video-preview:-1"},"canonical":"https:\/\/accudoctor.eu\/it\/prodotto\/male-fertility-test\/","og_locale":"it_IT","og_type":"article","og_title":"SP-10 Male Fertility Test | Accudoctor","og_description":"The Accudoctor SP-10 Male Fertility Test is a useful tool for evaluating sperm quality and determining the potential fertility of a man. This examination is one of the most common and reliable methods for assessing male reproductive health and can be requested by couples experiencing difficulties conceiving or by men who want to know their reproductive capacity.","og_url":"https:\/\/accudoctor.eu\/it\/prodotto\/male-fertility-test\/","og_site_name":"Accudoctor","article_modified_time":"2024-10-24T13:39:06+00:00","og_image":[{"width":2560,"height":2560,"url":"https:\/\/accudoctor.eu\/wp-content\/uploads\/2023\/04\/Infografia-1-1-scaled.jpg","type":"image\/jpeg"}],"twitter_card":"summary_large_image","twitter_misc":{"Tempo di lettura stimato":"1 minuto"},"schema":{"@context":"https:\/\/schema.org","@graph":[{"@type":"WebPage","@id":"https:\/\/accudoctor.eu\/product\/male-fertility-test\/","url":"https:\/\/accudoctor.eu\/product\/male-fertility-test\/","name":"SP-10 Male Fertility Test | Accudoctor","isPartOf":{"@id":"https:\/\/accudoctor.eu\/es_es\/#website"},"datePublished":"2023-04-18T13:03:09+00:00","dateModified":"2024-10-24T13:39:06+00:00","description":"The Accudoctor SP-10 Male Fertility Test is a useful tool for evaluating sperm quality and determining the potential fertility of a man. This examination is one of the most common and reliable methods for assessing male reproductive health and can be requested by couples experiencing difficulties conceiving or by men who want to know their reproductive capacity.","breadcrumb":{"@id":"https:\/\/accudoctor.eu\/product\/male-fertility-test\/#breadcrumb"},"inLanguage":"it-IT","potentialAction":[{"@type":"ReadAction","target":["https:\/\/accudoctor.eu\/product\/male-fertility-test\/"]}]},{"@type":"BreadcrumbList","@id":"https:\/\/accudoctor.eu\/product\/male-fertility-test\/#breadcrumb","itemListElement":[{"@type":"ListItem","position":1,"name":"Portada","item":"https:\/\/accudoctor.eu\/"},{"@type":"ListItem","position":2,"name":"Store","item":"https:\/\/accudoctor.eu\/store\/"},{"@type":"ListItem","position":3,"name":"Male Fertility Test SP-10"}]},{"@type":"WebSite","@id":"https:\/\/accudoctor.eu\/es_es\/#website","url":"https:\/\/accudoctor.eu\/es_es\/","name":"Accudoctor","description":"Experts in diagnostic testing since 2011","publisher":{"@id":"https:\/\/accudoctor.eu\/es_es\/#organization"},"potentialAction":[{"@type":"SearchAction","target":{"@type":"EntryPoint","urlTemplate":"https:\/\/accudoctor.eu\/es_es\/?s={search_term_string}"},"query-input":"required name=search_term_string"}],"inLanguage":"it-IT"},{"@type":"Organization","@id":"https:\/\/accudoctor.eu\/es_es\/#organization","name":"Accudoctor","url":"https:\/\/accudoctor.eu\/es_es\/","logo":{"@type":"ImageObject","inLanguage":"it-IT","@id":"https:\/\/accudoctor.eu\/es_es\/#\/schema\/logo\/image\/","url":"https:\/\/accudoctor.eu\/wp-content\/uploads\/2023\/06\/LOGO400X400.png","contentUrl":"https:\/\/accudoctor.eu\/wp-content\/uploads\/2023\/06\/LOGO400X400.png","width":400,"height":400,"caption":"Accudoctor"},"image":{"@id":"https:\/\/accudoctor.eu\/es_es\/#\/schema\/logo\/image\/"}}]}},"_links":{"self":[{"href":"https:\/\/accudoctor.eu\/it\/wp-json\/wp\/v2\/product\/582"}],"collection":[{"href":"https:\/\/accudoctor.eu\/it\/wp-json\/wp\/v2\/product"}],"about":[{"href":"https:\/\/accudoctor.eu\/it\/wp-json\/wp\/v2\/types\/product"}],"replies":[{"embeddable":true,"href":"https:\/\/accudoctor.eu\/it\/wp-json\/wp\/v2\/comments?post=582"}],"version-history":[{"count":5,"href":"https:\/\/accudoctor.eu\/it\/wp-json\/wp\/v2\/product\/582\/revisions"}],"predecessor-version":[{"id":1932,"href":"https:\/\/accudoctor.eu\/it\/wp-json\/wp\/v2\/product\/582\/revisions\/1932"}],"wp:featuredmedia":[{"embeddable":true,"href":"https:\/\/accudoctor.eu\/it\/wp-json\/wp\/v2\/media\/2156"}],"wp:attachment":[{"href":"https:\/\/accudoctor.eu\/it\/wp-json\/wp\/v2\/media?parent=582"}],"wp:term":[{"taxonomy":"product_cat","embeddable":true,"href":"https:\/\/accudoctor.eu\/it\/wp-json\/wp\/v2\/product_cat?post=582"},{"taxonomy":"product_tag","embeddable":true,"href":"https:\/\/accudoctor.eu\/it\/wp-json\/wp\/v2\/product_tag?post=582"}],"curies":[{"name":"wp","href":"https:\/\/api.w.org\/{rel}","templated":true}]}}