{"id":583,"date":"2023-04-18T13:03:27","date_gmt":"2023-04-18T13:03:27","guid":{"rendered":"https:\/\/accudoctor.eu\/?post_type=product&#038;p=583"},"modified":"2023-12-19T08:21:17","modified_gmt":"2023-12-19T08:21:17","slug":"helicobacter-pylori-test","status":"publish","type":"product","link":"https:\/\/accudoctor.eu\/it\/prodotto\/helicobacter-pylori-test\/","title":{"rendered":"Test di rilevamento di Helicobacter Pylori"},"content":{"rendered":"<p>Il test Helicobacter pylori Accudoctor nelle feci \u00e8 un test utilizzato per rilevare la presenza del batterio Helicobacter pylori nel tratto gastrointestinale. Helicobacter pylori \u00e8 un batterio che pu\u00f2 colonizzare la mucosa dello stomaco e pu\u00f2 causare malattie come gastrite, ulcere peptiche e disturbi del tratto digestivo.<\/p>\n<p>Il test per Helicobacter pylori si basa sulla rilevazione degli antigeni di Helicobacter pylori nelle feci del paziente. Inoltre, a differenza di alcuni test che richiedono restrizioni dietetiche preventive o la sospensione dei farmaci, il test Helicobacter pylori nelle feci non richiede alcuna modifica nella dieta o l'interruzione dei farmaci che il paziente potrebbe assumere, rendendolo pi\u00f9 accessibile e comodo per i pazienti.<\/p>\n<div class=\"qrcprowrapper\" style=\"text-align:left;\" id=\"qrcwraaerfileds\"><div class=\"qrc_qrcode\" style=\"display:inline-block\" data-text=\"https:\/\/accudoctor.eu\/it\/prodotto\/helicobacter-pylori-test\/\"><\/div><\/div>","protected":false},"excerpt":{"rendered":"<p>Il nostro test delle feci per Helicobacter pylori ha un'alta sensibilit\u00e0 e specificit\u00e0, il che significa che \u00e8 un test valido per rilevare la presenza del batterio. Questo test delle feci \u00e8 uno strumento utile, non invasivo e preciso che consente una diagnosi precoce e un trattamento adeguato delle malattie associate a Helicobacter pylori. Se si sospetta un'infezione da questo batterio, \u00e8 consigliabile consultare un medico per determinare la necessit\u00e0 di effettuare questo test e ricevere il trattamento adeguato.<\/p>\n<p>The product includes 1 test, a collection swab, stool collection paper, a collection container, and instructions in 5 languages.<\/p>\n<p>&nbsp;<\/p>\n<table width=\"352\">\n<tbody>\n<tr>\n<td width=\"112\"><strong>Referenza<\/strong><\/td>\n<td width=\"80\"><strong>Formato<\/strong><\/td>\n<td width=\"80\"><strong>Specime<\/strong><\/td>\n<td width=\"80\"><strong>Unit\u00e0 per confezione<\/strong><\/td>\n<\/tr>\n<tr>\n<td>AIHP-602H<\/td>\n<td>Casette<\/td>\n<td>Feci<\/td>\n<td>1T<\/td>\n<\/tr>\n<\/tbody>\n<\/table>\n<p>&nbsp;<\/p>\n<p>&nbsp;<\/p>","protected":false},"featured_media":2008,"comment_status":"open","ping_status":"closed","template":"","meta":[],"product_cat":[26,38],"product_tag":[],"acf":[],"yoast_head":"<!-- This site is optimized with the Yoast SEO plugin v20.9 - https:\/\/yoast.com\/wordpress\/plugins\/seo\/ -->\n<title>Helicobacter Pylori Test in Feces Antigen | Accudoctor<\/title>\n<meta name=\"description\" content=\"The Helicobacter Pylori Accudoctor stool test is a test used to detect the presence of the bacteria Helicobacter pylori in the gastrointestinal tract. Helicobacter pylori is a bacteria that can colonize the lining of the stomach and can cause diseases such as gastritis, peptic ulcers, and digestive tract disorders.\" \/>\n<meta name=\"robots\" content=\"index, follow, max-snippet:-1, max-image-preview:large, max-video-preview:-1\" \/>\n<link rel=\"canonical\" href=\"https:\/\/accudoctor.eu\/it\/prodotto\/helicobacter-pylori-test\/\" \/>\n<meta property=\"og:locale\" content=\"it_IT\" \/>\n<meta property=\"og:type\" content=\"article\" \/>\n<meta property=\"og:title\" content=\"Helicobacter Pylori Test in Feces Antigen | Accudoctor\" \/>\n<meta property=\"og:description\" content=\"The Helicobacter Pylori Accudoctor stool test is a test used to detect the presence of the bacteria Helicobacter pylori in the gastrointestinal tract. Helicobacter pylori is a bacteria that can colonize the lining of the stomach and can cause diseases such as gastritis, peptic ulcers, and digestive tract disorders.\" \/>\n<meta property=\"og:url\" content=\"https:\/\/accudoctor.eu\/it\/prodotto\/helicobacter-pylori-test\/\" \/>\n<meta property=\"og:site_name\" content=\"Accudoctor\" \/>\n<meta property=\"article:modified_time\" content=\"2023-12-19T08:21:17+00:00\" \/>\n<meta property=\"og:image\" content=\"https:\/\/accudoctor.eu\/wp-content\/uploads\/2023\/04\/03-2.jpg\" \/>\n\t<meta property=\"og:image:width\" content=\"2000\" \/>\n\t<meta property=\"og:image:height\" content=\"2000\" \/>\n\t<meta property=\"og:image:type\" content=\"image\/jpeg\" \/>\n<meta name=\"twitter:card\" content=\"summary_large_image\" \/>\n<meta name=\"twitter:label1\" content=\"Tempo di lettura stimato\" \/>\n\t<meta name=\"twitter:data1\" content=\"1 minuto\" \/>\n<script type=\"application\/ld+json\" class=\"yoast-schema-graph\">{\"@context\":\"https:\/\/schema.org\",\"@graph\":[{\"@type\":\"WebPage\",\"@id\":\"https:\/\/accudoctor.eu\/product\/helicobacter-pylori-test\/\",\"url\":\"https:\/\/accudoctor.eu\/product\/helicobacter-pylori-test\/\",\"name\":\"Helicobacter Pylori Test in Feces Antigen | Accudoctor\",\"isPartOf\":{\"@id\":\"https:\/\/accudoctor.eu\/es_es\/#website\"},\"datePublished\":\"2023-04-18T13:03:27+00:00\",\"dateModified\":\"2023-12-19T08:21:17+00:00\",\"description\":\"The Helicobacter Pylori Accudoctor stool test is a test used to detect the presence of the bacteria Helicobacter pylori in the gastrointestinal tract. Helicobacter pylori is a bacteria that can colonize the lining of the stomach and can cause diseases such as gastritis, peptic ulcers, and digestive tract disorders.\",\"breadcrumb\":{\"@id\":\"https:\/\/accudoctor.eu\/product\/helicobacter-pylori-test\/#breadcrumb\"},\"inLanguage\":\"it-IT\",\"potentialAction\":[{\"@type\":\"ReadAction\",\"target\":[\"https:\/\/accudoctor.eu\/product\/helicobacter-pylori-test\/\"]}]},{\"@type\":\"BreadcrumbList\",\"@id\":\"https:\/\/accudoctor.eu\/product\/helicobacter-pylori-test\/#breadcrumb\",\"itemListElement\":[{\"@type\":\"ListItem\",\"position\":1,\"name\":\"Portada\",\"item\":\"https:\/\/accudoctor.eu\/\"},{\"@type\":\"ListItem\",\"position\":2,\"name\":\"Store\",\"item\":\"https:\/\/accudoctor.eu\/store\/\"},{\"@type\":\"ListItem\",\"position\":3,\"name\":\"Helicobacter Pylori Test\"}]},{\"@type\":\"WebSite\",\"@id\":\"https:\/\/accudoctor.eu\/es_es\/#website\",\"url\":\"https:\/\/accudoctor.eu\/es_es\/\",\"name\":\"Accudoctor\",\"description\":\"Experts in diagnostic testing since 2011\",\"publisher\":{\"@id\":\"https:\/\/accudoctor.eu\/es_es\/#organization\"},\"potentialAction\":[{\"@type\":\"SearchAction\",\"target\":{\"@type\":\"EntryPoint\",\"urlTemplate\":\"https:\/\/accudoctor.eu\/es_es\/?s={search_term_string}\"},\"query-input\":\"required name=search_term_string\"}],\"inLanguage\":\"it-IT\"},{\"@type\":\"Organization\",\"@id\":\"https:\/\/accudoctor.eu\/es_es\/#organization\",\"name\":\"Accudoctor\",\"url\":\"https:\/\/accudoctor.eu\/es_es\/\",\"logo\":{\"@type\":\"ImageObject\",\"inLanguage\":\"it-IT\",\"@id\":\"https:\/\/accudoctor.eu\/es_es\/#\/schema\/logo\/image\/\",\"url\":\"https:\/\/accudoctor.eu\/wp-content\/uploads\/2023\/06\/LOGO400X400.png\",\"contentUrl\":\"https:\/\/accudoctor.eu\/wp-content\/uploads\/2023\/06\/LOGO400X400.png\",\"width\":400,\"height\":400,\"caption\":\"Accudoctor\"},\"image\":{\"@id\":\"https:\/\/accudoctor.eu\/es_es\/#\/schema\/logo\/image\/\"}}]}<\/script>\n<!-- \/ Yoast SEO plugin. -->","yoast_head_json":{"title":"Helicobacter Pylori Test in Feces Antigen | Accudoctor","description":"The Helicobacter Pylori Accudoctor stool test is a test used to detect the presence of the bacteria Helicobacter pylori in the gastrointestinal tract. Helicobacter pylori is a bacteria that can colonize the lining of the stomach and can cause diseases such as gastritis, peptic ulcers, and digestive tract disorders.","robots":{"index":"index","follow":"follow","max-snippet":"max-snippet:-1","max-image-preview":"max-image-preview:large","max-video-preview":"max-video-preview:-1"},"canonical":"https:\/\/accudoctor.eu\/it\/prodotto\/helicobacter-pylori-test\/","og_locale":"it_IT","og_type":"article","og_title":"Helicobacter Pylori Test in Feces Antigen | Accudoctor","og_description":"The Helicobacter Pylori Accudoctor stool test is a test used to detect the presence of the bacteria Helicobacter pylori in the gastrointestinal tract. Helicobacter pylori is a bacteria that can colonize the lining of the stomach and can cause diseases such as gastritis, peptic ulcers, and digestive tract disorders.","og_url":"https:\/\/accudoctor.eu\/it\/prodotto\/helicobacter-pylori-test\/","og_site_name":"Accudoctor","article_modified_time":"2023-12-19T08:21:17+00:00","og_image":[{"width":2000,"height":2000,"url":"https:\/\/accudoctor.eu\/wp-content\/uploads\/2023\/04\/03-2.jpg","type":"image\/jpeg"}],"twitter_card":"summary_large_image","twitter_misc":{"Tempo di lettura stimato":"1 minuto"},"schema":{"@context":"https:\/\/schema.org","@graph":[{"@type":"WebPage","@id":"https:\/\/accudoctor.eu\/product\/helicobacter-pylori-test\/","url":"https:\/\/accudoctor.eu\/product\/helicobacter-pylori-test\/","name":"Helicobacter Pylori Test in Feces Antigen | Accudoctor","isPartOf":{"@id":"https:\/\/accudoctor.eu\/es_es\/#website"},"datePublished":"2023-04-18T13:03:27+00:00","dateModified":"2023-12-19T08:21:17+00:00","description":"The Helicobacter Pylori Accudoctor stool test is a test used to detect the presence of the bacteria Helicobacter pylori in the gastrointestinal tract. Helicobacter pylori is a bacteria that can colonize the lining of the stomach and can cause diseases such as gastritis, peptic ulcers, and digestive tract disorders.","breadcrumb":{"@id":"https:\/\/accudoctor.eu\/product\/helicobacter-pylori-test\/#breadcrumb"},"inLanguage":"it-IT","potentialAction":[{"@type":"ReadAction","target":["https:\/\/accudoctor.eu\/product\/helicobacter-pylori-test\/"]}]},{"@type":"BreadcrumbList","@id":"https:\/\/accudoctor.eu\/product\/helicobacter-pylori-test\/#breadcrumb","itemListElement":[{"@type":"ListItem","position":1,"name":"Portada","item":"https:\/\/accudoctor.eu\/"},{"@type":"ListItem","position":2,"name":"Store","item":"https:\/\/accudoctor.eu\/store\/"},{"@type":"ListItem","position":3,"name":"Helicobacter Pylori Test"}]},{"@type":"WebSite","@id":"https:\/\/accudoctor.eu\/es_es\/#website","url":"https:\/\/accudoctor.eu\/es_es\/","name":"Accudoctor","description":"Experts in diagnostic testing since 2011","publisher":{"@id":"https:\/\/accudoctor.eu\/es_es\/#organization"},"potentialAction":[{"@type":"SearchAction","target":{"@type":"EntryPoint","urlTemplate":"https:\/\/accudoctor.eu\/es_es\/?s={search_term_string}"},"query-input":"required name=search_term_string"}],"inLanguage":"it-IT"},{"@type":"Organization","@id":"https:\/\/accudoctor.eu\/es_es\/#organization","name":"Accudoctor","url":"https:\/\/accudoctor.eu\/es_es\/","logo":{"@type":"ImageObject","inLanguage":"it-IT","@id":"https:\/\/accudoctor.eu\/es_es\/#\/schema\/logo\/image\/","url":"https:\/\/accudoctor.eu\/wp-content\/uploads\/2023\/06\/LOGO400X400.png","contentUrl":"https:\/\/accudoctor.eu\/wp-content\/uploads\/2023\/06\/LOGO400X400.png","width":400,"height":400,"caption":"Accudoctor"},"image":{"@id":"https:\/\/accudoctor.eu\/es_es\/#\/schema\/logo\/image\/"}}]}},"_links":{"self":[{"href":"https:\/\/accudoctor.eu\/it\/wp-json\/wp\/v2\/product\/583"}],"collection":[{"href":"https:\/\/accudoctor.eu\/it\/wp-json\/wp\/v2\/product"}],"about":[{"href":"https:\/\/accudoctor.eu\/it\/wp-json\/wp\/v2\/types\/product"}],"replies":[{"embeddable":true,"href":"https:\/\/accudoctor.eu\/it\/wp-json\/wp\/v2\/comments?post=583"}],"version-history":[{"count":21,"href":"https:\/\/accudoctor.eu\/it\/wp-json\/wp\/v2\/product\/583\/revisions"}],"predecessor-version":[{"id":1587,"href":"https:\/\/accudoctor.eu\/it\/wp-json\/wp\/v2\/product\/583\/revisions\/1587"}],"wp:featuredmedia":[{"embeddable":true,"href":"https:\/\/accudoctor.eu\/it\/wp-json\/wp\/v2\/media\/2008"}],"wp:attachment":[{"href":"https:\/\/accudoctor.eu\/it\/wp-json\/wp\/v2\/media?parent=583"}],"wp:term":[{"taxonomy":"product_cat","embeddable":true,"href":"https:\/\/accudoctor.eu\/it\/wp-json\/wp\/v2\/product_cat?post=583"},{"taxonomy":"product_tag","embeddable":true,"href":"https:\/\/accudoctor.eu\/it\/wp-json\/wp\/v2\/product_tag?post=583"}],"curies":[{"name":"wp","href":"https:\/\/api.w.org\/{rel}","templated":true}]}}